{"id":4,"date":"2010-08-17T08:05:00","date_gmt":"2010-08-17T08:05:00","guid":{"rendered":"http:\/\/departamentos.unileon.es\/economia-y-estadistica\/"},"modified":"2024-10-06T19:56:58","modified_gmt":"2024-10-06T19:56:58","slug":"organos-directivos","status":"publish","type":"page","link":"https:\/\/departamentos.unileon.es\/economia-y-estadistica\/organos-directivos\/","title":{"rendered":"\u00d3rganos Directivos"},"content":{"rendered":"<table style=\"width: 100%; height: 108px;\" width=\"571\" align=\"center\">\n<tbody>\n<tr style=\"height: 46px;\">\n<th style=\"width: 30.5829%; height: 39px;\" width=\"111\"><strong>Director<\/strong><\/th>\n<td style=\"width: 32.3193%; height: 39px;\" width=\"201\">Eduardo Fern\u00e1ndez Huerga<\/td>\n<td style=\"width: 18.4771%; height: 39px;\" width=\"152\"><a href=\"mailto:deedir@unileon.es\">deedir@unileon.es<\/a><br><a href=\"mailto:eduardo.fernandez@unileon.es\">eduardo.fernandez@unileon.es<\/a><\/td>\n<td style=\"text-align: center; width: 16.7242%; height: 39px;\" width=\"92\">987 29 3286<\/td>\n<\/tr>\n<tr style=\"height: 23px;\">\n<th style=\"width: 30.5829%; height: 23px;\"><strong>Subdirectora<br><\/strong><\/th>\n<td style=\"width: 32.3193%; height: 23px;\">M. Eva Vallejo Pascual<\/td>\n<td style=\"width: 18.4771%; height: 23px;\" width=\"152\"><a href=\"mailto:eva.vallejo@unileon.es\">eva.vallejo@unileon.es<\/a><\/td>\n<td style=\"width: 16.7242%; text-align: center; height: 23px;\" width=\"92\">987 29 3598&nbsp;<\/td>\n<\/tr>\n<tr style=\"height: 23px;\">\n<th style=\"width: 30.5829%; height: 23px;\" width=\"111\"><strong>Secretaria<\/strong><\/th>\n<td style=\"width: 32.3193%; height: 23px;\" width=\"201\">Ana Salvador Chamorro<\/td>\n<td style=\"width: 18.4771%; height: 23px;\" width=\"152\"><a href=\"mailto:ana.salvador@unileon.es\">ana.salvador@unileon.es<\/a><\/td>\n<td style=\"text-align: center; width: 16.7242%; height: 23px;\" width=\"92\">987 29 1719<\/td>\n<\/tr>\n<tr style=\"height: 23px;\">\n<th style=\"width: 30.5829%; height: 23px;\"><strong>Responsable de gesti\u00f3n<br><\/strong><\/th>\n<td style=\"width: 32.3193%; height: 23px;\">Naiara Guti\u00e9rrez Rodr\u00edguez<\/td>\n<td style=\"width: 18.4771%; height: 23px;\"><a href=\"mailto:deeadm@unileon.es\">deeadm@unileon.es<\/a><\/td>\n<td style=\"text-align: center; width: 16.7242%; height: 23px;\">987 29 1730<\/td>\n<\/tr>\n<\/tbody>\n<\/table>\n\n","protected":false},"excerpt":{"rendered":"<p>Director Eduardo Fern\u00e1ndez Huerga deedir@unileon.eseduardo.fernandez@unileon.es 987 29 3286 Subdirectora M. Eva Vallejo Pascual eva.vallejo@unileon.es 987 29 3598&nbsp; Secretaria Ana Salvador Chamorro ana.salvador@unileon.es 987 29 1719 Responsable de gesti\u00f3n Naiara Guti\u00e9rrez Rodr\u00edguez deeadm@unileon.es 987 29 1730<\/p>\n","protected":false},"author":14,"featured_media":0,"parent":0,"menu_order":0,"comment_status":"closed","ping_status":"open","template":"","meta":{"ngg_post_thumbnail":0,"footnotes":""},"class_list":["post-4","page","type-page","status-publish","hentry"],"yoast_head":"<!-- This site is optimized with the Yoast SEO plugin v25.8 - https:\/\/yoast.com\/wordpress\/plugins\/seo\/ -->\n<title>\u00d3rganos Directivos - Departamento de Econom\u00eda y Estad\u00edstica<\/title>\n<meta name=\"robots\" content=\"index, follow, max-snippet:-1, max-image-preview:large, max-video-preview:-1\" \/>\n<link rel=\"canonical\" href=\"https:\/\/departamentos.unileon.es\/economia-y-estadistica\/organos-directivos\/\" \/>\n<meta property=\"og:locale\" content=\"es_ES\" \/>\n<meta property=\"og:type\" content=\"article\" \/>\n<meta property=\"og:title\" content=\"\u00d3rganos Directivos - Departamento de Econom\u00eda y Estad\u00edstica\" \/>\n<meta property=\"og:description\" content=\"Director Eduardo Fern\u00e1ndez Huerga deedir@unileon.eseduardo.fernandez@unileon.es 987 29 3286 Subdirectora M. Eva Vallejo Pascual eva.vallejo@unileon.es 987 29 3598&nbsp; Secretaria Ana Salvador Chamorro ana.salvador@unileon.es 987 29 1719 Responsable de gesti\u00f3n Naiara Guti\u00e9rrez Rodr\u00edguez deeadm@unileon.es 987 29 1730\" \/>\n<meta property=\"og:url\" content=\"https:\/\/departamentos.unileon.es\/economia-y-estadistica\/organos-directivos\/\" \/>\n<meta property=\"og:site_name\" content=\"Departamento de Econom\u00eda y Estad\u00edstica\" \/>\n<meta property=\"article:modified_time\" content=\"2024-10-06T19:56:58+00:00\" \/>\n<meta name=\"twitter:card\" content=\"summary_large_image\" \/>\n<meta name=\"twitter:label1\" content=\"Tiempo de lectura\" \/>\n\t<meta name=\"twitter:data1\" content=\"1 minuto\" \/>\n<script type=\"application\/ld+json\" class=\"yoast-schema-graph\">{\"@context\":\"https:\/\/schema.org\",\"@graph\":[{\"@type\":\"WebPage\",\"@id\":\"https:\/\/departamentos.unileon.es\/economia-y-estadistica\/organos-directivos\/\",\"url\":\"https:\/\/departamentos.unileon.es\/economia-y-estadistica\/organos-directivos\/\",\"name\":\"\u00d3rganos Directivos - Departamento de Econom\u00eda y Estad\u00edstica\",\"isPartOf\":{\"@id\":\"https:\/\/departamentos.unileon.es\/economia-y-estadistica\/#website\"},\"datePublished\":\"2010-08-17T08:05:00+00:00\",\"dateModified\":\"2024-10-06T19:56:58+00:00\",\"inLanguage\":\"es\",\"potentialAction\":[{\"@type\":\"ReadAction\",\"target\":[\"https:\/\/departamentos.unileon.es\/economia-y-estadistica\/organos-directivos\/\"]}]},{\"@type\":\"WebSite\",\"@id\":\"https:\/\/departamentos.unileon.es\/economia-y-estadistica\/#website\",\"url\":\"https:\/\/departamentos.unileon.es\/economia-y-estadistica\/\",\"name\":\"Departamento de Econom\u00eda y Estad\u00edstica\",\"description\":\"P\u00e1gina web del Departamento de Econom\u00eda y Estad\u00edstica de la Universidad de Le\u00f3n\",\"potentialAction\":[{\"@type\":\"SearchAction\",\"target\":{\"@type\":\"EntryPoint\",\"urlTemplate\":\"https:\/\/departamentos.unileon.es\/economia-y-estadistica\/?s={search_term_string}\"},\"query-input\":{\"@type\":\"PropertyValueSpecification\",\"valueRequired\":true,\"valueName\":\"search_term_string\"}}],\"inLanguage\":\"es\"}]}<\/script>\n<!-- \/ Yoast SEO plugin. -->","yoast_head_json":{"title":"\u00d3rganos Directivos - Departamento de Econom\u00eda y Estad\u00edstica","robots":{"index":"index","follow":"follow","max-snippet":"max-snippet:-1","max-image-preview":"max-image-preview:large","max-video-preview":"max-video-preview:-1"},"canonical":"https:\/\/departamentos.unileon.es\/economia-y-estadistica\/organos-directivos\/","og_locale":"es_ES","og_type":"article","og_title":"\u00d3rganos Directivos - Departamento de Econom\u00eda y Estad\u00edstica","og_description":"Director Eduardo Fern\u00e1ndez Huerga deedir@unileon.eseduardo.fernandez@unileon.es 987 29 3286 Subdirectora M. Eva Vallejo Pascual eva.vallejo@unileon.es 987 29 3598&nbsp; Secretaria Ana Salvador Chamorro ana.salvador@unileon.es 987 29 1719 Responsable de gesti\u00f3n Naiara Guti\u00e9rrez Rodr\u00edguez deeadm@unileon.es 987 29 1730","og_url":"https:\/\/departamentos.unileon.es\/economia-y-estadistica\/organos-directivos\/","og_site_name":"Departamento de Econom\u00eda y Estad\u00edstica","article_modified_time":"2024-10-06T19:56:58+00:00","twitter_card":"summary_large_image","twitter_misc":{"Tiempo de lectura":"1 minuto"},"schema":{"@context":"https:\/\/schema.org","@graph":[{"@type":"WebPage","@id":"https:\/\/departamentos.unileon.es\/economia-y-estadistica\/organos-directivos\/","url":"https:\/\/departamentos.unileon.es\/economia-y-estadistica\/organos-directivos\/","name":"\u00d3rganos Directivos - Departamento de Econom\u00eda y Estad\u00edstica","isPartOf":{"@id":"https:\/\/departamentos.unileon.es\/economia-y-estadistica\/#website"},"datePublished":"2010-08-17T08:05:00+00:00","dateModified":"2024-10-06T19:56:58+00:00","inLanguage":"es","potentialAction":[{"@type":"ReadAction","target":["https:\/\/departamentos.unileon.es\/economia-y-estadistica\/organos-directivos\/"]}]},{"@type":"WebSite","@id":"https:\/\/departamentos.unileon.es\/economia-y-estadistica\/#website","url":"https:\/\/departamentos.unileon.es\/economia-y-estadistica\/","name":"Departamento de Econom\u00eda y Estad\u00edstica","description":"P\u00e1gina web del Departamento de Econom\u00eda y Estad\u00edstica de la Universidad de Le\u00f3n","potentialAction":[{"@type":"SearchAction","target":{"@type":"EntryPoint","urlTemplate":"https:\/\/departamentos.unileon.es\/economia-y-estadistica\/?s={search_term_string}"},"query-input":{"@type":"PropertyValueSpecification","valueRequired":true,"valueName":"search_term_string"}}],"inLanguage":"es"}]}},"_links":{"self":[{"href":"https:\/\/departamentos.unileon.es\/economia-y-estadistica\/wp-json\/wp\/v2\/pages\/4","targetHints":{"allow":["GET"]}}],"collection":[{"href":"https:\/\/departamentos.unileon.es\/economia-y-estadistica\/wp-json\/wp\/v2\/pages"}],"about":[{"href":"https:\/\/departamentos.unileon.es\/economia-y-estadistica\/wp-json\/wp\/v2\/types\/page"}],"author":[{"embeddable":true,"href":"https:\/\/departamentos.unileon.es\/economia-y-estadistica\/wp-json\/wp\/v2\/users\/14"}],"replies":[{"embeddable":true,"href":"https:\/\/departamentos.unileon.es\/economia-y-estadistica\/wp-json\/wp\/v2\/comments?post=4"}],"version-history":[{"count":44,"href":"https:\/\/departamentos.unileon.es\/economia-y-estadistica\/wp-json\/wp\/v2\/pages\/4\/revisions"}],"predecessor-version":[{"id":2425,"href":"https:\/\/departamentos.unileon.es\/economia-y-estadistica\/wp-json\/wp\/v2\/pages\/4\/revisions\/2425"}],"wp:attachment":[{"href":"https:\/\/departamentos.unileon.es\/economia-y-estadistica\/wp-json\/wp\/v2\/media?parent=4"}],"curies":[{"name":"wp","href":"https:\/\/api.w.org\/{rel}","templated":true}]}}