{"id":387,"date":"2014-05-06T09:46:26","date_gmt":"2014-05-06T09:46:26","guid":{"rendered":"http:\/\/departamentos.unileon.es\/economia-y-estadistica\/?page_id=387"},"modified":"2014-12-04T16:22:48","modified_gmt":"2014-12-04T16:22:48","slug":"seminarios-de-economia","status":"publish","type":"page","link":"https:\/\/departamentos.unileon.es\/economia-y-estadistica\/seminarios-de-economia\/","title":{"rendered":"Seminarios de Econom\u00eda"},"content":{"rendered":"<h2><span style=\"color: #333333\"><strong>Pr\u00f3ximos seminarios<\/strong><\/span><\/h2><p><span style=\"color: #333333\"><span style=\"color: #000000\">Lugar:\u00a0<\/span>Seminario 132-133 (1\u00aa planta de la Facultad de Ciencias Econ\u00f3micas y Empresariales)<\/span><\/p><h2><span style=\"color: #333333\"><strong>Seminarios anteriores<\/strong><\/span><\/h2><p><span style=\"color: #333333\">27 de noviembre de 2014<\/span><br \/><span style=\"color: #333333\">Ponente: <strong>Jos\u00e9 Luis Garc\u00eda Lapresta (Universidad de Valladolid)<br \/><\/strong>Tema: <em>Ordinal proximity measures in the context of unbalanced quantitative scales<\/em><\/span><\/p><p><span style=\"color: #333333\">13 de noviembre\u00a0de 2014<strong><br \/><\/strong>Ponente: <strong>Miguel \u00c1ngel Malo (Universidad de Salamanca)<\/strong><br \/>Tema: <em>El empleo de los j\u00f3venes y los programas de garant\u00eda juvenil<\/em><\/span><\/p><p><span style=\"color: #333333\">30\u00a0de octubre\u00a0de 2014<strong><br \/><\/strong>Ponente: <strong>Eduardo Fern\u00e1ndez Huerga (Universidad de Le\u00f3n)<\/strong><br \/>Tema: <em>La demanda de trabajo: una concepci\u00f3n alternativa desde la econom\u00eda institucionalista y poskeynesiana<\/em><\/span><\/p><p><span style=\"color: #333333\">16\u00a0de octubre\u00a0de 2014<strong><br \/><\/strong>Ponente:<strong> <strong>Ricardo Mart\u00ednez Rico\u00a0(Universidad de Le\u00f3n)<br \/><\/strong><\/strong>Tema: <em>Medidas de segregaci\u00f3n en redes sociales. Una aplicaci\u00f3n a la segregaci\u00f3n racial en las ciudades<\/em><\/span><\/p><p><span style=\"color: #333333\">5 de junio\u00a0de 2014<\/span><br \/><span style=\"color: #333333\">Ponente:<strong>\u00a0Carlos Arias Sampedro\u00a0<\/strong><strong>(Universidad de Le\u00f3n)<\/strong><\/span><br \/><span style=\"color: #333333\">Tema: <em>Productividad del sector energ\u00e9tico: el papel de las reservas<\/em><\/span><\/p><p><span style=\"color: #333333\">22 de mayo\u00a0de 2014<\/span><br \/><span style=\"color: #333333\">Ponente:<strong> Alfredo Mac\u00edas V\u00e1zquez<\/strong><strong>\u00a0(Universidad de Le\u00f3n)<\/strong><\/span><br \/><span style=\"color: #333333\">Tema: <em>Conocimiento, Comunes y Gobernanza<\/em><\/span><\/p><p><span style=\"color: #333333\">8\u00a0de mayo de 2014<strong><br \/><\/strong>Ponente: <strong>Ricardo Mart\u00ednez Rico\u00a0(Universidad de Le\u00f3n)<br \/><\/strong>Tema: <em>Descomposici\u00f3n de la desigualdad y desarrollo humano<\/em><\/span><\/p>","protected":false},"excerpt":{"rendered":"<p>Pr\u00f3ximos seminariosLugar:\u00a0Seminario 132-133 (1\u00aa planta de la Facultad de Ciencias Econ\u00f3micas y Empresariales)Seminarios anteriores27 de noviembre de 2014Ponente: Jos\u00e9 Luis Garc\u00eda Lapresta (Universidad de Valladolid)Tema: Ordinal proximity measures in the context of unbalanced quantitative scales13 de noviembre\u00a0de 2014Ponente: Miguel \u00c1ngel Malo (Universidad de Salamanca)Tema: El empleo de los j\u00f3venes y los programas de garant\u00eda juvenil30\u00a0de [&hellip;]<\/p>\n","protected":false},"author":14,"featured_media":0,"parent":0,"menu_order":0,"comment_status":"closed","ping_status":"closed","template":"","meta":{"ngg_post_thumbnail":0,"footnotes":""},"class_list":["post-387","page","type-page","status-publish","hentry"],"yoast_head":"<!-- This site is optimized with the Yoast SEO plugin v25.8 - https:\/\/yoast.com\/wordpress\/plugins\/seo\/ -->\n<title>Seminarios de Econom\u00eda - Departamento de Econom\u00eda y Estad\u00edstica<\/title>\n<meta name=\"robots\" content=\"index, follow, max-snippet:-1, max-image-preview:large, max-video-preview:-1\" \/>\n<link rel=\"canonical\" href=\"https:\/\/departamentos.unileon.es\/economia-y-estadistica\/seminarios-de-economia\/\" \/>\n<meta property=\"og:locale\" content=\"es_ES\" \/>\n<meta property=\"og:type\" content=\"article\" \/>\n<meta property=\"og:title\" content=\"Seminarios de Econom\u00eda - Departamento de Econom\u00eda y Estad\u00edstica\" \/>\n<meta property=\"og:description\" content=\"Pr\u00f3ximos seminariosLugar:\u00a0Seminario 132-133 (1\u00aa planta de la Facultad de Ciencias Econ\u00f3micas y Empresariales)Seminarios anteriores27 de noviembre de 2014Ponente: Jos\u00e9 Luis Garc\u00eda Lapresta (Universidad de Valladolid)Tema: Ordinal proximity measures in the context of unbalanced quantitative scales13 de noviembre\u00a0de 2014Ponente: Miguel \u00c1ngel Malo (Universidad de Salamanca)Tema: El empleo de los j\u00f3venes y los programas de garant\u00eda juvenil30\u00a0de [&hellip;]\" \/>\n<meta property=\"og:url\" content=\"https:\/\/departamentos.unileon.es\/economia-y-estadistica\/seminarios-de-economia\/\" \/>\n<meta property=\"og:site_name\" content=\"Departamento de Econom\u00eda y Estad\u00edstica\" \/>\n<meta property=\"article:modified_time\" content=\"2014-12-04T16:22:48+00:00\" \/>\n<meta name=\"twitter:card\" content=\"summary_large_image\" \/>\n<meta name=\"twitter:label1\" content=\"Tiempo de lectura\" \/>\n\t<meta name=\"twitter:data1\" content=\"1 minuto\" \/>\n<script type=\"application\/ld+json\" class=\"yoast-schema-graph\">{\"@context\":\"https:\/\/schema.org\",\"@graph\":[{\"@type\":\"WebPage\",\"@id\":\"https:\/\/departamentos.unileon.es\/economia-y-estadistica\/seminarios-de-economia\/\",\"url\":\"https:\/\/departamentos.unileon.es\/economia-y-estadistica\/seminarios-de-economia\/\",\"name\":\"Seminarios de Econom\u00eda - Departamento de Econom\u00eda y Estad\u00edstica\",\"isPartOf\":{\"@id\":\"https:\/\/departamentos.unileon.es\/economia-y-estadistica\/#website\"},\"datePublished\":\"2014-05-06T09:46:26+00:00\",\"dateModified\":\"2014-12-04T16:22:48+00:00\",\"inLanguage\":\"es\",\"potentialAction\":[{\"@type\":\"ReadAction\",\"target\":[\"https:\/\/departamentos.unileon.es\/economia-y-estadistica\/seminarios-de-economia\/\"]}]},{\"@type\":\"WebSite\",\"@id\":\"https:\/\/departamentos.unileon.es\/economia-y-estadistica\/#website\",\"url\":\"https:\/\/departamentos.unileon.es\/economia-y-estadistica\/\",\"name\":\"Departamento de Econom\u00eda y Estad\u00edstica\",\"description\":\"P\u00e1gina web del Departamento de Econom\u00eda y Estad\u00edstica de la Universidad de Le\u00f3n\",\"potentialAction\":[{\"@type\":\"SearchAction\",\"target\":{\"@type\":\"EntryPoint\",\"urlTemplate\":\"https:\/\/departamentos.unileon.es\/economia-y-estadistica\/?s={search_term_string}\"},\"query-input\":{\"@type\":\"PropertyValueSpecification\",\"valueRequired\":true,\"valueName\":\"search_term_string\"}}],\"inLanguage\":\"es\"}]}<\/script>\n<!-- \/ Yoast SEO plugin. -->","yoast_head_json":{"title":"Seminarios de Econom\u00eda - Departamento de Econom\u00eda y Estad\u00edstica","robots":{"index":"index","follow":"follow","max-snippet":"max-snippet:-1","max-image-preview":"max-image-preview:large","max-video-preview":"max-video-preview:-1"},"canonical":"https:\/\/departamentos.unileon.es\/economia-y-estadistica\/seminarios-de-economia\/","og_locale":"es_ES","og_type":"article","og_title":"Seminarios de Econom\u00eda - Departamento de Econom\u00eda y Estad\u00edstica","og_description":"Pr\u00f3ximos seminariosLugar:\u00a0Seminario 132-133 (1\u00aa planta de la Facultad de Ciencias Econ\u00f3micas y Empresariales)Seminarios anteriores27 de noviembre de 2014Ponente: Jos\u00e9 Luis Garc\u00eda Lapresta (Universidad de Valladolid)Tema: Ordinal proximity measures in the context of unbalanced quantitative scales13 de noviembre\u00a0de 2014Ponente: Miguel \u00c1ngel Malo (Universidad de Salamanca)Tema: El empleo de los j\u00f3venes y los programas de garant\u00eda juvenil30\u00a0de [&hellip;]","og_url":"https:\/\/departamentos.unileon.es\/economia-y-estadistica\/seminarios-de-economia\/","og_site_name":"Departamento de Econom\u00eda y Estad\u00edstica","article_modified_time":"2014-12-04T16:22:48+00:00","twitter_card":"summary_large_image","twitter_misc":{"Tiempo de lectura":"1 minuto"},"schema":{"@context":"https:\/\/schema.org","@graph":[{"@type":"WebPage","@id":"https:\/\/departamentos.unileon.es\/economia-y-estadistica\/seminarios-de-economia\/","url":"https:\/\/departamentos.unileon.es\/economia-y-estadistica\/seminarios-de-economia\/","name":"Seminarios de Econom\u00eda - Departamento de Econom\u00eda y Estad\u00edstica","isPartOf":{"@id":"https:\/\/departamentos.unileon.es\/economia-y-estadistica\/#website"},"datePublished":"2014-05-06T09:46:26+00:00","dateModified":"2014-12-04T16:22:48+00:00","inLanguage":"es","potentialAction":[{"@type":"ReadAction","target":["https:\/\/departamentos.unileon.es\/economia-y-estadistica\/seminarios-de-economia\/"]}]},{"@type":"WebSite","@id":"https:\/\/departamentos.unileon.es\/economia-y-estadistica\/#website","url":"https:\/\/departamentos.unileon.es\/economia-y-estadistica\/","name":"Departamento de Econom\u00eda y Estad\u00edstica","description":"P\u00e1gina web del Departamento de Econom\u00eda y Estad\u00edstica de la Universidad de Le\u00f3n","potentialAction":[{"@type":"SearchAction","target":{"@type":"EntryPoint","urlTemplate":"https:\/\/departamentos.unileon.es\/economia-y-estadistica\/?s={search_term_string}"},"query-input":{"@type":"PropertyValueSpecification","valueRequired":true,"valueName":"search_term_string"}}],"inLanguage":"es"}]}},"_links":{"self":[{"href":"https:\/\/departamentos.unileon.es\/economia-y-estadistica\/wp-json\/wp\/v2\/pages\/387","targetHints":{"allow":["GET"]}}],"collection":[{"href":"https:\/\/departamentos.unileon.es\/economia-y-estadistica\/wp-json\/wp\/v2\/pages"}],"about":[{"href":"https:\/\/departamentos.unileon.es\/economia-y-estadistica\/wp-json\/wp\/v2\/types\/page"}],"author":[{"embeddable":true,"href":"https:\/\/departamentos.unileon.es\/economia-y-estadistica\/wp-json\/wp\/v2\/users\/14"}],"replies":[{"embeddable":true,"href":"https:\/\/departamentos.unileon.es\/economia-y-estadistica\/wp-json\/wp\/v2\/comments?post=387"}],"version-history":[{"count":26,"href":"https:\/\/departamentos.unileon.es\/economia-y-estadistica\/wp-json\/wp\/v2\/pages\/387\/revisions"}],"predecessor-version":[{"id":612,"href":"https:\/\/departamentos.unileon.es\/economia-y-estadistica\/wp-json\/wp\/v2\/pages\/387\/revisions\/612"}],"wp:attachment":[{"href":"https:\/\/departamentos.unileon.es\/economia-y-estadistica\/wp-json\/wp\/v2\/media?parent=387"}],"curies":[{"name":"wp","href":"https:\/\/api.w.org\/{rel}","templated":true}]}}