{"id":325,"date":"2013-11-06T11:37:24","date_gmt":"2013-11-06T11:37:24","guid":{"rendered":"http:\/\/departamentos.unileon.es\/economia-y-estadistica\/?page_id=325"},"modified":"2024-09-23T06:59:07","modified_gmt":"2024-09-23T06:59:07","slug":"elecciones","status":"publish","type":"page","link":"https:\/\/departamentos.unileon.es\/economia-y-estadistica\/elecciones\/","title":{"rendered":"Elecciones a Director\/a"},"content":{"rendered":"<p>En esta p\u00e1gina se ir\u00e1 publicando toda\u00a0la informaci\u00f3n relativa a las elecciones a Director\/a del Departamento de Econom\u00eda y Estad\u00edstica.<\/p>\n<ul>\n<li><a href=\"https:\/\/departamentos.unileon.es\/economia-y-estadistica\/files\/2024\/06\/convocatoria-de-elecciones-a-Director-2024-Firmado.pdf\" target=\"_blank\" rel=\"noopener\">Convocatoria Elecciones a Director\/a<\/a><\/li>\n<li>Composici\u00f3n de la Comisi\u00f3n Electoral:<\/li>\n<\/ul>\n<p style=\"padding-left: 60px;\"><em>&#8211; Presidente: Ram\u00f3n \u00c1lvarez Esteban<br \/><\/em><em>&#8211; Secretario: Borja L\u00f3pez Noval<br \/><em>&#8211;<\/em><em> Vocal (P.T.G.A.S.): Naiara Guti\u00e9rrez Rodr\u00edguez<br \/><\/em><\/em><em>&#8211; Vocal (estudiante): Alberto Vallejo Garc\u00eda<br \/><\/em><\/p>\n<ul>\n<li><a href=\"https:\/\/departamentos.unileon.es\/economia-y-estadistica\/files\/2024\/07\/Calendario_Electoral.pdf\" target=\"_blank\" rel=\"noopener\">Calendario electoral<\/a><\/li>\n<li><a href=\"https:\/\/departamentos.unileon.es\/economia-y-estadistica\/files\/2024\/07\/Censo-provisional-elecciones-Director-2024.pdf\" target=\"_blank\" rel=\"noopener\">Censo provisional<\/a><\/li>\n<li><a href=\"https:\/\/departamentos.unileon.es\/economia-y-estadistica\/files\/2024\/09\/CensoDefinitivo2024.pdf\" target=\"_blank\" rel=\"noopener\">Censo definitivo<\/a><\/li>\n<li><a href=\"https:\/\/departamentos.unileon.es\/economia-y-estadistica\/files\/2024\/07\/ProgramacionProvisionalCandidatos.pdf\" target=\"_blank\" rel=\"noopener\">Proclamaci\u00f3n provisional de candidaturas<\/a><\/li>\n<li><span style=\"color: #ffffff;\"><a href=\"https:\/\/departamentos.unileon.es\/economia-y-estadistica\/files\/2024\/07\/ProclamacionDefinitivaCandidatos2024.pdf\" target=\"_blank\" rel=\"noopener\">Proclamaci\u00f3n definitiva de candidaturas<\/a><\/span><\/li>\n<li><a href=\"https:\/\/departamentos.unileon.es\/economia-y-estadistica\/files\/2024\/07\/Votoporcorreo.pdf\" target=\"_blank\" rel=\"noopener\">Instrucciones voto por correo<\/a><\/li>\n<li><a href=\"https:\/\/departamentos.unileon.es\/economia-y-estadistica\/files\/2024\/09\/ProclamProvElecto.pdf\" target=\"_blank\" rel=\"noopener\">Proclamaci\u00f3n provisional de candidato electo<\/a><\/li>\n<li><a href=\"https:\/\/departamentos.unileon.es\/economia-y-estadistica\/files\/2024\/09\/ProclamDefinitivaElecto.pdf\" target=\"_blank\" rel=\"noopener\">Proclamaci\u00f3n definitiva de candidato electo<\/a><\/li>\n<li><span style=\"color: #ffffff;\">Acta del escrutinio<\/span><\/li>\n<li><span style=\"color: #ffffff;\">Proclamaci\u00f3n definitiva de candidato electo<\/span><\/li>\n<\/ul>\n\n","protected":false},"excerpt":{"rendered":"<p>En esta p\u00e1gina se ir\u00e1 publicando toda\u00a0la informaci\u00f3n relativa a las elecciones a Director\/a del Departamento de Econom\u00eda y Estad\u00edstica. Convocatoria Elecciones a Director\/a Composici\u00f3n de la Comisi\u00f3n Electoral: &#8211; Presidente: Ram\u00f3n \u00c1lvarez Esteban&#8211; Secretario: Borja L\u00f3pez Noval&#8211; Vocal (P.T.G.A.S.): Naiara Guti\u00e9rrez Rodr\u00edguez&#8211; Vocal (estudiante): Alberto Vallejo Garc\u00eda Calendario electoral Censo provisional Censo definitivo Proclamaci\u00f3n [&hellip;]<\/p>\n","protected":false},"author":14,"featured_media":0,"parent":0,"menu_order":0,"comment_status":"closed","ping_status":"closed","template":"","meta":{"ngg_post_thumbnail":0,"footnotes":""},"class_list":["post-325","page","type-page","status-publish","hentry"],"yoast_head":"<!-- This site is optimized with the Yoast SEO plugin v25.8 - https:\/\/yoast.com\/wordpress\/plugins\/seo\/ -->\n<title>Elecciones a Director\/a - Departamento de Econom\u00eda y Estad\u00edstica<\/title>\n<meta name=\"robots\" content=\"index, follow, max-snippet:-1, max-image-preview:large, max-video-preview:-1\" \/>\n<link rel=\"canonical\" href=\"https:\/\/departamentos.unileon.es\/economia-y-estadistica\/elecciones\/\" \/>\n<meta property=\"og:locale\" content=\"es_ES\" \/>\n<meta property=\"og:type\" content=\"article\" \/>\n<meta property=\"og:title\" content=\"Elecciones a Director\/a - Departamento de Econom\u00eda y Estad\u00edstica\" \/>\n<meta property=\"og:description\" content=\"En esta p\u00e1gina se ir\u00e1 publicando toda\u00a0la informaci\u00f3n relativa a las elecciones a Director\/a del Departamento de Econom\u00eda y Estad\u00edstica. Convocatoria Elecciones a Director\/a Composici\u00f3n de la Comisi\u00f3n Electoral: &#8211; Presidente: Ram\u00f3n \u00c1lvarez Esteban&#8211; Secretario: Borja L\u00f3pez Noval&#8211; Vocal (P.T.G.A.S.): Naiara Guti\u00e9rrez Rodr\u00edguez&#8211; Vocal (estudiante): Alberto Vallejo Garc\u00eda Calendario electoral Censo provisional Censo definitivo Proclamaci\u00f3n [&hellip;]\" \/>\n<meta property=\"og:url\" content=\"https:\/\/departamentos.unileon.es\/economia-y-estadistica\/elecciones\/\" \/>\n<meta property=\"og:site_name\" content=\"Departamento de Econom\u00eda y Estad\u00edstica\" \/>\n<meta property=\"article:modified_time\" content=\"2024-09-23T06:59:07+00:00\" \/>\n<meta name=\"twitter:card\" content=\"summary_large_image\" \/>\n<meta name=\"twitter:label1\" content=\"Tiempo de lectura\" \/>\n\t<meta name=\"twitter:data1\" content=\"1 minuto\" \/>\n<script type=\"application\/ld+json\" class=\"yoast-schema-graph\">{\"@context\":\"https:\/\/schema.org\",\"@graph\":[{\"@type\":\"WebPage\",\"@id\":\"https:\/\/departamentos.unileon.es\/economia-y-estadistica\/elecciones\/\",\"url\":\"https:\/\/departamentos.unileon.es\/economia-y-estadistica\/elecciones\/\",\"name\":\"Elecciones a Director\/a - Departamento de Econom\u00eda y Estad\u00edstica\",\"isPartOf\":{\"@id\":\"https:\/\/departamentos.unileon.es\/economia-y-estadistica\/#website\"},\"datePublished\":\"2013-11-06T11:37:24+00:00\",\"dateModified\":\"2024-09-23T06:59:07+00:00\",\"inLanguage\":\"es\",\"potentialAction\":[{\"@type\":\"ReadAction\",\"target\":[\"https:\/\/departamentos.unileon.es\/economia-y-estadistica\/elecciones\/\"]}]},{\"@type\":\"WebSite\",\"@id\":\"https:\/\/departamentos.unileon.es\/economia-y-estadistica\/#website\",\"url\":\"https:\/\/departamentos.unileon.es\/economia-y-estadistica\/\",\"name\":\"Departamento de Econom\u00eda y Estad\u00edstica\",\"description\":\"P\u00e1gina web del Departamento de Econom\u00eda y Estad\u00edstica de la Universidad de Le\u00f3n\",\"potentialAction\":[{\"@type\":\"SearchAction\",\"target\":{\"@type\":\"EntryPoint\",\"urlTemplate\":\"https:\/\/departamentos.unileon.es\/economia-y-estadistica\/?s={search_term_string}\"},\"query-input\":{\"@type\":\"PropertyValueSpecification\",\"valueRequired\":true,\"valueName\":\"search_term_string\"}}],\"inLanguage\":\"es\"}]}<\/script>\n<!-- \/ Yoast SEO plugin. -->","yoast_head_json":{"title":"Elecciones a Director\/a - Departamento de Econom\u00eda y Estad\u00edstica","robots":{"index":"index","follow":"follow","max-snippet":"max-snippet:-1","max-image-preview":"max-image-preview:large","max-video-preview":"max-video-preview:-1"},"canonical":"https:\/\/departamentos.unileon.es\/economia-y-estadistica\/elecciones\/","og_locale":"es_ES","og_type":"article","og_title":"Elecciones a Director\/a - Departamento de Econom\u00eda y Estad\u00edstica","og_description":"En esta p\u00e1gina se ir\u00e1 publicando toda\u00a0la informaci\u00f3n relativa a las elecciones a Director\/a del Departamento de Econom\u00eda y Estad\u00edstica. Convocatoria Elecciones a Director\/a Composici\u00f3n de la Comisi\u00f3n Electoral: &#8211; Presidente: Ram\u00f3n \u00c1lvarez Esteban&#8211; Secretario: Borja L\u00f3pez Noval&#8211; Vocal (P.T.G.A.S.): Naiara Guti\u00e9rrez Rodr\u00edguez&#8211; Vocal (estudiante): Alberto Vallejo Garc\u00eda Calendario electoral Censo provisional Censo definitivo Proclamaci\u00f3n [&hellip;]","og_url":"https:\/\/departamentos.unileon.es\/economia-y-estadistica\/elecciones\/","og_site_name":"Departamento de Econom\u00eda y Estad\u00edstica","article_modified_time":"2024-09-23T06:59:07+00:00","twitter_card":"summary_large_image","twitter_misc":{"Tiempo de lectura":"1 minuto"},"schema":{"@context":"https:\/\/schema.org","@graph":[{"@type":"WebPage","@id":"https:\/\/departamentos.unileon.es\/economia-y-estadistica\/elecciones\/","url":"https:\/\/departamentos.unileon.es\/economia-y-estadistica\/elecciones\/","name":"Elecciones a Director\/a - Departamento de Econom\u00eda y Estad\u00edstica","isPartOf":{"@id":"https:\/\/departamentos.unileon.es\/economia-y-estadistica\/#website"},"datePublished":"2013-11-06T11:37:24+00:00","dateModified":"2024-09-23T06:59:07+00:00","inLanguage":"es","potentialAction":[{"@type":"ReadAction","target":["https:\/\/departamentos.unileon.es\/economia-y-estadistica\/elecciones\/"]}]},{"@type":"WebSite","@id":"https:\/\/departamentos.unileon.es\/economia-y-estadistica\/#website","url":"https:\/\/departamentos.unileon.es\/economia-y-estadistica\/","name":"Departamento de Econom\u00eda y Estad\u00edstica","description":"P\u00e1gina web del Departamento de Econom\u00eda y Estad\u00edstica de la Universidad de Le\u00f3n","potentialAction":[{"@type":"SearchAction","target":{"@type":"EntryPoint","urlTemplate":"https:\/\/departamentos.unileon.es\/economia-y-estadistica\/?s={search_term_string}"},"query-input":{"@type":"PropertyValueSpecification","valueRequired":true,"valueName":"search_term_string"}}],"inLanguage":"es"}]}},"_links":{"self":[{"href":"https:\/\/departamentos.unileon.es\/economia-y-estadistica\/wp-json\/wp\/v2\/pages\/325","targetHints":{"allow":["GET"]}}],"collection":[{"href":"https:\/\/departamentos.unileon.es\/economia-y-estadistica\/wp-json\/wp\/v2\/pages"}],"about":[{"href":"https:\/\/departamentos.unileon.es\/economia-y-estadistica\/wp-json\/wp\/v2\/types\/page"}],"author":[{"embeddable":true,"href":"https:\/\/departamentos.unileon.es\/economia-y-estadistica\/wp-json\/wp\/v2\/users\/14"}],"replies":[{"embeddable":true,"href":"https:\/\/departamentos.unileon.es\/economia-y-estadistica\/wp-json\/wp\/v2\/comments?post=325"}],"version-history":[{"count":108,"href":"https:\/\/departamentos.unileon.es\/economia-y-estadistica\/wp-json\/wp\/v2\/pages\/325\/revisions"}],"predecessor-version":[{"id":2421,"href":"https:\/\/departamentos.unileon.es\/economia-y-estadistica\/wp-json\/wp\/v2\/pages\/325\/revisions\/2421"}],"wp:attachment":[{"href":"https:\/\/departamentos.unileon.es\/economia-y-estadistica\/wp-json\/wp\/v2\/media?parent=325"}],"curies":[{"name":"wp","href":"https:\/\/api.w.org\/{rel}","templated":true}]}}