{"id":169,"date":"2011-06-07T11:23:55","date_gmt":"2011-06-07T11:23:55","guid":{"rendered":"http:\/\/departamentos.unileon.es\/economia-y-estadistica\/?page_id=169"},"modified":"2022-03-28T18:04:56","modified_gmt":"2022-03-28T18:04:56","slug":"investigacion","status":"publish","type":"page","link":"https:\/\/departamentos.unileon.es\/economia-y-estadistica\/investigacion\/","title":{"rendered":"Investigaci\u00f3n"},"content":{"rendered":"<h3>Actividad Investigadora Reciente&nbsp;del Personal del Departamento:<\/h3>\n<ul>\n \t<li>\n<h4><a href=\"http:\/\/departamentos.unileon.es\/economia-y-estadistica\/publicaciones\">Publicaciones<\/a><\/h4>\n<\/li>\n \t<li>\n<h4><a href=\"http:\/\/departamentos.unileon.es\/economia-y-estadistica\/comunicaciones\">Comunicaciones a congresos<\/a><\/h4>\n<\/li>\n \t<li>\n<h4><a href=\"http:\/\/departamentos.unileon.es\/economia-y-estadistica\/proyectos\/\">Proyectos de investigaci\u00f3n<\/a><\/h4>\n<\/li>\n \t<li>\n<h4><a href=\"http:\/\/departamentos.unileon.es\/economia-y-estadistica\/tesis\">Tesis doctorales<\/a><\/h4>\n<\/li>\n \t<li>\n<h4><a href=\"http:\/\/departamentos.unileon.es\/economia-y-estadistica\/wp\/\">Working papers \/ Documentos de trabajo<\/a><\/h4>\n<\/li>\n<\/ul>\n<h3>&nbsp;<\/h3>\n<h3>Grupos de Investigaci\u00f3n cuyo Investigador Principal pertenece al Departamento:<\/h3>\n<ul>\n \t<li>\n<h4><a href=\"http:\/\/www.unileon.es\/grupos-investigacion\/detalles-grupo.php?id=3&amp;grp=384\" target=\"_blank\" rel=\"noopener\">Econom\u00eda Aplicada (GIEA)<\/a><\/h4>\n<\/li>\n \t<li>\n<h4><a href=\"https:\/\/www.unileon.es\/grupos-investigacion\/detalles-grupo.php?id=3&amp;grp=491\" target=\"_blank\" rel=\"noopener\">Macro Finanzas y Contabilidad Social (GIMCS)<\/a><\/h4>\n<\/li>\n<\/ul>\n<h3>&nbsp;<\/h3>\n<h3>Grupos de Investigaci\u00f3n en los que participan miembros del Departamento:<\/h3>\n<ul>\n \t<li>\n<h4><a href=\"http:\/\/www.unileon.es\/grupos-investigacion\/detalles-grupo.php?id=3&amp;grp=448\" target=\"_blank\" rel=\"noopener\">Propuestas Multidisciplinares sobre Ecosistemas Vegetales (PROMUEVE)<\/a><\/h4>\n<\/li>\n \t<li>\n<h4><a href=\"http:\/\/www.unileon.es\/grupos-investigacion\/detalles-grupo.php?id=3&amp;grp=430\" target=\"_blank\" rel=\"noopener\">Mkting Research (MKTING)<\/a><\/h4>\n<\/li>\n \t<li>\n<h4><a href=\"http:\/\/www.unileon.es\/grupos-investigacion\/detalles-grupo.php?id=3&amp;grp=391\" target=\"_blank\" rel=\"noopener\">Sistemas Inteligentes de Gesti\u00f3n de la Energ\u00eda (SIGSE)<\/a><\/h4>\n<\/li>\n \t<li>\n<h4><a href=\"https:\/\/www.unileon.es\/grupos-investigacion\/detalles-grupo.php?id=3&amp;grp=496\" target=\"_blank\" rel=\"noopener\">Grupo Enfermero de Investigaci\u00f3n en Salud (GREIS)<\/a><\/h4>\n<\/li>\n<\/ul>\n&nbsp;","protected":false},"excerpt":{"rendered":"<p>Actividad Investigadora Reciente&nbsp;del Personal del Departamento: Publicaciones Comunicaciones a congresos Proyectos de investigaci\u00f3n Tesis doctorales Working papers \/ Documentos de trabajo &nbsp; Grupos de Investigaci\u00f3n cuyo Investigador Principal pertenece al Departamento: Econom\u00eda Aplicada (GIEA) Macro Finanzas y Contabilidad Social (GIMCS) &nbsp; Grupos de Investigaci\u00f3n en los que participan miembros del Departamento: Propuestas Multidisciplinares sobre Ecosistemas [&hellip;]<\/p>\n","protected":false},"author":14,"featured_media":0,"parent":0,"menu_order":0,"comment_status":"closed","ping_status":"closed","template":"","meta":{"ngg_post_thumbnail":0,"footnotes":""},"class_list":["post-169","page","type-page","status-publish","hentry"],"yoast_head":"<!-- This site is optimized with the Yoast SEO plugin v25.8 - https:\/\/yoast.com\/wordpress\/plugins\/seo\/ -->\n<title>Investigaci\u00f3n - Departamento de Econom\u00eda y Estad\u00edstica<\/title>\n<meta name=\"robots\" content=\"index, follow, max-snippet:-1, max-image-preview:large, max-video-preview:-1\" \/>\n<link rel=\"canonical\" href=\"https:\/\/departamentos.unileon.es\/economia-y-estadistica\/investigacion\/\" \/>\n<meta property=\"og:locale\" content=\"es_ES\" \/>\n<meta property=\"og:type\" content=\"article\" \/>\n<meta property=\"og:title\" content=\"Investigaci\u00f3n - Departamento de Econom\u00eda y Estad\u00edstica\" \/>\n<meta property=\"og:description\" content=\"Actividad Investigadora Reciente&nbsp;del Personal del Departamento: Publicaciones Comunicaciones a congresos Proyectos de investigaci\u00f3n Tesis doctorales Working papers \/ Documentos de trabajo &nbsp; Grupos de Investigaci\u00f3n cuyo Investigador Principal pertenece al Departamento: Econom\u00eda Aplicada (GIEA) Macro Finanzas y Contabilidad Social (GIMCS) &nbsp; Grupos de Investigaci\u00f3n en los que participan miembros del Departamento: Propuestas Multidisciplinares sobre Ecosistemas [&hellip;]\" \/>\n<meta property=\"og:url\" content=\"https:\/\/departamentos.unileon.es\/economia-y-estadistica\/investigacion\/\" \/>\n<meta property=\"og:site_name\" content=\"Departamento de Econom\u00eda y Estad\u00edstica\" \/>\n<meta property=\"article:modified_time\" content=\"2022-03-28T18:04:56+00:00\" \/>\n<meta name=\"twitter:card\" content=\"summary_large_image\" \/>\n<script type=\"application\/ld+json\" class=\"yoast-schema-graph\">{\"@context\":\"https:\/\/schema.org\",\"@graph\":[{\"@type\":\"WebPage\",\"@id\":\"https:\/\/departamentos.unileon.es\/economia-y-estadistica\/investigacion\/\",\"url\":\"https:\/\/departamentos.unileon.es\/economia-y-estadistica\/investigacion\/\",\"name\":\"Investigaci\u00f3n - Departamento de Econom\u00eda y Estad\u00edstica\",\"isPartOf\":{\"@id\":\"https:\/\/departamentos.unileon.es\/economia-y-estadistica\/#website\"},\"datePublished\":\"2011-06-07T11:23:55+00:00\",\"dateModified\":\"2022-03-28T18:04:56+00:00\",\"inLanguage\":\"es\",\"potentialAction\":[{\"@type\":\"ReadAction\",\"target\":[\"https:\/\/departamentos.unileon.es\/economia-y-estadistica\/investigacion\/\"]}]},{\"@type\":\"WebSite\",\"@id\":\"https:\/\/departamentos.unileon.es\/economia-y-estadistica\/#website\",\"url\":\"https:\/\/departamentos.unileon.es\/economia-y-estadistica\/\",\"name\":\"Departamento de Econom\u00eda y Estad\u00edstica\",\"description\":\"P\u00e1gina web del Departamento de Econom\u00eda y Estad\u00edstica de la Universidad de Le\u00f3n\",\"potentialAction\":[{\"@type\":\"SearchAction\",\"target\":{\"@type\":\"EntryPoint\",\"urlTemplate\":\"https:\/\/departamentos.unileon.es\/economia-y-estadistica\/?s={search_term_string}\"},\"query-input\":{\"@type\":\"PropertyValueSpecification\",\"valueRequired\":true,\"valueName\":\"search_term_string\"}}],\"inLanguage\":\"es\"}]}<\/script>\n<!-- \/ Yoast SEO plugin. -->","yoast_head_json":{"title":"Investigaci\u00f3n - Departamento de Econom\u00eda y Estad\u00edstica","robots":{"index":"index","follow":"follow","max-snippet":"max-snippet:-1","max-image-preview":"max-image-preview:large","max-video-preview":"max-video-preview:-1"},"canonical":"https:\/\/departamentos.unileon.es\/economia-y-estadistica\/investigacion\/","og_locale":"es_ES","og_type":"article","og_title":"Investigaci\u00f3n - Departamento de Econom\u00eda y Estad\u00edstica","og_description":"Actividad Investigadora Reciente&nbsp;del Personal del Departamento: Publicaciones Comunicaciones a congresos Proyectos de investigaci\u00f3n Tesis doctorales Working papers \/ Documentos de trabajo &nbsp; Grupos de Investigaci\u00f3n cuyo Investigador Principal pertenece al Departamento: Econom\u00eda Aplicada (GIEA) Macro Finanzas y Contabilidad Social (GIMCS) &nbsp; Grupos de Investigaci\u00f3n en los que participan miembros del Departamento: Propuestas Multidisciplinares sobre Ecosistemas [&hellip;]","og_url":"https:\/\/departamentos.unileon.es\/economia-y-estadistica\/investigacion\/","og_site_name":"Departamento de Econom\u00eda y Estad\u00edstica","article_modified_time":"2022-03-28T18:04:56+00:00","twitter_card":"summary_large_image","schema":{"@context":"https:\/\/schema.org","@graph":[{"@type":"WebPage","@id":"https:\/\/departamentos.unileon.es\/economia-y-estadistica\/investigacion\/","url":"https:\/\/departamentos.unileon.es\/economia-y-estadistica\/investigacion\/","name":"Investigaci\u00f3n - Departamento de Econom\u00eda y Estad\u00edstica","isPartOf":{"@id":"https:\/\/departamentos.unileon.es\/economia-y-estadistica\/#website"},"datePublished":"2011-06-07T11:23:55+00:00","dateModified":"2022-03-28T18:04:56+00:00","inLanguage":"es","potentialAction":[{"@type":"ReadAction","target":["https:\/\/departamentos.unileon.es\/economia-y-estadistica\/investigacion\/"]}]},{"@type":"WebSite","@id":"https:\/\/departamentos.unileon.es\/economia-y-estadistica\/#website","url":"https:\/\/departamentos.unileon.es\/economia-y-estadistica\/","name":"Departamento de Econom\u00eda y Estad\u00edstica","description":"P\u00e1gina web del Departamento de Econom\u00eda y Estad\u00edstica de la Universidad de Le\u00f3n","potentialAction":[{"@type":"SearchAction","target":{"@type":"EntryPoint","urlTemplate":"https:\/\/departamentos.unileon.es\/economia-y-estadistica\/?s={search_term_string}"},"query-input":{"@type":"PropertyValueSpecification","valueRequired":true,"valueName":"search_term_string"}}],"inLanguage":"es"}]}},"_links":{"self":[{"href":"https:\/\/departamentos.unileon.es\/economia-y-estadistica\/wp-json\/wp\/v2\/pages\/169","targetHints":{"allow":["GET"]}}],"collection":[{"href":"https:\/\/departamentos.unileon.es\/economia-y-estadistica\/wp-json\/wp\/v2\/pages"}],"about":[{"href":"https:\/\/departamentos.unileon.es\/economia-y-estadistica\/wp-json\/wp\/v2\/types\/page"}],"author":[{"embeddable":true,"href":"https:\/\/departamentos.unileon.es\/economia-y-estadistica\/wp-json\/wp\/v2\/users\/14"}],"replies":[{"embeddable":true,"href":"https:\/\/departamentos.unileon.es\/economia-y-estadistica\/wp-json\/wp\/v2\/comments?post=169"}],"version-history":[{"count":39,"href":"https:\/\/departamentos.unileon.es\/economia-y-estadistica\/wp-json\/wp\/v2\/pages\/169\/revisions"}],"predecessor-version":[{"id":2031,"href":"https:\/\/departamentos.unileon.es\/economia-y-estadistica\/wp-json\/wp\/v2\/pages\/169\/revisions\/2031"}],"wp:attachment":[{"href":"https:\/\/departamentos.unileon.es\/economia-y-estadistica\/wp-json\/wp\/v2\/media?parent=169"}],"curies":[{"name":"wp","href":"https:\/\/api.w.org\/{rel}","templated":true}]}}