{"id":158,"date":"2011-06-06T15:35:27","date_gmt":"2011-06-06T15:35:27","guid":{"rendered":"http:\/\/departamentos.unileon.es\/economia-y-estadistica\/?page_id=158"},"modified":"2024-05-02T20:41:06","modified_gmt":"2024-05-02T20:41:06","slug":"paginas-personales","status":"publish","type":"page","link":"https:\/\/departamentos.unileon.es\/economia-y-estadistica\/paginas-personales\/","title":{"rendered":"P\u00e1ginas Personales"},"content":{"rendered":"&nbsp;\n<ul>\n \t<li>\n<h4><strong><a href=\"http:\/\/ralve.unileon.es\" target=\"_blank\" rel=\"noopener\">Ram\u00f3n \u00c1LVAREZ ESTEBAN<\/a><\/strong><\/h4>\n<\/li>\n \t<li>\n<h4><strong><a href=\"http:\/\/carlosarias.unileon.es\/\" target=\"_blank\" rel=\"noopener\">Carlos ARIAS SAMPEDRO<\/a><\/strong><\/h4>\n<\/li>\n \t<li>\n<h4><strong><a href=\"http:\/\/beatrizbarrado.com\">Beatriz BARRADO VICENTE<\/a><\/strong><\/h4>\n<\/li>\n \t<li>\n<h4><strong><a href=\"http:\/\/luisbuendia.unileon.es\/\" target=\"_blank\" rel=\"noopener\">Luis BUEND\u00cdA GARC\u00cdA<\/a><\/strong><\/h4>\n<\/li>\n \t<li>\n<h4><strong><a href=\"https:\/\/jorgegarciaarias.unileon.es\" target=\"_blank\" rel=\"noopener\">Jorge GARC\u00cdA ARIAS<\/a><\/strong><\/h4>\n<\/li>\n<\/ul>","protected":false},"excerpt":{"rendered":"<p>&nbsp; Ram\u00f3n \u00c1LVAREZ ESTEBAN Carlos ARIAS SAMPEDRO Beatriz BARRADO VICENTE Luis BUEND\u00cdA GARC\u00cdA Jorge GARC\u00cdA ARIAS<\/p>\n","protected":false},"author":14,"featured_media":0,"parent":0,"menu_order":0,"comment_status":"closed","ping_status":"open","template":"","meta":{"ngg_post_thumbnail":0,"footnotes":""},"class_list":["post-158","page","type-page","status-publish","hentry"],"yoast_head":"<!-- This site is optimized with the Yoast SEO plugin v25.8 - https:\/\/yoast.com\/wordpress\/plugins\/seo\/ -->\n<title>P\u00e1ginas Personales - Departamento de Econom\u00eda y Estad\u00edstica<\/title>\n<meta name=\"robots\" content=\"index, follow, max-snippet:-1, max-image-preview:large, max-video-preview:-1\" \/>\n<link rel=\"canonical\" href=\"https:\/\/departamentos.unileon.es\/economia-y-estadistica\/paginas-personales\/\" \/>\n<meta property=\"og:locale\" content=\"es_ES\" \/>\n<meta property=\"og:type\" content=\"article\" \/>\n<meta property=\"og:title\" content=\"P\u00e1ginas Personales - Departamento de Econom\u00eda y Estad\u00edstica\" \/>\n<meta property=\"og:description\" content=\"&nbsp; Ram\u00f3n \u00c1LVAREZ ESTEBAN Carlos ARIAS SAMPEDRO Beatriz BARRADO VICENTE Luis BUEND\u00cdA GARC\u00cdA Jorge GARC\u00cdA ARIAS\" \/>\n<meta property=\"og:url\" content=\"https:\/\/departamentos.unileon.es\/economia-y-estadistica\/paginas-personales\/\" \/>\n<meta property=\"og:site_name\" content=\"Departamento de Econom\u00eda y Estad\u00edstica\" \/>\n<meta property=\"article:modified_time\" content=\"2024-05-02T20:41:06+00:00\" \/>\n<meta name=\"twitter:card\" content=\"summary_large_image\" \/>\n<meta name=\"twitter:label1\" content=\"Tiempo de lectura\" \/>\n\t<meta name=\"twitter:data1\" content=\"1 minuto\" \/>\n<script type=\"application\/ld+json\" class=\"yoast-schema-graph\">{\"@context\":\"https:\/\/schema.org\",\"@graph\":[{\"@type\":\"WebPage\",\"@id\":\"https:\/\/departamentos.unileon.es\/economia-y-estadistica\/paginas-personales\/\",\"url\":\"https:\/\/departamentos.unileon.es\/economia-y-estadistica\/paginas-personales\/\",\"name\":\"P\u00e1ginas Personales - Departamento de Econom\u00eda y Estad\u00edstica\",\"isPartOf\":{\"@id\":\"https:\/\/departamentos.unileon.es\/economia-y-estadistica\/#website\"},\"datePublished\":\"2011-06-06T15:35:27+00:00\",\"dateModified\":\"2024-05-02T20:41:06+00:00\",\"inLanguage\":\"es\",\"potentialAction\":[{\"@type\":\"ReadAction\",\"target\":[\"https:\/\/departamentos.unileon.es\/economia-y-estadistica\/paginas-personales\/\"]}]},{\"@type\":\"WebSite\",\"@id\":\"https:\/\/departamentos.unileon.es\/economia-y-estadistica\/#website\",\"url\":\"https:\/\/departamentos.unileon.es\/economia-y-estadistica\/\",\"name\":\"Departamento de Econom\u00eda y Estad\u00edstica\",\"description\":\"P\u00e1gina web del Departamento de Econom\u00eda y Estad\u00edstica de la Universidad de Le\u00f3n\",\"potentialAction\":[{\"@type\":\"SearchAction\",\"target\":{\"@type\":\"EntryPoint\",\"urlTemplate\":\"https:\/\/departamentos.unileon.es\/economia-y-estadistica\/?s={search_term_string}\"},\"query-input\":{\"@type\":\"PropertyValueSpecification\",\"valueRequired\":true,\"valueName\":\"search_term_string\"}}],\"inLanguage\":\"es\"}]}<\/script>\n<!-- \/ Yoast SEO plugin. -->","yoast_head_json":{"title":"P\u00e1ginas Personales - Departamento de Econom\u00eda y Estad\u00edstica","robots":{"index":"index","follow":"follow","max-snippet":"max-snippet:-1","max-image-preview":"max-image-preview:large","max-video-preview":"max-video-preview:-1"},"canonical":"https:\/\/departamentos.unileon.es\/economia-y-estadistica\/paginas-personales\/","og_locale":"es_ES","og_type":"article","og_title":"P\u00e1ginas Personales - Departamento de Econom\u00eda y Estad\u00edstica","og_description":"&nbsp; Ram\u00f3n \u00c1LVAREZ ESTEBAN Carlos ARIAS SAMPEDRO Beatriz BARRADO VICENTE Luis BUEND\u00cdA GARC\u00cdA Jorge GARC\u00cdA ARIAS","og_url":"https:\/\/departamentos.unileon.es\/economia-y-estadistica\/paginas-personales\/","og_site_name":"Departamento de Econom\u00eda y Estad\u00edstica","article_modified_time":"2024-05-02T20:41:06+00:00","twitter_card":"summary_large_image","twitter_misc":{"Tiempo de lectura":"1 minuto"},"schema":{"@context":"https:\/\/schema.org","@graph":[{"@type":"WebPage","@id":"https:\/\/departamentos.unileon.es\/economia-y-estadistica\/paginas-personales\/","url":"https:\/\/departamentos.unileon.es\/economia-y-estadistica\/paginas-personales\/","name":"P\u00e1ginas Personales - Departamento de Econom\u00eda y Estad\u00edstica","isPartOf":{"@id":"https:\/\/departamentos.unileon.es\/economia-y-estadistica\/#website"},"datePublished":"2011-06-06T15:35:27+00:00","dateModified":"2024-05-02T20:41:06+00:00","inLanguage":"es","potentialAction":[{"@type":"ReadAction","target":["https:\/\/departamentos.unileon.es\/economia-y-estadistica\/paginas-personales\/"]}]},{"@type":"WebSite","@id":"https:\/\/departamentos.unileon.es\/economia-y-estadistica\/#website","url":"https:\/\/departamentos.unileon.es\/economia-y-estadistica\/","name":"Departamento de Econom\u00eda y Estad\u00edstica","description":"P\u00e1gina web del Departamento de Econom\u00eda y Estad\u00edstica de la Universidad de Le\u00f3n","potentialAction":[{"@type":"SearchAction","target":{"@type":"EntryPoint","urlTemplate":"https:\/\/departamentos.unileon.es\/economia-y-estadistica\/?s={search_term_string}"},"query-input":{"@type":"PropertyValueSpecification","valueRequired":true,"valueName":"search_term_string"}}],"inLanguage":"es"}]}},"_links":{"self":[{"href":"https:\/\/departamentos.unileon.es\/economia-y-estadistica\/wp-json\/wp\/v2\/pages\/158","targetHints":{"allow":["GET"]}}],"collection":[{"href":"https:\/\/departamentos.unileon.es\/economia-y-estadistica\/wp-json\/wp\/v2\/pages"}],"about":[{"href":"https:\/\/departamentos.unileon.es\/economia-y-estadistica\/wp-json\/wp\/v2\/types\/page"}],"author":[{"embeddable":true,"href":"https:\/\/departamentos.unileon.es\/economia-y-estadistica\/wp-json\/wp\/v2\/users\/14"}],"replies":[{"embeddable":true,"href":"https:\/\/departamentos.unileon.es\/economia-y-estadistica\/wp-json\/wp\/v2\/comments?post=158"}],"version-history":[{"count":30,"href":"https:\/\/departamentos.unileon.es\/economia-y-estadistica\/wp-json\/wp\/v2\/pages\/158\/revisions"}],"predecessor-version":[{"id":2358,"href":"https:\/\/departamentos.unileon.es\/economia-y-estadistica\/wp-json\/wp\/v2\/pages\/158\/revisions\/2358"}],"wp:attachment":[{"href":"https:\/\/departamentos.unileon.es\/economia-y-estadistica\/wp-json\/wp\/v2\/media?parent=158"}],"curies":[{"name":"wp","href":"https:\/\/api.w.org\/{rel}","templated":true}]}}