{"id":114,"date":"2011-06-03T15:32:10","date_gmt":"2011-06-03T15:32:10","guid":{"rendered":"http:\/\/departamentos.unileon.es\/economia-y-estadistica\/?page_id=114"},"modified":"2024-06-12T19:04:52","modified_gmt":"2024-06-12T19:04:52","slug":"master-oficial","status":"publish","type":"page","link":"https:\/\/departamentos.unileon.es\/economia-y-estadistica\/master-oficial\/","title":{"rendered":"M\u00e1ster oficial"},"content":{"rendered":"<p style=\"text-align: center;\"><strong><img loading=\"lazy\" decoding=\"async\" class=\"aligncenter\" src=\"http:\/\/departamentos.unileon.es\/economia-y-estadistica\/files\/2011\/06\/escudos1.jpg\" alt=\"\" width=\"507\" height=\"89\"><\/strong><\/p>\n\n<h2 style=\"text-align: center;\"><span style=\"color: #003300;\"><strong>M\u00c1STER INTERUNIVERSITARIO EN COOPERACI\u00d3N INTERNACIONAL PARA EL DESARROLLO <\/strong><\/span><\/h2>\n<ul>\n \t<li><strong>Organizado por las 4 Universidades P\u00fablicas de Castilla y Le\u00f3n (Burgos, Le\u00f3n, Salamanca y Valladolid).<\/strong><\/li>\n \t<li><strong>\u00danico T\u00edtulo Oficial en Castilla y Le\u00f3n de <em>M\u00e1ster en Cooperaci\u00f3n Internacional para el Desarrollo<\/em>.<\/strong><\/li>\n \t<li><strong>Semipresencial.<\/strong><\/li>\n \t<li><strong>Impartido por los mayores expertos en Cooperaci\u00f3n Internacional para el Desarrollo de Castilla y Le\u00f3n.<\/strong><\/li>\n \t<li><strong>Acceso desde todas las Licenciaturas y Grados.<\/strong><\/li>\n \t<li><strong>M\u00e1s de 50 profesores\/as.<\/strong><\/li>\n \t<li><strong>Pr\u00e1cticas en ONGDs.<\/strong><\/li>\n \t<li><strong>Informaci\u00f3n y preinscripci\u00f3n en:<span style=\"color: #3366ff;\"> <a style=\"color: #3366ff;\" href=\"http:\/\/www.unileon.es\/estudiantes\/estudiantes-master\/oferta-titulaciones\/planes-estudio\/mu-cooperacion-internacional-desarrollo\">http:\/\/www.unileon.es\/estudiantes\/estudiantes-master\/oferta-titulaciones\/planes-estudio\/mu-cooperacion-internacional-desarrollo<\/a><\/span><\/strong><\/li>\n<\/ul>\n<strong>M\u00e1s informaci\u00f3n y contacto:<\/strong>\n<div>\n<table border=\"1\" cellspacing=\"0\" cellpadding=\"0\">\n<tbody>\n<tr>\n<td valign=\"top\" width=\"288\"><address><strong>Dr. Eduardo Fern\u00e1ndez Huerga<\/strong><\/address><address><strong><a href=\"mailto:eduardo.fernandez@unileon.es\">eduardo.fernandez@unileon.es<\/a><\/strong><\/address><address><strong>987 293 286<\/strong><\/address><address><strong>Despacho 122<\/strong><\/address><address><strong>Facultad de CC. Econ\u00f3micas<\/strong><strong><strong>&nbsp;y Empresariales<\/strong><\/strong><\/address><address><strong>Universidad de Le\u00f3n<\/strong><\/address><\/td>\n<td valign=\"top\" width=\"288\"><address><strong>Dr. Jorge Garc\u00eda Arias<\/strong><\/address><address><strong><a href=\"mailto:jrgara@unileon.es\">jrgara@unileon.es<\/a><\/strong><\/address><address><strong>987 291 745<\/strong><\/address><address><strong>Despacho 121<\/strong><\/address><address><strong>Facultad de CC. Econ\u00f3micas<strong><strong> y Empresariales<\/strong><\/strong><\/strong><\/address><address><strong>Universidad de Le\u00f3n<\/strong><\/address><\/td>\n<\/tr>\n<\/tbody>\n<\/table>\n<\/div>\n<div><strong>&nbsp;<\/strong><\/div>\n<h2 style=\"text-align: center;\">&nbsp;<\/h2>","protected":false},"excerpt":{"rendered":"<p>M\u00c1STER INTERUNIVERSITARIO EN COOPERACI\u00d3N INTERNACIONAL PARA EL DESARROLLO Organizado por las 4 Universidades P\u00fablicas de Castilla y Le\u00f3n (Burgos, Le\u00f3n, Salamanca y Valladolid). \u00danico T\u00edtulo Oficial en Castilla y Le\u00f3n de M\u00e1ster en Cooperaci\u00f3n Internacional para el Desarrollo. Semipresencial. Impartido por los mayores expertos en Cooperaci\u00f3n Internacional para el Desarrollo de Castilla y Le\u00f3n. Acceso [&hellip;]<\/p>\n","protected":false},"author":14,"featured_media":0,"parent":0,"menu_order":0,"comment_status":"closed","ping_status":"open","template":"","meta":{"ngg_post_thumbnail":0,"footnotes":""},"class_list":["post-114","page","type-page","status-publish","hentry"],"yoast_head":"<!-- This site is optimized with the Yoast SEO plugin v25.8 - https:\/\/yoast.com\/wordpress\/plugins\/seo\/ -->\n<title>M\u00e1ster oficial - Departamento de Econom\u00eda y Estad\u00edstica<\/title>\n<meta name=\"robots\" content=\"index, follow, max-snippet:-1, max-image-preview:large, max-video-preview:-1\" \/>\n<link rel=\"canonical\" href=\"https:\/\/departamentos.unileon.es\/economia-y-estadistica\/master-oficial\/\" \/>\n<meta property=\"og:locale\" content=\"es_ES\" \/>\n<meta property=\"og:type\" content=\"article\" \/>\n<meta property=\"og:title\" content=\"M\u00e1ster oficial - Departamento de Econom\u00eda y Estad\u00edstica\" \/>\n<meta property=\"og:description\" content=\"M\u00c1STER INTERUNIVERSITARIO EN COOPERACI\u00d3N INTERNACIONAL PARA EL DESARROLLO Organizado por las 4 Universidades P\u00fablicas de Castilla y Le\u00f3n (Burgos, Le\u00f3n, Salamanca y Valladolid). \u00danico T\u00edtulo Oficial en Castilla y Le\u00f3n de M\u00e1ster en Cooperaci\u00f3n Internacional para el Desarrollo. Semipresencial. Impartido por los mayores expertos en Cooperaci\u00f3n Internacional para el Desarrollo de Castilla y Le\u00f3n. Acceso [&hellip;]\" \/>\n<meta property=\"og:url\" content=\"https:\/\/departamentos.unileon.es\/economia-y-estadistica\/master-oficial\/\" \/>\n<meta property=\"og:site_name\" content=\"Departamento de Econom\u00eda y Estad\u00edstica\" \/>\n<meta property=\"article:modified_time\" content=\"2024-06-12T19:04:52+00:00\" \/>\n<meta property=\"og:image\" content=\"http:\/\/departamentos.unileon.es\/economia-y-estadistica\/files\/2011\/06\/escudos1.jpg\" \/>\n<meta name=\"twitter:card\" content=\"summary_large_image\" \/>\n<meta name=\"twitter:label1\" content=\"Tiempo de lectura\" \/>\n\t<meta name=\"twitter:data1\" content=\"1 minuto\" \/>\n<script type=\"application\/ld+json\" class=\"yoast-schema-graph\">{\"@context\":\"https:\/\/schema.org\",\"@graph\":[{\"@type\":\"WebPage\",\"@id\":\"https:\/\/departamentos.unileon.es\/economia-y-estadistica\/master-oficial\/\",\"url\":\"https:\/\/departamentos.unileon.es\/economia-y-estadistica\/master-oficial\/\",\"name\":\"M\u00e1ster oficial - Departamento de Econom\u00eda y Estad\u00edstica\",\"isPartOf\":{\"@id\":\"https:\/\/departamentos.unileon.es\/economia-y-estadistica\/#website\"},\"primaryImageOfPage\":{\"@id\":\"https:\/\/departamentos.unileon.es\/economia-y-estadistica\/master-oficial\/#primaryimage\"},\"image\":{\"@id\":\"https:\/\/departamentos.unileon.es\/economia-y-estadistica\/master-oficial\/#primaryimage\"},\"thumbnailUrl\":\"http:\/\/departamentos.unileon.es\/economia-y-estadistica\/files\/2011\/06\/escudos1.jpg\",\"datePublished\":\"2011-06-03T15:32:10+00:00\",\"dateModified\":\"2024-06-12T19:04:52+00:00\",\"inLanguage\":\"es\",\"potentialAction\":[{\"@type\":\"ReadAction\",\"target\":[\"https:\/\/departamentos.unileon.es\/economia-y-estadistica\/master-oficial\/\"]}]},{\"@type\":\"ImageObject\",\"inLanguage\":\"es\",\"@id\":\"https:\/\/departamentos.unileon.es\/economia-y-estadistica\/master-oficial\/#primaryimage\",\"url\":\"http:\/\/departamentos.unileon.es\/economia-y-estadistica\/files\/2011\/06\/escudos1.jpg\",\"contentUrl\":\"http:\/\/departamentos.unileon.es\/economia-y-estadistica\/files\/2011\/06\/escudos1.jpg\"},{\"@type\":\"WebSite\",\"@id\":\"https:\/\/departamentos.unileon.es\/economia-y-estadistica\/#website\",\"url\":\"https:\/\/departamentos.unileon.es\/economia-y-estadistica\/\",\"name\":\"Departamento de Econom\u00eda y Estad\u00edstica\",\"description\":\"P\u00e1gina web del Departamento de Econom\u00eda y Estad\u00edstica de la Universidad de Le\u00f3n\",\"potentialAction\":[{\"@type\":\"SearchAction\",\"target\":{\"@type\":\"EntryPoint\",\"urlTemplate\":\"https:\/\/departamentos.unileon.es\/economia-y-estadistica\/?s={search_term_string}\"},\"query-input\":{\"@type\":\"PropertyValueSpecification\",\"valueRequired\":true,\"valueName\":\"search_term_string\"}}],\"inLanguage\":\"es\"}]}<\/script>\n<!-- \/ Yoast SEO plugin. -->","yoast_head_json":{"title":"M\u00e1ster oficial - Departamento de Econom\u00eda y Estad\u00edstica","robots":{"index":"index","follow":"follow","max-snippet":"max-snippet:-1","max-image-preview":"max-image-preview:large","max-video-preview":"max-video-preview:-1"},"canonical":"https:\/\/departamentos.unileon.es\/economia-y-estadistica\/master-oficial\/","og_locale":"es_ES","og_type":"article","og_title":"M\u00e1ster oficial - Departamento de Econom\u00eda y Estad\u00edstica","og_description":"M\u00c1STER INTERUNIVERSITARIO EN COOPERACI\u00d3N INTERNACIONAL PARA EL DESARROLLO Organizado por las 4 Universidades P\u00fablicas de Castilla y Le\u00f3n (Burgos, Le\u00f3n, Salamanca y Valladolid). \u00danico T\u00edtulo Oficial en Castilla y Le\u00f3n de M\u00e1ster en Cooperaci\u00f3n Internacional para el Desarrollo. Semipresencial. Impartido por los mayores expertos en Cooperaci\u00f3n Internacional para el Desarrollo de Castilla y Le\u00f3n. Acceso [&hellip;]","og_url":"https:\/\/departamentos.unileon.es\/economia-y-estadistica\/master-oficial\/","og_site_name":"Departamento de Econom\u00eda y Estad\u00edstica","article_modified_time":"2024-06-12T19:04:52+00:00","og_image":[{"url":"http:\/\/departamentos.unileon.es\/economia-y-estadistica\/files\/2011\/06\/escudos1.jpg","type":"","width":"","height":""}],"twitter_card":"summary_large_image","twitter_misc":{"Tiempo de lectura":"1 minuto"},"schema":{"@context":"https:\/\/schema.org","@graph":[{"@type":"WebPage","@id":"https:\/\/departamentos.unileon.es\/economia-y-estadistica\/master-oficial\/","url":"https:\/\/departamentos.unileon.es\/economia-y-estadistica\/master-oficial\/","name":"M\u00e1ster oficial - Departamento de Econom\u00eda y Estad\u00edstica","isPartOf":{"@id":"https:\/\/departamentos.unileon.es\/economia-y-estadistica\/#website"},"primaryImageOfPage":{"@id":"https:\/\/departamentos.unileon.es\/economia-y-estadistica\/master-oficial\/#primaryimage"},"image":{"@id":"https:\/\/departamentos.unileon.es\/economia-y-estadistica\/master-oficial\/#primaryimage"},"thumbnailUrl":"http:\/\/departamentos.unileon.es\/economia-y-estadistica\/files\/2011\/06\/escudos1.jpg","datePublished":"2011-06-03T15:32:10+00:00","dateModified":"2024-06-12T19:04:52+00:00","inLanguage":"es","potentialAction":[{"@type":"ReadAction","target":["https:\/\/departamentos.unileon.es\/economia-y-estadistica\/master-oficial\/"]}]},{"@type":"ImageObject","inLanguage":"es","@id":"https:\/\/departamentos.unileon.es\/economia-y-estadistica\/master-oficial\/#primaryimage","url":"http:\/\/departamentos.unileon.es\/economia-y-estadistica\/files\/2011\/06\/escudos1.jpg","contentUrl":"http:\/\/departamentos.unileon.es\/economia-y-estadistica\/files\/2011\/06\/escudos1.jpg"},{"@type":"WebSite","@id":"https:\/\/departamentos.unileon.es\/economia-y-estadistica\/#website","url":"https:\/\/departamentos.unileon.es\/economia-y-estadistica\/","name":"Departamento de Econom\u00eda y Estad\u00edstica","description":"P\u00e1gina web del Departamento de Econom\u00eda y Estad\u00edstica de la Universidad de Le\u00f3n","potentialAction":[{"@type":"SearchAction","target":{"@type":"EntryPoint","urlTemplate":"https:\/\/departamentos.unileon.es\/economia-y-estadistica\/?s={search_term_string}"},"query-input":{"@type":"PropertyValueSpecification","valueRequired":true,"valueName":"search_term_string"}}],"inLanguage":"es"}]}},"_links":{"self":[{"href":"https:\/\/departamentos.unileon.es\/economia-y-estadistica\/wp-json\/wp\/v2\/pages\/114","targetHints":{"allow":["GET"]}}],"collection":[{"href":"https:\/\/departamentos.unileon.es\/economia-y-estadistica\/wp-json\/wp\/v2\/pages"}],"about":[{"href":"https:\/\/departamentos.unileon.es\/economia-y-estadistica\/wp-json\/wp\/v2\/types\/page"}],"author":[{"embeddable":true,"href":"https:\/\/departamentos.unileon.es\/economia-y-estadistica\/wp-json\/wp\/v2\/users\/14"}],"replies":[{"embeddable":true,"href":"https:\/\/departamentos.unileon.es\/economia-y-estadistica\/wp-json\/wp\/v2\/comments?post=114"}],"version-history":[{"count":41,"href":"https:\/\/departamentos.unileon.es\/economia-y-estadistica\/wp-json\/wp\/v2\/pages\/114\/revisions"}],"predecessor-version":[{"id":2379,"href":"https:\/\/departamentos.unileon.es\/economia-y-estadistica\/wp-json\/wp\/v2\/pages\/114\/revisions\/2379"}],"wp:attachment":[{"href":"https:\/\/departamentos.unileon.es\/economia-y-estadistica\/wp-json\/wp\/v2\/media?parent=114"}],"curies":[{"name":"wp","href":"https:\/\/api.w.org\/{rel}","templated":true}]}}