{"id":1068,"date":"2018-05-28T11:43:20","date_gmt":"2018-05-28T11:43:20","guid":{"rendered":"http:\/\/departamentos.unileon.es\/economia-y-estadistica\/?page_id=1068"},"modified":"2024-10-06T19:53:59","modified_gmt":"2024-10-06T19:53:59","slug":"presentacion","status":"publish","type":"page","link":"https:\/\/departamentos.unileon.es\/economia-y-estadistica\/","title":{"rendered":"Presentaci\u00f3n"},"content":{"rendered":"\n<div class=\"wp-block-group\"><div class=\"wp-block-group__inner-container is-layout-flow wp-block-group-is-layout-flow\"><div class=\"wp-block-image\">\n<figure class=\"alignright size-large is-resized\"><a href=\"https:\/\/departamentos.unileon.es\/economia-y-estadistica\/files\/2021\/05\/Logo_DEE_definitivo_fondo-transparente-3.png\"><img loading=\"lazy\" decoding=\"async\" width=\"1181\" height=\"450\" src=\"https:\/\/departamentos.unileon.es\/economia-y-estadistica\/files\/2021\/05\/Logo_DEE_definitivo_fondo-transparente-3.png\" alt=\"\" class=\"wp-image-1798\" style=\"width:390px;height:148px\"\/><\/a><\/figure><\/div><\/div><\/div>\n\n\n\n<div class=\"wp-block-group\"><div class=\"wp-block-group__inner-container is-layout-flow wp-block-group-is-layout-flow\">\n<p style=\"font-size:27px\">Te damos la bienvenida a la p\u00e1gina web del Departamento de Econom\u00eda y Estad\u00edstica<\/p>\n<\/div><\/div>\n\n\n\n<h2 class=\"wp-block-heading\">Un poco de historia<\/h2>\n\n\n\n<p>Nuestro departamento tiene su primer antecedente en el entonces denominado <strong>Departamento de Econom\u00eda y Administraci\u00f3n de Empresas<\/strong>.<\/p>\n\n\n\n<p>De la divisi\u00f3n de dicho departamento en diciembre de 1991, nacer\u00eda el <strong>Departamento de Econom\u00eda Aplicada<\/strong>, formado inicialmente por una \u00fanica \u00e1rea de conocimiento, el \u00e1rea de <em>Econom\u00eda Aplicada<\/em>. En 1992 se incorporar\u00edan las \u00e1reas de <em>Historia e Instituciones Econ\u00f3micas<\/em> y de <em>Fundamentos del An\u00e1lisis Econ\u00f3mico<\/em>, dando lugar a la nueva denominaci\u00f3n de <strong>Departamento de Econom\u00eda<\/strong>.<\/p>\n\n\n\n<p>Como consecuencia del acuerdo de reestructuraci\u00f3n departamental del Consejo de Gobierno de la Universidad de Le\u00f3n de julio de 2006, el \u00e1rea de <em>Estad\u00edstica e Investigaci\u00f3n Operativa<\/em> se incorpora al Departamento de Econom\u00eda, de modo que \u00e9ste pasa a llamarse, de forma inicial y transitoria, Departamento \u00abS\u00bb y, posteriormente, <strong>Departamento de Econom\u00eda y Estad\u00edstica<\/strong>, denominaci\u00f3n que se mantiene en la actualidad. Por \u00faltimo, en julio de 2023 se crea en la Universidad de Le\u00f3n e incorpora al departamento el \u00e1rea de conocimiento <em>M\u00e9todos Cuantitativos para la Econom\u00eda y la Empresa<\/em>.<\/p>\n\n\n\n<p>En estos m\u00e1s de 30 a\u00f1os de historia, el Departamento ha tenido como Directores a los profesores Jos\u00e9 Manuel Ag\u00fcera Sirgo (1991-96), Jos\u00e9 Luis Gonz\u00e1lez Garc\u00eda\u00a0(1996-1998), \u00c1ngeles Mar\u00edn Rivero (1998-2002 y 2015-2018), Jos\u00e9 Manuel D\u00edez Modino (2002-2006 y 2007-2015), Ram\u00f3n \u00c1lvarez Esteban (2006-2007), Julio Abad Gonz\u00e1lez (2018-2024), y Eduardo Fern\u00e1ndez Huerga (2024-actualidad).<\/p>\n\n\n\n<h3 class=\"wp-block-heading\">Situaci\u00f3n actual<\/h3>\n\n\n\n<p>En estos momentos, el Departamento de Econom\u00eda y Estad\u00edstica est\u00e1 formado por m\u00e1s de 35 <a href=\"http:\/\/departamentos.unileon.es\/economia-y-estadistica\/personal\/\" target=\"_blank\" rel=\"noopener noreferrer\">profesores<\/a> (de los que casi treinta lo son a tiempo completo) pertenecientes a las siguientes \u00e1reas de conocimiento:<\/p>\n\n\n\n<ul class=\"wp-block-list\">\n<li>Econom\u00eda Aplicada<\/li>\n\n\n\n<li>Estad\u00edstica e Investigaci\u00f3n Operativa<\/li>\n\n\n\n<li>Fundamentos del An\u00e1lisis Econ\u00f3mico<\/li>\n\n\n\n<li>Historia e Instituciones Econ\u00f3micas<\/li>\n\n\n\n<li>M\u00e9todos Cuantitativos para la Econom\u00eda y la Empresa.<\/li>\n<\/ul>\n\n\n\n<p>La <a href=\"http:\/\/departamentos.unileon.es\/economia-y-estadistica\/asignaturas-impartidas\/\" target=\"_blank\" rel=\"noopener noreferrer\">actividad docente<\/a> del Departamento se concentra principalmente en los grados que se imparten en la <a href=\"http:\/\/economicas.unileon.es\/\" target=\"_blank\" rel=\"noopener noreferrer\">Facultad de Ciencias Econ\u00f3micas y Empresariales<\/a> de la Universidad de Le\u00f3n:<\/p>\n\n\n\n<ul class=\"wp-block-list\">\n<li><a href=\"http:\/\/www.unileon.es\/estudiantes\/estudiantes-grado\/oferta-de-estudios\/grado-en-administracion-y-direccion-de-empresas\" target=\"_blank\" rel=\"noopener noreferrer\">Grado en Administraci\u00f3n y Direcci\u00f3n de Empresas (ADE)<\/a><\/li>\n\n\n\n<li><a href=\"https:\/\/www.unileon.es\/ficheros\/estudiantes\/tripticos\/doble-grado-derecho-ade.pdf\" target=\"_blank\" rel=\"noopener noreferrer\">Doble Grado en Derecho y ADE<\/a><\/li>\n\n\n\n<li><a href=\"http:\/\/www.unileon.es\/estudiantes\/estudiantes-grado\/oferta-de-estudios\/grado-en-economia\" target=\"_blank\" rel=\"noopener noreferrer\">Grado en Econom\u00eda<\/a><\/li>\n\n\n\n<li><a href=\"http:\/\/www.unileon.es\/estudiantes\/estudiantes-grado\/oferta-de-estudios\/grado-en-finanzas\" target=\"_blank\" rel=\"noopener noreferrer\">Grado en Finanzas<\/a><\/li>\n\n\n\n<li><a href=\"http:\/\/www.unileon.es\/estudiantes\/estudiantes-grado\/oferta-de-estudios\/grado-en-comercio-internacional\" target=\"_blank\" rel=\"noopener noreferrer\">Grado en Comercio Internacional<\/a><\/li>\n\n\n\n<li><a href=\"http:\/\/www.unileon.es\/estudiantes\/estudiantes-grado\/oferta-de-estudios\/grado-en-marketing-e-investigacion-de-mercados\" target=\"_blank\" rel=\"noopener noreferrer\">Grado en Marketing e Investigaci\u00f3n de Mercados<\/a><\/li>\n\n\n\n<li><a href=\"http:\/\/www.unileon.es\/estudiantes\/estudiantes-grado\/oferta-de-estudios\/grado-en-turismo\" target=\"_blank\" rel=\"noopener noreferrer\">Grado en Turismo<\/a><\/li>\n<\/ul>\n\n\n\n<p>Asimismo, debido a la transversalidad de nuestras &nbsp;\u00e1reas de conocimiento, tambi\u00e9n imparte docencia en titulaciones de otras Facultades y Escuelas. En total, el Departamento imparte unas 100 asignaturas entre grado y m\u00e1steres oficiales.<\/p>\n\n\n\n<p>En cuanto a la <a href=\"http:\/\/departamentos.unileon.es\/economia-y-estadistica\/investigacion\/\" target=\"_blank\" rel=\"noopener noreferrer\">actividad investigadora<\/a>, los profesores del Departamento se integran en los seis Grupos de Investigaci\u00f3n siguientes:<\/p>\n\n\n\n<ul class=\"wp-block-list\"><li><a rel=\"noopener noreferrer\" href=\"http:\/\/www.unileon.es\/grupos-investigacion\/detalles-grupo.php?id=3&amp;grp=384\" target=\"_blank\">Econom\u00eda Aplicada (GIEA)<\/a><\/li><li><a rel=\"noopener\" href=\"https:\/\/www.unileon.es\/grupos-investigacion\/detalles-grupo.php?id=3&amp;grp=491\" target=\"_blank\">Macro Finanzas y Contabilidad Social (GIMCS)<\/a><\/li><li><a rel=\"noopener noreferrer\" href=\"http:\/\/www.unileon.es\/grupos-investigacion\/detalles-grupo.php?id=3&amp;grp=448\" target=\"_blank\">Propuestas Multidisciplinares sobre Ecosistemas Vegetales (PROMUEVE)<\/a><\/li><li><a rel=\"noopener noreferrer\" href=\"http:\/\/www.unileon.es\/grupos-investigacion\/detalles-grupo.php?id=3&amp;grp=430\" target=\"_blank\">Mkting Research (MKTING)<\/a><\/li><li><a rel=\"noopener noreferrer\" href=\"http:\/\/www.unileon.es\/grupos-investigacion\/detalles-grupo.php?id=3&amp;grp=391\" target=\"_blank\">Sistemas Inteligentes de Gesti\u00f3n de la Energ\u00eda (SIGSE)<\/a><\/li><li><a rel=\"noopener noreferrer\" href=\"http:\/\/www.unileon.es\/grupos-investigacion\/detalles-grupo.php?id=3&amp;grp=446\" target=\"_blank\"><a rel=\"noreferrer noopener\" href=\"https:\/\/www.unileon.es\/grupos-investigacion\/detalles-grupo.php?id=3&amp;grp=496\" target=\"_blank\">Grupo Enfermero de Investigaci\u00f3n en Salud (GREIS)<\/a><\/a><\/li><\/ul>\n\n\n","protected":false},"excerpt":{"rendered":"<p>Te damos la bienvenida a la p\u00e1gina web del Departamento de Econom\u00eda y Estad\u00edstica Un poco de historia Nuestro departamento tiene su primer antecedente en el entonces denominado Departamento de Econom\u00eda y Administraci\u00f3n de Empresas. De la divisi\u00f3n de dicho departamento en diciembre de 1991, nacer\u00eda el Departamento de Econom\u00eda Aplicada, formado inicialmente por una [&hellip;]<\/p>\n","protected":false},"author":14,"featured_media":0,"parent":0,"menu_order":0,"comment_status":"closed","ping_status":"closed","template":"","meta":{"ngg_post_thumbnail":0,"footnotes":""},"class_list":["post-1068","page","type-page","status-publish","hentry"],"yoast_head":"<!-- This site is optimized with the Yoast SEO plugin v25.8 - https:\/\/yoast.com\/wordpress\/plugins\/seo\/ -->\n<title>Presentaci\u00f3n - Departamento de Econom\u00eda y Estad\u00edstica<\/title>\n<meta name=\"robots\" content=\"index, follow, max-snippet:-1, max-image-preview:large, max-video-preview:-1\" \/>\n<link rel=\"canonical\" href=\"https:\/\/departamentos.unileon.es\/economia-y-estadistica\/\" \/>\n<meta property=\"og:locale\" content=\"es_ES\" \/>\n<meta property=\"og:type\" content=\"article\" \/>\n<meta property=\"og:title\" content=\"Presentaci\u00f3n - Departamento de Econom\u00eda y Estad\u00edstica\" \/>\n<meta property=\"og:description\" content=\"Te damos la bienvenida a la p\u00e1gina web del Departamento de Econom\u00eda y Estad\u00edstica Un poco de historia Nuestro departamento tiene su primer antecedente en el entonces denominado Departamento de Econom\u00eda y Administraci\u00f3n de Empresas. De la divisi\u00f3n de dicho departamento en diciembre de 1991, nacer\u00eda el Departamento de Econom\u00eda Aplicada, formado inicialmente por una [&hellip;]\" \/>\n<meta property=\"og:url\" content=\"https:\/\/departamentos.unileon.es\/economia-y-estadistica\/\" \/>\n<meta property=\"og:site_name\" content=\"Departamento de Econom\u00eda y Estad\u00edstica\" \/>\n<meta property=\"article:modified_time\" content=\"2024-10-06T19:53:59+00:00\" \/>\n<meta property=\"og:image\" content=\"https:\/\/departamentos.unileon.es\/economia-y-estadistica\/files\/2021\/05\/Logo_DEE_definitivo_fondo-transparente-3.png\" \/>\n<meta name=\"twitter:card\" content=\"summary_large_image\" \/>\n<meta name=\"twitter:label1\" content=\"Tiempo de lectura\" \/>\n\t<meta name=\"twitter:data1\" content=\"3 minutos\" \/>\n<script type=\"application\/ld+json\" class=\"yoast-schema-graph\">{\"@context\":\"https:\/\/schema.org\",\"@graph\":[{\"@type\":\"WebPage\",\"@id\":\"https:\/\/departamentos.unileon.es\/economia-y-estadistica\/\",\"url\":\"https:\/\/departamentos.unileon.es\/economia-y-estadistica\/\",\"name\":\"Presentaci\u00f3n - Departamento de Econom\u00eda y Estad\u00edstica\",\"isPartOf\":{\"@id\":\"https:\/\/departamentos.unileon.es\/economia-y-estadistica\/#website\"},\"primaryImageOfPage\":{\"@id\":\"https:\/\/departamentos.unileon.es\/economia-y-estadistica\/#primaryimage\"},\"image\":{\"@id\":\"https:\/\/departamentos.unileon.es\/economia-y-estadistica\/#primaryimage\"},\"thumbnailUrl\":\"https:\/\/departamentos.unileon.es\/economia-y-estadistica\/files\/2021\/05\/Logo_DEE_definitivo_fondo-transparente-3.png\",\"datePublished\":\"2018-05-28T11:43:20+00:00\",\"dateModified\":\"2024-10-06T19:53:59+00:00\",\"inLanguage\":\"es\",\"potentialAction\":[{\"@type\":\"ReadAction\",\"target\":[\"https:\/\/departamentos.unileon.es\/economia-y-estadistica\/\"]}]},{\"@type\":\"ImageObject\",\"inLanguage\":\"es\",\"@id\":\"https:\/\/departamentos.unileon.es\/economia-y-estadistica\/#primaryimage\",\"url\":\"https:\/\/departamentos.unileon.es\/economia-y-estadistica\/files\/2021\/05\/Logo_DEE_definitivo_fondo-transparente-3.png\",\"contentUrl\":\"https:\/\/departamentos.unileon.es\/economia-y-estadistica\/files\/2021\/05\/Logo_DEE_definitivo_fondo-transparente-3.png\",\"width\":1181,\"height\":450},{\"@type\":\"WebSite\",\"@id\":\"https:\/\/departamentos.unileon.es\/economia-y-estadistica\/#website\",\"url\":\"https:\/\/departamentos.unileon.es\/economia-y-estadistica\/\",\"name\":\"Departamento de Econom\u00eda y Estad\u00edstica\",\"description\":\"P\u00e1gina web del Departamento de Econom\u00eda y Estad\u00edstica de la Universidad de Le\u00f3n\",\"potentialAction\":[{\"@type\":\"SearchAction\",\"target\":{\"@type\":\"EntryPoint\",\"urlTemplate\":\"https:\/\/departamentos.unileon.es\/economia-y-estadistica\/?s={search_term_string}\"},\"query-input\":{\"@type\":\"PropertyValueSpecification\",\"valueRequired\":true,\"valueName\":\"search_term_string\"}}],\"inLanguage\":\"es\"}]}<\/script>\n<!-- \/ Yoast SEO plugin. -->","yoast_head_json":{"title":"Presentaci\u00f3n - Departamento de Econom\u00eda y Estad\u00edstica","robots":{"index":"index","follow":"follow","max-snippet":"max-snippet:-1","max-image-preview":"max-image-preview:large","max-video-preview":"max-video-preview:-1"},"canonical":"https:\/\/departamentos.unileon.es\/economia-y-estadistica\/","og_locale":"es_ES","og_type":"article","og_title":"Presentaci\u00f3n - Departamento de Econom\u00eda y Estad\u00edstica","og_description":"Te damos la bienvenida a la p\u00e1gina web del Departamento de Econom\u00eda y Estad\u00edstica Un poco de historia Nuestro departamento tiene su primer antecedente en el entonces denominado Departamento de Econom\u00eda y Administraci\u00f3n de Empresas. De la divisi\u00f3n de dicho departamento en diciembre de 1991, nacer\u00eda el Departamento de Econom\u00eda Aplicada, formado inicialmente por una [&hellip;]","og_url":"https:\/\/departamentos.unileon.es\/economia-y-estadistica\/","og_site_name":"Departamento de Econom\u00eda y Estad\u00edstica","article_modified_time":"2024-10-06T19:53:59+00:00","og_image":[{"url":"https:\/\/departamentos.unileon.es\/economia-y-estadistica\/files\/2021\/05\/Logo_DEE_definitivo_fondo-transparente-3.png","type":"","width":"","height":""}],"twitter_card":"summary_large_image","twitter_misc":{"Tiempo de lectura":"3 minutos"},"schema":{"@context":"https:\/\/schema.org","@graph":[{"@type":"WebPage","@id":"https:\/\/departamentos.unileon.es\/economia-y-estadistica\/","url":"https:\/\/departamentos.unileon.es\/economia-y-estadistica\/","name":"Presentaci\u00f3n - Departamento de Econom\u00eda y Estad\u00edstica","isPartOf":{"@id":"https:\/\/departamentos.unileon.es\/economia-y-estadistica\/#website"},"primaryImageOfPage":{"@id":"https:\/\/departamentos.unileon.es\/economia-y-estadistica\/#primaryimage"},"image":{"@id":"https:\/\/departamentos.unileon.es\/economia-y-estadistica\/#primaryimage"},"thumbnailUrl":"https:\/\/departamentos.unileon.es\/economia-y-estadistica\/files\/2021\/05\/Logo_DEE_definitivo_fondo-transparente-3.png","datePublished":"2018-05-28T11:43:20+00:00","dateModified":"2024-10-06T19:53:59+00:00","inLanguage":"es","potentialAction":[{"@type":"ReadAction","target":["https:\/\/departamentos.unileon.es\/economia-y-estadistica\/"]}]},{"@type":"ImageObject","inLanguage":"es","@id":"https:\/\/departamentos.unileon.es\/economia-y-estadistica\/#primaryimage","url":"https:\/\/departamentos.unileon.es\/economia-y-estadistica\/files\/2021\/05\/Logo_DEE_definitivo_fondo-transparente-3.png","contentUrl":"https:\/\/departamentos.unileon.es\/economia-y-estadistica\/files\/2021\/05\/Logo_DEE_definitivo_fondo-transparente-3.png","width":1181,"height":450},{"@type":"WebSite","@id":"https:\/\/departamentos.unileon.es\/economia-y-estadistica\/#website","url":"https:\/\/departamentos.unileon.es\/economia-y-estadistica\/","name":"Departamento de Econom\u00eda y Estad\u00edstica","description":"P\u00e1gina web del Departamento de Econom\u00eda y Estad\u00edstica de la Universidad de Le\u00f3n","potentialAction":[{"@type":"SearchAction","target":{"@type":"EntryPoint","urlTemplate":"https:\/\/departamentos.unileon.es\/economia-y-estadistica\/?s={search_term_string}"},"query-input":{"@type":"PropertyValueSpecification","valueRequired":true,"valueName":"search_term_string"}}],"inLanguage":"es"}]}},"_links":{"self":[{"href":"https:\/\/departamentos.unileon.es\/economia-y-estadistica\/wp-json\/wp\/v2\/pages\/1068","targetHints":{"allow":["GET"]}}],"collection":[{"href":"https:\/\/departamentos.unileon.es\/economia-y-estadistica\/wp-json\/wp\/v2\/pages"}],"about":[{"href":"https:\/\/departamentos.unileon.es\/economia-y-estadistica\/wp-json\/wp\/v2\/types\/page"}],"author":[{"embeddable":true,"href":"https:\/\/departamentos.unileon.es\/economia-y-estadistica\/wp-json\/wp\/v2\/users\/14"}],"replies":[{"embeddable":true,"href":"https:\/\/departamentos.unileon.es\/economia-y-estadistica\/wp-json\/wp\/v2\/comments?post=1068"}],"version-history":[{"count":35,"href":"https:\/\/departamentos.unileon.es\/economia-y-estadistica\/wp-json\/wp\/v2\/pages\/1068\/revisions"}],"predecessor-version":[{"id":2423,"href":"https:\/\/departamentos.unileon.es\/economia-y-estadistica\/wp-json\/wp\/v2\/pages\/1068\/revisions\/2423"}],"wp:attachment":[{"href":"https:\/\/departamentos.unileon.es\/economia-y-estadistica\/wp-json\/wp\/v2\/media?parent=1068"}],"curies":[{"name":"wp","href":"https:\/\/api.w.org\/{rel}","templated":true}]}}