{"id":209,"date":"2023-11-23T09:19:40","date_gmt":"2023-11-23T09:19:40","guid":{"rendered":"https:\/\/departamentos.unileon.es\/derecho-publico\/?page_id=209"},"modified":"2023-11-23T10:24:40","modified_gmt":"2023-11-23T10:24:40","slug":"areas-del-departamento","status":"publish","type":"page","link":"https:\/\/departamentos.unileon.es\/derecho-publico\/areas-del-departamento\/","title":{"rendered":"\u00c1reas del Departamento"},"content":{"rendered":"\n\n\n<ul class=\"wp-block-list\">\n<li>Derecho Administrativo\n<ul class=\"wp-block-list\">\n<li>EVENTOS<\/li>\n\n\n\n<li>X<\/li>\n\n\n\n<li>PROFESORES\/INVESTIGADORES\n<ul class=\"wp-block-list\">\n<li>Luis \u00c1ngel Ballesteros Moffa.<\/li>\n\n\n\n<li>Anabelen Casares Marcos.<\/li>\n\n\n\n<li>Mercedes Fuertes L\u00f3pez.<\/li>\n\n\n\n<li>Tomas&nbsp;Quintana L\u00f3pez.<\/li>\n\n\n\n<li>Carlos Gonz\u00e1lez Ant\u00f3n.&nbsp;<\/li>\n\n\n\n<li>Lidia Garc\u00eda Mart\u00edn.<\/li>\n\n\n\n<li>Carlos Heredero del Campo.<\/li>\n<\/ul>\n<\/li>\n<\/ul>\n<\/li>\n\n\n\n<li>Derecho Constitucional\n<ul class=\"wp-block-list\">\n<li>EVENTOS<\/li>\n\n\n\n<li>X<\/li>\n\n\n\n<li>PROFESORES\/INVESTIGADORES\n<ul class=\"wp-block-list\">\n<li>Mar\u00eda Esther Seijas Villadangos.<\/li>\n\n\n\n<li>Miguel \u00c1ngel Alegre M\u00e1rt\u00ednez.<\/li>\n<\/ul>\n<\/li>\n<\/ul>\n<\/li>\n\n\n\n<li>Derecho Financiero y Tributario\n<ul class=\"wp-block-list\">\n<li>EVENTOS<\/li>\n\n\n\n<li>X<\/li>\n\n\n\n<li>PROFESORES\/INVESTIGADORES\n<ul class=\"wp-block-list\">\n<li>Mar\u00eda Teresa Mata Sierra.<\/li>\n\n\n\n<li>Antonio Vaquera Garc\u00eda.&nbsp;<\/li>\n\n\n\n<li>Marta Gonz\u00e1lez Aparicio.<\/li>\n<\/ul>\n<\/li>\n<\/ul>\n<\/li>\n\n\n\n<li>Derecho Internacional P\u00fablico\n<ul class=\"wp-block-list\">\n<li>EVENTOS<\/li>\n\n\n\n<li>X<\/li>\n\n\n\n<li>PROFESORES\/INVESTIGADORES\n<ul class=\"wp-block-list\">\n<li>Juan Francisco Escudero Espinosa.<\/li>\n\n\n\n<li>Armando \u00c1lvarez Alvite.<\/li>\n<\/ul>\n<\/li>\n<\/ul>\n<\/li>\n\n\n\n<li>Derecho de la Libertad de Conciencia\n<ul class=\"wp-block-list\">\n<li>EVENTOS<\/li>\n\n\n\n<li>X<\/li>\n\n\n\n<li>PROFESORES\/INVESTIGADORES\n<ul class=\"wp-block-list\">\n<li>Paulino Cesar Pardo Prieto.<\/li>\n\n\n\n<li>Salvador Tarodo Soria.<\/li>\n\n\n\n<li>Marina Morla Gonz\u00e1lez.<\/li>\n<\/ul>\n<\/li>\n<\/ul>\n<\/li>\n\n\n\n<li>Derecho Penal\n<ul class=\"wp-block-list\">\n<li>EVENTOS<\/li>\n\n\n\n<li>X<\/li>\n\n\n\n<li>PROFESORES\/INVESTIGADORES\n<ul class=\"wp-block-list\">\n<li>Miguel Diaz y Garc\u00eda-Conlledo.<\/li>\n\n\n\n<li>Mar\u00eda Anunciaci\u00f3n Trapero Barreales.<\/li>\n\n\n\n<li>Isabel Dur\u00e1n Seco.<\/li>\n\n\n\n<li>Luis Miguel Ramos.<\/li>\n\n\n\n<li>Jos\u00e9 Antonio Mart\u00ednez Rodr\u00edguez.&nbsp;<\/li>\n<\/ul>\n<\/li>\n<\/ul>\n<\/li>\n\n\n\n<li>Derecho Procesal\n<ul class=\"wp-block-list\">\n<li>EVENTOS<\/li>\n\n\n\n<li>X<\/li>\n\n\n\n<li>PROFESORES\/INVESTIGADORES\n<ul class=\"wp-block-list\">\n<li>Piedad Gonz\u00e1lez Granda.<\/li>\n\n\n\n<li>Pedro \u00c1lvarez S\u00e1nchez de Movell\u00e1n.&nbsp;<\/li>\n\n\n\n<li>Eva Isabel Sanjurjo Rios.<\/li>\n\n\n\n<li>Nerea Yugueros Prieto.<\/li>\n\n\n\n<li>Andrea Jamardo Lorenzo.<\/li>\n<\/ul>\n<\/li>\n<\/ul>\n<\/li>\n\n\n\n<li>Filosof\u00eda del Derecho\n<ul class=\"wp-block-list\">\n<li>EVENTOS<\/li>\n\n\n\n<li>X<\/li>\n\n\n\n<li>PROFESORES\/INVESTIGADORES\n<ul class=\"wp-block-list\">\n<li>Juan Antonio Garc\u00eda Amado.<\/li>\n\n\n\n<li>Mar\u00eda Concepci\u00f3n Gimeno Presa.&nbsp;<\/li>\n\n\n\n<li>Ricardo Garz\u00f3n Cardenas.<\/li>\n<\/ul>\n<\/li>\n<\/ul>\n<\/li>\n<\/ul>\n","protected":false},"excerpt":{"rendered":"","protected":false},"author":243,"featured_media":0,"parent":0,"menu_order":0,"comment_status":"closed","ping_status":"closed","template":"","meta":{"ngg_post_thumbnail":0,"footnotes":""},"class_list":["post-209","page","type-page","status-publish","hentry"],"yoast_head":"<!-- This site is optimized with the Yoast SEO plugin v25.8 - https:\/\/yoast.com\/wordpress\/plugins\/seo\/ -->\n<title>\u00c1reas del Departamento - Departamento de Derecho P\u00fablico<\/title>\n<meta name=\"robots\" content=\"index, follow, max-snippet:-1, max-image-preview:large, max-video-preview:-1\" \/>\n<link rel=\"canonical\" href=\"https:\/\/departamentos.unileon.es\/derecho-publico\/areas-del-departamento\/\" \/>\n<meta property=\"og:locale\" content=\"es_ES\" \/>\n<meta property=\"og:type\" content=\"article\" \/>\n<meta property=\"og:title\" content=\"\u00c1reas del Departamento - Departamento de Derecho P\u00fablico\" \/>\n<meta property=\"og:url\" content=\"https:\/\/departamentos.unileon.es\/derecho-publico\/areas-del-departamento\/\" \/>\n<meta property=\"og:site_name\" content=\"Departamento de Derecho P\u00fablico\" \/>\n<meta property=\"article:modified_time\" content=\"2023-11-23T10:24:40+00:00\" \/>\n<meta name=\"twitter:card\" content=\"summary_large_image\" \/>\n<meta name=\"twitter:label1\" content=\"Tiempo de lectura\" \/>\n\t<meta name=\"twitter:data1\" content=\"1 minuto\" \/>\n<script type=\"application\/ld+json\" class=\"yoast-schema-graph\">{\"@context\":\"https:\/\/schema.org\",\"@graph\":[{\"@type\":\"WebPage\",\"@id\":\"https:\/\/departamentos.unileon.es\/derecho-publico\/areas-del-departamento\/\",\"url\":\"https:\/\/departamentos.unileon.es\/derecho-publico\/areas-del-departamento\/\",\"name\":\"\u00c1reas del Departamento - Departamento de Derecho P\u00fablico\",\"isPartOf\":{\"@id\":\"https:\/\/departamentos.unileon.es\/derecho-publico\/#website\"},\"datePublished\":\"2023-11-23T09:19:40+00:00\",\"dateModified\":\"2023-11-23T10:24:40+00:00\",\"inLanguage\":\"es\",\"potentialAction\":[{\"@type\":\"ReadAction\",\"target\":[\"https:\/\/departamentos.unileon.es\/derecho-publico\/areas-del-departamento\/\"]}]},{\"@type\":\"WebSite\",\"@id\":\"https:\/\/departamentos.unileon.es\/derecho-publico\/#website\",\"url\":\"https:\/\/departamentos.unileon.es\/derecho-publico\/\",\"name\":\"Departamento de Derecho P\u00fablico\",\"description\":\"Otro sitio m\u00e1s de Universidad de Le\u00f3n\",\"potentialAction\":[{\"@type\":\"SearchAction\",\"target\":{\"@type\":\"EntryPoint\",\"urlTemplate\":\"https:\/\/departamentos.unileon.es\/derecho-publico\/?s={search_term_string}\"},\"query-input\":{\"@type\":\"PropertyValueSpecification\",\"valueRequired\":true,\"valueName\":\"search_term_string\"}}],\"inLanguage\":\"es\"}]}<\/script>\n<!-- \/ Yoast SEO plugin. -->","yoast_head_json":{"title":"\u00c1reas del Departamento - Departamento de Derecho P\u00fablico","robots":{"index":"index","follow":"follow","max-snippet":"max-snippet:-1","max-image-preview":"max-image-preview:large","max-video-preview":"max-video-preview:-1"},"canonical":"https:\/\/departamentos.unileon.es\/derecho-publico\/areas-del-departamento\/","og_locale":"es_ES","og_type":"article","og_title":"\u00c1reas del Departamento - Departamento de Derecho P\u00fablico","og_url":"https:\/\/departamentos.unileon.es\/derecho-publico\/areas-del-departamento\/","og_site_name":"Departamento de Derecho P\u00fablico","article_modified_time":"2023-11-23T10:24:40+00:00","twitter_card":"summary_large_image","twitter_misc":{"Tiempo de lectura":"1 minuto"},"schema":{"@context":"https:\/\/schema.org","@graph":[{"@type":"WebPage","@id":"https:\/\/departamentos.unileon.es\/derecho-publico\/areas-del-departamento\/","url":"https:\/\/departamentos.unileon.es\/derecho-publico\/areas-del-departamento\/","name":"\u00c1reas del Departamento - Departamento de Derecho P\u00fablico","isPartOf":{"@id":"https:\/\/departamentos.unileon.es\/derecho-publico\/#website"},"datePublished":"2023-11-23T09:19:40+00:00","dateModified":"2023-11-23T10:24:40+00:00","inLanguage":"es","potentialAction":[{"@type":"ReadAction","target":["https:\/\/departamentos.unileon.es\/derecho-publico\/areas-del-departamento\/"]}]},{"@type":"WebSite","@id":"https:\/\/departamentos.unileon.es\/derecho-publico\/#website","url":"https:\/\/departamentos.unileon.es\/derecho-publico\/","name":"Departamento de Derecho P\u00fablico","description":"Otro sitio m\u00e1s de Universidad de Le\u00f3n","potentialAction":[{"@type":"SearchAction","target":{"@type":"EntryPoint","urlTemplate":"https:\/\/departamentos.unileon.es\/derecho-publico\/?s={search_term_string}"},"query-input":{"@type":"PropertyValueSpecification","valueRequired":true,"valueName":"search_term_string"}}],"inLanguage":"es"}]}},"_links":{"self":[{"href":"https:\/\/departamentos.unileon.es\/derecho-publico\/wp-json\/wp\/v2\/pages\/209","targetHints":{"allow":["GET"]}}],"collection":[{"href":"https:\/\/departamentos.unileon.es\/derecho-publico\/wp-json\/wp\/v2\/pages"}],"about":[{"href":"https:\/\/departamentos.unileon.es\/derecho-publico\/wp-json\/wp\/v2\/types\/page"}],"author":[{"embeddable":true,"href":"https:\/\/departamentos.unileon.es\/derecho-publico\/wp-json\/wp\/v2\/users\/243"}],"replies":[{"embeddable":true,"href":"https:\/\/departamentos.unileon.es\/derecho-publico\/wp-json\/wp\/v2\/comments?post=209"}],"version-history":[{"count":2,"href":"https:\/\/departamentos.unileon.es\/derecho-publico\/wp-json\/wp\/v2\/pages\/209\/revisions"}],"predecessor-version":[{"id":217,"href":"https:\/\/departamentos.unileon.es\/derecho-publico\/wp-json\/wp\/v2\/pages\/209\/revisions\/217"}],"wp:attachment":[{"href":"https:\/\/departamentos.unileon.es\/derecho-publico\/wp-json\/wp\/v2\/media?parent=209"}],"curies":[{"name":"wp","href":"https:\/\/api.w.org\/{rel}","templated":true}]}}