{"id":2,"date":"2010-07-02T07:47:22","date_gmt":"2010-07-02T07:47:22","guid":{"rendered":"http:\/\/departamentos.unileon.es\/derecho-publico\/?page_id=2"},"modified":"2020-10-15T16:53:30","modified_gmt":"2020-10-15T16:53:30","slug":"organos-directivos","status":"publish","type":"page","link":"https:\/\/departamentos.unileon.es\/derecho-publico\/organos-directivos\/","title":{"rendered":"\u00d3rganos Directivos"},"content":{"rendered":"<table class=\"extendida\">\n<tbody>\n<tr>\n<th width=\"124\" valign=\"top\"><strong>Directora:<\/strong><\/th>\n<td width=\"198\" valign=\"top\">D\u00f1a. Mar\u00eda Teresa Mata Sierra<\/td>\n<td width=\"142\" valign=\"top\">Tfno.: 13 84<\/td>\n<\/tr>\n<tr>\n<th width=\"124\" valign=\"top\"><strong>Subdirectora:<\/strong><\/th>\n<td width=\"198\" valign=\"top\">D\u00f1a. Piedad Gonz\u00e1lez Granda<\/td>\n<td width=\"142\" valign=\"top\">Tfno.: 13 82<\/td>\n<\/tr>\n<tr>\n<th width=\"124\" valign=\"top\"><strong>Secretaria:<\/strong><\/th>\n<td width=\"198\" valign=\"top\">D\u00f1a. Nerea Yugueros Prieto<\/td>\n<td width=\"142\" valign=\"top\">Tfno.: &#8212;-<\/td>\n<\/tr>\n<\/tbody>\n<\/table>\n<p><span style=\"color: #ff9900;\"><strong>&nbsp;<\/strong><\/span><\/p>\n\n","protected":false},"excerpt":{"rendered":"<p>Directora: D\u00f1a. Mar\u00eda Teresa Mata Sierra Tfno.: 13 84 Subdirectora: D\u00f1a. Piedad Gonz\u00e1lez Granda Tfno.: 13 82 Secretaria: D\u00f1a. Nerea Yugueros Prieto Tfno.: &#8212;- &nbsp;<\/p>\n","protected":false},"author":11,"featured_media":0,"parent":0,"menu_order":0,"comment_status":"closed","ping_status":"open","template":"","meta":{"ngg_post_thumbnail":0,"footnotes":""},"class_list":["post-2","page","type-page","status-publish","hentry"],"yoast_head":"<!-- This site is optimized with the Yoast SEO plugin v25.8 - https:\/\/yoast.com\/wordpress\/plugins\/seo\/ -->\n<title>\u00d3rganos Directivos - Departamento de Derecho P\u00fablico<\/title>\n<meta name=\"robots\" content=\"index, follow, max-snippet:-1, max-image-preview:large, max-video-preview:-1\" \/>\n<link rel=\"canonical\" href=\"https:\/\/departamentos.unileon.es\/derecho-publico\/organos-directivos\/\" \/>\n<meta property=\"og:locale\" content=\"es_ES\" \/>\n<meta property=\"og:type\" content=\"article\" \/>\n<meta property=\"og:title\" content=\"\u00d3rganos Directivos - Departamento de Derecho P\u00fablico\" \/>\n<meta property=\"og:description\" content=\"Directora: D\u00f1a. Mar\u00eda Teresa Mata Sierra Tfno.: 13 84 Subdirectora: D\u00f1a. Piedad Gonz\u00e1lez Granda Tfno.: 13 82 Secretaria: D\u00f1a. Nerea Yugueros Prieto Tfno.: &#8212;- &nbsp;\" \/>\n<meta property=\"og:url\" content=\"https:\/\/departamentos.unileon.es\/derecho-publico\/organos-directivos\/\" \/>\n<meta property=\"og:site_name\" content=\"Departamento de Derecho P\u00fablico\" \/>\n<meta property=\"article:modified_time\" content=\"2020-10-15T16:53:30+00:00\" \/>\n<meta name=\"twitter:card\" content=\"summary_large_image\" \/>\n<script type=\"application\/ld+json\" class=\"yoast-schema-graph\">{\"@context\":\"https:\/\/schema.org\",\"@graph\":[{\"@type\":\"WebPage\",\"@id\":\"https:\/\/departamentos.unileon.es\/derecho-publico\/organos-directivos\/\",\"url\":\"https:\/\/departamentos.unileon.es\/derecho-publico\/organos-directivos\/\",\"name\":\"\u00d3rganos Directivos - Departamento de Derecho P\u00fablico\",\"isPartOf\":{\"@id\":\"https:\/\/departamentos.unileon.es\/derecho-publico\/#website\"},\"datePublished\":\"2010-07-02T07:47:22+00:00\",\"dateModified\":\"2020-10-15T16:53:30+00:00\",\"inLanguage\":\"es\",\"potentialAction\":[{\"@type\":\"ReadAction\",\"target\":[\"https:\/\/departamentos.unileon.es\/derecho-publico\/organos-directivos\/\"]}]},{\"@type\":\"WebSite\",\"@id\":\"https:\/\/departamentos.unileon.es\/derecho-publico\/#website\",\"url\":\"https:\/\/departamentos.unileon.es\/derecho-publico\/\",\"name\":\"Departamento de Derecho P\u00fablico\",\"description\":\"Otro sitio m\u00e1s de Universidad de Le\u00f3n\",\"potentialAction\":[{\"@type\":\"SearchAction\",\"target\":{\"@type\":\"EntryPoint\",\"urlTemplate\":\"https:\/\/departamentos.unileon.es\/derecho-publico\/?s={search_term_string}\"},\"query-input\":{\"@type\":\"PropertyValueSpecification\",\"valueRequired\":true,\"valueName\":\"search_term_string\"}}],\"inLanguage\":\"es\"}]}<\/script>\n<!-- \/ Yoast SEO plugin. -->","yoast_head_json":{"title":"\u00d3rganos Directivos - Departamento de Derecho P\u00fablico","robots":{"index":"index","follow":"follow","max-snippet":"max-snippet:-1","max-image-preview":"max-image-preview:large","max-video-preview":"max-video-preview:-1"},"canonical":"https:\/\/departamentos.unileon.es\/derecho-publico\/organos-directivos\/","og_locale":"es_ES","og_type":"article","og_title":"\u00d3rganos Directivos - Departamento de Derecho P\u00fablico","og_description":"Directora: D\u00f1a. Mar\u00eda Teresa Mata Sierra Tfno.: 13 84 Subdirectora: D\u00f1a. Piedad Gonz\u00e1lez Granda Tfno.: 13 82 Secretaria: D\u00f1a. Nerea Yugueros Prieto Tfno.: &#8212;- &nbsp;","og_url":"https:\/\/departamentos.unileon.es\/derecho-publico\/organos-directivos\/","og_site_name":"Departamento de Derecho P\u00fablico","article_modified_time":"2020-10-15T16:53:30+00:00","twitter_card":"summary_large_image","schema":{"@context":"https:\/\/schema.org","@graph":[{"@type":"WebPage","@id":"https:\/\/departamentos.unileon.es\/derecho-publico\/organos-directivos\/","url":"https:\/\/departamentos.unileon.es\/derecho-publico\/organos-directivos\/","name":"\u00d3rganos Directivos - Departamento de Derecho P\u00fablico","isPartOf":{"@id":"https:\/\/departamentos.unileon.es\/derecho-publico\/#website"},"datePublished":"2010-07-02T07:47:22+00:00","dateModified":"2020-10-15T16:53:30+00:00","inLanguage":"es","potentialAction":[{"@type":"ReadAction","target":["https:\/\/departamentos.unileon.es\/derecho-publico\/organos-directivos\/"]}]},{"@type":"WebSite","@id":"https:\/\/departamentos.unileon.es\/derecho-publico\/#website","url":"https:\/\/departamentos.unileon.es\/derecho-publico\/","name":"Departamento de Derecho P\u00fablico","description":"Otro sitio m\u00e1s de Universidad de Le\u00f3n","potentialAction":[{"@type":"SearchAction","target":{"@type":"EntryPoint","urlTemplate":"https:\/\/departamentos.unileon.es\/derecho-publico\/?s={search_term_string}"},"query-input":{"@type":"PropertyValueSpecification","valueRequired":true,"valueName":"search_term_string"}}],"inLanguage":"es"}]}},"_links":{"self":[{"href":"https:\/\/departamentos.unileon.es\/derecho-publico\/wp-json\/wp\/v2\/pages\/2","targetHints":{"allow":["GET"]}}],"collection":[{"href":"https:\/\/departamentos.unileon.es\/derecho-publico\/wp-json\/wp\/v2\/pages"}],"about":[{"href":"https:\/\/departamentos.unileon.es\/derecho-publico\/wp-json\/wp\/v2\/types\/page"}],"author":[{"embeddable":true,"href":"https:\/\/departamentos.unileon.es\/derecho-publico\/wp-json\/wp\/v2\/users\/11"}],"replies":[{"embeddable":true,"href":"https:\/\/departamentos.unileon.es\/derecho-publico\/wp-json\/wp\/v2\/comments?post=2"}],"version-history":[{"count":21,"href":"https:\/\/departamentos.unileon.es\/derecho-publico\/wp-json\/wp\/v2\/pages\/2\/revisions"}],"predecessor-version":[{"id":167,"href":"https:\/\/departamentos.unileon.es\/derecho-publico\/wp-json\/wp\/v2\/pages\/2\/revisions\/167"}],"wp:attachment":[{"href":"https:\/\/departamentos.unileon.es\/derecho-publico\/wp-json\/wp\/v2\/media?parent=2"}],"curies":[{"name":"wp","href":"https:\/\/api.w.org\/{rel}","templated":true}]}}