{"id":183,"date":"2023-11-23T09:22:30","date_gmt":"2023-11-23T09:22:30","guid":{"rendered":"https:\/\/departamentos.unileon.es\/derecho-publico\/?page_id=183"},"modified":"2023-11-23T09:22:31","modified_gmt":"2023-11-23T09:22:31","slug":"grupos-de-innovacion-docente","status":"publish","type":"page","link":"https:\/\/departamentos.unileon.es\/derecho-publico\/grupos-de-innovacion-docente\/","title":{"rendered":"Grupos de Innovaci\u00f3n Docente"},"content":{"rendered":"\n<p><b>GRUPO DE INNOVACI\u00d3N DOCENTE DERECHO PENAL DE LA ULE (DP-ULE).<\/b><\/p>\n\n\n\n<hr class=\"wp-block-separator has-text-color has-black-color has-alpha-channel-opacity has-black-background-color has-background is-style-default\"\/>\n\n\n\n<p><b>GRUPO DE INNOVACI\u00d3N DOCENTE \u201cAULA JUDICIAL DE LA ULE\u201d (GIDAJ ULE).<\/b><\/p>\n\n\n\n<hr class=\"wp-block-separator has-text-color has-black-color has-alpha-channel-opacity has-black-background-color has-background is-style-default\"\/>\n\n\n\n<p><b>GRUPO DE INNOVACI\u00d3N DOCENTE DE LA ULE \u201cPROYECTO SOCIAL DEL DERECHO FINANCIERO Y TRIBUTARIO\u201d (ProSDeF).<\/b><\/p>\n","protected":false},"excerpt":{"rendered":"<p>GRUPO DE INNOVACI\u00d3N DOCENTE DERECHO PENAL DE LA ULE (DP-ULE). GRUPO DE INNOVACI\u00d3N DOCENTE \u201cAULA JUDICIAL DE LA ULE\u201d (GIDAJ ULE). GRUPO DE INNOVACI\u00d3N DOCENTE DE LA ULE \u201cPROYECTO SOCIAL DEL DERECHO FINANCIERO Y TRIBUTARIO\u201d (ProSDeF).<\/p>\n","protected":false},"author":243,"featured_media":0,"parent":0,"menu_order":0,"comment_status":"closed","ping_status":"closed","template":"","meta":{"ngg_post_thumbnail":0,"footnotes":""},"class_list":["post-183","page","type-page","status-publish","hentry"],"yoast_head":"<!-- This site is optimized with the Yoast SEO plugin v25.8 - https:\/\/yoast.com\/wordpress\/plugins\/seo\/ -->\n<title>Grupos de Innovaci\u00f3n Docente - Departamento de Derecho P\u00fablico<\/title>\n<meta name=\"robots\" content=\"index, follow, max-snippet:-1, max-image-preview:large, max-video-preview:-1\" \/>\n<link rel=\"canonical\" href=\"https:\/\/departamentos.unileon.es\/derecho-publico\/grupos-de-innovacion-docente\/\" \/>\n<meta property=\"og:locale\" content=\"es_ES\" \/>\n<meta property=\"og:type\" content=\"article\" \/>\n<meta property=\"og:title\" content=\"Grupos de Innovaci\u00f3n Docente - Departamento de Derecho P\u00fablico\" \/>\n<meta property=\"og:description\" content=\"GRUPO DE INNOVACI\u00d3N DOCENTE DERECHO PENAL DE LA ULE (DP-ULE). GRUPO DE INNOVACI\u00d3N DOCENTE \u201cAULA JUDICIAL DE LA ULE\u201d (GIDAJ ULE). GRUPO DE INNOVACI\u00d3N DOCENTE DE LA ULE \u201cPROYECTO SOCIAL DEL DERECHO FINANCIERO Y TRIBUTARIO\u201d (ProSDeF).\" \/>\n<meta property=\"og:url\" content=\"https:\/\/departamentos.unileon.es\/derecho-publico\/grupos-de-innovacion-docente\/\" \/>\n<meta property=\"og:site_name\" content=\"Departamento de Derecho P\u00fablico\" \/>\n<meta property=\"article:modified_time\" content=\"2023-11-23T09:22:31+00:00\" \/>\n<meta name=\"twitter:card\" content=\"summary_large_image\" \/>\n<meta name=\"twitter:label1\" content=\"Tiempo de lectura\" \/>\n\t<meta name=\"twitter:data1\" content=\"1 minuto\" \/>\n<script type=\"application\/ld+json\" class=\"yoast-schema-graph\">{\"@context\":\"https:\/\/schema.org\",\"@graph\":[{\"@type\":\"WebPage\",\"@id\":\"https:\/\/departamentos.unileon.es\/derecho-publico\/grupos-de-innovacion-docente\/\",\"url\":\"https:\/\/departamentos.unileon.es\/derecho-publico\/grupos-de-innovacion-docente\/\",\"name\":\"Grupos de Innovaci\u00f3n Docente - Departamento de Derecho P\u00fablico\",\"isPartOf\":{\"@id\":\"https:\/\/departamentos.unileon.es\/derecho-publico\/#website\"},\"datePublished\":\"2023-11-23T09:22:30+00:00\",\"dateModified\":\"2023-11-23T09:22:31+00:00\",\"inLanguage\":\"es\",\"potentialAction\":[{\"@type\":\"ReadAction\",\"target\":[\"https:\/\/departamentos.unileon.es\/derecho-publico\/grupos-de-innovacion-docente\/\"]}]},{\"@type\":\"WebSite\",\"@id\":\"https:\/\/departamentos.unileon.es\/derecho-publico\/#website\",\"url\":\"https:\/\/departamentos.unileon.es\/derecho-publico\/\",\"name\":\"Departamento de Derecho P\u00fablico\",\"description\":\"Otro sitio m\u00e1s de Universidad de Le\u00f3n\",\"potentialAction\":[{\"@type\":\"SearchAction\",\"target\":{\"@type\":\"EntryPoint\",\"urlTemplate\":\"https:\/\/departamentos.unileon.es\/derecho-publico\/?s={search_term_string}\"},\"query-input\":{\"@type\":\"PropertyValueSpecification\",\"valueRequired\":true,\"valueName\":\"search_term_string\"}}],\"inLanguage\":\"es\"}]}<\/script>\n<!-- \/ Yoast SEO plugin. -->","yoast_head_json":{"title":"Grupos de Innovaci\u00f3n Docente - Departamento de Derecho P\u00fablico","robots":{"index":"index","follow":"follow","max-snippet":"max-snippet:-1","max-image-preview":"max-image-preview:large","max-video-preview":"max-video-preview:-1"},"canonical":"https:\/\/departamentos.unileon.es\/derecho-publico\/grupos-de-innovacion-docente\/","og_locale":"es_ES","og_type":"article","og_title":"Grupos de Innovaci\u00f3n Docente - Departamento de Derecho P\u00fablico","og_description":"GRUPO DE INNOVACI\u00d3N DOCENTE DERECHO PENAL DE LA ULE (DP-ULE). GRUPO DE INNOVACI\u00d3N DOCENTE \u201cAULA JUDICIAL DE LA ULE\u201d (GIDAJ ULE). GRUPO DE INNOVACI\u00d3N DOCENTE DE LA ULE \u201cPROYECTO SOCIAL DEL DERECHO FINANCIERO Y TRIBUTARIO\u201d (ProSDeF).","og_url":"https:\/\/departamentos.unileon.es\/derecho-publico\/grupos-de-innovacion-docente\/","og_site_name":"Departamento de Derecho P\u00fablico","article_modified_time":"2023-11-23T09:22:31+00:00","twitter_card":"summary_large_image","twitter_misc":{"Tiempo de lectura":"1 minuto"},"schema":{"@context":"https:\/\/schema.org","@graph":[{"@type":"WebPage","@id":"https:\/\/departamentos.unileon.es\/derecho-publico\/grupos-de-innovacion-docente\/","url":"https:\/\/departamentos.unileon.es\/derecho-publico\/grupos-de-innovacion-docente\/","name":"Grupos de Innovaci\u00f3n Docente - Departamento de Derecho P\u00fablico","isPartOf":{"@id":"https:\/\/departamentos.unileon.es\/derecho-publico\/#website"},"datePublished":"2023-11-23T09:22:30+00:00","dateModified":"2023-11-23T09:22:31+00:00","inLanguage":"es","potentialAction":[{"@type":"ReadAction","target":["https:\/\/departamentos.unileon.es\/derecho-publico\/grupos-de-innovacion-docente\/"]}]},{"@type":"WebSite","@id":"https:\/\/departamentos.unileon.es\/derecho-publico\/#website","url":"https:\/\/departamentos.unileon.es\/derecho-publico\/","name":"Departamento de Derecho P\u00fablico","description":"Otro sitio m\u00e1s de Universidad de Le\u00f3n","potentialAction":[{"@type":"SearchAction","target":{"@type":"EntryPoint","urlTemplate":"https:\/\/departamentos.unileon.es\/derecho-publico\/?s={search_term_string}"},"query-input":{"@type":"PropertyValueSpecification","valueRequired":true,"valueName":"search_term_string"}}],"inLanguage":"es"}]}},"_links":{"self":[{"href":"https:\/\/departamentos.unileon.es\/derecho-publico\/wp-json\/wp\/v2\/pages\/183","targetHints":{"allow":["GET"]}}],"collection":[{"href":"https:\/\/departamentos.unileon.es\/derecho-publico\/wp-json\/wp\/v2\/pages"}],"about":[{"href":"https:\/\/departamentos.unileon.es\/derecho-publico\/wp-json\/wp\/v2\/types\/page"}],"author":[{"embeddable":true,"href":"https:\/\/departamentos.unileon.es\/derecho-publico\/wp-json\/wp\/v2\/users\/243"}],"replies":[{"embeddable":true,"href":"https:\/\/departamentos.unileon.es\/derecho-publico\/wp-json\/wp\/v2\/comments?post=183"}],"version-history":[{"count":6,"href":"https:\/\/departamentos.unileon.es\/derecho-publico\/wp-json\/wp\/v2\/pages\/183\/revisions"}],"predecessor-version":[{"id":216,"href":"https:\/\/departamentos.unileon.es\/derecho-publico\/wp-json\/wp\/v2\/pages\/183\/revisions\/216"}],"wp:attachment":[{"href":"https:\/\/departamentos.unileon.es\/derecho-publico\/wp-json\/wp\/v2\/media?parent=183"}],"curies":[{"name":"wp","href":"https:\/\/api.w.org\/{rel}","templated":true}]}}