{"id":10,"date":"2010-08-17T07:51:48","date_gmt":"2010-08-17T07:51:48","guid":{"rendered":"http:\/\/departamentos.unileon.es\/derecho-publico\/"},"modified":"2011-04-06T12:07:20","modified_gmt":"2011-04-06T12:07:20","slug":"areas","status":"publish","type":"page","link":"https:\/\/departamentos.unileon.es\/derecho-publico\/areas\/","title":{"rendered":"\u00c1reas"},"content":{"rendered":"<ul>\r\n\t<li>Derecho Administrativo<\/li>\r\n\t<li>Derecho Constitucional<\/li>\r\n\t<li>Derecho Eclesi\u00e1stico de Estado <span><\/span><span><span><a href=\"http:\/\/www3.unileon.es\/dp\/ade\/\">http:\/\/www3.unileon.es\/dp\/ade\/<\/a><\/span><\/span><span><span>\r\n<\/span><\/span><\/li>\r\n\t<li>Derecho Financiero y Tributario<\/li>\r\n\t<li>Derecho Internacional P\u00fablico y Relaciones Internacionales<\/li>\r\n\t<li>Derecho Penal<\/li>\r\n\t<li>Derecho Procesal <a href=\"http:\/\/aulajudicial.blogspot.com\/\">http:\/\/aulajudicial.blogspot.com\/<\/a><\/li>\r\n\t<li>Filosof\u00eda del Derecho<\/li>\r\n<\/ul>","protected":false},"excerpt":{"rendered":"<p>Derecho Administrativo Derecho Constitucional Derecho Eclesi\u00e1stico de Estado http:\/\/www3.unileon.es\/dp\/ade\/ Derecho Financiero y Tributario Derecho Internacional P\u00fablico y Relaciones Internacionales Derecho Penal Derecho Procesal http:\/\/aulajudicial.blogspot.com\/ Filosof\u00eda del Derecho<\/p>\n","protected":false},"author":11,"featured_media":0,"parent":0,"menu_order":3,"comment_status":"closed","ping_status":"open","template":"","meta":{"ngg_post_thumbnail":0,"footnotes":""},"class_list":["post-10","page","type-page","status-publish","hentry"],"yoast_head":"<!-- This site is optimized with the Yoast SEO plugin v25.8 - https:\/\/yoast.com\/wordpress\/plugins\/seo\/ -->\n<title>\u00c1reas - Departamento de Derecho P\u00fablico<\/title>\n<meta name=\"robots\" content=\"index, follow, max-snippet:-1, max-image-preview:large, max-video-preview:-1\" \/>\n<link rel=\"canonical\" href=\"https:\/\/departamentos.unileon.es\/derecho-publico\/areas\/\" \/>\n<meta property=\"og:locale\" content=\"es_ES\" \/>\n<meta property=\"og:type\" content=\"article\" \/>\n<meta property=\"og:title\" content=\"\u00c1reas - Departamento de Derecho P\u00fablico\" \/>\n<meta property=\"og:description\" content=\"Derecho Administrativo Derecho Constitucional Derecho Eclesi\u00e1stico de Estado http:\/\/www3.unileon.es\/dp\/ade\/ Derecho Financiero y Tributario Derecho Internacional P\u00fablico y Relaciones Internacionales Derecho Penal Derecho Procesal http:\/\/aulajudicial.blogspot.com\/ Filosof\u00eda del Derecho\" \/>\n<meta property=\"og:url\" content=\"https:\/\/departamentos.unileon.es\/derecho-publico\/areas\/\" \/>\n<meta property=\"og:site_name\" content=\"Departamento de Derecho P\u00fablico\" \/>\n<meta property=\"article:modified_time\" content=\"2011-04-06T12:07:20+00:00\" \/>\n<meta name=\"twitter:card\" content=\"summary_large_image\" \/>\n<script type=\"application\/ld+json\" class=\"yoast-schema-graph\">{\"@context\":\"https:\/\/schema.org\",\"@graph\":[{\"@type\":\"WebPage\",\"@id\":\"https:\/\/departamentos.unileon.es\/derecho-publico\/areas\/\",\"url\":\"https:\/\/departamentos.unileon.es\/derecho-publico\/areas\/\",\"name\":\"\u00c1reas - Departamento de Derecho P\u00fablico\",\"isPartOf\":{\"@id\":\"https:\/\/departamentos.unileon.es\/derecho-publico\/#website\"},\"datePublished\":\"2010-08-17T07:51:48+00:00\",\"dateModified\":\"2011-04-06T12:07:20+00:00\",\"inLanguage\":\"es\",\"potentialAction\":[{\"@type\":\"ReadAction\",\"target\":[\"https:\/\/departamentos.unileon.es\/derecho-publico\/areas\/\"]}]},{\"@type\":\"WebSite\",\"@id\":\"https:\/\/departamentos.unileon.es\/derecho-publico\/#website\",\"url\":\"https:\/\/departamentos.unileon.es\/derecho-publico\/\",\"name\":\"Departamento de Derecho P\u00fablico\",\"description\":\"Otro sitio m\u00e1s de Universidad de Le\u00f3n\",\"potentialAction\":[{\"@type\":\"SearchAction\",\"target\":{\"@type\":\"EntryPoint\",\"urlTemplate\":\"https:\/\/departamentos.unileon.es\/derecho-publico\/?s={search_term_string}\"},\"query-input\":{\"@type\":\"PropertyValueSpecification\",\"valueRequired\":true,\"valueName\":\"search_term_string\"}}],\"inLanguage\":\"es\"}]}<\/script>\n<!-- \/ Yoast SEO plugin. -->","yoast_head_json":{"title":"\u00c1reas - Departamento de Derecho P\u00fablico","robots":{"index":"index","follow":"follow","max-snippet":"max-snippet:-1","max-image-preview":"max-image-preview:large","max-video-preview":"max-video-preview:-1"},"canonical":"https:\/\/departamentos.unileon.es\/derecho-publico\/areas\/","og_locale":"es_ES","og_type":"article","og_title":"\u00c1reas - Departamento de Derecho P\u00fablico","og_description":"Derecho Administrativo Derecho Constitucional Derecho Eclesi\u00e1stico de Estado http:\/\/www3.unileon.es\/dp\/ade\/ Derecho Financiero y Tributario Derecho Internacional P\u00fablico y Relaciones Internacionales Derecho Penal Derecho Procesal http:\/\/aulajudicial.blogspot.com\/ Filosof\u00eda del Derecho","og_url":"https:\/\/departamentos.unileon.es\/derecho-publico\/areas\/","og_site_name":"Departamento de Derecho P\u00fablico","article_modified_time":"2011-04-06T12:07:20+00:00","twitter_card":"summary_large_image","schema":{"@context":"https:\/\/schema.org","@graph":[{"@type":"WebPage","@id":"https:\/\/departamentos.unileon.es\/derecho-publico\/areas\/","url":"https:\/\/departamentos.unileon.es\/derecho-publico\/areas\/","name":"\u00c1reas - Departamento de Derecho P\u00fablico","isPartOf":{"@id":"https:\/\/departamentos.unileon.es\/derecho-publico\/#website"},"datePublished":"2010-08-17T07:51:48+00:00","dateModified":"2011-04-06T12:07:20+00:00","inLanguage":"es","potentialAction":[{"@type":"ReadAction","target":["https:\/\/departamentos.unileon.es\/derecho-publico\/areas\/"]}]},{"@type":"WebSite","@id":"https:\/\/departamentos.unileon.es\/derecho-publico\/#website","url":"https:\/\/departamentos.unileon.es\/derecho-publico\/","name":"Departamento de Derecho P\u00fablico","description":"Otro sitio m\u00e1s de Universidad de Le\u00f3n","potentialAction":[{"@type":"SearchAction","target":{"@type":"EntryPoint","urlTemplate":"https:\/\/departamentos.unileon.es\/derecho-publico\/?s={search_term_string}"},"query-input":{"@type":"PropertyValueSpecification","valueRequired":true,"valueName":"search_term_string"}}],"inLanguage":"es"}]}},"_links":{"self":[{"href":"https:\/\/departamentos.unileon.es\/derecho-publico\/wp-json\/wp\/v2\/pages\/10","targetHints":{"allow":["GET"]}}],"collection":[{"href":"https:\/\/departamentos.unileon.es\/derecho-publico\/wp-json\/wp\/v2\/pages"}],"about":[{"href":"https:\/\/departamentos.unileon.es\/derecho-publico\/wp-json\/wp\/v2\/types\/page"}],"author":[{"embeddable":true,"href":"https:\/\/departamentos.unileon.es\/derecho-publico\/wp-json\/wp\/v2\/users\/11"}],"replies":[{"embeddable":true,"href":"https:\/\/departamentos.unileon.es\/derecho-publico\/wp-json\/wp\/v2\/comments?post=10"}],"version-history":[{"count":8,"href":"https:\/\/departamentos.unileon.es\/derecho-publico\/wp-json\/wp\/v2\/pages\/10\/revisions"}],"predecessor-version":[{"id":173,"href":"https:\/\/departamentos.unileon.es\/derecho-publico\/wp-json\/wp\/v2\/pages\/10\/revisions\/173"}],"wp:attachment":[{"href":"https:\/\/departamentos.unileon.es\/derecho-publico\/wp-json\/wp\/v2\/media?parent=10"}],"curies":[{"name":"wp","href":"https:\/\/api.w.org\/{rel}","templated":true}]}}