{"id":2,"date":"2010-07-02T07:46:48","date_gmt":"2010-07-02T07:46:48","guid":{"rendered":"http:\/\/departamentos.unileon.es\/derecho-privado-y-de-la-empresa\/?page_id=2"},"modified":"2025-01-29T08:16:10","modified_gmt":"2025-01-29T08:16:10","slug":"organos-directivos","status":"publish","type":"page","link":"https:\/\/departamentos.unileon.es\/derecho-privado-y-de-la-empresa\/organos-directivos\/","title":{"rendered":"\u00d3rganos Directivos"},"content":{"rendered":"<table style=\"width: 100%;\">\n<tbody>\n<tr>\n<th class=\"alignleft\" style=\"height: 23px;\">Director de Departamento<\/th>\n<td style=\"height: 23px;\"><strong><a href=\"mailto:ddpedir@unileon.es\">Roberto Fern\u00e1ndez Fern\u00e1ndez<\/a><\/strong><\/td>\n<td style=\"height: 23px;\">Tel\u00e9fono: 1398<\/td>\n<\/tr>\n<tr>\n<th class=\"alignleft\" style=\"height: 23px;\">Subdirectora de Departamento<\/th>\n<td style=\"height: 23px;\"><strong><a href=\"mailto:aalvr@unileon.es\">Aurelia \u00c1lvarez Rodr\u00edguez<\/a><\/strong><\/td>\n<td style=\"height: 23px;\">Tel\u00e9fono: 1401<\/td>\n<\/tr>\n<tr>\n<th class=\"alignleft\" style=\"height: 23px;\">Secretaria de Departamento<\/th>\n<td style=\"height: 23px;\"><strong><a href=\"mailto:nordp@unileon.es\">Natalia Ordo\u00f1ez Pascua<\/a><\/strong><\/td>\n<td style=\"height: 23px;\">Tel\u00e9fono: 3591<\/td>\n<\/tr>\n<\/tbody>\n<\/table>","protected":false},"excerpt":{"rendered":"<p>Director de Departamento Roberto Fern\u00e1ndez Fern\u00e1ndez Tel\u00e9fono: 1398 Subdirectora de Departamento Aurelia \u00c1lvarez Rodr\u00edguez Tel\u00e9fono: 1401 Secretaria de Departamento Natalia Ordo\u00f1ez Pascua Tel\u00e9fono: 3591<\/p>\n","protected":false},"author":9,"featured_media":0,"parent":0,"menu_order":0,"comment_status":"closed","ping_status":"open","template":"","meta":{"ngg_post_thumbnail":0,"footnotes":""},"class_list":["post-2","page","type-page","status-publish","hentry"],"yoast_head":"<!-- This site is optimized with the Yoast SEO plugin v25.8 - https:\/\/yoast.com\/wordpress\/plugins\/seo\/ -->\n<title>\u00d3rganos Directivos - Departamento de Derecho Privado y de la Empresa<\/title>\n<meta name=\"robots\" content=\"index, follow, max-snippet:-1, max-image-preview:large, max-video-preview:-1\" \/>\n<link rel=\"canonical\" href=\"https:\/\/departamentos.unileon.es\/derecho-privado-y-de-la-empresa\/organos-directivos\/\" \/>\n<meta property=\"og:locale\" content=\"es_ES\" \/>\n<meta property=\"og:type\" content=\"article\" \/>\n<meta property=\"og:title\" content=\"\u00d3rganos Directivos - Departamento de Derecho Privado y de la Empresa\" \/>\n<meta property=\"og:description\" content=\"Director de Departamento Roberto Fern\u00e1ndez Fern\u00e1ndez Tel\u00e9fono: 1398 Subdirectora de Departamento Aurelia \u00c1lvarez Rodr\u00edguez Tel\u00e9fono: 1401 Secretaria de Departamento Natalia Ordo\u00f1ez Pascua Tel\u00e9fono: 3591\" \/>\n<meta property=\"og:url\" content=\"https:\/\/departamentos.unileon.es\/derecho-privado-y-de-la-empresa\/organos-directivos\/\" \/>\n<meta property=\"og:site_name\" content=\"Departamento de Derecho Privado y de la Empresa\" \/>\n<meta property=\"article:modified_time\" content=\"2025-01-29T08:16:10+00:00\" \/>\n<meta name=\"twitter:card\" content=\"summary_large_image\" \/>\n<meta name=\"twitter:label1\" content=\"Tiempo de lectura\" \/>\n\t<meta name=\"twitter:data1\" content=\"1 minuto\" \/>\n<script type=\"application\/ld+json\" class=\"yoast-schema-graph\">{\"@context\":\"https:\/\/schema.org\",\"@graph\":[{\"@type\":\"WebPage\",\"@id\":\"https:\/\/departamentos.unileon.es\/derecho-privado-y-de-la-empresa\/organos-directivos\/\",\"url\":\"https:\/\/departamentos.unileon.es\/derecho-privado-y-de-la-empresa\/organos-directivos\/\",\"name\":\"\u00d3rganos Directivos - Departamento de Derecho Privado y de la Empresa\",\"isPartOf\":{\"@id\":\"https:\/\/departamentos.unileon.es\/derecho-privado-y-de-la-empresa\/#website\"},\"datePublished\":\"2010-07-02T07:46:48+00:00\",\"dateModified\":\"2025-01-29T08:16:10+00:00\",\"inLanguage\":\"es\",\"potentialAction\":[{\"@type\":\"ReadAction\",\"target\":[\"https:\/\/departamentos.unileon.es\/derecho-privado-y-de-la-empresa\/organos-directivos\/\"]}]},{\"@type\":\"WebSite\",\"@id\":\"https:\/\/departamentos.unileon.es\/derecho-privado-y-de-la-empresa\/#website\",\"url\":\"https:\/\/departamentos.unileon.es\/derecho-privado-y-de-la-empresa\/\",\"name\":\"Departamento de Derecho Privado y de la Empresa\",\"description\":\"Otro sitio m\u00e1s de Universidad de Le\u00f3n\",\"potentialAction\":[{\"@type\":\"SearchAction\",\"target\":{\"@type\":\"EntryPoint\",\"urlTemplate\":\"https:\/\/departamentos.unileon.es\/derecho-privado-y-de-la-empresa\/?s={search_term_string}\"},\"query-input\":{\"@type\":\"PropertyValueSpecification\",\"valueRequired\":true,\"valueName\":\"search_term_string\"}}],\"inLanguage\":\"es\"}]}<\/script>\n<!-- \/ Yoast SEO plugin. -->","yoast_head_json":{"title":"\u00d3rganos Directivos - Departamento de Derecho Privado y de la Empresa","robots":{"index":"index","follow":"follow","max-snippet":"max-snippet:-1","max-image-preview":"max-image-preview:large","max-video-preview":"max-video-preview:-1"},"canonical":"https:\/\/departamentos.unileon.es\/derecho-privado-y-de-la-empresa\/organos-directivos\/","og_locale":"es_ES","og_type":"article","og_title":"\u00d3rganos Directivos - Departamento de Derecho Privado y de la Empresa","og_description":"Director de Departamento Roberto Fern\u00e1ndez Fern\u00e1ndez Tel\u00e9fono: 1398 Subdirectora de Departamento Aurelia \u00c1lvarez Rodr\u00edguez Tel\u00e9fono: 1401 Secretaria de Departamento Natalia Ordo\u00f1ez Pascua Tel\u00e9fono: 3591","og_url":"https:\/\/departamentos.unileon.es\/derecho-privado-y-de-la-empresa\/organos-directivos\/","og_site_name":"Departamento de Derecho Privado y de la Empresa","article_modified_time":"2025-01-29T08:16:10+00:00","twitter_card":"summary_large_image","twitter_misc":{"Tiempo de lectura":"1 minuto"},"schema":{"@context":"https:\/\/schema.org","@graph":[{"@type":"WebPage","@id":"https:\/\/departamentos.unileon.es\/derecho-privado-y-de-la-empresa\/organos-directivos\/","url":"https:\/\/departamentos.unileon.es\/derecho-privado-y-de-la-empresa\/organos-directivos\/","name":"\u00d3rganos Directivos - Departamento de Derecho Privado y de la Empresa","isPartOf":{"@id":"https:\/\/departamentos.unileon.es\/derecho-privado-y-de-la-empresa\/#website"},"datePublished":"2010-07-02T07:46:48+00:00","dateModified":"2025-01-29T08:16:10+00:00","inLanguage":"es","potentialAction":[{"@type":"ReadAction","target":["https:\/\/departamentos.unileon.es\/derecho-privado-y-de-la-empresa\/organos-directivos\/"]}]},{"@type":"WebSite","@id":"https:\/\/departamentos.unileon.es\/derecho-privado-y-de-la-empresa\/#website","url":"https:\/\/departamentos.unileon.es\/derecho-privado-y-de-la-empresa\/","name":"Departamento de Derecho Privado y de la Empresa","description":"Otro sitio m\u00e1s de Universidad de Le\u00f3n","potentialAction":[{"@type":"SearchAction","target":{"@type":"EntryPoint","urlTemplate":"https:\/\/departamentos.unileon.es\/derecho-privado-y-de-la-empresa\/?s={search_term_string}"},"query-input":{"@type":"PropertyValueSpecification","valueRequired":true,"valueName":"search_term_string"}}],"inLanguage":"es"}]}},"_links":{"self":[{"href":"https:\/\/departamentos.unileon.es\/derecho-privado-y-de-la-empresa\/wp-json\/wp\/v2\/pages\/2","targetHints":{"allow":["GET"]}}],"collection":[{"href":"https:\/\/departamentos.unileon.es\/derecho-privado-y-de-la-empresa\/wp-json\/wp\/v2\/pages"}],"about":[{"href":"https:\/\/departamentos.unileon.es\/derecho-privado-y-de-la-empresa\/wp-json\/wp\/v2\/types\/page"}],"author":[{"embeddable":true,"href":"https:\/\/departamentos.unileon.es\/derecho-privado-y-de-la-empresa\/wp-json\/wp\/v2\/users\/9"}],"replies":[{"embeddable":true,"href":"https:\/\/departamentos.unileon.es\/derecho-privado-y-de-la-empresa\/wp-json\/wp\/v2\/comments?post=2"}],"version-history":[{"count":8,"href":"https:\/\/departamentos.unileon.es\/derecho-privado-y-de-la-empresa\/wp-json\/wp\/v2\/pages\/2\/revisions"}],"predecessor-version":[{"id":103,"href":"https:\/\/departamentos.unileon.es\/derecho-privado-y-de-la-empresa\/wp-json\/wp\/v2\/pages\/2\/revisions\/103"}],"wp:attachment":[{"href":"https:\/\/departamentos.unileon.es\/derecho-privado-y-de-la-empresa\/wp-json\/wp\/v2\/media?parent=2"}],"curies":[{"name":"wp","href":"https:\/\/api.w.org\/{rel}","templated":true}]}}