{"id":8,"date":"2010-08-17T07:44:45","date_gmt":"2010-08-17T07:44:45","guid":{"rendered":"http:\/\/departamentos.unileon.es\/ciencias-biomedicas\/"},"modified":"2019-07-03T08:38:02","modified_gmt":"2019-07-03T08:38:02","slug":"personal","status":"publish","type":"page","link":"https:\/\/departamentos.unileon.es\/ciencias-biomedicas\/personal\/","title":{"rendered":"Personal"},"content":{"rendered":"\t\t\t\t\r\n\t\t\t\t\r\n\t\t\t\t\r\n\t\t\t\t<h2>Personal docente e investigador<\/h2>     \r\n                 <h3> \u00c1rea - Farmacolog\u00eda <\/h3>\r\n\t\t\t\t\t<ul>\r\n                        \r\n                        \r\n                       <li> <a href=\"https:\/\/www.unileon.es\/directorio-y-telefonos?usuario=amsahp\">ANA MAR\u00cdA SAHAG\u00daN PRIETO<\/a> - Catedr\u00e1tico de Universidad - <a href =\"https:\/\/www.unileon.es\/ficheros\/perfildocente\/curriculum-amsahp.pdf\"> Perfil Docente<\/a> <\/li>\r\n                                        \r\n                        \r\n                       <li> <a href=\"https:\/\/www.unileon.es\/directorio-y-telefonos?usuario=mjdiel\">MAR\u00cdA JOS\u00c9 D\u00cdEZ LI\u00c9BANA<\/a> - Catedr\u00e1tico de Universidad - <a href =\"https:\/\/www.unileon.es\/ficheros\/perfildocente\/curriculum-mjdiel.pdf\"> Perfil Docente<\/a> <\/li>\r\n                                        \r\n                        \r\n                       <li> <a href=\"https:\/\/www.unileon.es\/directorio-y-telefonos?usuario=mnferm\">MAR\u00cdA N\u00c9LIDA FERN\u00c1NDEZ MART\u00cdNEZ<\/a> - Catedr\u00e1tico de Universidad - <a href =\"https:\/\/www.unileon.es\/ficheros\/perfildocente\/curriculum-mnferm.pdf\"> Perfil Docente<\/a> <\/li>\r\n                                        \r\n                        \r\n                       <li> <a href=\"https:\/\/www.unileon.es\/directorio-y-telefonos?usuario=rdielz\">RAQUEL D\u00cdEZ LAIZ<\/a> - Profesor Titular de Universidad - <a href =\"https:\/\/www.unileon.es\/ficheros\/perfildocente\/curriculum-rdielz.pdf\"> Perfil Docente<\/a> <\/li>\r\n                                        \r\n                        \r\n                       <li> <a href=\"https:\/\/www.unileon.es\/directorio-y-telefonos?usuario=bromg\">BEATRIZ ROMERO G\u00d3MEZ<\/a> - PROFESOR AYUDANTE DOCTOR - <a href =\"https:\/\/www.unileon.es\/ficheros\/perfildocente\/curriculum-bromg.pdf\"> Perfil Docente<\/a> <\/li>\r\n                                        \r\n                        \r\n                       <li> <a href=\"https:\/\/www.unileon.es\/directorio-y-telefonos?usuario=rpueg\">RA\u00daL DE LA PUENTE GARC\u00cdA<\/a> - PROFESOR AYUDANTE DOCTOR - <a href =\"https:\/\/www.unileon.es\/ficheros\/perfildocente\/curriculum-rpueg.pdf\"> Perfil Docente<\/a> <\/li>\r\n                                        \r\n                        \r\n                       <li> <a href=\"https:\/\/www.unileon.es\/directorio-y-telefonos?usuario=jmrodl\">JOS\u00c9 MANUEL RODR\u00cdGUEZ LAGO<\/a> - PROFESOR ASOCIADO - <a href =\"https:\/\/www.unileon.es\/ficheros\/perfildocente\/curriculum-jmrodl.pdf\"> Perfil Docente<\/a> <\/li>\r\n                                        \r\n                        \r\n                       <li> <a href=\"https:\/\/www.unileon.es\/directorio-y-telefonos?usuario=mamarl\">MARIA JESUSA MARTINEZ LOPEZ<\/a> - PROFESOR ASOCIADO - <a href =\"https:\/\/www.unileon.es\/ficheros\/perfildocente\/curriculum-mamarl.pdf\"> Perfil Docente<\/a> <\/li>\r\n                                        \r\n                        \r\n                       <li> <a href=\"https:\/\/www.unileon.es\/directorio-y-telefonos?usuario=asiet\">ANA SIERRA TORAL<\/a> - PROFESOR SUSTITUTO - <a href =\"https:\/\/www.unileon.es\/ficheros\/perfildocente\/curriculum-asiet.pdf\"> Perfil Docente<\/a> <\/li>\r\n                                        \r\n                        \r\n                       <li> <a href=\"https:\/\/www.unileon.es\/directorio-y-telefonos?usuario=clopcd\">CRISTINA L\u00d3PEZ CADENAS<\/a> - PROFESOR PERMANENTE LABORAL - <a href =\"https:\/\/www.unileon.es\/ficheros\/perfildocente\/curriculum-clopcd.pdf\"> Perfil Docente<\/a> <\/li>\r\n                                        \r\n                        \r\n                       <li> <a href=\"https:\/\/www.unileon.es\/directorio-y-telefonos?usuario=evaza\">EVA MILENA V\u00c1ZQUEZ ACERO<\/a> - PROFESOR SUSTITUTO - <a href =\"https:\/\/www.unileon.es\/ficheros\/perfildocente\/curriculum-evaza.pdf\"> Perfil Docente<\/a> <\/li>\r\n                                    <\/ul> <h3> \u00c1rea - Fisiolog\u00eda <\/h3>\r\n\t\t\t\t\t<ul>\r\n                        \r\n                        \r\n                       <li> <a href=\"https:\/\/www.unileon.es\/directorio-y-telefonos?usuario=gmerp\">GRACIA MERINO PEL\u00c1EZ<\/a> - Catedr\u00e1tico de Universidad - <a href =\"https:\/\/www.unileon.es\/ficheros\/perfildocente\/curriculum-gmerp.pdf\"> Perfil Docente<\/a> <\/li>\r\n                                        \r\n                        \r\n                       <li> <a href=\"https:\/\/www.unileon.es\/directorio-y-telefonos?usuario=jlmaug\">JOSE LUIS MAURIZ GUTI\u00c9RREZ<\/a> - Catedr\u00e1tico de Universidad - <a href =\"https:\/\/www.unileon.es\/ficheros\/perfildocente\/curriculum-jlmaug.pdf\"> Perfil Docente<\/a> <\/li>\r\n                                        \r\n                        \r\n                       <li> <a href=\"https:\/\/www.unileon.es\/directorio-y-telefonos?usuario=japazf\">JOS\u00c9 ANTONIO DE PAZ FERN\u00c1NDEZ<\/a> - Catedr\u00e1tico de Universidad - <a href =\"https:\/\/www.unileon.es\/ficheros\/perfildocente\/curriculum-japazf.pdf\"> Perfil Docente<\/a> <\/li>\r\n                                        \r\n                        \r\n                       <li> <a href=\"https:\/\/www.unileon.es\/directorio-y-telefonos?usuario=jebayd\">JOS\u00c9 ENRIQUE BAY\u00d3N DARKISTADE<\/a> - Catedr\u00e1tico de Escuela Universitaria - <a href =\"https:\/\/www.unileon.es\/ficheros\/perfildocente\/curriculum-jebayd.pdf\"> Perfil Docente<\/a> <\/li>\r\n                                        \r\n                        \r\n                       <li> <a href=\"https:\/\/www.unileon.es\/directorio-y-telefonos?usuario=mjcueg\">MAR\u00cdA JOSE CUEVAS GONZ\u00c1LEZ<\/a> - Profesor Titular de Universidad - <a href =\"https:\/\/www.unileon.es\/ficheros\/perfildocente\/curriculum-mjcueg.pdf\"> Perfil Docente<\/a> <\/li>\r\n                                        \r\n                        \r\n                       <li> <a href=\"https:\/\/www.unileon.es\/directorio-y-telefonos?usuario=malmg\">MAR\u00cdAMAR ALMAR GALIANA<\/a> - Profesor Titular de Universidad - <a href =\"https:\/\/www.unileon.es\/ficheros\/perfildocente\/curriculum-malmg.pdf\"> Perfil Docente<\/a> <\/li>\r\n                                        \r\n                        \r\n                       <li> <a href=\"https:\/\/www.unileon.es\/directorio-y-telefonos?usuario=ssanc\">SONIA S\u00c1NCHEZ CAMPOS<\/a> - Profesor Titular de Universidad - <a href =\"https:\/\/www.unileon.es\/ficheros\/perfildocente\/curriculum-ssanc.pdf\"> Perfil Docente<\/a> <\/li>\r\n                                        \r\n                        \r\n                       <li> <a href=\"https:\/\/www.unileon.es\/directorio-y-telefonos?usuario=bsanv\">BEATRIZ SAN MIGUEL DE VEGA<\/a> - PROFESOR CONTRATADO DOCTOR - <a href =\"https:\/\/www.unileon.es\/ficheros\/perfildocente\/curriculum-bsanv.pdf\"> Perfil Docente<\/a> <\/li>\r\n                                        \r\n                        \r\n                       <li> <a href=\"https:\/\/www.unileon.es\/directorio-y-telefonos?usuario=ialvor\">ILDEFONSO ALVEAR \u00d3RDENES<\/a> - PROFESOR CONTRATADO DOCTOR - <a href =\"https:\/\/www.unileon.es\/ficheros\/perfildocente\/curriculum-ialvor.pdf\"> Perfil Docente<\/a> <\/li>\r\n                                        \r\n                        \r\n                       <li> <a href=\"https:\/\/www.unileon.es\/directorio-y-telefonos?usuario=mvgarm\">MAR\u00cdA VICTORIA GARC\u00cdA MEDIAVILLA<\/a> - PROFESOR CONTRATADO DOCTOR - <a href =\"https:\/\/www.unileon.es\/ficheros\/perfildocente\/curriculum-mvgarm.pdf\"> Perfil Docente<\/a> <\/li>\r\n                                        \r\n                        \r\n                       <li> <a href=\"https:\/\/www.unileon.es\/directorio-y-telefonos?usuario=cmenb\">CAROLINA M\u00c9NDEZ BLANCO<\/a> - PROFESOR AYUDANTE DOCTOR - <a href =\"https:\/\/www.unileon.es\/ficheros\/perfildocente\/curriculum-cmenb.pdf\"> Perfil Docente<\/a> <\/li>\r\n                                        \r\n                        \r\n                       <li> <a href=\"https:\/\/www.unileon.es\/directorio-y-telefonos?usuario=eblap\">ESTHER BLANCO PANIAGUA<\/a> - PROFESOR AYUDANTE DOCTOR - <a href =\"https:\/\/www.unileon.es\/ficheros\/perfildocente\/curriculum-eblap.pdf\"> Perfil Docente<\/a> <\/li>\r\n                                        \r\n                        \r\n                       <li> <a href=\"https:\/\/www.unileon.es\/directorio-y-telefonos?usuario=lalvf\">LAURA \u00c1LVAREZ FERN\u00c1NDEZ<\/a> - PROFESOR AYUDANTE DOCTOR - <a href =\"https:\/\/www.unileon.es\/ficheros\/perfildocente\/curriculum-lalvf.pdf\"> Perfil Docente<\/a> <\/li>\r\n                                        \r\n                        \r\n                       <li> <a href=\"https:\/\/www.unileon.es\/directorio-y-telefonos?usuario=ymejp\">YUBISAY NOIRALY MEJ\u00cdAS PE\u00d1A<\/a> - PROFESOR AYUDANTE DOCTOR - <a href =\"https:\/\/www.unileon.es\/ficheros\/perfildocente\/curriculum-ymejp.pdf\"> Perfil Docente<\/a> <\/li>\r\n                                        \r\n                        \r\n                       <li> <a href=\"https:\/\/www.unileon.es\/directorio-y-telefonos?usuario=afueb\">ALVARO DE LA FUENTE BARRIENTOS<\/a> - PROFESOR ASOCIADO - <a href =\"https:\/\/www.unileon.es\/ficheros\/perfildocente\/curriculum-afueb.pdf\"> Perfil Docente<\/a> <\/li>\r\n                                        \r\n                        \r\n                       <li> <a href=\"https:\/\/www.unileon.es\/directorio-y-telefonos?usuario=bestg\">BRISAMAR EST\u00c9BANEZ GONZ\u00c1LEZ<\/a> - PROFESOR PERMANENTE LABORAL - <a href =\"https:\/\/www.unileon.es\/ficheros\/perfildocente\/curriculum-bestg.pdf\"> Perfil Docente<\/a> <\/li>\r\n                                        \r\n                        \r\n                       <li> <a href=\"https:\/\/www.unileon.es\/directorio-y-telefonos?usuario=menisg\">MARIA ESTHER NISTAL GONZ\u00c1LEZ<\/a> - PROFESOR PERMANENTE LABORAL - <a href =\"https:\/\/www.unileon.es\/ficheros\/perfildocente\/curriculum-menisg.pdf\"> Perfil Docente<\/a> <\/li>\r\n                                    <\/ul> <h3> \u00c1rea - Medicina Preventiva y Salud P\u00fablica <\/h3>\r\n\t\t\t\t\t<ul>\r\n                        \r\n                        \r\n                       <li> <a href=\"https:\/\/www.unileon.es\/directorio-y-telefonos?usuario=vmars\">VICENTE MART\u00cdN S\u00c1NCHEZ<\/a> - Catedr\u00e1tico de Universidad - <a href =\"https:\/\/www.unileon.es\/ficheros\/perfildocente\/curriculum-vmars.pdf\"> Perfil Docente<\/a> <\/li>\r\n                                        \r\n                        \r\n                       <li> <a href=\"https:\/\/www.unileon.es\/directorio-y-telefonos?usuario=ajmolt\">ANTONIO JOS\u00c9 MOLINA DE LA TORRE<\/a> - Profesor Titular de Universidad - <a href =\"https:\/\/www.unileon.es\/ficheros\/perfildocente\/curriculum-ajmolt.pdf\"> Perfil Docente<\/a> <\/li>\r\n                                        \r\n                        \r\n                       <li> <a href=\"https:\/\/www.unileon.es\/directorio-y-telefonos?usuario=tferv\">TANIA FERN\u00c1NDEZ VILLA<\/a> - Profesor Titular de Universidad - <a href =\"https:\/\/www.unileon.es\/ficheros\/perfildocente\/curriculum-tferv.pdf\"> Perfil Docente<\/a> <\/li>\r\n                                        \r\n                        \r\n                       <li> <a href=\"https:\/\/www.unileon.es\/directorio-y-telefonos?usuario=amarcd\">ALBA MARCOS DELGADO<\/a> - PROFESOR AYUDANTE DOCTOR - <a href =\"https:\/\/www.unileon.es\/ficheros\/perfildocente\/curriculum-amarcd.pdf\"> Perfil Docente<\/a> <\/li>\r\n                                        \r\n                        \r\n                       <li> <a href=\"https:\/\/www.unileon.es\/directorio-y-telefonos?usuario=lalva\">LAURA \u00c1LVAREZ \u00c1LVAREZ<\/a> - PROFESOR AYUDANTE DOCTOR - <a href =\"https:\/\/www.unileon.es\/ficheros\/perfildocente\/curriculum-lalva.pdf\"> Perfil Docente<\/a> <\/li>\r\n                                        \r\n                        \r\n                       <li> <a href=\"https:\/\/www.unileon.es\/directorio-y-telefonos?usuario=mrubig\">MAR\u00cdA RUB\u00cdN GARC\u00cdA<\/a> - PROFESOR AYUDANTE DOCTOR - <a href =\"https:\/\/www.unileon.es\/ficheros\/perfildocente\/curriculum-mrubig.pdf\"> Perfil Docente<\/a> <\/li>\r\n                                        \r\n                        \r\n                       <li> <a href=\"https:\/\/www.unileon.es\/directorio-y-telefonos?usuario=nhers\">NATALIA HERN\u00c1NDEZ SEGURA<\/a> - PROFESOR AYUDANTE DOCTOR - <a href =\"https:\/\/www.unileon.es\/ficheros\/perfildocente\/curriculum-nhers.pdf\"> Perfil Docente<\/a> <\/li>\r\n                                        \r\n                        \r\n                       <li> <a href=\"https:\/\/www.unileon.es\/directorio-y-telefonos?usuario=jpelt\">JOS\u00c9 MAR\u00cdA PELAYO TER\u00c1N<\/a> - PROFESOR ASOCIADO - <a href =\"https:\/\/www.unileon.es\/ficheros\/perfildocente\/curriculum-jpelt.pdf\"> Perfil Docente<\/a> <\/li>\r\n                                        \r\n                        \r\n                       <li> <a href=\"https:\/\/www.unileon.es\/directorio-y-telefonos?usuario=lgarm\">LIDIA GARC\u00cdA MART\u00cdNEZ<\/a> - PROFESOR ASOCIADO - <a href =\"https:\/\/www.unileon.es\/ficheros\/perfildocente\/curriculum-lgarm.pdf\"> Perfil Docente<\/a> <\/li>\r\n                                        \r\n                        \r\n                       <li> <a href=\"https:\/\/www.unileon.es\/directorio-y-telefonos?usuario=jarid\">JORGE ARIAS DE LA TORRE<\/a> - PROFESOR DISTINGUIDO - <a href =\"https:\/\/www.unileon.es\/ficheros\/perfildocente\/curriculum-jarid.pdf\"> Perfil Docente<\/a> <\/li>\r\n                                    <\/ul> <h3> \u00c1rea - TOXICOLOG\u00cdA <\/h3>\r\n\t\t\t\t\t<ul>\r\n                        \r\n                        \r\n                       <li> <a href=\"https:\/\/www.unileon.es\/directorio-y-telefonos?usuario=rbalf\">RAFAEL BALA\u00d1A FOUCE<\/a> - Catedr\u00e1tico de Universidad - <a href =\"https:\/\/www.unileon.es\/ficheros\/perfildocente\/curriculum-rbalf.pdf\"> Perfil Docente<\/a> <\/li>\r\n                                        \r\n                        \r\n                       <li> <a href=\"https:\/\/www.unileon.es\/directorio-y-telefonos?usuario=rmregt\">ROSA MAR\u00cdA REGUERA TORRES<\/a> - Catedr\u00e1tico de Universidad - <a href =\"https:\/\/www.unileon.es\/ficheros\/perfildocente\/curriculum-rmregt.pdf\"> Perfil Docente<\/a> <\/li>\r\n                                        \r\n                        \r\n                       <li> <a href=\"https:\/\/www.unileon.es\/directorio-y-telefonos?usuario=cgare\">CARLOS GARC\u00cdA ESTRADA<\/a> - Profesor Titular de Universidad - <a href =\"https:\/\/www.unileon.es\/ficheros\/perfildocente\/curriculum-cgare.pdf\"> Perfil Docente<\/a> <\/li>\r\n                                        \r\n                        \r\n                       <li> <a href=\"https:\/\/www.unileon.es\/directorio-y-telefonos?usuario=cordp\">C\u00c9SAR ORD\u00d3\u00d1EZ PASCUA<\/a> - Profesor Titular de Universidad - <a href =\"https:\/\/www.unileon.es\/ficheros\/perfildocente\/curriculum-cordp.pdf\"> Perfil Docente<\/a> <\/li>\r\n                                        \r\n                        \r\n                       <li> <a href=\"https:\/\/www.unileon.es\/directorio-y-telefonos?usuario=jccubg\">JUAN CARLOS CUBR\u00cdA GARC\u00cdA<\/a> - Profesor Titular de Universidad - <a href =\"https:\/\/www.unileon.es\/ficheros\/perfildocente\/curriculum-jccubg.pdf\"> Perfil Docente<\/a> <\/li>\r\n                                        \r\n                        \r\n                       <li> <a href=\"https:\/\/www.unileon.es\/directorio-y-telefonos?usuario=myperp\">MARIA YOLANDA P\u00c9REZ PERTEJO<\/a> - Profesor Titular de Universidad - <a href =\"https:\/\/www.unileon.es\/ficheros\/perfildocente\/curriculum-myperp.pdf\"> Perfil Docente<\/a> <\/li>\r\n                                        \r\n                        \r\n                       <li> <a href=\"https:\/\/www.unileon.es\/directorio-y-telefonos?usuario=cferrb\">CELIA FERN\u00c1NDEZ RUBIO<\/a> - PROFESOR AYUDANTE DOCTOR - <a href =\"https:\/\/www.unileon.es\/ficheros\/perfildocente\/curriculum-cferrb.pdf\"> Perfil Docente<\/a> <\/li>\r\n                                      \r\n\t\t\t\t<\/ul>\r\n\r\n\t\t\t\t\t\r\n\t\t\t\r\n\t\t\t<p>\u00a0<\/p>\r\n\t\t\t<h2>Personal de administraci\u00f3n y servicios<\/h2>\r\n\t\t\t<ul>\r\n\r\n\r\n\r\n\t\t\t\r\n                \r\n                    <li><a href=\"https:\/\/www.unileon.es\/directorio-y-telefonos?usuario=gpeng\">GUILLERMO PE\u00d1ALBA GONZ\u00c1LEZ<\/a> - T\u00c9CNICO ESPECIALISTA DE LABORATORIO<\/li>\r\n            \r\n\t\t\t\r\n                \r\n                    <li><a href=\"https:\/\/www.unileon.es\/directorio-y-telefonos?usuario=gerhfg\">H\u00c9CTOR FERRERAS GONZ\u00c1LEZ<\/a> - T\u00c9CNICO ESPECIALISTA DE LABORATORIO<\/li>\r\n            \r\n\t\t\t\r\n                \r\n                    <li><a href=\"https:\/\/www.unileon.es\/directorio-y-telefonos?usuario=imart\">IRENE PILAR MART\u00cdNEZ TORRES<\/a> - T\u00c9CNICO ESPECIALISTA DE LABORATORIO<\/li>\r\n            \r\n\t\t\t\r\n                \r\n                    <li><a href=\"https:\/\/www.unileon.es\/directorio-y-telefonos?usuario=jcong\">JORGE CONTRERAS GARC\u00cdA<\/a> - E. ADMINISTRATIVA DE LA UNIV. DE LE\u00d3N<\/li>\r\n            \r\n\t\t\t\r\n                \r\n                    <li><a href=\"https:\/\/www.unileon.es\/directorio-y-telefonos?usuario=lvilf\">LUZDIVINA VILA FIDALGO<\/a> - T\u00c9CNICO ESPECIALISTA DE LABORATORIO<\/li>\r\n            \r\n\t\t\t\r\n                <\/ul>\r\n\r\n","protected":false},"excerpt":{"rendered":"","protected":false},"author":1,"featured_media":0,"parent":0,"menu_order":0,"comment_status":"closed","ping_status":"open","template":"","meta":{"ngg_post_thumbnail":0,"footnotes":""},"class_list":["post-8","page","type-page","status-publish","hentry"],"yoast_head":"<!-- This site is optimized with the Yoast SEO plugin v25.8 - https:\/\/yoast.com\/wordpress\/plugins\/seo\/ -->\n<title>Personal - Departamento de Ciencias Biom\u00e9dicas<\/title>\n<meta name=\"robots\" content=\"index, follow, max-snippet:-1, max-image-preview:large, max-video-preview:-1\" \/>\n<link rel=\"canonical\" href=\"https:\/\/departamentos.unileon.es\/ciencias-biomedicas\/personal\/\" \/>\n<meta property=\"og:locale\" content=\"es_ES\" \/>\n<meta property=\"og:type\" content=\"article\" \/>\n<meta property=\"og:title\" content=\"Personal - Departamento de Ciencias Biom\u00e9dicas\" \/>\n<meta property=\"og:url\" content=\"https:\/\/departamentos.unileon.es\/ciencias-biomedicas\/personal\/\" \/>\n<meta property=\"og:site_name\" content=\"Departamento de Ciencias Biom\u00e9dicas\" \/>\n<meta property=\"article:modified_time\" content=\"2019-07-03T08:38:02+00:00\" \/>\n<meta name=\"twitter:card\" content=\"summary_large_image\" \/>\n<script type=\"application\/ld+json\" class=\"yoast-schema-graph\">{\"@context\":\"https:\/\/schema.org\",\"@graph\":[{\"@type\":\"WebPage\",\"@id\":\"https:\/\/departamentos.unileon.es\/ciencias-biomedicas\/personal\/\",\"url\":\"https:\/\/departamentos.unileon.es\/ciencias-biomedicas\/personal\/\",\"name\":\"Personal - Departamento de Ciencias Biom\u00e9dicas\",\"isPartOf\":{\"@id\":\"https:\/\/departamentos.unileon.es\/ciencias-biomedicas\/#website\"},\"datePublished\":\"2010-08-17T07:44:45+00:00\",\"dateModified\":\"2019-07-03T08:38:02+00:00\",\"inLanguage\":\"es\",\"potentialAction\":[{\"@type\":\"ReadAction\",\"target\":[\"https:\/\/departamentos.unileon.es\/ciencias-biomedicas\/personal\/\"]}]},{\"@type\":\"WebSite\",\"@id\":\"https:\/\/departamentos.unileon.es\/ciencias-biomedicas\/#website\",\"url\":\"https:\/\/departamentos.unileon.es\/ciencias-biomedicas\/\",\"name\":\"Departamento de Ciencias Biom\u00e9dicas\",\"description\":\"Otro sitio m\u00e1s de Universidad de Le\u00f3n\",\"potentialAction\":[{\"@type\":\"SearchAction\",\"target\":{\"@type\":\"EntryPoint\",\"urlTemplate\":\"https:\/\/departamentos.unileon.es\/ciencias-biomedicas\/?s={search_term_string}\"},\"query-input\":{\"@type\":\"PropertyValueSpecification\",\"valueRequired\":true,\"valueName\":\"search_term_string\"}}],\"inLanguage\":\"es\"}]}<\/script>\n<!-- \/ Yoast SEO plugin. -->","yoast_head_json":{"title":"Personal - Departamento de Ciencias Biom\u00e9dicas","robots":{"index":"index","follow":"follow","max-snippet":"max-snippet:-1","max-image-preview":"max-image-preview:large","max-video-preview":"max-video-preview:-1"},"canonical":"https:\/\/departamentos.unileon.es\/ciencias-biomedicas\/personal\/","og_locale":"es_ES","og_type":"article","og_title":"Personal - Departamento de Ciencias Biom\u00e9dicas","og_url":"https:\/\/departamentos.unileon.es\/ciencias-biomedicas\/personal\/","og_site_name":"Departamento de Ciencias Biom\u00e9dicas","article_modified_time":"2019-07-03T08:38:02+00:00","twitter_card":"summary_large_image","schema":{"@context":"https:\/\/schema.org","@graph":[{"@type":"WebPage","@id":"https:\/\/departamentos.unileon.es\/ciencias-biomedicas\/personal\/","url":"https:\/\/departamentos.unileon.es\/ciencias-biomedicas\/personal\/","name":"Personal - Departamento de Ciencias Biom\u00e9dicas","isPartOf":{"@id":"https:\/\/departamentos.unileon.es\/ciencias-biomedicas\/#website"},"datePublished":"2010-08-17T07:44:45+00:00","dateModified":"2019-07-03T08:38:02+00:00","inLanguage":"es","potentialAction":[{"@type":"ReadAction","target":["https:\/\/departamentos.unileon.es\/ciencias-biomedicas\/personal\/"]}]},{"@type":"WebSite","@id":"https:\/\/departamentos.unileon.es\/ciencias-biomedicas\/#website","url":"https:\/\/departamentos.unileon.es\/ciencias-biomedicas\/","name":"Departamento de Ciencias Biom\u00e9dicas","description":"Otro sitio m\u00e1s de Universidad de Le\u00f3n","potentialAction":[{"@type":"SearchAction","target":{"@type":"EntryPoint","urlTemplate":"https:\/\/departamentos.unileon.es\/ciencias-biomedicas\/?s={search_term_string}"},"query-input":{"@type":"PropertyValueSpecification","valueRequired":true,"valueName":"search_term_string"}}],"inLanguage":"es"}]}},"_links":{"self":[{"href":"https:\/\/departamentos.unileon.es\/ciencias-biomedicas\/wp-json\/wp\/v2\/pages\/8","targetHints":{"allow":["GET"]}}],"collection":[{"href":"https:\/\/departamentos.unileon.es\/ciencias-biomedicas\/wp-json\/wp\/v2\/pages"}],"about":[{"href":"https:\/\/departamentos.unileon.es\/ciencias-biomedicas\/wp-json\/wp\/v2\/types\/page"}],"author":[{"embeddable":true,"href":"https:\/\/departamentos.unileon.es\/ciencias-biomedicas\/wp-json\/wp\/v2\/users\/1"}],"replies":[{"embeddable":true,"href":"https:\/\/departamentos.unileon.es\/ciencias-biomedicas\/wp-json\/wp\/v2\/comments?post=8"}],"version-history":[{"count":9,"href":"https:\/\/departamentos.unileon.es\/ciencias-biomedicas\/wp-json\/wp\/v2\/pages\/8\/revisions"}],"predecessor-version":[{"id":232,"href":"https:\/\/departamentos.unileon.es\/ciencias-biomedicas\/wp-json\/wp\/v2\/pages\/8\/revisions\/232"}],"wp:attachment":[{"href":"https:\/\/departamentos.unileon.es\/ciencias-biomedicas\/wp-json\/wp\/v2\/media?parent=8"}],"curies":[{"name":"wp","href":"https:\/\/api.w.org\/{rel}","templated":true}]}}