{"id":6,"date":"2010-08-17T07:44:30","date_gmt":"2010-08-17T07:44:30","guid":{"rendered":"http:\/\/departamentos.unileon.es\/ciencias-biomedicas\/"},"modified":"2020-01-14T12:45:16","modified_gmt":"2020-01-14T12:45:16","slug":"ubicacion-y-contacto","status":"publish","type":"page","link":"https:\/\/departamentos.unileon.es\/ciencias-biomedicas\/ubicacion-y-contacto\/","title":{"rendered":"Ubicaci\u00f3n y Contacto"},"content":{"rendered":"<table>\n<tbody>\n<tr>\n<th class=\"alignleft\">P\u00e1gina Web del Departamento<\/th>\n<td><a class=\"enlace\" href=\"http:\/\/departamentos.unileon.es\/ciencias-biomedicas\/\">http:\/\/departamentos.unileon.es\/ciencias-biomedicas\/<\/a><\/td>\n<\/tr>\n<tr>\n<th class=\"alignleft\">Direcci\u00f3n Postal<\/th>\n<td>Departamento de Ciencias Biom\u00e9dicas\nUNIVERSIDAD DE LE\u00d3N\nFacultad de Veterinaria\nCampus de Vegazana, s\/n\n24071 LE\u00d3N<\/td>\n<\/tr>\n<tr>\n<th class=\"alignleft\">Tel\u00e9fono<\/th>\n<td>987 29 17 88 (Secretar\u00eda)\n987 29 12 66 (Direcci\u00f3n)<\/td>\n<\/tr>\n<tr>\n<th class=\"alignleft\">FAX<\/th>\n<td>987 29 12 67<\/td>\n<\/tr>\n<tr>\n<th class=\"alignleft\">Buz\u00f3n electr\u00f3nico<\/th>\n<td><a href=\"mailto:dcbadm@unileon.es\">dcbadm@unileon.es<\/a><\/td>\n<\/tr>\n<\/tbody>\n<\/table>","protected":false},"excerpt":{"rendered":"<p>P\u00e1gina Web del Departamento http:\/\/departamentos.unileon.es\/ciencias-biomedicas\/ Direcci\u00f3n Postal Departamento de Ciencias Biom\u00e9dicas UNIVERSIDAD DE LE\u00d3N Facultad de Veterinaria Campus de Vegazana, s\/n 24071 LE\u00d3N Tel\u00e9fono 987 29 17 88 (Secretar\u00eda) 987 29 12 66 (Direcci\u00f3n) FAX 987 29 12 67 Buz\u00f3n electr\u00f3nico dcbadm@unileon.es<\/p>\n","protected":false},"author":10,"featured_media":0,"parent":0,"menu_order":0,"comment_status":"closed","ping_status":"closed","template":"","meta":{"ngg_post_thumbnail":0,"footnotes":""},"class_list":["post-6","page","type-page","status-publish","hentry"],"yoast_head":"<!-- This site is optimized with the Yoast SEO plugin v25.8 - https:\/\/yoast.com\/wordpress\/plugins\/seo\/ -->\n<title>Ubicaci\u00f3n y Contacto - Departamento de Ciencias Biom\u00e9dicas<\/title>\n<meta name=\"robots\" content=\"index, follow, max-snippet:-1, max-image-preview:large, max-video-preview:-1\" \/>\n<link rel=\"canonical\" href=\"https:\/\/departamentos.unileon.es\/ciencias-biomedicas\/ubicacion-y-contacto\/\" \/>\n<meta property=\"og:locale\" content=\"es_ES\" \/>\n<meta property=\"og:type\" content=\"article\" \/>\n<meta property=\"og:title\" content=\"Ubicaci\u00f3n y Contacto - Departamento de Ciencias Biom\u00e9dicas\" \/>\n<meta property=\"og:description\" content=\"P\u00e1gina Web del Departamento http:\/\/departamentos.unileon.es\/ciencias-biomedicas\/ Direcci\u00f3n Postal Departamento de Ciencias Biom\u00e9dicas UNIVERSIDAD DE LE\u00d3N Facultad de Veterinaria Campus de Vegazana, s\/n 24071 LE\u00d3N Tel\u00e9fono 987 29 17 88 (Secretar\u00eda) 987 29 12 66 (Direcci\u00f3n) FAX 987 29 12 67 Buz\u00f3n electr\u00f3nico dcbadm@unileon.es\" \/>\n<meta property=\"og:url\" content=\"https:\/\/departamentos.unileon.es\/ciencias-biomedicas\/ubicacion-y-contacto\/\" \/>\n<meta property=\"og:site_name\" content=\"Departamento de Ciencias Biom\u00e9dicas\" \/>\n<meta property=\"article:modified_time\" content=\"2020-01-14T12:45:16+00:00\" \/>\n<meta name=\"twitter:card\" content=\"summary_large_image\" \/>\n<script type=\"application\/ld+json\" class=\"yoast-schema-graph\">{\"@context\":\"https:\/\/schema.org\",\"@graph\":[{\"@type\":\"WebPage\",\"@id\":\"https:\/\/departamentos.unileon.es\/ciencias-biomedicas\/ubicacion-y-contacto\/\",\"url\":\"https:\/\/departamentos.unileon.es\/ciencias-biomedicas\/ubicacion-y-contacto\/\",\"name\":\"Ubicaci\u00f3n y Contacto - Departamento de Ciencias Biom\u00e9dicas\",\"isPartOf\":{\"@id\":\"https:\/\/departamentos.unileon.es\/ciencias-biomedicas\/#website\"},\"datePublished\":\"2010-08-17T07:44:30+00:00\",\"dateModified\":\"2020-01-14T12:45:16+00:00\",\"inLanguage\":\"es\",\"potentialAction\":[{\"@type\":\"ReadAction\",\"target\":[\"https:\/\/departamentos.unileon.es\/ciencias-biomedicas\/ubicacion-y-contacto\/\"]}]},{\"@type\":\"WebSite\",\"@id\":\"https:\/\/departamentos.unileon.es\/ciencias-biomedicas\/#website\",\"url\":\"https:\/\/departamentos.unileon.es\/ciencias-biomedicas\/\",\"name\":\"Departamento de Ciencias Biom\u00e9dicas\",\"description\":\"Otro sitio m\u00e1s de Universidad de Le\u00f3n\",\"potentialAction\":[{\"@type\":\"SearchAction\",\"target\":{\"@type\":\"EntryPoint\",\"urlTemplate\":\"https:\/\/departamentos.unileon.es\/ciencias-biomedicas\/?s={search_term_string}\"},\"query-input\":{\"@type\":\"PropertyValueSpecification\",\"valueRequired\":true,\"valueName\":\"search_term_string\"}}],\"inLanguage\":\"es\"}]}<\/script>\n<!-- \/ Yoast SEO plugin. -->","yoast_head_json":{"title":"Ubicaci\u00f3n y Contacto - Departamento de Ciencias Biom\u00e9dicas","robots":{"index":"index","follow":"follow","max-snippet":"max-snippet:-1","max-image-preview":"max-image-preview:large","max-video-preview":"max-video-preview:-1"},"canonical":"https:\/\/departamentos.unileon.es\/ciencias-biomedicas\/ubicacion-y-contacto\/","og_locale":"es_ES","og_type":"article","og_title":"Ubicaci\u00f3n y Contacto - Departamento de Ciencias Biom\u00e9dicas","og_description":"P\u00e1gina Web del Departamento http:\/\/departamentos.unileon.es\/ciencias-biomedicas\/ Direcci\u00f3n Postal Departamento de Ciencias Biom\u00e9dicas UNIVERSIDAD DE LE\u00d3N Facultad de Veterinaria Campus de Vegazana, s\/n 24071 LE\u00d3N Tel\u00e9fono 987 29 17 88 (Secretar\u00eda) 987 29 12 66 (Direcci\u00f3n) FAX 987 29 12 67 Buz\u00f3n electr\u00f3nico dcbadm@unileon.es","og_url":"https:\/\/departamentos.unileon.es\/ciencias-biomedicas\/ubicacion-y-contacto\/","og_site_name":"Departamento de Ciencias Biom\u00e9dicas","article_modified_time":"2020-01-14T12:45:16+00:00","twitter_card":"summary_large_image","schema":{"@context":"https:\/\/schema.org","@graph":[{"@type":"WebPage","@id":"https:\/\/departamentos.unileon.es\/ciencias-biomedicas\/ubicacion-y-contacto\/","url":"https:\/\/departamentos.unileon.es\/ciencias-biomedicas\/ubicacion-y-contacto\/","name":"Ubicaci\u00f3n y Contacto - Departamento de Ciencias Biom\u00e9dicas","isPartOf":{"@id":"https:\/\/departamentos.unileon.es\/ciencias-biomedicas\/#website"},"datePublished":"2010-08-17T07:44:30+00:00","dateModified":"2020-01-14T12:45:16+00:00","inLanguage":"es","potentialAction":[{"@type":"ReadAction","target":["https:\/\/departamentos.unileon.es\/ciencias-biomedicas\/ubicacion-y-contacto\/"]}]},{"@type":"WebSite","@id":"https:\/\/departamentos.unileon.es\/ciencias-biomedicas\/#website","url":"https:\/\/departamentos.unileon.es\/ciencias-biomedicas\/","name":"Departamento de Ciencias Biom\u00e9dicas","description":"Otro sitio m\u00e1s de Universidad de Le\u00f3n","potentialAction":[{"@type":"SearchAction","target":{"@type":"EntryPoint","urlTemplate":"https:\/\/departamentos.unileon.es\/ciencias-biomedicas\/?s={search_term_string}"},"query-input":{"@type":"PropertyValueSpecification","valueRequired":true,"valueName":"search_term_string"}}],"inLanguage":"es"}]}},"_links":{"self":[{"href":"https:\/\/departamentos.unileon.es\/ciencias-biomedicas\/wp-json\/wp\/v2\/pages\/6","targetHints":{"allow":["GET"]}}],"collection":[{"href":"https:\/\/departamentos.unileon.es\/ciencias-biomedicas\/wp-json\/wp\/v2\/pages"}],"about":[{"href":"https:\/\/departamentos.unileon.es\/ciencias-biomedicas\/wp-json\/wp\/v2\/types\/page"}],"author":[{"embeddable":true,"href":"https:\/\/departamentos.unileon.es\/ciencias-biomedicas\/wp-json\/wp\/v2\/users\/10"}],"replies":[{"embeddable":true,"href":"https:\/\/departamentos.unileon.es\/ciencias-biomedicas\/wp-json\/wp\/v2\/comments?post=6"}],"version-history":[{"count":7,"href":"https:\/\/departamentos.unileon.es\/ciencias-biomedicas\/wp-json\/wp\/v2\/pages\/6\/revisions"}],"predecessor-version":[{"id":252,"href":"https:\/\/departamentos.unileon.es\/ciencias-biomedicas\/wp-json\/wp\/v2\/pages\/6\/revisions\/252"}],"wp:attachment":[{"href":"https:\/\/departamentos.unileon.es\/ciencias-biomedicas\/wp-json\/wp\/v2\/media?parent=6"}],"curies":[{"name":"wp","href":"https:\/\/api.w.org\/{rel}","templated":true}]}}