{"id":203,"date":"2018-05-25T07:10:38","date_gmt":"2018-05-25T07:10:38","guid":{"rendered":"http:\/\/departamentos.unileon.es\/ciencias-biomedicas\/?page_id=203"},"modified":"2025-11-14T11:42:41","modified_gmt":"2025-11-14T11:42:41","slug":"doctorados-oficiales","status":"publish","type":"page","link":"https:\/\/departamentos.unileon.es\/ciencias-biomedicas\/doctorados-oficiales\/","title":{"rendered":"Doctorados Oficiales"},"content":{"rendered":"<ul class=\"big\">\n \t<li><a href=\"http:\/\/masterbiomedicas.unileon.es\/html\/doctorado-biomedicina.html\">Programa de Doctorado en Biomedicina<\/a><\/li>\n \t<li><a href=\"http:\/\/doctoradoactividadfisicadeporte.unileon.es\/\">Programa de Doctorado Ciencias de la Actividad F\u00edsica y el Deporte<\/a><\/li>\n \t<li><a href=\"https:\/\/departamentos.unileon.es\/ciencias-biomedicas-area-farmacologia\/programa-de-doctorado-en-investigacion-aplicada-a-las-ciencias-sanitarias-por-la-universidad-de-las-palmas-de-gran-canaria-y-la-universidad-de-leon\/\">Programa de Doctorado en Investigaci\u00f3n aplicada a las Ciencias Sanitarias por la Universidad de Las Palmas de Gran Canaria y la Universidad de Le\u00f3n. <\/a><\/li>\n \t<li><a href=\"https:\/\/departamentos.unileon.es\/ciencias-biomedicas-area-farmacologia\/programa-de-doctorado-investigacion-aplicada-a-las-ciencias-sociosanitarias-regulado-por-el-rd-992011\/\">Programa de Doctorado en Investigaci\u00f3n aplicada a las Ciencias Sanitarias por la Universidad de Las Palmas de Gran Canaria, la Universidad de Le\u00f3n y la Universidade de Tras-os-Montes e Alto Douro (Portugal) (a extinguir).<\/a><\/li>\n<\/ul>","protected":false},"excerpt":{"rendered":"<p>Programa de Doctorado en Biomedicina Programa de Doctorado Ciencias de la Actividad F\u00edsica y el Deporte Programa de Doctorado en Investigaci\u00f3n aplicada a las Ciencias Sanitarias por la Universidad de Las Palmas de Gran Canaria y la Universidad de Le\u00f3n. Programa de Doctorado en Investigaci\u00f3n aplicada a las Ciencias Sanitarias por la Universidad de Las [&hellip;]<\/p>\n","protected":false},"author":45,"featured_media":0,"parent":0,"menu_order":0,"comment_status":"closed","ping_status":"closed","template":"","meta":{"ngg_post_thumbnail":0,"footnotes":""},"class_list":["post-203","page","type-page","status-publish","hentry"],"yoast_head":"<!-- This site is optimized with the Yoast SEO plugin v25.8 - https:\/\/yoast.com\/wordpress\/plugins\/seo\/ -->\n<title>Doctorados Oficiales - Departamento de Ciencias Biom\u00e9dicas<\/title>\n<meta name=\"robots\" content=\"index, follow, max-snippet:-1, max-image-preview:large, max-video-preview:-1\" \/>\n<link rel=\"canonical\" href=\"https:\/\/departamentos.unileon.es\/ciencias-biomedicas\/doctorados-oficiales\/\" \/>\n<meta property=\"og:locale\" content=\"es_ES\" \/>\n<meta property=\"og:type\" content=\"article\" \/>\n<meta property=\"og:title\" content=\"Doctorados Oficiales - Departamento de Ciencias Biom\u00e9dicas\" \/>\n<meta property=\"og:description\" content=\"Programa de Doctorado en Biomedicina Programa de Doctorado Ciencias de la Actividad F\u00edsica y el Deporte Programa de Doctorado en Investigaci\u00f3n aplicada a las Ciencias Sanitarias por la Universidad de Las Palmas de Gran Canaria y la Universidad de Le\u00f3n. Programa de Doctorado en Investigaci\u00f3n aplicada a las Ciencias Sanitarias por la Universidad de Las [&hellip;]\" \/>\n<meta property=\"og:url\" content=\"https:\/\/departamentos.unileon.es\/ciencias-biomedicas\/doctorados-oficiales\/\" \/>\n<meta property=\"og:site_name\" content=\"Departamento de Ciencias Biom\u00e9dicas\" \/>\n<meta property=\"article:modified_time\" content=\"2025-11-14T11:42:41+00:00\" \/>\n<meta name=\"twitter:card\" content=\"summary_large_image\" \/>\n<meta name=\"twitter:label1\" content=\"Tiempo de lectura\" \/>\n\t<meta name=\"twitter:data1\" content=\"1 minuto\" \/>\n<script type=\"application\/ld+json\" class=\"yoast-schema-graph\">{\"@context\":\"https:\/\/schema.org\",\"@graph\":[{\"@type\":\"WebPage\",\"@id\":\"https:\/\/departamentos.unileon.es\/ciencias-biomedicas\/doctorados-oficiales\/\",\"url\":\"https:\/\/departamentos.unileon.es\/ciencias-biomedicas\/doctorados-oficiales\/\",\"name\":\"Doctorados Oficiales - Departamento de Ciencias Biom\u00e9dicas\",\"isPartOf\":{\"@id\":\"https:\/\/departamentos.unileon.es\/ciencias-biomedicas\/#website\"},\"datePublished\":\"2018-05-25T07:10:38+00:00\",\"dateModified\":\"2025-11-14T11:42:41+00:00\",\"inLanguage\":\"es\",\"potentialAction\":[{\"@type\":\"ReadAction\",\"target\":[\"https:\/\/departamentos.unileon.es\/ciencias-biomedicas\/doctorados-oficiales\/\"]}]},{\"@type\":\"WebSite\",\"@id\":\"https:\/\/departamentos.unileon.es\/ciencias-biomedicas\/#website\",\"url\":\"https:\/\/departamentos.unileon.es\/ciencias-biomedicas\/\",\"name\":\"Departamento de Ciencias Biom\u00e9dicas\",\"description\":\"Otro sitio m\u00e1s de Universidad de Le\u00f3n\",\"potentialAction\":[{\"@type\":\"SearchAction\",\"target\":{\"@type\":\"EntryPoint\",\"urlTemplate\":\"https:\/\/departamentos.unileon.es\/ciencias-biomedicas\/?s={search_term_string}\"},\"query-input\":{\"@type\":\"PropertyValueSpecification\",\"valueRequired\":true,\"valueName\":\"search_term_string\"}}],\"inLanguage\":\"es\"}]}<\/script>\n<!-- \/ Yoast SEO plugin. -->","yoast_head_json":{"title":"Doctorados Oficiales - Departamento de Ciencias Biom\u00e9dicas","robots":{"index":"index","follow":"follow","max-snippet":"max-snippet:-1","max-image-preview":"max-image-preview:large","max-video-preview":"max-video-preview:-1"},"canonical":"https:\/\/departamentos.unileon.es\/ciencias-biomedicas\/doctorados-oficiales\/","og_locale":"es_ES","og_type":"article","og_title":"Doctorados Oficiales - Departamento de Ciencias Biom\u00e9dicas","og_description":"Programa de Doctorado en Biomedicina Programa de Doctorado Ciencias de la Actividad F\u00edsica y el Deporte Programa de Doctorado en Investigaci\u00f3n aplicada a las Ciencias Sanitarias por la Universidad de Las Palmas de Gran Canaria y la Universidad de Le\u00f3n. Programa de Doctorado en Investigaci\u00f3n aplicada a las Ciencias Sanitarias por la Universidad de Las [&hellip;]","og_url":"https:\/\/departamentos.unileon.es\/ciencias-biomedicas\/doctorados-oficiales\/","og_site_name":"Departamento de Ciencias Biom\u00e9dicas","article_modified_time":"2025-11-14T11:42:41+00:00","twitter_card":"summary_large_image","twitter_misc":{"Tiempo de lectura":"1 minuto"},"schema":{"@context":"https:\/\/schema.org","@graph":[{"@type":"WebPage","@id":"https:\/\/departamentos.unileon.es\/ciencias-biomedicas\/doctorados-oficiales\/","url":"https:\/\/departamentos.unileon.es\/ciencias-biomedicas\/doctorados-oficiales\/","name":"Doctorados Oficiales - Departamento de Ciencias Biom\u00e9dicas","isPartOf":{"@id":"https:\/\/departamentos.unileon.es\/ciencias-biomedicas\/#website"},"datePublished":"2018-05-25T07:10:38+00:00","dateModified":"2025-11-14T11:42:41+00:00","inLanguage":"es","potentialAction":[{"@type":"ReadAction","target":["https:\/\/departamentos.unileon.es\/ciencias-biomedicas\/doctorados-oficiales\/"]}]},{"@type":"WebSite","@id":"https:\/\/departamentos.unileon.es\/ciencias-biomedicas\/#website","url":"https:\/\/departamentos.unileon.es\/ciencias-biomedicas\/","name":"Departamento de Ciencias Biom\u00e9dicas","description":"Otro sitio m\u00e1s de Universidad de Le\u00f3n","potentialAction":[{"@type":"SearchAction","target":{"@type":"EntryPoint","urlTemplate":"https:\/\/departamentos.unileon.es\/ciencias-biomedicas\/?s={search_term_string}"},"query-input":{"@type":"PropertyValueSpecification","valueRequired":true,"valueName":"search_term_string"}}],"inLanguage":"es"}]}},"_links":{"self":[{"href":"https:\/\/departamentos.unileon.es\/ciencias-biomedicas\/wp-json\/wp\/v2\/pages\/203","targetHints":{"allow":["GET"]}}],"collection":[{"href":"https:\/\/departamentos.unileon.es\/ciencias-biomedicas\/wp-json\/wp\/v2\/pages"}],"about":[{"href":"https:\/\/departamentos.unileon.es\/ciencias-biomedicas\/wp-json\/wp\/v2\/types\/page"}],"author":[{"embeddable":true,"href":"https:\/\/departamentos.unileon.es\/ciencias-biomedicas\/wp-json\/wp\/v2\/users\/45"}],"replies":[{"embeddable":true,"href":"https:\/\/departamentos.unileon.es\/ciencias-biomedicas\/wp-json\/wp\/v2\/comments?post=203"}],"version-history":[{"count":5,"href":"https:\/\/departamentos.unileon.es\/ciencias-biomedicas\/wp-json\/wp\/v2\/pages\/203\/revisions"}],"predecessor-version":[{"id":277,"href":"https:\/\/departamentos.unileon.es\/ciencias-biomedicas\/wp-json\/wp\/v2\/pages\/203\/revisions\/277"}],"wp:attachment":[{"href":"https:\/\/departamentos.unileon.es\/ciencias-biomedicas\/wp-json\/wp\/v2\/media?parent=203"}],"curies":[{"name":"wp","href":"https:\/\/api.w.org\/{rel}","templated":true}]}}