{"id":105,"date":"2011-09-16T11:45:58","date_gmt":"2011-09-16T11:45:58","guid":{"rendered":"http:\/\/departamentos.unileon.es\/ciencias-biomedicas\/?page_id=105"},"modified":"2018-05-25T11:21:57","modified_gmt":"2018-05-25T11:21:57","slug":"masteres-oficiales","status":"publish","type":"page","link":"https:\/\/departamentos.unileon.es\/ciencias-biomedicas\/masteres-oficiales\/","title":{"rendered":"M\u00e1steres Oficiales"},"content":{"rendered":"<ul class=\"big\">\r\n<li><a title=\"M\u00e1ster en Innovaci\u00f3n en Ciencias Biom\u00e9dicas y de la Salud\" href=\"http:\/\/masterbiomedicas.unileon.es\">M\u00e1ster Universitario en Innovaci\u00f3n en Ciencias Biom\u00e9dicas y de la Salud por la Universidad de Le\u00f3n<\/a><\/li>\r\n<li><a href=\"http:\/\/posgradodeportes.unileon.es\/\">M\u00e1ster Universitario en Innovaci\u00f3n e Investigaci\u00f3n en Ciencias de la Actividad F\u00edsica y del Deporte por la Universidad de Le\u00f3n<\/a><\/li>\r\n<\/ul>","protected":false},"excerpt":{"rendered":"<p>M\u00e1ster Universitario en Innovaci\u00f3n en Ciencias Biom\u00e9dicas y de la Salud por la Universidad de Le\u00f3n M\u00e1ster Universitario en Innovaci\u00f3n e Investigaci\u00f3n en Ciencias de la Actividad F\u00edsica y del Deporte por la Universidad de Le\u00f3n<\/p>\n","protected":false},"author":10,"featured_media":0,"parent":0,"menu_order":0,"comment_status":"closed","ping_status":"open","template":"","meta":{"ngg_post_thumbnail":0,"footnotes":""},"class_list":["post-105","page","type-page","status-publish","hentry"],"yoast_head":"<!-- This site is optimized with the Yoast SEO plugin v25.8 - https:\/\/yoast.com\/wordpress\/plugins\/seo\/ -->\n<title>M\u00e1steres Oficiales - Departamento de Ciencias Biom\u00e9dicas<\/title>\n<meta name=\"robots\" content=\"index, follow, max-snippet:-1, max-image-preview:large, max-video-preview:-1\" \/>\n<link rel=\"canonical\" href=\"https:\/\/departamentos.unileon.es\/ciencias-biomedicas\/masteres-oficiales\/\" \/>\n<meta property=\"og:locale\" content=\"es_ES\" \/>\n<meta property=\"og:type\" content=\"article\" \/>\n<meta property=\"og:title\" content=\"M\u00e1steres Oficiales - Departamento de Ciencias Biom\u00e9dicas\" \/>\n<meta property=\"og:description\" content=\"M\u00e1ster Universitario en Innovaci\u00f3n en Ciencias Biom\u00e9dicas y de la Salud por la Universidad de Le\u00f3n M\u00e1ster Universitario en Innovaci\u00f3n e Investigaci\u00f3n en Ciencias de la Actividad F\u00edsica y del Deporte por la Universidad de Le\u00f3n\" \/>\n<meta property=\"og:url\" content=\"https:\/\/departamentos.unileon.es\/ciencias-biomedicas\/masteres-oficiales\/\" \/>\n<meta property=\"og:site_name\" content=\"Departamento de Ciencias Biom\u00e9dicas\" \/>\n<meta property=\"article:modified_time\" content=\"2018-05-25T11:21:57+00:00\" \/>\n<meta name=\"twitter:card\" content=\"summary_large_image\" \/>\n<script type=\"application\/ld+json\" class=\"yoast-schema-graph\">{\"@context\":\"https:\/\/schema.org\",\"@graph\":[{\"@type\":\"WebPage\",\"@id\":\"https:\/\/departamentos.unileon.es\/ciencias-biomedicas\/masteres-oficiales\/\",\"url\":\"https:\/\/departamentos.unileon.es\/ciencias-biomedicas\/masteres-oficiales\/\",\"name\":\"M\u00e1steres Oficiales - Departamento de Ciencias Biom\u00e9dicas\",\"isPartOf\":{\"@id\":\"https:\/\/departamentos.unileon.es\/ciencias-biomedicas\/#website\"},\"datePublished\":\"2011-09-16T11:45:58+00:00\",\"dateModified\":\"2018-05-25T11:21:57+00:00\",\"inLanguage\":\"es\",\"potentialAction\":[{\"@type\":\"ReadAction\",\"target\":[\"https:\/\/departamentos.unileon.es\/ciencias-biomedicas\/masteres-oficiales\/\"]}]},{\"@type\":\"WebSite\",\"@id\":\"https:\/\/departamentos.unileon.es\/ciencias-biomedicas\/#website\",\"url\":\"https:\/\/departamentos.unileon.es\/ciencias-biomedicas\/\",\"name\":\"Departamento de Ciencias Biom\u00e9dicas\",\"description\":\"Otro sitio m\u00e1s de Universidad de Le\u00f3n\",\"potentialAction\":[{\"@type\":\"SearchAction\",\"target\":{\"@type\":\"EntryPoint\",\"urlTemplate\":\"https:\/\/departamentos.unileon.es\/ciencias-biomedicas\/?s={search_term_string}\"},\"query-input\":{\"@type\":\"PropertyValueSpecification\",\"valueRequired\":true,\"valueName\":\"search_term_string\"}}],\"inLanguage\":\"es\"}]}<\/script>\n<!-- \/ Yoast SEO plugin. -->","yoast_head_json":{"title":"M\u00e1steres Oficiales - Departamento de Ciencias Biom\u00e9dicas","robots":{"index":"index","follow":"follow","max-snippet":"max-snippet:-1","max-image-preview":"max-image-preview:large","max-video-preview":"max-video-preview:-1"},"canonical":"https:\/\/departamentos.unileon.es\/ciencias-biomedicas\/masteres-oficiales\/","og_locale":"es_ES","og_type":"article","og_title":"M\u00e1steres Oficiales - Departamento de Ciencias Biom\u00e9dicas","og_description":"M\u00e1ster Universitario en Innovaci\u00f3n en Ciencias Biom\u00e9dicas y de la Salud por la Universidad de Le\u00f3n M\u00e1ster Universitario en Innovaci\u00f3n e Investigaci\u00f3n en Ciencias de la Actividad F\u00edsica y del Deporte por la Universidad de Le\u00f3n","og_url":"https:\/\/departamentos.unileon.es\/ciencias-biomedicas\/masteres-oficiales\/","og_site_name":"Departamento de Ciencias Biom\u00e9dicas","article_modified_time":"2018-05-25T11:21:57+00:00","twitter_card":"summary_large_image","schema":{"@context":"https:\/\/schema.org","@graph":[{"@type":"WebPage","@id":"https:\/\/departamentos.unileon.es\/ciencias-biomedicas\/masteres-oficiales\/","url":"https:\/\/departamentos.unileon.es\/ciencias-biomedicas\/masteres-oficiales\/","name":"M\u00e1steres Oficiales - Departamento de Ciencias Biom\u00e9dicas","isPartOf":{"@id":"https:\/\/departamentos.unileon.es\/ciencias-biomedicas\/#website"},"datePublished":"2011-09-16T11:45:58+00:00","dateModified":"2018-05-25T11:21:57+00:00","inLanguage":"es","potentialAction":[{"@type":"ReadAction","target":["https:\/\/departamentos.unileon.es\/ciencias-biomedicas\/masteres-oficiales\/"]}]},{"@type":"WebSite","@id":"https:\/\/departamentos.unileon.es\/ciencias-biomedicas\/#website","url":"https:\/\/departamentos.unileon.es\/ciencias-biomedicas\/","name":"Departamento de Ciencias Biom\u00e9dicas","description":"Otro sitio m\u00e1s de Universidad de Le\u00f3n","potentialAction":[{"@type":"SearchAction","target":{"@type":"EntryPoint","urlTemplate":"https:\/\/departamentos.unileon.es\/ciencias-biomedicas\/?s={search_term_string}"},"query-input":{"@type":"PropertyValueSpecification","valueRequired":true,"valueName":"search_term_string"}}],"inLanguage":"es"}]}},"_links":{"self":[{"href":"https:\/\/departamentos.unileon.es\/ciencias-biomedicas\/wp-json\/wp\/v2\/pages\/105","targetHints":{"allow":["GET"]}}],"collection":[{"href":"https:\/\/departamentos.unileon.es\/ciencias-biomedicas\/wp-json\/wp\/v2\/pages"}],"about":[{"href":"https:\/\/departamentos.unileon.es\/ciencias-biomedicas\/wp-json\/wp\/v2\/types\/page"}],"author":[{"embeddable":true,"href":"https:\/\/departamentos.unileon.es\/ciencias-biomedicas\/wp-json\/wp\/v2\/users\/10"}],"replies":[{"embeddable":true,"href":"https:\/\/departamentos.unileon.es\/ciencias-biomedicas\/wp-json\/wp\/v2\/comments?post=105"}],"version-history":[{"count":11,"href":"https:\/\/departamentos.unileon.es\/ciencias-biomedicas\/wp-json\/wp\/v2\/pages\/105\/revisions"}],"predecessor-version":[{"id":210,"href":"https:\/\/departamentos.unileon.es\/ciencias-biomedicas\/wp-json\/wp\/v2\/pages\/105\/revisions\/210"}],"wp:attachment":[{"href":"https:\/\/departamentos.unileon.es\/ciencias-biomedicas\/wp-json\/wp\/v2\/media?parent=105"}],"curies":[{"name":"wp","href":"https:\/\/api.w.org\/{rel}","templated":true}]}}