{"id":5,"date":"2013-10-01T12:07:35","date_gmt":"2013-10-01T12:07:35","guid":{"rendered":"http:\/\/departamentos.unileon.es\/ciencias-biomedicas-area-farmacologia\/?page_id=5"},"modified":"2017-06-12T09:54:44","modified_gmt":"2017-06-12T09:54:44","slug":"lineas_de_investigacion","status":"publish","type":"page","link":"https:\/\/departamentos.unileon.es\/ciencias-biomedicas-area-farmacologia\/lineas_de_investigacion\/","title":{"rendered":"L\u00edneas de investigaci\u00f3n"},"content":{"rendered":"<ul>\r\n\t<li>Estudios farmacocin\u00e9ticos\/farmacodin\u00e1micos.<\/li>\r\n\t<li>Estudio de interacciones farmacol\u00f3gicas.<\/li>\r\n\t<li>Desarrollo de nuevos medicamentos de origen natural y de nuevas formulaciones.<\/li>\r\n\t\r\n<\/ul>\r\n\r\n\r\n","protected":false},"excerpt":{"rendered":"<p>Estudios farmacocin\u00e9ticos\/farmacodin\u00e1micos. Estudio de interacciones farmacol\u00f3gicas. Desarrollo de nuevos medicamentos de origen natural y de nuevas formulaciones.<\/p>\n","protected":false},"author":122,"featured_media":0,"parent":0,"menu_order":0,"comment_status":"closed","ping_status":"open","template":"","meta":{"ngg_post_thumbnail":0,"footnotes":""},"class_list":["post-5","page","type-page","status-publish","hentry"],"yoast_head":"<!-- This site is optimized with the Yoast SEO plugin v25.8 - https:\/\/yoast.com\/wordpress\/plugins\/seo\/ -->\n<title>L\u00edneas de investigaci\u00f3n - \u00c1rea de Farmacolog\u00eda<\/title>\n<meta name=\"robots\" content=\"index, follow, max-snippet:-1, max-image-preview:large, max-video-preview:-1\" \/>\n<link rel=\"canonical\" href=\"https:\/\/departamentos.unileon.es\/ciencias-biomedicas-area-farmacologia\/lineas_de_investigacion\/\" \/>\n<meta property=\"og:locale\" content=\"es_ES\" \/>\n<meta property=\"og:type\" content=\"article\" \/>\n<meta property=\"og:title\" content=\"L\u00edneas de investigaci\u00f3n - \u00c1rea de Farmacolog\u00eda\" \/>\n<meta property=\"og:description\" content=\"Estudios farmacocin\u00e9ticos\/farmacodin\u00e1micos. Estudio de interacciones farmacol\u00f3gicas. Desarrollo de nuevos medicamentos de origen natural y de nuevas formulaciones.\" \/>\n<meta property=\"og:url\" content=\"https:\/\/departamentos.unileon.es\/ciencias-biomedicas-area-farmacologia\/lineas_de_investigacion\/\" \/>\n<meta property=\"og:site_name\" content=\"\u00c1rea de Farmacolog\u00eda\" \/>\n<meta property=\"article:modified_time\" content=\"2017-06-12T09:54:44+00:00\" \/>\n<meta name=\"twitter:card\" content=\"summary_large_image\" \/>\n<script type=\"application\/ld+json\" class=\"yoast-schema-graph\">{\"@context\":\"https:\/\/schema.org\",\"@graph\":[{\"@type\":\"WebPage\",\"@id\":\"https:\/\/departamentos.unileon.es\/ciencias-biomedicas-area-farmacologia\/lineas_de_investigacion\/\",\"url\":\"https:\/\/departamentos.unileon.es\/ciencias-biomedicas-area-farmacologia\/lineas_de_investigacion\/\",\"name\":\"L\u00edneas de investigaci\u00f3n - \u00c1rea de Farmacolog\u00eda\",\"isPartOf\":{\"@id\":\"https:\/\/departamentos.unileon.es\/ciencias-biomedicas-area-farmacologia\/#website\"},\"datePublished\":\"2013-10-01T12:07:35+00:00\",\"dateModified\":\"2017-06-12T09:54:44+00:00\",\"inLanguage\":\"es\",\"potentialAction\":[{\"@type\":\"ReadAction\",\"target\":[\"https:\/\/departamentos.unileon.es\/ciencias-biomedicas-area-farmacologia\/lineas_de_investigacion\/\"]}]},{\"@type\":\"WebSite\",\"@id\":\"https:\/\/departamentos.unileon.es\/ciencias-biomedicas-area-farmacologia\/#website\",\"url\":\"https:\/\/departamentos.unileon.es\/ciencias-biomedicas-area-farmacologia\/\",\"name\":\"\u00c1rea de Farmacolog\u00eda\",\"description\":\"Otro sitio m\u00e1s de Universidad de Le\u00f3n\",\"potentialAction\":[{\"@type\":\"SearchAction\",\"target\":{\"@type\":\"EntryPoint\",\"urlTemplate\":\"https:\/\/departamentos.unileon.es\/ciencias-biomedicas-area-farmacologia\/?s={search_term_string}\"},\"query-input\":{\"@type\":\"PropertyValueSpecification\",\"valueRequired\":true,\"valueName\":\"search_term_string\"}}],\"inLanguage\":\"es\"}]}<\/script>\n<!-- \/ Yoast SEO plugin. -->","yoast_head_json":{"title":"L\u00edneas de investigaci\u00f3n - \u00c1rea de Farmacolog\u00eda","robots":{"index":"index","follow":"follow","max-snippet":"max-snippet:-1","max-image-preview":"max-image-preview:large","max-video-preview":"max-video-preview:-1"},"canonical":"https:\/\/departamentos.unileon.es\/ciencias-biomedicas-area-farmacologia\/lineas_de_investigacion\/","og_locale":"es_ES","og_type":"article","og_title":"L\u00edneas de investigaci\u00f3n - \u00c1rea de Farmacolog\u00eda","og_description":"Estudios farmacocin\u00e9ticos\/farmacodin\u00e1micos. Estudio de interacciones farmacol\u00f3gicas. Desarrollo de nuevos medicamentos de origen natural y de nuevas formulaciones.","og_url":"https:\/\/departamentos.unileon.es\/ciencias-biomedicas-area-farmacologia\/lineas_de_investigacion\/","og_site_name":"\u00c1rea de Farmacolog\u00eda","article_modified_time":"2017-06-12T09:54:44+00:00","twitter_card":"summary_large_image","schema":{"@context":"https:\/\/schema.org","@graph":[{"@type":"WebPage","@id":"https:\/\/departamentos.unileon.es\/ciencias-biomedicas-area-farmacologia\/lineas_de_investigacion\/","url":"https:\/\/departamentos.unileon.es\/ciencias-biomedicas-area-farmacologia\/lineas_de_investigacion\/","name":"L\u00edneas de investigaci\u00f3n - \u00c1rea de Farmacolog\u00eda","isPartOf":{"@id":"https:\/\/departamentos.unileon.es\/ciencias-biomedicas-area-farmacologia\/#website"},"datePublished":"2013-10-01T12:07:35+00:00","dateModified":"2017-06-12T09:54:44+00:00","inLanguage":"es","potentialAction":[{"@type":"ReadAction","target":["https:\/\/departamentos.unileon.es\/ciencias-biomedicas-area-farmacologia\/lineas_de_investigacion\/"]}]},{"@type":"WebSite","@id":"https:\/\/departamentos.unileon.es\/ciencias-biomedicas-area-farmacologia\/#website","url":"https:\/\/departamentos.unileon.es\/ciencias-biomedicas-area-farmacologia\/","name":"\u00c1rea de Farmacolog\u00eda","description":"Otro sitio m\u00e1s de Universidad de Le\u00f3n","potentialAction":[{"@type":"SearchAction","target":{"@type":"EntryPoint","urlTemplate":"https:\/\/departamentos.unileon.es\/ciencias-biomedicas-area-farmacologia\/?s={search_term_string}"},"query-input":{"@type":"PropertyValueSpecification","valueRequired":true,"valueName":"search_term_string"}}],"inLanguage":"es"}]}},"_links":{"self":[{"href":"https:\/\/departamentos.unileon.es\/ciencias-biomedicas-area-farmacologia\/wp-json\/wp\/v2\/pages\/5","targetHints":{"allow":["GET"]}}],"collection":[{"href":"https:\/\/departamentos.unileon.es\/ciencias-biomedicas-area-farmacologia\/wp-json\/wp\/v2\/pages"}],"about":[{"href":"https:\/\/departamentos.unileon.es\/ciencias-biomedicas-area-farmacologia\/wp-json\/wp\/v2\/types\/page"}],"author":[{"embeddable":true,"href":"https:\/\/departamentos.unileon.es\/ciencias-biomedicas-area-farmacologia\/wp-json\/wp\/v2\/users\/122"}],"replies":[{"embeddable":true,"href":"https:\/\/departamentos.unileon.es\/ciencias-biomedicas-area-farmacologia\/wp-json\/wp\/v2\/comments?post=5"}],"version-history":[{"count":6,"href":"https:\/\/departamentos.unileon.es\/ciencias-biomedicas-area-farmacologia\/wp-json\/wp\/v2\/pages\/5\/revisions"}],"predecessor-version":[{"id":157,"href":"https:\/\/departamentos.unileon.es\/ciencias-biomedicas-area-farmacologia\/wp-json\/wp\/v2\/pages\/5\/revisions\/157"}],"wp:attachment":[{"href":"https:\/\/departamentos.unileon.es\/ciencias-biomedicas-area-farmacologia\/wp-json\/wp\/v2\/media?parent=5"}],"curies":[{"name":"wp","href":"https:\/\/api.w.org\/{rel}","templated":true}]}}