{"id":4,"date":"2013-10-01T12:08:18","date_gmt":"2013-10-01T12:08:18","guid":{"rendered":"http:\/\/departamentos.unileon.es\/ciencias-biomedicas-area-farmacologia\/?page_id=4"},"modified":"2023-09-29T19:59:49","modified_gmt":"2023-09-29T19:59:49","slug":"pagina-de-inicio","status":"publish","type":"page","link":"https:\/\/departamentos.unileon.es\/ciencias-biomedicas-area-farmacologia\/","title":{"rendered":"P\u00e1gina de Inicio"},"content":{"rendered":"<p>Te damos la bienvenida a la p\u00e1gina del <strong>\u00c1rea de Farmacolog\u00eda<\/strong> del Departamento de Ciencias Biom\u00e9dicas.<\/p>\n<p>&nbsp;<\/p>\n<p>&nbsp;<\/p>\n\n\n<div class=\"wp-block-columns is-layout-flex wp-container-core-columns-is-layout-9d6595d7 wp-block-columns-is-layout-flex\"><\/div>\n","protected":false},"excerpt":{"rendered":"<p>Te damos la bienvenida a la p\u00e1gina del \u00c1rea de Farmacolog\u00eda del Departamento de Ciencias Biom\u00e9dicas. &nbsp; &nbsp;<\/p>\n","protected":false},"author":122,"featured_media":0,"parent":0,"menu_order":0,"comment_status":"closed","ping_status":"open","template":"","meta":{"ngg_post_thumbnail":0,"footnotes":""},"class_list":["post-4","page","type-page","status-publish","hentry"],"yoast_head":"<!-- This site is optimized with the Yoast SEO plugin v25.8 - https:\/\/yoast.com\/wordpress\/plugins\/seo\/ -->\n<title>P\u00e1gina de Inicio - \u00c1rea de Farmacolog\u00eda<\/title>\n<meta name=\"robots\" content=\"index, follow, max-snippet:-1, max-image-preview:large, max-video-preview:-1\" \/>\n<link rel=\"canonical\" href=\"https:\/\/departamentos.unileon.es\/ciencias-biomedicas-area-farmacologia\/\" \/>\n<meta property=\"og:locale\" content=\"es_ES\" \/>\n<meta property=\"og:type\" content=\"article\" \/>\n<meta property=\"og:title\" content=\"P\u00e1gina de Inicio - \u00c1rea de Farmacolog\u00eda\" \/>\n<meta property=\"og:description\" content=\"Te damos la bienvenida a la p\u00e1gina del \u00c1rea de Farmacolog\u00eda del Departamento de Ciencias Biom\u00e9dicas. &nbsp; &nbsp;\" \/>\n<meta property=\"og:url\" content=\"https:\/\/departamentos.unileon.es\/ciencias-biomedicas-area-farmacologia\/\" \/>\n<meta property=\"og:site_name\" content=\"\u00c1rea de Farmacolog\u00eda\" \/>\n<meta property=\"article:modified_time\" content=\"2023-09-29T19:59:49+00:00\" \/>\n<meta name=\"twitter:card\" content=\"summary_large_image\" \/>\n<meta name=\"twitter:label1\" content=\"Tiempo de lectura\" \/>\n\t<meta name=\"twitter:data1\" content=\"1 minuto\" \/>\n<script type=\"application\/ld+json\" class=\"yoast-schema-graph\">{\"@context\":\"https:\/\/schema.org\",\"@graph\":[{\"@type\":\"WebPage\",\"@id\":\"https:\/\/departamentos.unileon.es\/ciencias-biomedicas-area-farmacologia\/\",\"url\":\"https:\/\/departamentos.unileon.es\/ciencias-biomedicas-area-farmacologia\/\",\"name\":\"P\u00e1gina de Inicio - \u00c1rea de Farmacolog\u00eda\",\"isPartOf\":{\"@id\":\"https:\/\/departamentos.unileon.es\/ciencias-biomedicas-area-farmacologia\/#website\"},\"datePublished\":\"2013-10-01T12:08:18+00:00\",\"dateModified\":\"2023-09-29T19:59:49+00:00\",\"inLanguage\":\"es\",\"potentialAction\":[{\"@type\":\"ReadAction\",\"target\":[\"https:\/\/departamentos.unileon.es\/ciencias-biomedicas-area-farmacologia\/\"]}]},{\"@type\":\"WebSite\",\"@id\":\"https:\/\/departamentos.unileon.es\/ciencias-biomedicas-area-farmacologia\/#website\",\"url\":\"https:\/\/departamentos.unileon.es\/ciencias-biomedicas-area-farmacologia\/\",\"name\":\"\u00c1rea de Farmacolog\u00eda\",\"description\":\"Otro sitio m\u00e1s de Universidad de Le\u00f3n\",\"potentialAction\":[{\"@type\":\"SearchAction\",\"target\":{\"@type\":\"EntryPoint\",\"urlTemplate\":\"https:\/\/departamentos.unileon.es\/ciencias-biomedicas-area-farmacologia\/?s={search_term_string}\"},\"query-input\":{\"@type\":\"PropertyValueSpecification\",\"valueRequired\":true,\"valueName\":\"search_term_string\"}}],\"inLanguage\":\"es\"}]}<\/script>\n<!-- \/ Yoast SEO plugin. -->","yoast_head_json":{"title":"P\u00e1gina de Inicio - \u00c1rea de Farmacolog\u00eda","robots":{"index":"index","follow":"follow","max-snippet":"max-snippet:-1","max-image-preview":"max-image-preview:large","max-video-preview":"max-video-preview:-1"},"canonical":"https:\/\/departamentos.unileon.es\/ciencias-biomedicas-area-farmacologia\/","og_locale":"es_ES","og_type":"article","og_title":"P\u00e1gina de Inicio - \u00c1rea de Farmacolog\u00eda","og_description":"Te damos la bienvenida a la p\u00e1gina del \u00c1rea de Farmacolog\u00eda del Departamento de Ciencias Biom\u00e9dicas. &nbsp; &nbsp;","og_url":"https:\/\/departamentos.unileon.es\/ciencias-biomedicas-area-farmacologia\/","og_site_name":"\u00c1rea de Farmacolog\u00eda","article_modified_time":"2023-09-29T19:59:49+00:00","twitter_card":"summary_large_image","twitter_misc":{"Tiempo de lectura":"1 minuto"},"schema":{"@context":"https:\/\/schema.org","@graph":[{"@type":"WebPage","@id":"https:\/\/departamentos.unileon.es\/ciencias-biomedicas-area-farmacologia\/","url":"https:\/\/departamentos.unileon.es\/ciencias-biomedicas-area-farmacologia\/","name":"P\u00e1gina de Inicio - \u00c1rea de Farmacolog\u00eda","isPartOf":{"@id":"https:\/\/departamentos.unileon.es\/ciencias-biomedicas-area-farmacologia\/#website"},"datePublished":"2013-10-01T12:08:18+00:00","dateModified":"2023-09-29T19:59:49+00:00","inLanguage":"es","potentialAction":[{"@type":"ReadAction","target":["https:\/\/departamentos.unileon.es\/ciencias-biomedicas-area-farmacologia\/"]}]},{"@type":"WebSite","@id":"https:\/\/departamentos.unileon.es\/ciencias-biomedicas-area-farmacologia\/#website","url":"https:\/\/departamentos.unileon.es\/ciencias-biomedicas-area-farmacologia\/","name":"\u00c1rea de Farmacolog\u00eda","description":"Otro sitio m\u00e1s de Universidad de Le\u00f3n","potentialAction":[{"@type":"SearchAction","target":{"@type":"EntryPoint","urlTemplate":"https:\/\/departamentos.unileon.es\/ciencias-biomedicas-area-farmacologia\/?s={search_term_string}"},"query-input":{"@type":"PropertyValueSpecification","valueRequired":true,"valueName":"search_term_string"}}],"inLanguage":"es"}]}},"_links":{"self":[{"href":"https:\/\/departamentos.unileon.es\/ciencias-biomedicas-area-farmacologia\/wp-json\/wp\/v2\/pages\/4","targetHints":{"allow":["GET"]}}],"collection":[{"href":"https:\/\/departamentos.unileon.es\/ciencias-biomedicas-area-farmacologia\/wp-json\/wp\/v2\/pages"}],"about":[{"href":"https:\/\/departamentos.unileon.es\/ciencias-biomedicas-area-farmacologia\/wp-json\/wp\/v2\/types\/page"}],"author":[{"embeddable":true,"href":"https:\/\/departamentos.unileon.es\/ciencias-biomedicas-area-farmacologia\/wp-json\/wp\/v2\/users\/122"}],"replies":[{"embeddable":true,"href":"https:\/\/departamentos.unileon.es\/ciencias-biomedicas-area-farmacologia\/wp-json\/wp\/v2\/comments?post=4"}],"version-history":[{"count":31,"href":"https:\/\/departamentos.unileon.es\/ciencias-biomedicas-area-farmacologia\/wp-json\/wp\/v2\/pages\/4\/revisions"}],"predecessor-version":[{"id":321,"href":"https:\/\/departamentos.unileon.es\/ciencias-biomedicas-area-farmacologia\/wp-json\/wp\/v2\/pages\/4\/revisions\/321"}],"wp:attachment":[{"href":"https:\/\/departamentos.unileon.es\/ciencias-biomedicas-area-farmacologia\/wp-json\/wp\/v2\/media?parent=4"}],"curies":[{"name":"wp","href":"https:\/\/api.w.org\/{rel}","templated":true}]}}