{"id":198,"date":"2019-08-26T09:58:23","date_gmt":"2019-08-26T09:58:23","guid":{"rendered":"http:\/\/departamentos.unileon.es\/ciencias-biomedicas-area-farmacologia\/?page_id=198"},"modified":"2024-10-20T17:16:53","modified_gmt":"2024-10-20T17:16:53","slug":"programa-de-doctorado-en-investigacion-aplicada-a-las-ciencias-sanitarias-por-la-universidad-de-las-palmas-de-gran-canaria-y-la-universidad-de-leon","status":"publish","type":"page","link":"https:\/\/departamentos.unileon.es\/ciencias-biomedicas-area-farmacologia\/programa-de-doctorado-en-investigacion-aplicada-a-las-ciencias-sanitarias-por-la-universidad-de-las-palmas-de-gran-canaria-y-la-universidad-de-leon\/","title":{"rendered":"Programa de Doctorado en Investigaci\u00f3n aplicada a las Ciencias Sanitarias por la Universidad de Las Palmas de Gran Canaria y la Universidad de Le\u00f3n"},"content":{"rendered":"\n<p>Te damos la bienvenida a la p\u00e1gina del Programa de Doctorado <a href=\"https:\/\/www.unileon.es\/estudiantes\/oferta-academica\/doctorados\/investigacion-aplicada-a-las-ciencias-sanitarias\" target=\"_blank\" rel=\"noopener noreferrer\">Investigaci\u00f3n aplicada a las Ciencias Sanitarias<\/a> por la Universidad de Las Palmas de Gran Canaria y la Universidad de Le\u00f3n.<\/p>\n<table class=\"sinbordes\">\n<tbody>\n<tr>\n<td style=\"text-align: center;\">\n<table class=\"sinbordes\" style=\"width: 98.01%;\">\n<tbody>\n<tr>\n<td style=\"width: 47.133%;\"><a href=\"https:\/\/departamentos.unileon.es\/ciencias-biomedicas-area-farmacologia\/files\/2024\/10\/logotipo-universidad-de-leon-01.jpg\"><img loading=\"lazy\" decoding=\"async\" class=\"aligncenter  wp-image-334\" src=\"https:\/\/departamentos.unileon.es\/ciencias-biomedicas-area-farmacologia\/files\/2024\/10\/logotipo-universidad-de-leon-01-300x214.jpg\" alt=\"\" width=\"195\" height=\"139\" srcset=\"https:\/\/departamentos.unileon.es\/ciencias-biomedicas-area-farmacologia\/files\/2024\/10\/logotipo-universidad-de-leon-01-300x214.jpg 300w, https:\/\/departamentos.unileon.es\/ciencias-biomedicas-area-farmacologia\/files\/2024\/10\/logotipo-universidad-de-leon-01-1024x730.jpg 1024w, https:\/\/departamentos.unileon.es\/ciencias-biomedicas-area-farmacologia\/files\/2024\/10\/logotipo-universidad-de-leon-01-768x548.jpg 768w, https:\/\/departamentos.unileon.es\/ciencias-biomedicas-area-farmacologia\/files\/2024\/10\/logotipo-universidad-de-leon-01-1536x1095.jpg 1536w, https:\/\/departamentos.unileon.es\/ciencias-biomedicas-area-farmacologia\/files\/2024\/10\/logotipo-universidad-de-leon-01-2048x1460.jpg 2048w\" sizes=\"auto, (max-width: 195px) 100vw, 195px\" \/><\/a><\/td>\n<td style=\"width: 50.2074%;\"><a href=\"http:\/\/departamentos.unileon.es\/ciencias-biomedicas-area-farmacologia\/files\/2021\/09\/ulpgc3.jpg\"><img loading=\"lazy\" decoding=\"async\" class=\"aligncenter size-full wp-image-240\" src=\"http:\/\/departamentos.unileon.es\/ciencias-biomedicas-area-farmacologia\/files\/2021\/09\/ulpgc3.jpg\" alt=\"\" width=\"279\" height=\"139\"><\/a><\/td>\n<td style=\"width: 0.886525%;\">&nbsp;<\/td>\n<\/tr>\n<\/tbody>\n<\/table>\n<\/td>\n<\/tr>\n<tr>\n<td style=\"text-align: center;\"><a href=\"http:\/\/www.ipb.pt\"><img decoding=\"async\" src=\"http:\/\/departamentos.unileon.es\/ciencias-biomedicas-area-farmacologia\/files\/2014\/02\/06logo_ipbraganca.png\" alt=\"Instituto Polit\u00e9cnico de Bragan\u00e7a\"><\/a><\/td>\n<\/tr>\n<tr>\n<td>\n<table class=\"sinbordes\">\n<tbody>\n<tr>\n<td><img decoding=\"async\" src=\"http:\/\/departamentos.unileon.es\/ciencias-biomedicas-area-farmacologia\/files\/2014\/02\/02logo_fis.png\" alt=\"Fundaci\u00f3n de Investigaci\u00f3n Sanitaria de Le\u00f3n\"><\/td>\n<td><a href=\"http:\/\/www.ajs.es\"><img decoding=\"async\" src=\"http:\/\/departamentos.unileon.es\/ciencias-biomedicas-area-farmacologia\/files\/2014\/02\/07logo_js.png\" alt=\"Asociaci\u00f3n de Juristas de la Salud\"><\/a><\/td>\n<td><a href=\"http:\/\/www.ipleiria.pt\"><img decoding=\"async\" src=\"http:\/\/departamentos.unileon.es\/ciencias-biomedicas-area-farmacologia\/files\/2014\/02\/04logo_ipl.png\" alt=\"Instituto Polit\u00e9cnico de Leiria\"><\/a><\/td>\n<\/tr>\n<\/tbody>\n<\/table>\n<\/td>\n<\/tr>\n<\/tbody>\n<\/table>\n","protected":false},"excerpt":{"rendered":"<p>Te damos la bienvenida a la p\u00e1gina del Programa de Doctorado Investigaci\u00f3n aplicada a las Ciencias Sanitarias por la Universidad de Las Palmas de Gran Canaria y la Universidad de Le\u00f3n. &nbsp;<\/p>\n","protected":false},"author":122,"featured_media":0,"parent":0,"menu_order":0,"comment_status":"closed","ping_status":"closed","template":"","meta":{"ngg_post_thumbnail":0,"footnotes":""},"class_list":["post-198","page","type-page","status-publish","hentry"],"yoast_head":"<!-- This site is optimized with the Yoast SEO plugin v25.8 - https:\/\/yoast.com\/wordpress\/plugins\/seo\/ -->\n<title>Programa de Doctorado en Investigaci\u00f3n aplicada a las Ciencias Sanitarias por la Universidad de Las Palmas de Gran Canaria y la Universidad de Le\u00f3n - \u00c1rea de Farmacolog\u00eda<\/title>\n<meta name=\"robots\" content=\"index, follow, max-snippet:-1, max-image-preview:large, max-video-preview:-1\" \/>\n<link rel=\"canonical\" href=\"https:\/\/departamentos.unileon.es\/ciencias-biomedicas-area-farmacologia\/programa-de-doctorado-en-investigacion-aplicada-a-las-ciencias-sanitarias-por-la-universidad-de-las-palmas-de-gran-canaria-y-la-universidad-de-leon\/\" \/>\n<meta property=\"og:locale\" content=\"es_ES\" \/>\n<meta property=\"og:type\" content=\"article\" \/>\n<meta property=\"og:title\" content=\"Programa de Doctorado en Investigaci\u00f3n aplicada a las Ciencias Sanitarias por la Universidad de Las Palmas de Gran Canaria y la Universidad de Le\u00f3n - \u00c1rea de Farmacolog\u00eda\" \/>\n<meta property=\"og:description\" content=\"Te damos la bienvenida a la p\u00e1gina del Programa de Doctorado Investigaci\u00f3n aplicada a las Ciencias Sanitarias por la Universidad de Las Palmas de Gran Canaria y la Universidad de Le\u00f3n. &nbsp;\" \/>\n<meta property=\"og:url\" content=\"https:\/\/departamentos.unileon.es\/ciencias-biomedicas-area-farmacologia\/programa-de-doctorado-en-investigacion-aplicada-a-las-ciencias-sanitarias-por-la-universidad-de-las-palmas-de-gran-canaria-y-la-universidad-de-leon\/\" \/>\n<meta property=\"og:site_name\" content=\"\u00c1rea de Farmacolog\u00eda\" \/>\n<meta property=\"article:modified_time\" content=\"2024-10-20T17:16:53+00:00\" \/>\n<meta property=\"og:image\" content=\"https:\/\/departamentos.unileon.es\/ciencias-biomedicas-area-farmacologia\/files\/2024\/10\/logotipo-universidad-de-leon-01-300x214.jpg\" \/>\n<meta name=\"twitter:card\" content=\"summary_large_image\" \/>\n<meta name=\"twitter:label1\" content=\"Tiempo de lectura\" \/>\n\t<meta name=\"twitter:data1\" content=\"2 minutos\" \/>\n<script type=\"application\/ld+json\" class=\"yoast-schema-graph\">{\"@context\":\"https:\/\/schema.org\",\"@graph\":[{\"@type\":\"WebPage\",\"@id\":\"https:\/\/departamentos.unileon.es\/ciencias-biomedicas-area-farmacologia\/programa-de-doctorado-en-investigacion-aplicada-a-las-ciencias-sanitarias-por-la-universidad-de-las-palmas-de-gran-canaria-y-la-universidad-de-leon\/\",\"url\":\"https:\/\/departamentos.unileon.es\/ciencias-biomedicas-area-farmacologia\/programa-de-doctorado-en-investigacion-aplicada-a-las-ciencias-sanitarias-por-la-universidad-de-las-palmas-de-gran-canaria-y-la-universidad-de-leon\/\",\"name\":\"Programa de Doctorado en Investigaci\u00f3n aplicada a las Ciencias Sanitarias por la Universidad de Las Palmas de Gran Canaria y la Universidad de Le\u00f3n - \u00c1rea de Farmacolog\u00eda\",\"isPartOf\":{\"@id\":\"https:\/\/departamentos.unileon.es\/ciencias-biomedicas-area-farmacologia\/#website\"},\"primaryImageOfPage\":{\"@id\":\"https:\/\/departamentos.unileon.es\/ciencias-biomedicas-area-farmacologia\/programa-de-doctorado-en-investigacion-aplicada-a-las-ciencias-sanitarias-por-la-universidad-de-las-palmas-de-gran-canaria-y-la-universidad-de-leon\/#primaryimage\"},\"image\":{\"@id\":\"https:\/\/departamentos.unileon.es\/ciencias-biomedicas-area-farmacologia\/programa-de-doctorado-en-investigacion-aplicada-a-las-ciencias-sanitarias-por-la-universidad-de-las-palmas-de-gran-canaria-y-la-universidad-de-leon\/#primaryimage\"},\"thumbnailUrl\":\"https:\/\/departamentos.unileon.es\/ciencias-biomedicas-area-farmacologia\/files\/2024\/10\/logotipo-universidad-de-leon-01-300x214.jpg\",\"datePublished\":\"2019-08-26T09:58:23+00:00\",\"dateModified\":\"2024-10-20T17:16:53+00:00\",\"inLanguage\":\"es\",\"potentialAction\":[{\"@type\":\"ReadAction\",\"target\":[\"https:\/\/departamentos.unileon.es\/ciencias-biomedicas-area-farmacologia\/programa-de-doctorado-en-investigacion-aplicada-a-las-ciencias-sanitarias-por-la-universidad-de-las-palmas-de-gran-canaria-y-la-universidad-de-leon\/\"]}]},{\"@type\":\"ImageObject\",\"inLanguage\":\"es\",\"@id\":\"https:\/\/departamentos.unileon.es\/ciencias-biomedicas-area-farmacologia\/programa-de-doctorado-en-investigacion-aplicada-a-las-ciencias-sanitarias-por-la-universidad-de-las-palmas-de-gran-canaria-y-la-universidad-de-leon\/#primaryimage\",\"url\":\"https:\/\/departamentos.unileon.es\/ciencias-biomedicas-area-farmacologia\/files\/2024\/10\/logotipo-universidad-de-leon-01.jpg\",\"contentUrl\":\"https:\/\/departamentos.unileon.es\/ciencias-biomedicas-area-farmacologia\/files\/2024\/10\/logotipo-universidad-de-leon-01.jpg\",\"width\":2551,\"height\":1819},{\"@type\":\"WebSite\",\"@id\":\"https:\/\/departamentos.unileon.es\/ciencias-biomedicas-area-farmacologia\/#website\",\"url\":\"https:\/\/departamentos.unileon.es\/ciencias-biomedicas-area-farmacologia\/\",\"name\":\"\u00c1rea de Farmacolog\u00eda\",\"description\":\"Otro sitio m\u00e1s de Universidad de Le\u00f3n\",\"potentialAction\":[{\"@type\":\"SearchAction\",\"target\":{\"@type\":\"EntryPoint\",\"urlTemplate\":\"https:\/\/departamentos.unileon.es\/ciencias-biomedicas-area-farmacologia\/?s={search_term_string}\"},\"query-input\":{\"@type\":\"PropertyValueSpecification\",\"valueRequired\":true,\"valueName\":\"search_term_string\"}}],\"inLanguage\":\"es\"}]}<\/script>\n<!-- \/ Yoast SEO plugin. -->","yoast_head_json":{"title":"Programa de Doctorado en Investigaci\u00f3n aplicada a las Ciencias Sanitarias por la Universidad de Las Palmas de Gran Canaria y la Universidad de Le\u00f3n - \u00c1rea de Farmacolog\u00eda","robots":{"index":"index","follow":"follow","max-snippet":"max-snippet:-1","max-image-preview":"max-image-preview:large","max-video-preview":"max-video-preview:-1"},"canonical":"https:\/\/departamentos.unileon.es\/ciencias-biomedicas-area-farmacologia\/programa-de-doctorado-en-investigacion-aplicada-a-las-ciencias-sanitarias-por-la-universidad-de-las-palmas-de-gran-canaria-y-la-universidad-de-leon\/","og_locale":"es_ES","og_type":"article","og_title":"Programa de Doctorado en Investigaci\u00f3n aplicada a las Ciencias Sanitarias por la Universidad de Las Palmas de Gran Canaria y la Universidad de Le\u00f3n - \u00c1rea de Farmacolog\u00eda","og_description":"Te damos la bienvenida a la p\u00e1gina del Programa de Doctorado Investigaci\u00f3n aplicada a las Ciencias Sanitarias por la Universidad de Las Palmas de Gran Canaria y la Universidad de Le\u00f3n. &nbsp;","og_url":"https:\/\/departamentos.unileon.es\/ciencias-biomedicas-area-farmacologia\/programa-de-doctorado-en-investigacion-aplicada-a-las-ciencias-sanitarias-por-la-universidad-de-las-palmas-de-gran-canaria-y-la-universidad-de-leon\/","og_site_name":"\u00c1rea de Farmacolog\u00eda","article_modified_time":"2024-10-20T17:16:53+00:00","og_image":[{"url":"https:\/\/departamentos.unileon.es\/ciencias-biomedicas-area-farmacologia\/files\/2024\/10\/logotipo-universidad-de-leon-01-300x214.jpg","type":"","width":"","height":""}],"twitter_card":"summary_large_image","twitter_misc":{"Tiempo de lectura":"2 minutos"},"schema":{"@context":"https:\/\/schema.org","@graph":[{"@type":"WebPage","@id":"https:\/\/departamentos.unileon.es\/ciencias-biomedicas-area-farmacologia\/programa-de-doctorado-en-investigacion-aplicada-a-las-ciencias-sanitarias-por-la-universidad-de-las-palmas-de-gran-canaria-y-la-universidad-de-leon\/","url":"https:\/\/departamentos.unileon.es\/ciencias-biomedicas-area-farmacologia\/programa-de-doctorado-en-investigacion-aplicada-a-las-ciencias-sanitarias-por-la-universidad-de-las-palmas-de-gran-canaria-y-la-universidad-de-leon\/","name":"Programa de Doctorado en Investigaci\u00f3n aplicada a las Ciencias Sanitarias por la Universidad de Las Palmas de Gran Canaria y la Universidad de Le\u00f3n - \u00c1rea de Farmacolog\u00eda","isPartOf":{"@id":"https:\/\/departamentos.unileon.es\/ciencias-biomedicas-area-farmacologia\/#website"},"primaryImageOfPage":{"@id":"https:\/\/departamentos.unileon.es\/ciencias-biomedicas-area-farmacologia\/programa-de-doctorado-en-investigacion-aplicada-a-las-ciencias-sanitarias-por-la-universidad-de-las-palmas-de-gran-canaria-y-la-universidad-de-leon\/#primaryimage"},"image":{"@id":"https:\/\/departamentos.unileon.es\/ciencias-biomedicas-area-farmacologia\/programa-de-doctorado-en-investigacion-aplicada-a-las-ciencias-sanitarias-por-la-universidad-de-las-palmas-de-gran-canaria-y-la-universidad-de-leon\/#primaryimage"},"thumbnailUrl":"https:\/\/departamentos.unileon.es\/ciencias-biomedicas-area-farmacologia\/files\/2024\/10\/logotipo-universidad-de-leon-01-300x214.jpg","datePublished":"2019-08-26T09:58:23+00:00","dateModified":"2024-10-20T17:16:53+00:00","inLanguage":"es","potentialAction":[{"@type":"ReadAction","target":["https:\/\/departamentos.unileon.es\/ciencias-biomedicas-area-farmacologia\/programa-de-doctorado-en-investigacion-aplicada-a-las-ciencias-sanitarias-por-la-universidad-de-las-palmas-de-gran-canaria-y-la-universidad-de-leon\/"]}]},{"@type":"ImageObject","inLanguage":"es","@id":"https:\/\/departamentos.unileon.es\/ciencias-biomedicas-area-farmacologia\/programa-de-doctorado-en-investigacion-aplicada-a-las-ciencias-sanitarias-por-la-universidad-de-las-palmas-de-gran-canaria-y-la-universidad-de-leon\/#primaryimage","url":"https:\/\/departamentos.unileon.es\/ciencias-biomedicas-area-farmacologia\/files\/2024\/10\/logotipo-universidad-de-leon-01.jpg","contentUrl":"https:\/\/departamentos.unileon.es\/ciencias-biomedicas-area-farmacologia\/files\/2024\/10\/logotipo-universidad-de-leon-01.jpg","width":2551,"height":1819},{"@type":"WebSite","@id":"https:\/\/departamentos.unileon.es\/ciencias-biomedicas-area-farmacologia\/#website","url":"https:\/\/departamentos.unileon.es\/ciencias-biomedicas-area-farmacologia\/","name":"\u00c1rea de Farmacolog\u00eda","description":"Otro sitio m\u00e1s de Universidad de Le\u00f3n","potentialAction":[{"@type":"SearchAction","target":{"@type":"EntryPoint","urlTemplate":"https:\/\/departamentos.unileon.es\/ciencias-biomedicas-area-farmacologia\/?s={search_term_string}"},"query-input":{"@type":"PropertyValueSpecification","valueRequired":true,"valueName":"search_term_string"}}],"inLanguage":"es"}]}},"_links":{"self":[{"href":"https:\/\/departamentos.unileon.es\/ciencias-biomedicas-area-farmacologia\/wp-json\/wp\/v2\/pages\/198","targetHints":{"allow":["GET"]}}],"collection":[{"href":"https:\/\/departamentos.unileon.es\/ciencias-biomedicas-area-farmacologia\/wp-json\/wp\/v2\/pages"}],"about":[{"href":"https:\/\/departamentos.unileon.es\/ciencias-biomedicas-area-farmacologia\/wp-json\/wp\/v2\/types\/page"}],"author":[{"embeddable":true,"href":"https:\/\/departamentos.unileon.es\/ciencias-biomedicas-area-farmacologia\/wp-json\/wp\/v2\/users\/122"}],"replies":[{"embeddable":true,"href":"https:\/\/departamentos.unileon.es\/ciencias-biomedicas-area-farmacologia\/wp-json\/wp\/v2\/comments?post=198"}],"version-history":[{"count":7,"href":"https:\/\/departamentos.unileon.es\/ciencias-biomedicas-area-farmacologia\/wp-json\/wp\/v2\/pages\/198\/revisions"}],"predecessor-version":[{"id":335,"href":"https:\/\/departamentos.unileon.es\/ciencias-biomedicas-area-farmacologia\/wp-json\/wp\/v2\/pages\/198\/revisions\/335"}],"wp:attachment":[{"href":"https:\/\/departamentos.unileon.es\/ciencias-biomedicas-area-farmacologia\/wp-json\/wp\/v2\/media?parent=198"}],"curies":[{"name":"wp","href":"https:\/\/api.w.org\/{rel}","templated":true}]}}