{"id":12,"date":"2013-10-01T12:09:50","date_gmt":"2013-10-01T12:09:50","guid":{"rendered":"http:\/\/departamentos.unileon.es\/ciencias-biomedicas-area-farmacologia\/?page_id=12"},"modified":"2026-02-03T07:34:55","modified_gmt":"2026-02-03T07:34:55","slug":"personal","status":"publish","type":"page","link":"https:\/\/departamentos.unileon.es\/ciencias-biomedicas-area-farmacologia\/personal\/","title":{"rendered":"Profesores e investigadores del \u00c1rea"},"content":{"rendered":"<ul>\n<li><a href=\"http:\/\/www.unileon.es\/directorio-y-telefonos?usuario=rdielz\"><strong>RAQUEL D\u00cdEZ L\u00c1IZ<\/strong><\/a> \u2013 Profesora Titular de Universidad<br>Licenciada en Farmacia. Universidad de Salamanca, 2004. Doctora por la Universidad de Le\u00f3n, 2010. Graduada en Nutrici\u00f3n Humana y Diet\u00e9tica, Universidad Internacional Isabel I de Castilla, 2017.<br>ORCID: <a href=\"https:\/\/orcid.org\/0000-0003-3729-5431\">0000-0003-3729-5431<\/a>. Enlace al <a href=\"https:\/\/portalcientifico.unileon.es\/investigadores\/97498\/detalle\">portal cient\u00edfico<\/a> de la Ule.<\/li>\n<li><a href=\"http:\/\/www.unileon.es\/directorio-y-telefonos?usuario=mjdiel\"><strong>MAR\u00cdA JOS\u00c9 D\u00cdEZ LI\u00c9BANA<\/strong><\/a> \u2013 Catedr\u00e1tica de Universidad<br>Licenciada en Veterinaria. Universidad de Le\u00f3n, 1982. Doctora en Veterinaria, Universidad de Le\u00f3n, 1989.<br>ORCID: <a href=\"https:\/\/orcid.org\/0000-0002-2101-3906\">0000-0002-2101-3906<\/a>. Enlace al <a href=\"https:\/\/portalcientifico.unileon.es\/investigadores\/96876\/detalle\">portal cient\u00edfico<\/a> de la Ule.<\/li>\n<li><a href=\"http:\/\/www.unileon.es\/directorio-y-telefonos?usuario=mnferm\"><strong>MAR\u00cdA N\u00c9LIDA FERN\u00c1NDEZ MART\u00cdNEZ<\/strong><\/a> \u2013 Catedr\u00e1tica de Universidad<br>Licenciada en Farmacia. Universidad de Salamanca, 1990. Doctora en Farmacia, Universidad de Salamanca, 1995.<br>ORCID: <a href=\"https:\/\/orcid.org\/0000-0002-1225-4097\">0000-0002-1225-4097<\/a>. Enlace al <a href=\"https:\/\/portalcientifico.unileon.es\/investigadores\/96977\/detalle\">portal cient\u00edfico<\/a> de la Ule.<\/li>\n<li><strong><a href=\"http:\/\/www.unileon.es\/directorio-y-telefonos?usuario=clopcd\">CRISTINA L\u00d3PEZ CADENAS<\/a><\/strong> \u2013 Profesora Permanente Laboral<br>Licenciada en Veterinaria. Universidad de Le\u00f3n, 2005. Doctora por la Universidad de Le\u00f3n, 2010.<br>ORCID: <a href=\"https:\/\/orcid.org\/0000-0001-6229-9560\">0000-0001-6229-9560<\/a>. Enlace al <a href=\"https:\/\/portalcientifico.unileon.es\/investigadores\/97503\/detalle\">portal cient\u00edfico<\/a> de la Ule.<\/li>\n<li><strong><a href=\"https:\/\/www.unileon.es\/directorio-y-telefonos?usuario=mamarl\">MAR\u00cdA JESUSA MART\u00cdNEZ L\u00d3PEZ<\/a><\/strong> \u2013 Profesora Asociada<br>Licenciada en Farmacia. Universidad de Santiago de Compostela, 1995.<\/li>\n<li><a href=\"https:\/\/www.unileon.es\/directorio-y-telefonos\"><strong>RA\u00daL DE LA PUENTE GARC\u00cdA<\/strong><\/a> &#8211; Profesor Ayudante Doctor<br>Licenciado en Biolog\u00eda, Universidad de Le\u00f3n, 2003. Doctor por la Universidad de Le\u00f3n, 2012.<br>ORCID: <a href=\"https:\/\/orcid.org\/0000-0002-7678-8127\">0000-0002-7678-8127<\/a>. Enlace al <a href=\"https:\/\/portalcientifico.unileon.es\/investigadores\/1286886\/detalle\">portal cient\u00edfico<\/a> de la Ule.<\/li>\n<li><strong><a href=\"http:\/\/www.unileon.es\/directorio-y-telefonos?usuario=jmrodl\">JOS\u00c9 MANUEL RODR\u00cdGUEZ LAGO<\/a><\/strong> \u2013 Profesor Asociado<br>Licenciado en Veterinaria, Universidad de Le\u00f3n, 1990. Doctor por la Universidad de Le\u00f3n, 2016.<br>ORCID: <a href=\"https:\/\/orcid.org\/0000-0001-9463-1628\">0000-0001-9463-1628<\/a>.&nbsp;<\/li>\n<li><a href=\"https:\/\/www.unileon.es\/directorio-y-telefonos?usuario=bromg\"><strong>BEATRIZ ROMERO G\u00d3MEZ<\/strong><\/a> &#8211; Profesora Ayudante Doctora<br>Graduada en Veterinaria, Universidad de Le\u00f3n, 2021. Doctora por la Universidad de Le\u00f3n, 2025.<br>ORCID: <a href=\"https:\/\/orcid.org\/0000-0002-5416-7813\">0000-0002-5416-7813<\/a><\/li>\n<li><a href=\"http:\/\/www.unileon.es\/directorio-y-telefonos?usuario=amsahp\"><strong>ANA MAR\u00cdA SAHAG\u00daN PRIETO<\/strong><\/a> \u2013 Catedr\u00e1tica de Universidad<br>Licenciada en Veterinaria. Universidad de Le\u00f3n, 1992. Licenciada en Ciencia y Tecnolog\u00eda de los alimentos. Universidad de Le\u00f3n, 1998. Doctora en Veterinaria, Universidad de Le\u00f3n, 1998.<br>ORCID: <a href=\"https:\/\/orcid.org\/0000-0003-3311-4226\">0000-0003-3311-4226<\/a>. Enlace al <a href=\"https:\/\/portalcientifico.unileon.es\/investigadores\/97009\/detalle\">portal cient\u00edfico<\/a> de la Ule.<\/li>\n<li><a href=\"https:\/\/www.unileon.es\/directorio-y-telefonos?usuario=evaza\"><strong>EVA MILENA V\u00c1ZQUEZ ACERO<\/strong><\/a> &#8211; Profesora Sustituta<br>Graduada en Farmacia, Universidad de Salamanca, 2020. Doctora por la Universidad de Le\u00f3n, 2025.<br>ORCID: <a href=\"https:\/\/orcid.org\/0009-0002-6092-3467\">0009-0002-6092-3467<\/a><\/li>\n<\/ul>\n<h2>Personal investigador colaborador del \u00c1rea de Farmacolog\u00eda<\/h2>\n<ul>\n<li><strong>JUAN CARLOS \u00c1LVAREZ TORICES<\/strong> \u2013 Colaborador Honor\u00edfico de Investigaci\u00f3n<br>Licenciado en Medicina y Cirug\u00eda, Universidad de Oviedo, 1983. Doctor en Medicina y Cirug\u00eda, Universidad de Oviedo, 1992.<\/li>\n<li><strong>IRIA BELTR\u00c1N RODR\u00cdGUEZ<\/strong> \u2013 Colaboradora Honor\u00edfica de Investigaci\u00f3n<br>Graduada en Medicina, Universidad de Santiago de Compostela, 2017. Doctora por la Universidad de Le\u00f3n, 2021.<\/li>\n<li><strong>ANA MAR\u00cdA DOM\u00cdNGUEZ BERROT<\/strong> \u2013 Colaboradora Honor\u00edfica de Investigaci\u00f3n<br>Licenciada en Medicina y Cirug\u00eda, Universidad de Oviedo, 1990. Doctora por la Universidad de Valladolid, 2006.<\/li>\n<li><strong>ROBERTO GONZ\u00c1LEZ FERN\u00c1NDEZ<\/strong> &#8211; Colaborador Honor\u00edfico de Investigaci\u00f3n<br>Graduado en Enfermer\u00eda, Universidad de Le\u00f3n, 2021.<\/li>\n<li><strong>LUIS HERN\u00c1NDEZ ECHEBARR\u00cdA<\/strong> \u2013 Colaborador Honor\u00edfico de Investigaci\u00f3n<br>Licenciado en Medicina y Cirug\u00eda. Doctor por la Universidad de Le\u00f3n, 2009.<\/li>\n<li><strong>CES\u00c1REO L\u00d3PEZ RODR\u00cdGUEZ<\/strong> &#8211; Colaborador Honor\u00edfico de Investigaci\u00f3n<br>Licenciado en Medicina y Cirug\u00eda, Universidad de Valladolid, 1982. Doctor en Medicina y Cirug\u00eda, Universidad de Oviedo, 1991.<\/li>\n<li><strong>ALEJANDRO PELAZ GARC\u00cdA<\/strong> \u2013 Colaborador Honor\u00edfico de Investigaci\u00f3n<br>Licenciado en Medicina y Cirug\u00eda, Universidad de Valladolid, 1995. Licenciado en Odontolog\u00eda, Universidad de Oviedo, 2009. Doctor por la Universidad de Oviedo, 2013.<\/li>\n<\/ul>\n\n","protected":false},"excerpt":{"rendered":"<p>RAQUEL D\u00cdEZ L\u00c1IZ \u2013 Profesora Titular de UniversidadLicenciada en Farmacia. Universidad de Salamanca, 2004. Doctora por la Universidad de Le\u00f3n, 2010. Graduada en Nutrici\u00f3n Humana y Diet\u00e9tica, Universidad Internacional Isabel I de Castilla, 2017.ORCID: 0000-0003-3729-5431. Enlace al portal cient\u00edfico de la Ule. MAR\u00cdA JOS\u00c9 D\u00cdEZ LI\u00c9BANA \u2013 Catedr\u00e1tica de UniversidadLicenciada en Veterinaria. Universidad de Le\u00f3n, [&hellip;]<\/p>\n","protected":false},"author":122,"featured_media":0,"parent":0,"menu_order":0,"comment_status":"closed","ping_status":"open","template":"","meta":{"ngg_post_thumbnail":0,"footnotes":""},"class_list":["post-12","page","type-page","status-publish","hentry"],"yoast_head":"<!-- This site is optimized with the Yoast SEO plugin v25.8 - https:\/\/yoast.com\/wordpress\/plugins\/seo\/ -->\n<title>Profesores e investigadores del \u00c1rea - \u00c1rea de Farmacolog\u00eda<\/title>\n<meta name=\"robots\" content=\"index, follow, max-snippet:-1, max-image-preview:large, max-video-preview:-1\" \/>\n<link rel=\"canonical\" href=\"https:\/\/departamentos.unileon.es\/ciencias-biomedicas-area-farmacologia\/personal\/\" \/>\n<meta property=\"og:locale\" content=\"es_ES\" \/>\n<meta property=\"og:type\" content=\"article\" \/>\n<meta property=\"og:title\" content=\"Profesores e investigadores del \u00c1rea - \u00c1rea de Farmacolog\u00eda\" \/>\n<meta property=\"og:description\" content=\"RAQUEL D\u00cdEZ L\u00c1IZ \u2013 Profesora Titular de UniversidadLicenciada en Farmacia. Universidad de Salamanca, 2004. Doctora por la Universidad de Le\u00f3n, 2010. Graduada en Nutrici\u00f3n Humana y Diet\u00e9tica, Universidad Internacional Isabel I de Castilla, 2017.ORCID: 0000-0003-3729-5431. Enlace al portal cient\u00edfico de la Ule. MAR\u00cdA JOS\u00c9 D\u00cdEZ LI\u00c9BANA \u2013 Catedr\u00e1tica de UniversidadLicenciada en Veterinaria. Universidad de Le\u00f3n, [&hellip;]\" \/>\n<meta property=\"og:url\" content=\"https:\/\/departamentos.unileon.es\/ciencias-biomedicas-area-farmacologia\/personal\/\" \/>\n<meta property=\"og:site_name\" content=\"\u00c1rea de Farmacolog\u00eda\" \/>\n<meta property=\"article:modified_time\" content=\"2026-02-03T07:34:55+00:00\" \/>\n<meta name=\"twitter:card\" content=\"summary_large_image\" \/>\n<meta name=\"twitter:label1\" content=\"Tiempo de lectura\" \/>\n\t<meta name=\"twitter:data1\" content=\"3 minutos\" \/>\n<script type=\"application\/ld+json\" class=\"yoast-schema-graph\">{\"@context\":\"https:\/\/schema.org\",\"@graph\":[{\"@type\":\"WebPage\",\"@id\":\"https:\/\/departamentos.unileon.es\/ciencias-biomedicas-area-farmacologia\/personal\/\",\"url\":\"https:\/\/departamentos.unileon.es\/ciencias-biomedicas-area-farmacologia\/personal\/\",\"name\":\"Profesores e investigadores del \u00c1rea - \u00c1rea de Farmacolog\u00eda\",\"isPartOf\":{\"@id\":\"https:\/\/departamentos.unileon.es\/ciencias-biomedicas-area-farmacologia\/#website\"},\"datePublished\":\"2013-10-01T12:09:50+00:00\",\"dateModified\":\"2026-02-03T07:34:55+00:00\",\"inLanguage\":\"es\",\"potentialAction\":[{\"@type\":\"ReadAction\",\"target\":[\"https:\/\/departamentos.unileon.es\/ciencias-biomedicas-area-farmacologia\/personal\/\"]}]},{\"@type\":\"WebSite\",\"@id\":\"https:\/\/departamentos.unileon.es\/ciencias-biomedicas-area-farmacologia\/#website\",\"url\":\"https:\/\/departamentos.unileon.es\/ciencias-biomedicas-area-farmacologia\/\",\"name\":\"\u00c1rea de Farmacolog\u00eda\",\"description\":\"Otro sitio m\u00e1s de Universidad de Le\u00f3n\",\"potentialAction\":[{\"@type\":\"SearchAction\",\"target\":{\"@type\":\"EntryPoint\",\"urlTemplate\":\"https:\/\/departamentos.unileon.es\/ciencias-biomedicas-area-farmacologia\/?s={search_term_string}\"},\"query-input\":{\"@type\":\"PropertyValueSpecification\",\"valueRequired\":true,\"valueName\":\"search_term_string\"}}],\"inLanguage\":\"es\"}]}<\/script>\n<!-- \/ Yoast SEO plugin. -->","yoast_head_json":{"title":"Profesores e investigadores del \u00c1rea - \u00c1rea de Farmacolog\u00eda","robots":{"index":"index","follow":"follow","max-snippet":"max-snippet:-1","max-image-preview":"max-image-preview:large","max-video-preview":"max-video-preview:-1"},"canonical":"https:\/\/departamentos.unileon.es\/ciencias-biomedicas-area-farmacologia\/personal\/","og_locale":"es_ES","og_type":"article","og_title":"Profesores e investigadores del \u00c1rea - \u00c1rea de Farmacolog\u00eda","og_description":"RAQUEL D\u00cdEZ L\u00c1IZ \u2013 Profesora Titular de UniversidadLicenciada en Farmacia. Universidad de Salamanca, 2004. Doctora por la Universidad de Le\u00f3n, 2010. Graduada en Nutrici\u00f3n Humana y Diet\u00e9tica, Universidad Internacional Isabel I de Castilla, 2017.ORCID: 0000-0003-3729-5431. Enlace al portal cient\u00edfico de la Ule. MAR\u00cdA JOS\u00c9 D\u00cdEZ LI\u00c9BANA \u2013 Catedr\u00e1tica de UniversidadLicenciada en Veterinaria. Universidad de Le\u00f3n, [&hellip;]","og_url":"https:\/\/departamentos.unileon.es\/ciencias-biomedicas-area-farmacologia\/personal\/","og_site_name":"\u00c1rea de Farmacolog\u00eda","article_modified_time":"2026-02-03T07:34:55+00:00","twitter_card":"summary_large_image","twitter_misc":{"Tiempo de lectura":"3 minutos"},"schema":{"@context":"https:\/\/schema.org","@graph":[{"@type":"WebPage","@id":"https:\/\/departamentos.unileon.es\/ciencias-biomedicas-area-farmacologia\/personal\/","url":"https:\/\/departamentos.unileon.es\/ciencias-biomedicas-area-farmacologia\/personal\/","name":"Profesores e investigadores del \u00c1rea - \u00c1rea de Farmacolog\u00eda","isPartOf":{"@id":"https:\/\/departamentos.unileon.es\/ciencias-biomedicas-area-farmacologia\/#website"},"datePublished":"2013-10-01T12:09:50+00:00","dateModified":"2026-02-03T07:34:55+00:00","inLanguage":"es","potentialAction":[{"@type":"ReadAction","target":["https:\/\/departamentos.unileon.es\/ciencias-biomedicas-area-farmacologia\/personal\/"]}]},{"@type":"WebSite","@id":"https:\/\/departamentos.unileon.es\/ciencias-biomedicas-area-farmacologia\/#website","url":"https:\/\/departamentos.unileon.es\/ciencias-biomedicas-area-farmacologia\/","name":"\u00c1rea de Farmacolog\u00eda","description":"Otro sitio m\u00e1s de Universidad de Le\u00f3n","potentialAction":[{"@type":"SearchAction","target":{"@type":"EntryPoint","urlTemplate":"https:\/\/departamentos.unileon.es\/ciencias-biomedicas-area-farmacologia\/?s={search_term_string}"},"query-input":{"@type":"PropertyValueSpecification","valueRequired":true,"valueName":"search_term_string"}}],"inLanguage":"es"}]}},"_links":{"self":[{"href":"https:\/\/departamentos.unileon.es\/ciencias-biomedicas-area-farmacologia\/wp-json\/wp\/v2\/pages\/12","targetHints":{"allow":["GET"]}}],"collection":[{"href":"https:\/\/departamentos.unileon.es\/ciencias-biomedicas-area-farmacologia\/wp-json\/wp\/v2\/pages"}],"about":[{"href":"https:\/\/departamentos.unileon.es\/ciencias-biomedicas-area-farmacologia\/wp-json\/wp\/v2\/types\/page"}],"author":[{"embeddable":true,"href":"https:\/\/departamentos.unileon.es\/ciencias-biomedicas-area-farmacologia\/wp-json\/wp\/v2\/users\/122"}],"replies":[{"embeddable":true,"href":"https:\/\/departamentos.unileon.es\/ciencias-biomedicas-area-farmacologia\/wp-json\/wp\/v2\/comments?post=12"}],"version-history":[{"count":33,"href":"https:\/\/departamentos.unileon.es\/ciencias-biomedicas-area-farmacologia\/wp-json\/wp\/v2\/pages\/12\/revisions"}],"predecessor-version":[{"id":379,"href":"https:\/\/departamentos.unileon.es\/ciencias-biomedicas-area-farmacologia\/wp-json\/wp\/v2\/pages\/12\/revisions\/379"}],"wp:attachment":[{"href":"https:\/\/departamentos.unileon.es\/ciencias-biomedicas-area-farmacologia\/wp-json\/wp\/v2\/media?parent=12"}],"curies":[{"name":"wp","href":"https:\/\/api.w.org\/{rel}","templated":true}]}}