{"id":10,"date":"2013-10-01T12:09:30","date_gmt":"2013-10-01T12:09:30","guid":{"rendered":"http:\/\/departamentos.unileon.es\/ciencias-biomedicas-area-farmacologia\/?page_id=10"},"modified":"2021-06-08T11:11:58","modified_gmt":"2021-06-08T11:11:58","slug":"ubicacion-y-contacto","status":"publish","type":"page","link":"https:\/\/departamentos.unileon.es\/ciencias-biomedicas-area-farmacologia\/ubicacion-y-contacto\/","title":{"rendered":"Ubicaci\u00f3n y Contacto"},"content":{"rendered":"&nbsp;\n<table>\n<tbody>\n<tr>\n<th>Direcci\u00f3n Postal<\/th>\n<td>\u00c1REA DE FARMACOLOG\u00cdA\nDepartamento de Ciencias Biom\u00e9dicas\nUniversidad de Le\u00f3n\nFacultad de Veterinaria\nCampus de Vegazana, s\/n\n24071 LE\u00d3N<\/td>\n<\/tr>\n<tr>\n<th>Tel\u00e9fono<\/th>\n<td>987 29 12 56<\/td>\n<\/tr>\n<tr>\n<th>FAX<\/th>\n<td>987 29 12 67<\/td>\n<\/tr>\n<tr>\n<th>Buz\u00f3n electr\u00f3nico<\/th>\n<td><a href=\"mailto:dcbadm@unileon.es\">dcbadm@unileon.es<\/a><\/td>\n<\/tr>\n<\/tbody>\n<\/table>\n&nbsp;","protected":false},"excerpt":{"rendered":"<p>&nbsp; Direcci\u00f3n Postal \u00c1REA DE FARMACOLOG\u00cdA Departamento de Ciencias Biom\u00e9dicas Universidad de Le\u00f3n Facultad de Veterinaria Campus de Vegazana, s\/n 24071 LE\u00d3N Tel\u00e9fono 987 29 12 56 FAX 987 29 12 67 Buz\u00f3n electr\u00f3nico dcbadm@unileon.es &nbsp;<\/p>\n","protected":false},"author":122,"featured_media":0,"parent":0,"menu_order":0,"comment_status":"closed","ping_status":"open","template":"","meta":{"ngg_post_thumbnail":0,"footnotes":""},"class_list":["post-10","page","type-page","status-publish","hentry"],"yoast_head":"<!-- This site is optimized with the Yoast SEO plugin v25.8 - https:\/\/yoast.com\/wordpress\/plugins\/seo\/ -->\n<title>Ubicaci\u00f3n y Contacto - \u00c1rea de Farmacolog\u00eda<\/title>\n<meta name=\"robots\" content=\"index, follow, max-snippet:-1, max-image-preview:large, max-video-preview:-1\" \/>\n<link rel=\"canonical\" href=\"https:\/\/departamentos.unileon.es\/ciencias-biomedicas-area-farmacologia\/ubicacion-y-contacto\/\" \/>\n<meta property=\"og:locale\" content=\"es_ES\" \/>\n<meta property=\"og:type\" content=\"article\" \/>\n<meta property=\"og:title\" content=\"Ubicaci\u00f3n y Contacto - \u00c1rea de Farmacolog\u00eda\" \/>\n<meta property=\"og:description\" content=\"&nbsp; Direcci\u00f3n Postal \u00c1REA DE FARMACOLOG\u00cdA Departamento de Ciencias Biom\u00e9dicas Universidad de Le\u00f3n Facultad de Veterinaria Campus de Vegazana, s\/n 24071 LE\u00d3N Tel\u00e9fono 987 29 12 56 FAX 987 29 12 67 Buz\u00f3n electr\u00f3nico dcbadm@unileon.es &nbsp;\" \/>\n<meta property=\"og:url\" content=\"https:\/\/departamentos.unileon.es\/ciencias-biomedicas-area-farmacologia\/ubicacion-y-contacto\/\" \/>\n<meta property=\"og:site_name\" content=\"\u00c1rea de Farmacolog\u00eda\" \/>\n<meta property=\"article:modified_time\" content=\"2021-06-08T11:11:58+00:00\" \/>\n<meta name=\"twitter:card\" content=\"summary_large_image\" \/>\n<script type=\"application\/ld+json\" class=\"yoast-schema-graph\">{\"@context\":\"https:\/\/schema.org\",\"@graph\":[{\"@type\":\"WebPage\",\"@id\":\"https:\/\/departamentos.unileon.es\/ciencias-biomedicas-area-farmacologia\/ubicacion-y-contacto\/\",\"url\":\"https:\/\/departamentos.unileon.es\/ciencias-biomedicas-area-farmacologia\/ubicacion-y-contacto\/\",\"name\":\"Ubicaci\u00f3n y Contacto - \u00c1rea de Farmacolog\u00eda\",\"isPartOf\":{\"@id\":\"https:\/\/departamentos.unileon.es\/ciencias-biomedicas-area-farmacologia\/#website\"},\"datePublished\":\"2013-10-01T12:09:30+00:00\",\"dateModified\":\"2021-06-08T11:11:58+00:00\",\"inLanguage\":\"es\",\"potentialAction\":[{\"@type\":\"ReadAction\",\"target\":[\"https:\/\/departamentos.unileon.es\/ciencias-biomedicas-area-farmacologia\/ubicacion-y-contacto\/\"]}]},{\"@type\":\"WebSite\",\"@id\":\"https:\/\/departamentos.unileon.es\/ciencias-biomedicas-area-farmacologia\/#website\",\"url\":\"https:\/\/departamentos.unileon.es\/ciencias-biomedicas-area-farmacologia\/\",\"name\":\"\u00c1rea de Farmacolog\u00eda\",\"description\":\"Otro sitio m\u00e1s de Universidad de Le\u00f3n\",\"potentialAction\":[{\"@type\":\"SearchAction\",\"target\":{\"@type\":\"EntryPoint\",\"urlTemplate\":\"https:\/\/departamentos.unileon.es\/ciencias-biomedicas-area-farmacologia\/?s={search_term_string}\"},\"query-input\":{\"@type\":\"PropertyValueSpecification\",\"valueRequired\":true,\"valueName\":\"search_term_string\"}}],\"inLanguage\":\"es\"}]}<\/script>\n<!-- \/ Yoast SEO plugin. -->","yoast_head_json":{"title":"Ubicaci\u00f3n y Contacto - \u00c1rea de Farmacolog\u00eda","robots":{"index":"index","follow":"follow","max-snippet":"max-snippet:-1","max-image-preview":"max-image-preview:large","max-video-preview":"max-video-preview:-1"},"canonical":"https:\/\/departamentos.unileon.es\/ciencias-biomedicas-area-farmacologia\/ubicacion-y-contacto\/","og_locale":"es_ES","og_type":"article","og_title":"Ubicaci\u00f3n y Contacto - \u00c1rea de Farmacolog\u00eda","og_description":"&nbsp; Direcci\u00f3n Postal \u00c1REA DE FARMACOLOG\u00cdA Departamento de Ciencias Biom\u00e9dicas Universidad de Le\u00f3n Facultad de Veterinaria Campus de Vegazana, s\/n 24071 LE\u00d3N Tel\u00e9fono 987 29 12 56 FAX 987 29 12 67 Buz\u00f3n electr\u00f3nico dcbadm@unileon.es &nbsp;","og_url":"https:\/\/departamentos.unileon.es\/ciencias-biomedicas-area-farmacologia\/ubicacion-y-contacto\/","og_site_name":"\u00c1rea de Farmacolog\u00eda","article_modified_time":"2021-06-08T11:11:58+00:00","twitter_card":"summary_large_image","schema":{"@context":"https:\/\/schema.org","@graph":[{"@type":"WebPage","@id":"https:\/\/departamentos.unileon.es\/ciencias-biomedicas-area-farmacologia\/ubicacion-y-contacto\/","url":"https:\/\/departamentos.unileon.es\/ciencias-biomedicas-area-farmacologia\/ubicacion-y-contacto\/","name":"Ubicaci\u00f3n y Contacto - \u00c1rea de Farmacolog\u00eda","isPartOf":{"@id":"https:\/\/departamentos.unileon.es\/ciencias-biomedicas-area-farmacologia\/#website"},"datePublished":"2013-10-01T12:09:30+00:00","dateModified":"2021-06-08T11:11:58+00:00","inLanguage":"es","potentialAction":[{"@type":"ReadAction","target":["https:\/\/departamentos.unileon.es\/ciencias-biomedicas-area-farmacologia\/ubicacion-y-contacto\/"]}]},{"@type":"WebSite","@id":"https:\/\/departamentos.unileon.es\/ciencias-biomedicas-area-farmacologia\/#website","url":"https:\/\/departamentos.unileon.es\/ciencias-biomedicas-area-farmacologia\/","name":"\u00c1rea de Farmacolog\u00eda","description":"Otro sitio m\u00e1s de Universidad de Le\u00f3n","potentialAction":[{"@type":"SearchAction","target":{"@type":"EntryPoint","urlTemplate":"https:\/\/departamentos.unileon.es\/ciencias-biomedicas-area-farmacologia\/?s={search_term_string}"},"query-input":{"@type":"PropertyValueSpecification","valueRequired":true,"valueName":"search_term_string"}}],"inLanguage":"es"}]}},"_links":{"self":[{"href":"https:\/\/departamentos.unileon.es\/ciencias-biomedicas-area-farmacologia\/wp-json\/wp\/v2\/pages\/10","targetHints":{"allow":["GET"]}}],"collection":[{"href":"https:\/\/departamentos.unileon.es\/ciencias-biomedicas-area-farmacologia\/wp-json\/wp\/v2\/pages"}],"about":[{"href":"https:\/\/departamentos.unileon.es\/ciencias-biomedicas-area-farmacologia\/wp-json\/wp\/v2\/types\/page"}],"author":[{"embeddable":true,"href":"https:\/\/departamentos.unileon.es\/ciencias-biomedicas-area-farmacologia\/wp-json\/wp\/v2\/users\/122"}],"replies":[{"embeddable":true,"href":"https:\/\/departamentos.unileon.es\/ciencias-biomedicas-area-farmacologia\/wp-json\/wp\/v2\/comments?post=10"}],"version-history":[{"count":6,"href":"https:\/\/departamentos.unileon.es\/ciencias-biomedicas-area-farmacologia\/wp-json\/wp\/v2\/pages\/10\/revisions"}],"predecessor-version":[{"id":221,"href":"https:\/\/departamentos.unileon.es\/ciencias-biomedicas-area-farmacologia\/wp-json\/wp\/v2\/pages\/10\/revisions\/221"}],"wp:attachment":[{"href":"https:\/\/departamentos.unileon.es\/ciencias-biomedicas-area-farmacologia\/wp-json\/wp\/v2\/media?parent=10"}],"curies":[{"name":"wp","href":"https:\/\/api.w.org\/{rel}","templated":true}]}}