{"id":5,"date":"2010-08-17T07:38:25","date_gmt":"2010-08-17T07:38:25","guid":{"rendered":"http:\/\/departamentos.unileon.es\/biologia-molecular\/"},"modified":"2023-10-23T09:28:28","modified_gmt":"2023-10-23T09:28:28","slug":"ubicacion-y-contacto","status":"publish","type":"page","link":"https:\/\/departamentos.unileon.es\/biologia-molecular\/ubicacion-y-contacto\/","title":{"rendered":"Ubicaci\u00f3n y Contacto"},"content":{"rendered":"<table>\n<tbody>\n<tr>\n<th class=\"alignleft\">P\u00e1gina Web del Departamento<\/th>\n<td><a class=\"enlace\" href=\"http:\/\/departamentos.unileon.es\/biologia-molecular\/\">http:\/\/departamentos.unileon.es\/biologia-molecular\/<\/a><\/td>\n<\/tr>\n<tr>\n<th class=\"alignleft\">Direcci\u00f3n Postal<\/th>\n<td>Departamento de Biolog\u00eda Molecular\nUNIVERSIDAD DE LE\u00d3N\nFacultad de Veterinaria, 1\u00aa planta\n\u00c1rea de Bioqu\u00edmica y Biolog\u00eda Molecular, puerta 235.\nCampus de Vegazana, s\/n\n24071 LE\u00d3N<\/td>\n<\/tr>\n<tr>\n<th class=\"alignleft\">Tel\u00e9fono<\/th>\n<td>987 29 15 01 y 987 29 12 24<\/td>\n<\/tr>\n<tr>\n<th class=\"alignleft\">FAX<\/th>\n<td>987 29 14 09<\/td>\n<\/tr>\n<tr>\n<th class=\"alignleft\">Buz\u00f3n electr\u00f3nico<\/th>\n<td><a href=\"mailto:dbmadm@unileon.es\">dbmadm@unileon.es<\/a><\/td>\n<\/tr>\n<\/tbody>\n<\/table>","protected":false},"excerpt":{"rendered":"<p>P\u00e1gina Web del Departamento http:\/\/departamentos.unileon.es\/biologia-molecular\/ Direcci\u00f3n Postal Departamento de Biolog\u00eda Molecular UNIVERSIDAD DE LE\u00d3N Facultad de Veterinaria, 1\u00aa planta \u00c1rea de Bioqu\u00edmica y Biolog\u00eda Molecular, puerta 235. Campus de Vegazana, s\/n 24071 LE\u00d3N Tel\u00e9fono 987 29 15 01 y 987 29 12 24 FAX 987 29 14 09 Buz\u00f3n electr\u00f3nico dbmadm@unileon.es<\/p>\n","protected":false},"author":64,"featured_media":0,"parent":0,"menu_order":1,"comment_status":"closed","ping_status":"closed","template":"","meta":{"ngg_post_thumbnail":0,"footnotes":""},"class_list":["post-5","page","type-page","status-publish","hentry"],"yoast_head":"<!-- This site is optimized with the Yoast SEO plugin v25.8 - https:\/\/yoast.com\/wordpress\/plugins\/seo\/ -->\n<title>Ubicaci\u00f3n y Contacto - Departamento de Biolog\u00eda Molecular<\/title>\n<meta name=\"robots\" content=\"index, follow, max-snippet:-1, max-image-preview:large, max-video-preview:-1\" \/>\n<link rel=\"canonical\" href=\"https:\/\/departamentos.unileon.es\/biologia-molecular\/ubicacion-y-contacto\/\" \/>\n<meta property=\"og:locale\" content=\"es_ES\" \/>\n<meta property=\"og:type\" content=\"article\" \/>\n<meta property=\"og:title\" content=\"Ubicaci\u00f3n y Contacto - Departamento de Biolog\u00eda Molecular\" \/>\n<meta property=\"og:description\" content=\"P\u00e1gina Web del Departamento http:\/\/departamentos.unileon.es\/biologia-molecular\/ Direcci\u00f3n Postal Departamento de Biolog\u00eda Molecular UNIVERSIDAD DE LE\u00d3N Facultad de Veterinaria, 1\u00aa planta \u00c1rea de Bioqu\u00edmica y Biolog\u00eda Molecular, puerta 235. Campus de Vegazana, s\/n 24071 LE\u00d3N Tel\u00e9fono 987 29 15 01 y 987 29 12 24 FAX 987 29 14 09 Buz\u00f3n electr\u00f3nico dbmadm@unileon.es\" \/>\n<meta property=\"og:url\" content=\"https:\/\/departamentos.unileon.es\/biologia-molecular\/ubicacion-y-contacto\/\" \/>\n<meta property=\"og:site_name\" content=\"Departamento de Biolog\u00eda Molecular\" \/>\n<meta property=\"article:modified_time\" content=\"2023-10-23T09:28:28+00:00\" \/>\n<meta name=\"twitter:card\" content=\"summary_large_image\" \/>\n<meta name=\"twitter:label1\" content=\"Tiempo de lectura\" \/>\n\t<meta name=\"twitter:data1\" content=\"1 minuto\" \/>\n<script type=\"application\/ld+json\" class=\"yoast-schema-graph\">{\"@context\":\"https:\/\/schema.org\",\"@graph\":[{\"@type\":\"WebPage\",\"@id\":\"https:\/\/departamentos.unileon.es\/biologia-molecular\/ubicacion-y-contacto\/\",\"url\":\"https:\/\/departamentos.unileon.es\/biologia-molecular\/ubicacion-y-contacto\/\",\"name\":\"Ubicaci\u00f3n y Contacto - Departamento de Biolog\u00eda Molecular\",\"isPartOf\":{\"@id\":\"https:\/\/departamentos.unileon.es\/biologia-molecular\/#website\"},\"datePublished\":\"2010-08-17T07:38:25+00:00\",\"dateModified\":\"2023-10-23T09:28:28+00:00\",\"inLanguage\":\"es\",\"potentialAction\":[{\"@type\":\"ReadAction\",\"target\":[\"https:\/\/departamentos.unileon.es\/biologia-molecular\/ubicacion-y-contacto\/\"]}]},{\"@type\":\"WebSite\",\"@id\":\"https:\/\/departamentos.unileon.es\/biologia-molecular\/#website\",\"url\":\"https:\/\/departamentos.unileon.es\/biologia-molecular\/\",\"name\":\"Departamento de Biolog\u00eda Molecular\",\"description\":\"Otro sitio m\u00e1s de Universidad de Le\u00f3n\",\"potentialAction\":[{\"@type\":\"SearchAction\",\"target\":{\"@type\":\"EntryPoint\",\"urlTemplate\":\"https:\/\/departamentos.unileon.es\/biologia-molecular\/?s={search_term_string}\"},\"query-input\":{\"@type\":\"PropertyValueSpecification\",\"valueRequired\":true,\"valueName\":\"search_term_string\"}}],\"inLanguage\":\"es\"}]}<\/script>\n<!-- \/ Yoast SEO plugin. -->","yoast_head_json":{"title":"Ubicaci\u00f3n y Contacto - Departamento de Biolog\u00eda Molecular","robots":{"index":"index","follow":"follow","max-snippet":"max-snippet:-1","max-image-preview":"max-image-preview:large","max-video-preview":"max-video-preview:-1"},"canonical":"https:\/\/departamentos.unileon.es\/biologia-molecular\/ubicacion-y-contacto\/","og_locale":"es_ES","og_type":"article","og_title":"Ubicaci\u00f3n y Contacto - Departamento de Biolog\u00eda Molecular","og_description":"P\u00e1gina Web del Departamento http:\/\/departamentos.unileon.es\/biologia-molecular\/ Direcci\u00f3n Postal Departamento de Biolog\u00eda Molecular UNIVERSIDAD DE LE\u00d3N Facultad de Veterinaria, 1\u00aa planta \u00c1rea de Bioqu\u00edmica y Biolog\u00eda Molecular, puerta 235. Campus de Vegazana, s\/n 24071 LE\u00d3N Tel\u00e9fono 987 29 15 01 y 987 29 12 24 FAX 987 29 14 09 Buz\u00f3n electr\u00f3nico dbmadm@unileon.es","og_url":"https:\/\/departamentos.unileon.es\/biologia-molecular\/ubicacion-y-contacto\/","og_site_name":"Departamento de Biolog\u00eda Molecular","article_modified_time":"2023-10-23T09:28:28+00:00","twitter_card":"summary_large_image","twitter_misc":{"Tiempo de lectura":"1 minuto"},"schema":{"@context":"https:\/\/schema.org","@graph":[{"@type":"WebPage","@id":"https:\/\/departamentos.unileon.es\/biologia-molecular\/ubicacion-y-contacto\/","url":"https:\/\/departamentos.unileon.es\/biologia-molecular\/ubicacion-y-contacto\/","name":"Ubicaci\u00f3n y Contacto - Departamento de Biolog\u00eda Molecular","isPartOf":{"@id":"https:\/\/departamentos.unileon.es\/biologia-molecular\/#website"},"datePublished":"2010-08-17T07:38:25+00:00","dateModified":"2023-10-23T09:28:28+00:00","inLanguage":"es","potentialAction":[{"@type":"ReadAction","target":["https:\/\/departamentos.unileon.es\/biologia-molecular\/ubicacion-y-contacto\/"]}]},{"@type":"WebSite","@id":"https:\/\/departamentos.unileon.es\/biologia-molecular\/#website","url":"https:\/\/departamentos.unileon.es\/biologia-molecular\/","name":"Departamento de Biolog\u00eda Molecular","description":"Otro sitio m\u00e1s de Universidad de Le\u00f3n","potentialAction":[{"@type":"SearchAction","target":{"@type":"EntryPoint","urlTemplate":"https:\/\/departamentos.unileon.es\/biologia-molecular\/?s={search_term_string}"},"query-input":{"@type":"PropertyValueSpecification","valueRequired":true,"valueName":"search_term_string"}}],"inLanguage":"es"}]}},"_links":{"self":[{"href":"https:\/\/departamentos.unileon.es\/biologia-molecular\/wp-json\/wp\/v2\/pages\/5","targetHints":{"allow":["GET"]}}],"collection":[{"href":"https:\/\/departamentos.unileon.es\/biologia-molecular\/wp-json\/wp\/v2\/pages"}],"about":[{"href":"https:\/\/departamentos.unileon.es\/biologia-molecular\/wp-json\/wp\/v2\/types\/page"}],"author":[{"embeddable":true,"href":"https:\/\/departamentos.unileon.es\/biologia-molecular\/wp-json\/wp\/v2\/users\/64"}],"replies":[{"embeddable":true,"href":"https:\/\/departamentos.unileon.es\/biologia-molecular\/wp-json\/wp\/v2\/comments?post=5"}],"version-history":[{"count":13,"href":"https:\/\/departamentos.unileon.es\/biologia-molecular\/wp-json\/wp\/v2\/pages\/5\/revisions"}],"predecessor-version":[{"id":455,"href":"https:\/\/departamentos.unileon.es\/biologia-molecular\/wp-json\/wp\/v2\/pages\/5\/revisions\/455"}],"wp:attachment":[{"href":"https:\/\/departamentos.unileon.es\/biologia-molecular\/wp-json\/wp\/v2\/media?parent=5"}],"curies":[{"name":"wp","href":"https:\/\/api.w.org\/{rel}","templated":true}]}}