{"id":399,"date":"2018-11-19T11:42:18","date_gmt":"2018-11-19T11:42:18","guid":{"rendered":"http:\/\/departamentos.unileon.es\/biologia-molecular\/?page_id=399"},"modified":"2018-11-19T11:42:18","modified_gmt":"2018-11-19T11:42:18","slug":"https-www-unileon-es-estudiantes-estudiantes-doctorado-rd992011-programas-biologia-molecular-y-biotecnologia","status":"publish","type":"page","link":"https:\/\/departamentos.unileon.es\/biologia-molecular\/https-www-unileon-es-estudiantes-estudiantes-doctorado-rd992011-programas-biologia-molecular-y-biotecnologia\/","title":{"rendered":"https:\/\/www.unileon.es\/estudiantes\/estudiantes-doctorado\/rd992011\/programas\/biologia-molecular-y-biotecnologia"},"content":{"rendered":"","protected":false},"excerpt":{"rendered":"","protected":false},"author":159,"featured_media":0,"parent":0,"menu_order":0,"comment_status":"closed","ping_status":"closed","template":"","meta":{"ngg_post_thumbnail":0,"footnotes":""},"class_list":["post-399","page","type-page","status-publish","hentry"],"yoast_head":"<!-- This site is optimized with the Yoast SEO plugin v25.8 - https:\/\/yoast.com\/wordpress\/plugins\/seo\/ -->\n<title>https:\/\/www.unileon.es\/estudiantes\/estudiantes-doctorado\/rd992011\/programas\/biologia-molecular-y-biotecnologia - Departamento de Biolog\u00eda Molecular<\/title>\n<meta name=\"robots\" content=\"index, follow, max-snippet:-1, max-image-preview:large, max-video-preview:-1\" \/>\n<link rel=\"canonical\" href=\"https:\/\/departamentos.unileon.es\/biologia-molecular\/https-www-unileon-es-estudiantes-estudiantes-doctorado-rd992011-programas-biologia-molecular-y-biotecnologia\/\" \/>\n<meta property=\"og:locale\" content=\"es_ES\" \/>\n<meta property=\"og:type\" content=\"article\" \/>\n<meta property=\"og:title\" content=\"https:\/\/www.unileon.es\/estudiantes\/estudiantes-doctorado\/rd992011\/programas\/biologia-molecular-y-biotecnologia - Departamento de Biolog\u00eda Molecular\" \/>\n<meta property=\"og:url\" content=\"https:\/\/departamentos.unileon.es\/biologia-molecular\/https-www-unileon-es-estudiantes-estudiantes-doctorado-rd992011-programas-biologia-molecular-y-biotecnologia\/\" \/>\n<meta property=\"og:site_name\" content=\"Departamento de Biolog\u00eda Molecular\" \/>\n<meta name=\"twitter:card\" content=\"summary_large_image\" \/>\n<script type=\"application\/ld+json\" class=\"yoast-schema-graph\">{\"@context\":\"https:\/\/schema.org\",\"@graph\":[{\"@type\":\"WebPage\",\"@id\":\"https:\/\/departamentos.unileon.es\/biologia-molecular\/https-www-unileon-es-estudiantes-estudiantes-doctorado-rd992011-programas-biologia-molecular-y-biotecnologia\/\",\"url\":\"https:\/\/departamentos.unileon.es\/biologia-molecular\/https-www-unileon-es-estudiantes-estudiantes-doctorado-rd992011-programas-biologia-molecular-y-biotecnologia\/\",\"name\":\"https:\/\/www.unileon.es\/estudiantes\/estudiantes-doctorado\/rd992011\/programas\/biologia-molecular-y-biotecnologia - Departamento de Biolog\u00eda Molecular\",\"isPartOf\":{\"@id\":\"https:\/\/departamentos.unileon.es\/biologia-molecular\/#website\"},\"datePublished\":\"2018-11-19T11:42:18+00:00\",\"inLanguage\":\"es\",\"potentialAction\":[{\"@type\":\"ReadAction\",\"target\":[\"https:\/\/departamentos.unileon.es\/biologia-molecular\/https-www-unileon-es-estudiantes-estudiantes-doctorado-rd992011-programas-biologia-molecular-y-biotecnologia\/\"]}]},{\"@type\":\"WebSite\",\"@id\":\"https:\/\/departamentos.unileon.es\/biologia-molecular\/#website\",\"url\":\"https:\/\/departamentos.unileon.es\/biologia-molecular\/\",\"name\":\"Departamento de Biolog\u00eda Molecular\",\"description\":\"Otro sitio m\u00e1s de Universidad de Le\u00f3n\",\"potentialAction\":[{\"@type\":\"SearchAction\",\"target\":{\"@type\":\"EntryPoint\",\"urlTemplate\":\"https:\/\/departamentos.unileon.es\/biologia-molecular\/?s={search_term_string}\"},\"query-input\":{\"@type\":\"PropertyValueSpecification\",\"valueRequired\":true,\"valueName\":\"search_term_string\"}}],\"inLanguage\":\"es\"}]}<\/script>\n<!-- \/ Yoast SEO plugin. -->","yoast_head_json":{"title":"https:\/\/www.unileon.es\/estudiantes\/estudiantes-doctorado\/rd992011\/programas\/biologia-molecular-y-biotecnologia - Departamento de Biolog\u00eda Molecular","robots":{"index":"index","follow":"follow","max-snippet":"max-snippet:-1","max-image-preview":"max-image-preview:large","max-video-preview":"max-video-preview:-1"},"canonical":"https:\/\/departamentos.unileon.es\/biologia-molecular\/https-www-unileon-es-estudiantes-estudiantes-doctorado-rd992011-programas-biologia-molecular-y-biotecnologia\/","og_locale":"es_ES","og_type":"article","og_title":"https:\/\/www.unileon.es\/estudiantes\/estudiantes-doctorado\/rd992011\/programas\/biologia-molecular-y-biotecnologia - Departamento de Biolog\u00eda Molecular","og_url":"https:\/\/departamentos.unileon.es\/biologia-molecular\/https-www-unileon-es-estudiantes-estudiantes-doctorado-rd992011-programas-biologia-molecular-y-biotecnologia\/","og_site_name":"Departamento de Biolog\u00eda Molecular","twitter_card":"summary_large_image","schema":{"@context":"https:\/\/schema.org","@graph":[{"@type":"WebPage","@id":"https:\/\/departamentos.unileon.es\/biologia-molecular\/https-www-unileon-es-estudiantes-estudiantes-doctorado-rd992011-programas-biologia-molecular-y-biotecnologia\/","url":"https:\/\/departamentos.unileon.es\/biologia-molecular\/https-www-unileon-es-estudiantes-estudiantes-doctorado-rd992011-programas-biologia-molecular-y-biotecnologia\/","name":"https:\/\/www.unileon.es\/estudiantes\/estudiantes-doctorado\/rd992011\/programas\/biologia-molecular-y-biotecnologia - Departamento de Biolog\u00eda Molecular","isPartOf":{"@id":"https:\/\/departamentos.unileon.es\/biologia-molecular\/#website"},"datePublished":"2018-11-19T11:42:18+00:00","inLanguage":"es","potentialAction":[{"@type":"ReadAction","target":["https:\/\/departamentos.unileon.es\/biologia-molecular\/https-www-unileon-es-estudiantes-estudiantes-doctorado-rd992011-programas-biologia-molecular-y-biotecnologia\/"]}]},{"@type":"WebSite","@id":"https:\/\/departamentos.unileon.es\/biologia-molecular\/#website","url":"https:\/\/departamentos.unileon.es\/biologia-molecular\/","name":"Departamento de Biolog\u00eda Molecular","description":"Otro sitio m\u00e1s de Universidad de Le\u00f3n","potentialAction":[{"@type":"SearchAction","target":{"@type":"EntryPoint","urlTemplate":"https:\/\/departamentos.unileon.es\/biologia-molecular\/?s={search_term_string}"},"query-input":{"@type":"PropertyValueSpecification","valueRequired":true,"valueName":"search_term_string"}}],"inLanguage":"es"}]}},"_links":{"self":[{"href":"https:\/\/departamentos.unileon.es\/biologia-molecular\/wp-json\/wp\/v2\/pages\/399","targetHints":{"allow":["GET"]}}],"collection":[{"href":"https:\/\/departamentos.unileon.es\/biologia-molecular\/wp-json\/wp\/v2\/pages"}],"about":[{"href":"https:\/\/departamentos.unileon.es\/biologia-molecular\/wp-json\/wp\/v2\/types\/page"}],"author":[{"embeddable":true,"href":"https:\/\/departamentos.unileon.es\/biologia-molecular\/wp-json\/wp\/v2\/users\/159"}],"replies":[{"embeddable":true,"href":"https:\/\/departamentos.unileon.es\/biologia-molecular\/wp-json\/wp\/v2\/comments?post=399"}],"version-history":[{"count":1,"href":"https:\/\/departamentos.unileon.es\/biologia-molecular\/wp-json\/wp\/v2\/pages\/399\/revisions"}],"predecessor-version":[{"id":401,"href":"https:\/\/departamentos.unileon.es\/biologia-molecular\/wp-json\/wp\/v2\/pages\/399\/revisions\/401"}],"wp:attachment":[{"href":"https:\/\/departamentos.unileon.es\/biologia-molecular\/wp-json\/wp\/v2\/media?parent=399"}],"curies":[{"name":"wp","href":"https:\/\/api.w.org\/{rel}","templated":true}]}}