{"id":184,"date":"2011-05-26T09:54:07","date_gmt":"2011-05-26T09:54:07","guid":{"rendered":"http:\/\/departamentos.unileon.es\/biologia-molecular\/?page_id=184"},"modified":"2011-05-26T09:54:07","modified_gmt":"2011-05-26T09:54:07","slug":"sistema-de-garantia-de-calidad","status":"publish","type":"page","link":"https:\/\/departamentos.unileon.es\/biologia-molecular\/sistema-de-garantia-de-calidad\/","title":{"rendered":"Sistema de Garant\u00eda de Calidad"},"content":{"rendered":"El Sistema de Garant\u00eda de Calidad que se aplica al Programa de Doctorado se puede consultar en <a href=\"http:\/\/calidad.unileon.es\/\">http:\/\/calidad.unileon.es<\/a>. En particular, los mecanismos y procedimientos que se aplican pueden consultarse en <a href=\"http:\/\/calidad.unileon.es\/SGC_ULE_%20110222.pdf\">este documento.<\/a>\r\n\r\nAdem\u00e1s, el per\u00edodo de formaci\u00f3n est\u00e1 integrado dentro del programa AUDIT de la Facultad de Ciencias Biol\u00f3gicas y Ambientales que se encuentra integrado en el Sistema de Garant\u00eda de la Calidad de la Universidad de Le\u00f3n. La informaci\u00f3n y documentaci\u00f3n relativa al Programa AUDIT est\u00e1 disponible en la direcci\u00f3n:\r\n<a href=\"http:\/\/centros.unileon.es\/biologia\/audit\/\">http:\/\/centros.unileon.es\/biologia\/audit\/<\/a>","protected":false},"excerpt":{"rendered":"<p>El Sistema de Garant\u00eda de Calidad que se aplica al Programa de Doctorado se puede consultar en http:\/\/calidad.unileon.es. En particular, los mecanismos y procedimientos que se aplican pueden consultarse en este documento. Adem\u00e1s, el per\u00edodo de formaci\u00f3n est\u00e1 integrado dentro del programa AUDIT de la Facultad de Ciencias Biol\u00f3gicas y Ambientales que se encuentra integrado [&hellip;]<\/p>\n","protected":false},"author":64,"featured_media":0,"parent":0,"menu_order":0,"comment_status":"closed","ping_status":"open","template":"","meta":{"ngg_post_thumbnail":0,"footnotes":""},"class_list":["post-184","page","type-page","status-publish","hentry"],"yoast_head":"<!-- This site is optimized with the Yoast SEO plugin v25.8 - https:\/\/yoast.com\/wordpress\/plugins\/seo\/ -->\n<title>Sistema de Garant\u00eda de Calidad - Departamento de Biolog\u00eda Molecular<\/title>\n<meta name=\"robots\" content=\"index, follow, max-snippet:-1, max-image-preview:large, max-video-preview:-1\" \/>\n<link rel=\"canonical\" href=\"https:\/\/departamentos.unileon.es\/biologia-molecular\/sistema-de-garantia-de-calidad\/\" \/>\n<meta property=\"og:locale\" content=\"es_ES\" \/>\n<meta property=\"og:type\" content=\"article\" \/>\n<meta property=\"og:title\" content=\"Sistema de Garant\u00eda de Calidad - Departamento de Biolog\u00eda Molecular\" \/>\n<meta property=\"og:description\" content=\"El Sistema de Garant\u00eda de Calidad que se aplica al Programa de Doctorado se puede consultar en http:\/\/calidad.unileon.es. En particular, los mecanismos y procedimientos que se aplican pueden consultarse en este documento. Adem\u00e1s, el per\u00edodo de formaci\u00f3n est\u00e1 integrado dentro del programa AUDIT de la Facultad de Ciencias Biol\u00f3gicas y Ambientales que se encuentra integrado [&hellip;]\" \/>\n<meta property=\"og:url\" content=\"https:\/\/departamentos.unileon.es\/biologia-molecular\/sistema-de-garantia-de-calidad\/\" \/>\n<meta property=\"og:site_name\" content=\"Departamento de Biolog\u00eda Molecular\" \/>\n<meta name=\"twitter:card\" content=\"summary_large_image\" \/>\n<meta name=\"twitter:label1\" content=\"Tiempo de lectura\" \/>\n\t<meta name=\"twitter:data1\" content=\"1 minuto\" \/>\n<script type=\"application\/ld+json\" class=\"yoast-schema-graph\">{\"@context\":\"https:\/\/schema.org\",\"@graph\":[{\"@type\":\"WebPage\",\"@id\":\"https:\/\/departamentos.unileon.es\/biologia-molecular\/sistema-de-garantia-de-calidad\/\",\"url\":\"https:\/\/departamentos.unileon.es\/biologia-molecular\/sistema-de-garantia-de-calidad\/\",\"name\":\"Sistema de Garant\u00eda de Calidad - Departamento de Biolog\u00eda Molecular\",\"isPartOf\":{\"@id\":\"https:\/\/departamentos.unileon.es\/biologia-molecular\/#website\"},\"datePublished\":\"2011-05-26T09:54:07+00:00\",\"inLanguage\":\"es\",\"potentialAction\":[{\"@type\":\"ReadAction\",\"target\":[\"https:\/\/departamentos.unileon.es\/biologia-molecular\/sistema-de-garantia-de-calidad\/\"]}]},{\"@type\":\"WebSite\",\"@id\":\"https:\/\/departamentos.unileon.es\/biologia-molecular\/#website\",\"url\":\"https:\/\/departamentos.unileon.es\/biologia-molecular\/\",\"name\":\"Departamento de Biolog\u00eda Molecular\",\"description\":\"Otro sitio m\u00e1s de Universidad de Le\u00f3n\",\"potentialAction\":[{\"@type\":\"SearchAction\",\"target\":{\"@type\":\"EntryPoint\",\"urlTemplate\":\"https:\/\/departamentos.unileon.es\/biologia-molecular\/?s={search_term_string}\"},\"query-input\":{\"@type\":\"PropertyValueSpecification\",\"valueRequired\":true,\"valueName\":\"search_term_string\"}}],\"inLanguage\":\"es\"}]}<\/script>\n<!-- \/ Yoast SEO plugin. -->","yoast_head_json":{"title":"Sistema de Garant\u00eda de Calidad - Departamento de Biolog\u00eda Molecular","robots":{"index":"index","follow":"follow","max-snippet":"max-snippet:-1","max-image-preview":"max-image-preview:large","max-video-preview":"max-video-preview:-1"},"canonical":"https:\/\/departamentos.unileon.es\/biologia-molecular\/sistema-de-garantia-de-calidad\/","og_locale":"es_ES","og_type":"article","og_title":"Sistema de Garant\u00eda de Calidad - Departamento de Biolog\u00eda Molecular","og_description":"El Sistema de Garant\u00eda de Calidad que se aplica al Programa de Doctorado se puede consultar en http:\/\/calidad.unileon.es. En particular, los mecanismos y procedimientos que se aplican pueden consultarse en este documento. Adem\u00e1s, el per\u00edodo de formaci\u00f3n est\u00e1 integrado dentro del programa AUDIT de la Facultad de Ciencias Biol\u00f3gicas y Ambientales que se encuentra integrado [&hellip;]","og_url":"https:\/\/departamentos.unileon.es\/biologia-molecular\/sistema-de-garantia-de-calidad\/","og_site_name":"Departamento de Biolog\u00eda Molecular","twitter_card":"summary_large_image","twitter_misc":{"Tiempo de lectura":"1 minuto"},"schema":{"@context":"https:\/\/schema.org","@graph":[{"@type":"WebPage","@id":"https:\/\/departamentos.unileon.es\/biologia-molecular\/sistema-de-garantia-de-calidad\/","url":"https:\/\/departamentos.unileon.es\/biologia-molecular\/sistema-de-garantia-de-calidad\/","name":"Sistema de Garant\u00eda de Calidad - Departamento de Biolog\u00eda Molecular","isPartOf":{"@id":"https:\/\/departamentos.unileon.es\/biologia-molecular\/#website"},"datePublished":"2011-05-26T09:54:07+00:00","inLanguage":"es","potentialAction":[{"@type":"ReadAction","target":["https:\/\/departamentos.unileon.es\/biologia-molecular\/sistema-de-garantia-de-calidad\/"]}]},{"@type":"WebSite","@id":"https:\/\/departamentos.unileon.es\/biologia-molecular\/#website","url":"https:\/\/departamentos.unileon.es\/biologia-molecular\/","name":"Departamento de Biolog\u00eda Molecular","description":"Otro sitio m\u00e1s de Universidad de Le\u00f3n","potentialAction":[{"@type":"SearchAction","target":{"@type":"EntryPoint","urlTemplate":"https:\/\/departamentos.unileon.es\/biologia-molecular\/?s={search_term_string}"},"query-input":{"@type":"PropertyValueSpecification","valueRequired":true,"valueName":"search_term_string"}}],"inLanguage":"es"}]}},"_links":{"self":[{"href":"https:\/\/departamentos.unileon.es\/biologia-molecular\/wp-json\/wp\/v2\/pages\/184","targetHints":{"allow":["GET"]}}],"collection":[{"href":"https:\/\/departamentos.unileon.es\/biologia-molecular\/wp-json\/wp\/v2\/pages"}],"about":[{"href":"https:\/\/departamentos.unileon.es\/biologia-molecular\/wp-json\/wp\/v2\/types\/page"}],"author":[{"embeddable":true,"href":"https:\/\/departamentos.unileon.es\/biologia-molecular\/wp-json\/wp\/v2\/users\/64"}],"replies":[{"embeddable":true,"href":"https:\/\/departamentos.unileon.es\/biologia-molecular\/wp-json\/wp\/v2\/comments?post=184"}],"version-history":[{"count":2,"href":"https:\/\/departamentos.unileon.es\/biologia-molecular\/wp-json\/wp\/v2\/pages\/184\/revisions"}],"predecessor-version":[{"id":186,"href":"https:\/\/departamentos.unileon.es\/biologia-molecular\/wp-json\/wp\/v2\/pages\/184\/revisions\/186"}],"wp:attachment":[{"href":"https:\/\/departamentos.unileon.es\/biologia-molecular\/wp-json\/wp\/v2\/media?parent=184"}],"curies":[{"name":"wp","href":"https:\/\/api.w.org\/{rel}","templated":true}]}}