{"id":180,"date":"2011-05-26T09:50:14","date_gmt":"2011-05-26T09:50:14","guid":{"rendered":"http:\/\/departamentos.unileon.es\/biologia-molecular\/?page_id=180"},"modified":"2011-05-27T15:13:25","modified_gmt":"2011-05-27T15:13:25","slug":"periodo-de-investigacion","status":"publish","type":"page","link":"https:\/\/departamentos.unileon.es\/biologia-molecular\/periodo-de-investigacion\/","title":{"rendered":"Periodo de Investigaci\u00f3n"},"content":{"rendered":"Una vez resuelta la admisi\u00f3n de la preinscripci\u00f3n en el periodo de investigaci\u00f3n, ser\u00e1 necesario registrar un proyecto de tesis doctoral que consistir\u00e1 en un trabajo original de investigaci\u00f3n relacionado con un campo cient\u00edfico de las Ciencias de la Vida o de las Ciencias de la Salud.\r\n\r\nEl proyecto de tesis doctoral se desarrollar\u00e1 bajo la direcci\u00f3n de uno o m\u00e1s directores de tesis que deber\u00e1n tener el t\u00edtulo de Doctor y experiencia investigadora acreditada. El Director, o al menos uno de los codirectores, deber\u00e1 cumplir el requisito adicional de pertenecer a alguno de los Cuerpos Docentes o Investigadores de la Universidad de Le\u00f3n, o a Institutos mixtos de investigaci\u00f3n vinculados con la ULE, o bien impartir docencia en el periodo de formaci\u00f3n del programa de doctorado. El\/los codirector\/es que no pertenezcan a la Universidad de Le\u00f3n, acreditar\u00e1n su situaci\u00f3n presentando curr\u00edculum-vitae y fotocopia compulsada del t\u00edtulo de Doctor.\r\n\r\nA la solicitud de registro del proyecto de tesis doctoral se a\u00f1adir\u00e1 una memoria explicativa en la que se ponga de manifiesto el tema del proyecto de tesis, una introducci\u00f3n, los objetivos, la metodolog\u00eda, el plan de trabajo y una breve rese\u00f1a bibliogr\u00e1fica en la que se apoyar\u00e1 el desarrollo del mismo. Dicha solicitud deber\u00e1 estar avalada por el director o directores de tesis.\r\n\r\nLa informaci\u00f3n sobre el calendario e impresos para el registro del proyecto de tesis doctoral esta disponible en esta direcci\u00f3n:\r\n<a href=\"http:\/\/www.unileon.es\/estudiantes\/estudiantes-doctorado\/matricula\/admision-y-matricula\">http:\/\/www.unileon.es\/estudiantes\/estudiantes-doctorado\/matricula\/admision-y-matricula<\/a>\r\n\r\nUna vez admitido el registro del proyecto de tesis por la Comisi\u00f3n Acad\u00e9mica, los estudiantes deber\u00e1n formalizar la matr\u00edcula de la Tutela Acad\u00e9mica para mantener la vinculaci\u00f3n acad\u00e9mica con la Universidad de Le\u00f3n y el derecho de uso de los recursos universitarios puestos a disposici\u00f3n del doctorando. La Tutela Acad\u00e9mica puede ser interrumpida por motivos debidamente justificados y con el visto bueno de su director de tesis.\r\n\r\nLa normativa vigente en la Universidad de Le\u00f3n indica que se deber\u00e1 mantener la Tutela Acad\u00e9mica durante, al menos, dos cursos acad\u00e9micos completos antes de la defensa de la tesis doctoral.\r\n\r\nLa informaci\u00f3n correspondiente a los plazos y formalizaci\u00f3n de matr\u00edcula de la Tutela Acad\u00e9mica, solicitud de interrupci\u00f3n y su pr\u00f3rroga o alta, est\u00e1 disponible en la siguiente direcci\u00f3n:\r\n<a href=\"http:\/\/www.unileon.es\/estudiantes\/estudiantes-doctorado\/matricula\/tutela-academica\">http:\/\/www.unileon.es\/estudiantes\/estudiantes-doctorado\/matricula\/tutela-academica<\/a>\r\n\r\na normativa vigente en la Universidad de Le\u00f3n indica que se deber\u00e1  mantener la Tutela Acad\u00e9mica durante, al menos, dos cursos acad\u00e9micos  completos antes de la defensa de la tesis doctoral.\r\n\r\nEn el Departamento de Biolog\u00eda Molecular se desarrollan las l\u00edneas de investigaci\u00f3n que se detallan en esta direcci\u00f3n:\r\n\r\n<a href=\"..\/lineas_investigacion\/\">http:\/\/departamentos.unileon.es\/biologia-molecular\/lineas_investigacion<\/a>","protected":false},"excerpt":{"rendered":"<p>Una vez resuelta la admisi\u00f3n de la preinscripci\u00f3n en el periodo de investigaci\u00f3n, ser\u00e1 necesario registrar un proyecto de tesis doctoral que consistir\u00e1 en un trabajo original de investigaci\u00f3n relacionado con un campo cient\u00edfico de las Ciencias de la Vida o de las Ciencias de la Salud. El proyecto de tesis doctoral se desarrollar\u00e1 bajo [&hellip;]<\/p>\n","protected":false},"author":64,"featured_media":0,"parent":0,"menu_order":0,"comment_status":"closed","ping_status":"closed","template":"","meta":{"ngg_post_thumbnail":0,"footnotes":""},"class_list":["post-180","page","type-page","status-publish","hentry"],"yoast_head":"<!-- This site is optimized with the Yoast SEO plugin v25.8 - https:\/\/yoast.com\/wordpress\/plugins\/seo\/ -->\n<title>Periodo de Investigaci\u00f3n - Departamento de Biolog\u00eda Molecular<\/title>\n<meta name=\"robots\" content=\"index, follow, max-snippet:-1, max-image-preview:large, max-video-preview:-1\" \/>\n<link rel=\"canonical\" href=\"https:\/\/departamentos.unileon.es\/biologia-molecular\/periodo-de-investigacion\/\" \/>\n<meta property=\"og:locale\" content=\"es_ES\" \/>\n<meta property=\"og:type\" content=\"article\" \/>\n<meta property=\"og:title\" content=\"Periodo de Investigaci\u00f3n - Departamento de Biolog\u00eda Molecular\" \/>\n<meta property=\"og:description\" content=\"Una vez resuelta la admisi\u00f3n de la preinscripci\u00f3n en el periodo de investigaci\u00f3n, ser\u00e1 necesario registrar un proyecto de tesis doctoral que consistir\u00e1 en un trabajo original de investigaci\u00f3n relacionado con un campo cient\u00edfico de las Ciencias de la Vida o de las Ciencias de la Salud. El proyecto de tesis doctoral se desarrollar\u00e1 bajo [&hellip;]\" \/>\n<meta property=\"og:url\" content=\"https:\/\/departamentos.unileon.es\/biologia-molecular\/periodo-de-investigacion\/\" \/>\n<meta property=\"og:site_name\" content=\"Departamento de Biolog\u00eda Molecular\" \/>\n<meta property=\"article:modified_time\" content=\"2011-05-27T15:13:25+00:00\" \/>\n<meta name=\"twitter:card\" content=\"summary_large_image\" \/>\n<meta name=\"twitter:label1\" content=\"Tiempo de lectura\" \/>\n\t<meta name=\"twitter:data1\" content=\"2 minutos\" \/>\n<script type=\"application\/ld+json\" class=\"yoast-schema-graph\">{\"@context\":\"https:\/\/schema.org\",\"@graph\":[{\"@type\":\"WebPage\",\"@id\":\"https:\/\/departamentos.unileon.es\/biologia-molecular\/periodo-de-investigacion\/\",\"url\":\"https:\/\/departamentos.unileon.es\/biologia-molecular\/periodo-de-investigacion\/\",\"name\":\"Periodo de Investigaci\u00f3n - Departamento de Biolog\u00eda Molecular\",\"isPartOf\":{\"@id\":\"https:\/\/departamentos.unileon.es\/biologia-molecular\/#website\"},\"datePublished\":\"2011-05-26T09:50:14+00:00\",\"dateModified\":\"2011-05-27T15:13:25+00:00\",\"inLanguage\":\"es\",\"potentialAction\":[{\"@type\":\"ReadAction\",\"target\":[\"https:\/\/departamentos.unileon.es\/biologia-molecular\/periodo-de-investigacion\/\"]}]},{\"@type\":\"WebSite\",\"@id\":\"https:\/\/departamentos.unileon.es\/biologia-molecular\/#website\",\"url\":\"https:\/\/departamentos.unileon.es\/biologia-molecular\/\",\"name\":\"Departamento de Biolog\u00eda Molecular\",\"description\":\"Otro sitio m\u00e1s de Universidad de Le\u00f3n\",\"potentialAction\":[{\"@type\":\"SearchAction\",\"target\":{\"@type\":\"EntryPoint\",\"urlTemplate\":\"https:\/\/departamentos.unileon.es\/biologia-molecular\/?s={search_term_string}\"},\"query-input\":{\"@type\":\"PropertyValueSpecification\",\"valueRequired\":true,\"valueName\":\"search_term_string\"}}],\"inLanguage\":\"es\"}]}<\/script>\n<!-- \/ Yoast SEO plugin. -->","yoast_head_json":{"title":"Periodo de Investigaci\u00f3n - Departamento de Biolog\u00eda Molecular","robots":{"index":"index","follow":"follow","max-snippet":"max-snippet:-1","max-image-preview":"max-image-preview:large","max-video-preview":"max-video-preview:-1"},"canonical":"https:\/\/departamentos.unileon.es\/biologia-molecular\/periodo-de-investigacion\/","og_locale":"es_ES","og_type":"article","og_title":"Periodo de Investigaci\u00f3n - Departamento de Biolog\u00eda Molecular","og_description":"Una vez resuelta la admisi\u00f3n de la preinscripci\u00f3n en el periodo de investigaci\u00f3n, ser\u00e1 necesario registrar un proyecto de tesis doctoral que consistir\u00e1 en un trabajo original de investigaci\u00f3n relacionado con un campo cient\u00edfico de las Ciencias de la Vida o de las Ciencias de la Salud. El proyecto de tesis doctoral se desarrollar\u00e1 bajo [&hellip;]","og_url":"https:\/\/departamentos.unileon.es\/biologia-molecular\/periodo-de-investigacion\/","og_site_name":"Departamento de Biolog\u00eda Molecular","article_modified_time":"2011-05-27T15:13:25+00:00","twitter_card":"summary_large_image","twitter_misc":{"Tiempo de lectura":"2 minutos"},"schema":{"@context":"https:\/\/schema.org","@graph":[{"@type":"WebPage","@id":"https:\/\/departamentos.unileon.es\/biologia-molecular\/periodo-de-investigacion\/","url":"https:\/\/departamentos.unileon.es\/biologia-molecular\/periodo-de-investigacion\/","name":"Periodo de Investigaci\u00f3n - Departamento de Biolog\u00eda Molecular","isPartOf":{"@id":"https:\/\/departamentos.unileon.es\/biologia-molecular\/#website"},"datePublished":"2011-05-26T09:50:14+00:00","dateModified":"2011-05-27T15:13:25+00:00","inLanguage":"es","potentialAction":[{"@type":"ReadAction","target":["https:\/\/departamentos.unileon.es\/biologia-molecular\/periodo-de-investigacion\/"]}]},{"@type":"WebSite","@id":"https:\/\/departamentos.unileon.es\/biologia-molecular\/#website","url":"https:\/\/departamentos.unileon.es\/biologia-molecular\/","name":"Departamento de Biolog\u00eda Molecular","description":"Otro sitio m\u00e1s de Universidad de Le\u00f3n","potentialAction":[{"@type":"SearchAction","target":{"@type":"EntryPoint","urlTemplate":"https:\/\/departamentos.unileon.es\/biologia-molecular\/?s={search_term_string}"},"query-input":{"@type":"PropertyValueSpecification","valueRequired":true,"valueName":"search_term_string"}}],"inLanguage":"es"}]}},"_links":{"self":[{"href":"https:\/\/departamentos.unileon.es\/biologia-molecular\/wp-json\/wp\/v2\/pages\/180","targetHints":{"allow":["GET"]}}],"collection":[{"href":"https:\/\/departamentos.unileon.es\/biologia-molecular\/wp-json\/wp\/v2\/pages"}],"about":[{"href":"https:\/\/departamentos.unileon.es\/biologia-molecular\/wp-json\/wp\/v2\/types\/page"}],"author":[{"embeddable":true,"href":"https:\/\/departamentos.unileon.es\/biologia-molecular\/wp-json\/wp\/v2\/users\/64"}],"replies":[{"embeddable":true,"href":"https:\/\/departamentos.unileon.es\/biologia-molecular\/wp-json\/wp\/v2\/comments?post=180"}],"version-history":[{"count":6,"href":"https:\/\/departamentos.unileon.es\/biologia-molecular\/wp-json\/wp\/v2\/pages\/180\/revisions"}],"predecessor-version":[{"id":212,"href":"https:\/\/departamentos.unileon.es\/biologia-molecular\/wp-json\/wp\/v2\/pages\/180\/revisions\/212"}],"wp:attachment":[{"href":"https:\/\/departamentos.unileon.es\/biologia-molecular\/wp-json\/wp\/v2\/media?parent=180"}],"curies":[{"name":"wp","href":"https:\/\/api.w.org\/{rel}","templated":true}]}}