{"id":176,"date":"2011-05-26T09:33:51","date_gmt":"2011-05-26T09:33:51","guid":{"rendered":"http:\/\/departamentos.unileon.es\/biologia-molecular\/?page_id=176"},"modified":"2011-05-26T10:14:51","modified_gmt":"2011-05-26T10:14:51","slug":"acceso-y-admision","status":"publish","type":"page","link":"https:\/\/departamentos.unileon.es\/biologia-molecular\/acceso-y-admision\/","title":{"rendered":"Acceso y Admisi\u00f3n"},"content":{"rendered":"<strong>PERIODO DE FORMACI\u00d3N<\/strong>\r\n\r\n<strong><em>Acceso al periodo de formaci\u00f3n<\/em><\/strong>\r\n\r\nPara acceder al Programa de Doctorado en su periodo de formaci\u00f3n ser\u00e1 necesario estar en posesi\u00f3n de un t\u00edtulo universitario oficial espa\u00f1ol u otro expedido por una instituci\u00f3n de educaci\u00f3n superior del Espacio Europeo de Educaci\u00f3n Superior que facultan en el pa\u00eds expedidor del t\u00edtulo para el acceso a estas ense\u00f1anzas.\r\n\r\nAs\u00ed mismo, podr\u00e1n acceder los titulados conforme a sistemas educativos ajenos al Espacio Europeo de Educaci\u00f3n Superior sin necesidad de la homologaci\u00f3n de sus t\u00edtulos, previa comprobaci\u00f3n por la Universidad de Le\u00f3n de que aquellos acreditan un nivel de formaci\u00f3n equivalente a los correspondientes t\u00edtulos universitarios oficiales espa\u00f1oles y que facultan en el pa\u00eds expedidor del t\u00edtulo para el acceso a ense\u00f1anzas de postgrado.\r\n\r\n<strong> <\/strong>\r\n\r\n<strong><em>Admisi\u00f3n al periodo de formaci\u00f3n<\/em><\/strong>\r\n\r\nEl periodo de formaci\u00f3n est\u00e1 constituido por el <strong><em>M\u00e1ster Universitario Oficial en Metodolog\u00eda de Investigaci\u00f3n en Biolog\u00eda Fundamental y Biomedicina<\/em><\/strong> de la Universidad de Le\u00f3n.\r\n\r\nDe acuerdo a la tabla de titulaciones de acceso publicada en la direcci\u00f3n <a href=\"http:\/\/www.unileon.es\/estudiantes\/estudiantes-master\/oferta-titulaciones\/requisitos-especificos\">http:\/\/www.unileon.es\/estudiantes\/estudiantes-master\/oferta-titulaciones\/requisitos-especificos<\/a> ser\u00e1n admitidos al periodo de formaci\u00f3n los estudiantes que hayan cursado estudios superiores previos (Licenciado o Grado) en Ciencias de la Vida, como Biolog\u00eda, Biotecnolog\u00eda, Bioqu\u00edmica o Ciencias Ambientales, y en Ciencias de la Salud, como Medicina y Veterinaria. Para otras Licenciaturas y Grados, ser\u00e1 la Comisi\u00f3n Acad\u00e9mica del M\u00e1ster la que tendr\u00e1 que valorar la admisi\u00f3n de acuerdo al curriculum vitae del solicitante.\r\n\r\nLa admisi\u00f3n al per\u00edodo de formaci\u00f3n est\u00e1 regulada por la normativa y plazos acordados por la Universidad de Le\u00f3n para los M\u00e1steres oficiales, disponible en la siguiente direcci\u00f3n:\r\n<a href=\"http:\/\/www.unileon.es\/estudiantes\/estudiantes-master\">http:\/\/www.unileon.es\/estudiantes\/estudiantes-master<\/a>\r\n\r\n&nbsp;\r\n\r\n&nbsp;\r\n\r\n<strong>PERIODO DE INVESTIGACI\u00d3N<\/strong>\r\n\r\n<strong><em>Acceso al periodo de investigaci\u00f3n<\/em><\/strong>\r\n\r\nPara acceder al periodo de investigaci\u00f3n ser\u00e1 necesario estar en posesi\u00f3n de un t\u00edtulo oficial de M\u00e1ster Universitario u otro del mismo nivel expedido por una instituci\u00f3n de educaci\u00f3n superior del Espacio Europeo de Educaci\u00f3n Superior, u otro del mismo nivel y \u00e1mbito de conocimiento obtenido en una universidad espa\u00f1ola.\r\n\r\nAsimismo, podr\u00e1n acceder los estudiantes que est\u00e9n en posesi\u00f3n de un t\u00edtulo obtenido conforme a un sistema educativo ajeno al Espacio Europeo de Educaci\u00f3n Superior, sin necesidad de su homologaci\u00f3n, siempre que acrediten un nivel de formaci\u00f3n equivalente a los correspondientes t\u00edtulos universitarios oficiales espa\u00f1oles de M\u00e1ster Universitario y que faculta en el pa\u00eds expendedor del t\u00edtulo para el acceso a estudios de doctorado.\r\n\r\nTambi\u00e9n podr\u00e1n acceder al periodo de investigaci\u00f3n quienes cumplan alguna de las siguientes condiciones:\r\n<ul>\r\n\t<li>Haber superado 60 cr\u00e9ditos incluidos en uno o varios M\u00e1steres Universitarios, de acuerdo con la oferta de la Universidad de Le\u00f3n y de otras universidades espa\u00f1olas.<\/li>\r\n\t<li>Estar en posesi\u00f3n del Diploma de Estudios Avanzados obtenido de acuerdo con lo dispuesto en el RD 778\/98, de 30 de abril, o hubieran alcanzado la Suficiencia Investigadora seg\u00fan lo regulado por el RD 185\/85, de 23 de enero.<\/li>\r\n\t<li>Estar en posesi\u00f3n de un t\u00edtulo de Graduado o Graduada cuya duraci\u00f3n, conforme a normas de derecho comunitario sea de al menos, 300 cr\u00e9ditos.<\/li>\r\n\t<li>En el caso de Licenciado en Medicina, Farmacia, Qu\u00edmica, Biolog\u00eda puede completarse el acceso al periodo de investigaci\u00f3n para los alumnos que hayan completado, al menos, 1 a\u00f1o de MIR, FIR, QUIR, BIR.<\/li>\r\n<\/ul>\r\n<strong> <\/strong>\r\n\r\n<strong><em>Admisi\u00f3n al periodo de investigaci\u00f3n<\/em><\/strong>\r\n\r\nLos estudiantes que cumplan con los requisitos indicados en las v\u00edas de acceso, ser\u00e1n admitidos al periodo de investigaci\u00f3n conforme a los requisitos espec\u00edficos y criterios de valoraci\u00f3n de m\u00e9ritos siguientes:\r\n<ul>\r\n\t<li>Exigencia de formaci\u00f3n previa en cualquiera de las disciplinas que constituyen las Ciencias Biol\u00f3gicas y Biotecnol\u00f3gicas o \u00e1reas afines.<\/li>\r\n\t<li>Acreditaci\u00f3n de aceptaci\u00f3n por un grupo de investigaci\u00f3n perteneciente a una de las \u00c1reas de conocimiento del Departamento de Biolog\u00eda Molecular, de la Universidad de Le\u00f3n o de un Centro de Investigaci\u00f3n externo a la Universidad (ITACyL, Hospitales P\u00fablicos, etc.), para la realizaci\u00f3n del trabajo de investigaci\u00f3n conducente a la obtenci\u00f3n del T\u00edtulo de Doctor. Para ello, el grupo de investigaci\u00f3n aceptante deber\u00e1 de cumplimentar y firmar una aceptaci\u00f3n explicita de aceptaci\u00f3n del estudiante que deber\u00e1 ser aprobada por la Comisi\u00f3n Acad\u00e9mica de doctorado.<\/li>\r\n<\/ul>\r\nLa Comisi\u00f3n Acad\u00e9mica del Programa podr\u00e1 requerir del estudiante admitido al per\u00edodo de investigaci\u00f3n la obligatoriedad de realizar una o m\u00e1s asignaturas\/materias que integran el M\u00e1ster en Metodolog\u00eda en Investigaci\u00f3n en Biolog\u00eda Fundamental y Biomedicina de la Universidad de Le\u00f3n, cuando dicho estudiante haya accedido al per\u00edodo de investigaci\u00f3n sin haber cursado el citado M\u00e1ster.\r\n\r\nPara la admisi\u00f3n en el periodo de investigaci\u00f3n ser\u00e1 necesario realizar una preinscripci\u00f3n siguiendo los plazos y aportando la documentaci\u00f3n que se detalla en la siguiente direcci\u00f3n:\r\n<a href=\"http:\/\/www.unileon.es\/estudiantes\/estudiantes-doctorado\/preincripcion\/periodo-investigacion\">http:\/\/www.unileon.es\/estudiantes\/estudiantes-doctorado\/preincripcion\/periodo-investigacion<\/a>","protected":false},"excerpt":{"rendered":"<p>PERIODO DE FORMACI\u00d3N Acceso al periodo de formaci\u00f3n Para acceder al Programa de Doctorado en su periodo de formaci\u00f3n ser\u00e1 necesario estar en posesi\u00f3n de un t\u00edtulo universitario oficial espa\u00f1ol u otro expedido por una instituci\u00f3n de educaci\u00f3n superior del Espacio Europeo de Educaci\u00f3n Superior que facultan en el pa\u00eds expedidor del t\u00edtulo para el [&hellip;]<\/p>\n","protected":false},"author":64,"featured_media":0,"parent":0,"menu_order":0,"comment_status":"closed","ping_status":"closed","template":"","meta":{"ngg_post_thumbnail":0,"footnotes":""},"class_list":["post-176","page","type-page","status-publish","hentry"],"yoast_head":"<!-- This site is optimized with the Yoast SEO plugin v25.8 - https:\/\/yoast.com\/wordpress\/plugins\/seo\/ -->\n<title>Acceso y Admisi\u00f3n - Departamento de Biolog\u00eda Molecular<\/title>\n<meta name=\"robots\" content=\"index, follow, max-snippet:-1, max-image-preview:large, max-video-preview:-1\" \/>\n<link rel=\"canonical\" href=\"https:\/\/departamentos.unileon.es\/biologia-molecular\/acceso-y-admision\/\" \/>\n<meta property=\"og:locale\" content=\"es_ES\" \/>\n<meta property=\"og:type\" content=\"article\" \/>\n<meta property=\"og:title\" content=\"Acceso y Admisi\u00f3n - Departamento de Biolog\u00eda Molecular\" \/>\n<meta property=\"og:description\" content=\"PERIODO DE FORMACI\u00d3N Acceso al periodo de formaci\u00f3n Para acceder al Programa de Doctorado en su periodo de formaci\u00f3n ser\u00e1 necesario estar en posesi\u00f3n de un t\u00edtulo universitario oficial espa\u00f1ol u otro expedido por una instituci\u00f3n de educaci\u00f3n superior del Espacio Europeo de Educaci\u00f3n Superior que facultan en el pa\u00eds expedidor del t\u00edtulo para el [&hellip;]\" \/>\n<meta property=\"og:url\" content=\"https:\/\/departamentos.unileon.es\/biologia-molecular\/acceso-y-admision\/\" \/>\n<meta property=\"og:site_name\" content=\"Departamento de Biolog\u00eda Molecular\" \/>\n<meta property=\"article:modified_time\" content=\"2011-05-26T10:14:51+00:00\" \/>\n<meta name=\"twitter:card\" content=\"summary_large_image\" \/>\n<meta name=\"twitter:label1\" content=\"Tiempo de lectura\" \/>\n\t<meta name=\"twitter:data1\" content=\"4 minutos\" \/>\n<script type=\"application\/ld+json\" class=\"yoast-schema-graph\">{\"@context\":\"https:\/\/schema.org\",\"@graph\":[{\"@type\":\"WebPage\",\"@id\":\"https:\/\/departamentos.unileon.es\/biologia-molecular\/acceso-y-admision\/\",\"url\":\"https:\/\/departamentos.unileon.es\/biologia-molecular\/acceso-y-admision\/\",\"name\":\"Acceso y Admisi\u00f3n - Departamento de Biolog\u00eda Molecular\",\"isPartOf\":{\"@id\":\"https:\/\/departamentos.unileon.es\/biologia-molecular\/#website\"},\"datePublished\":\"2011-05-26T09:33:51+00:00\",\"dateModified\":\"2011-05-26T10:14:51+00:00\",\"inLanguage\":\"es\",\"potentialAction\":[{\"@type\":\"ReadAction\",\"target\":[\"https:\/\/departamentos.unileon.es\/biologia-molecular\/acceso-y-admision\/\"]}]},{\"@type\":\"WebSite\",\"@id\":\"https:\/\/departamentos.unileon.es\/biologia-molecular\/#website\",\"url\":\"https:\/\/departamentos.unileon.es\/biologia-molecular\/\",\"name\":\"Departamento de Biolog\u00eda Molecular\",\"description\":\"Otro sitio m\u00e1s de Universidad de Le\u00f3n\",\"potentialAction\":[{\"@type\":\"SearchAction\",\"target\":{\"@type\":\"EntryPoint\",\"urlTemplate\":\"https:\/\/departamentos.unileon.es\/biologia-molecular\/?s={search_term_string}\"},\"query-input\":{\"@type\":\"PropertyValueSpecification\",\"valueRequired\":true,\"valueName\":\"search_term_string\"}}],\"inLanguage\":\"es\"}]}<\/script>\n<!-- \/ Yoast SEO plugin. -->","yoast_head_json":{"title":"Acceso y Admisi\u00f3n - Departamento de Biolog\u00eda Molecular","robots":{"index":"index","follow":"follow","max-snippet":"max-snippet:-1","max-image-preview":"max-image-preview:large","max-video-preview":"max-video-preview:-1"},"canonical":"https:\/\/departamentos.unileon.es\/biologia-molecular\/acceso-y-admision\/","og_locale":"es_ES","og_type":"article","og_title":"Acceso y Admisi\u00f3n - Departamento de Biolog\u00eda Molecular","og_description":"PERIODO DE FORMACI\u00d3N Acceso al periodo de formaci\u00f3n Para acceder al Programa de Doctorado en su periodo de formaci\u00f3n ser\u00e1 necesario estar en posesi\u00f3n de un t\u00edtulo universitario oficial espa\u00f1ol u otro expedido por una instituci\u00f3n de educaci\u00f3n superior del Espacio Europeo de Educaci\u00f3n Superior que facultan en el pa\u00eds expedidor del t\u00edtulo para el [&hellip;]","og_url":"https:\/\/departamentos.unileon.es\/biologia-molecular\/acceso-y-admision\/","og_site_name":"Departamento de Biolog\u00eda Molecular","article_modified_time":"2011-05-26T10:14:51+00:00","twitter_card":"summary_large_image","twitter_misc":{"Tiempo de lectura":"4 minutos"},"schema":{"@context":"https:\/\/schema.org","@graph":[{"@type":"WebPage","@id":"https:\/\/departamentos.unileon.es\/biologia-molecular\/acceso-y-admision\/","url":"https:\/\/departamentos.unileon.es\/biologia-molecular\/acceso-y-admision\/","name":"Acceso y Admisi\u00f3n - Departamento de Biolog\u00eda Molecular","isPartOf":{"@id":"https:\/\/departamentos.unileon.es\/biologia-molecular\/#website"},"datePublished":"2011-05-26T09:33:51+00:00","dateModified":"2011-05-26T10:14:51+00:00","inLanguage":"es","potentialAction":[{"@type":"ReadAction","target":["https:\/\/departamentos.unileon.es\/biologia-molecular\/acceso-y-admision\/"]}]},{"@type":"WebSite","@id":"https:\/\/departamentos.unileon.es\/biologia-molecular\/#website","url":"https:\/\/departamentos.unileon.es\/biologia-molecular\/","name":"Departamento de Biolog\u00eda Molecular","description":"Otro sitio m\u00e1s de Universidad de Le\u00f3n","potentialAction":[{"@type":"SearchAction","target":{"@type":"EntryPoint","urlTemplate":"https:\/\/departamentos.unileon.es\/biologia-molecular\/?s={search_term_string}"},"query-input":{"@type":"PropertyValueSpecification","valueRequired":true,"valueName":"search_term_string"}}],"inLanguage":"es"}]}},"_links":{"self":[{"href":"https:\/\/departamentos.unileon.es\/biologia-molecular\/wp-json\/wp\/v2\/pages\/176","targetHints":{"allow":["GET"]}}],"collection":[{"href":"https:\/\/departamentos.unileon.es\/biologia-molecular\/wp-json\/wp\/v2\/pages"}],"about":[{"href":"https:\/\/departamentos.unileon.es\/biologia-molecular\/wp-json\/wp\/v2\/types\/page"}],"author":[{"embeddable":true,"href":"https:\/\/departamentos.unileon.es\/biologia-molecular\/wp-json\/wp\/v2\/users\/64"}],"replies":[{"embeddable":true,"href":"https:\/\/departamentos.unileon.es\/biologia-molecular\/wp-json\/wp\/v2\/comments?post=176"}],"version-history":[{"count":3,"href":"https:\/\/departamentos.unileon.es\/biologia-molecular\/wp-json\/wp\/v2\/pages\/176\/revisions"}],"predecessor-version":[{"id":208,"href":"https:\/\/departamentos.unileon.es\/biologia-molecular\/wp-json\/wp\/v2\/pages\/176\/revisions\/208"}],"wp:attachment":[{"href":"https:\/\/departamentos.unileon.es\/biologia-molecular\/wp-json\/wp\/v2\/media?parent=176"}],"curies":[{"name":"wp","href":"https:\/\/api.w.org\/{rel}","templated":true}]}}