{"id":163,"date":"2011-05-26T09:27:21","date_gmt":"2011-05-26T09:27:21","guid":{"rendered":"http:\/\/departamentos.unileon.es\/biologia-molecular\/?page_id=163"},"modified":"2018-06-19T08:02:30","modified_gmt":"2018-06-19T08:02:30","slug":"coordinacion-y-contacto","status":"publish","type":"page","link":"https:\/\/departamentos.unileon.es\/biologia-molecular\/coordinacion-y-contacto\/","title":{"rendered":"Coordinaci\u00f3n y Contacto"},"content":{"rendered":"<strong>Coordinador del Programa de Doctorado:<\/strong>\r\n\r\n<strong><em>Dr. Carlos Polanco de la Puente<\/em><\/strong>\r\nProfesor Titular de Gen\u00e9tica. \u00c1rea de Gen\u00e9tica\r\nFacultad de CC. Biol\u00f3gicas y Ambientales\r\nUniversidad de Le\u00f3n\r\nCampus de Vegazana s\/n\r\n24071&nbsp; Le\u00f3n\r\n\r\ne-mail: <a href=\"mailto:carlos.polanco@unileon.es\">carlos.polanco@unileon.es<\/a>\r\nTfno. (+34) 98729 1549\r\n\r\n<strong>Direcci\u00f3n Postal del Departamento:<\/strong>\r\n\r\nDepartamento de Biolog\u00eda Molecular\r\nFacultad de Cc. Biol\u00f3gicas y Ambientales\r\nUniversidad de Le\u00f3n.\r\nCampus de Vegazana s\/n\r\n24071&nbsp; Le\u00f3n (Espa\u00f1a)\r\n\r\n<strong>e-mail:<\/strong> <a href=\"mailto:dbmadm@unileon.es\">dbmadm@unileon.es<\/a>\r\n\r\n<strong>fax:<\/strong> (+34) 98729 1409\r\n\r\n<strong>Tel\u00e9fonos de atenci\u00f3n del Departamento:<\/strong>\r\n\r\nConcepci\u00f3n Garc\u00eda Blanco (+34) 98729 1501","protected":false},"excerpt":{"rendered":"<p>Coordinador del Programa de Doctorado: Dr. Carlos Polanco de la Puente Profesor Titular de Gen\u00e9tica. \u00c1rea de Gen\u00e9tica Facultad de CC. Biol\u00f3gicas y Ambientales Universidad de Le\u00f3n Campus de Vegazana s\/n 24071&nbsp; Le\u00f3n e-mail: carlos.polanco@unileon.es Tfno. (+34) 98729 1549 Direcci\u00f3n Postal del Departamento: Departamento de Biolog\u00eda Molecular Facultad de Cc. Biol\u00f3gicas y Ambientales Universidad de [&hellip;]<\/p>\n","protected":false},"author":64,"featured_media":0,"parent":0,"menu_order":0,"comment_status":"closed","ping_status":"closed","template":"","meta":{"ngg_post_thumbnail":0,"footnotes":""},"class_list":["post-163","page","type-page","status-publish","hentry"],"yoast_head":"<!-- This site is optimized with the Yoast SEO plugin v25.8 - https:\/\/yoast.com\/wordpress\/plugins\/seo\/ -->\n<title>Coordinaci\u00f3n y Contacto - Departamento de Biolog\u00eda Molecular<\/title>\n<meta name=\"robots\" content=\"index, follow, max-snippet:-1, max-image-preview:large, max-video-preview:-1\" \/>\n<link rel=\"canonical\" href=\"https:\/\/departamentos.unileon.es\/biologia-molecular\/coordinacion-y-contacto\/\" \/>\n<meta property=\"og:locale\" content=\"es_ES\" \/>\n<meta property=\"og:type\" content=\"article\" \/>\n<meta property=\"og:title\" content=\"Coordinaci\u00f3n y Contacto - Departamento de Biolog\u00eda Molecular\" \/>\n<meta property=\"og:description\" content=\"Coordinador del Programa de Doctorado: Dr. Carlos Polanco de la Puente Profesor Titular de Gen\u00e9tica. \u00c1rea de Gen\u00e9tica Facultad de CC. Biol\u00f3gicas y Ambientales Universidad de Le\u00f3n Campus de Vegazana s\/n 24071&nbsp; Le\u00f3n e-mail: carlos.polanco@unileon.es Tfno. (+34) 98729 1549 Direcci\u00f3n Postal del Departamento: Departamento de Biolog\u00eda Molecular Facultad de Cc. Biol\u00f3gicas y Ambientales Universidad de [&hellip;]\" \/>\n<meta property=\"og:url\" content=\"https:\/\/departamentos.unileon.es\/biologia-molecular\/coordinacion-y-contacto\/\" \/>\n<meta property=\"og:site_name\" content=\"Departamento de Biolog\u00eda Molecular\" \/>\n<meta property=\"article:modified_time\" content=\"2018-06-19T08:02:30+00:00\" \/>\n<meta name=\"twitter:card\" content=\"summary_large_image\" \/>\n<script type=\"application\/ld+json\" class=\"yoast-schema-graph\">{\"@context\":\"https:\/\/schema.org\",\"@graph\":[{\"@type\":\"WebPage\",\"@id\":\"https:\/\/departamentos.unileon.es\/biologia-molecular\/coordinacion-y-contacto\/\",\"url\":\"https:\/\/departamentos.unileon.es\/biologia-molecular\/coordinacion-y-contacto\/\",\"name\":\"Coordinaci\u00f3n y Contacto - Departamento de Biolog\u00eda Molecular\",\"isPartOf\":{\"@id\":\"https:\/\/departamentos.unileon.es\/biologia-molecular\/#website\"},\"datePublished\":\"2011-05-26T09:27:21+00:00\",\"dateModified\":\"2018-06-19T08:02:30+00:00\",\"inLanguage\":\"es\",\"potentialAction\":[{\"@type\":\"ReadAction\",\"target\":[\"https:\/\/departamentos.unileon.es\/biologia-molecular\/coordinacion-y-contacto\/\"]}]},{\"@type\":\"WebSite\",\"@id\":\"https:\/\/departamentos.unileon.es\/biologia-molecular\/#website\",\"url\":\"https:\/\/departamentos.unileon.es\/biologia-molecular\/\",\"name\":\"Departamento de Biolog\u00eda Molecular\",\"description\":\"Otro sitio m\u00e1s de Universidad de Le\u00f3n\",\"potentialAction\":[{\"@type\":\"SearchAction\",\"target\":{\"@type\":\"EntryPoint\",\"urlTemplate\":\"https:\/\/departamentos.unileon.es\/biologia-molecular\/?s={search_term_string}\"},\"query-input\":{\"@type\":\"PropertyValueSpecification\",\"valueRequired\":true,\"valueName\":\"search_term_string\"}}],\"inLanguage\":\"es\"}]}<\/script>\n<!-- \/ Yoast SEO plugin. -->","yoast_head_json":{"title":"Coordinaci\u00f3n y Contacto - Departamento de Biolog\u00eda Molecular","robots":{"index":"index","follow":"follow","max-snippet":"max-snippet:-1","max-image-preview":"max-image-preview:large","max-video-preview":"max-video-preview:-1"},"canonical":"https:\/\/departamentos.unileon.es\/biologia-molecular\/coordinacion-y-contacto\/","og_locale":"es_ES","og_type":"article","og_title":"Coordinaci\u00f3n y Contacto - Departamento de Biolog\u00eda Molecular","og_description":"Coordinador del Programa de Doctorado: Dr. Carlos Polanco de la Puente Profesor Titular de Gen\u00e9tica. \u00c1rea de Gen\u00e9tica Facultad de CC. Biol\u00f3gicas y Ambientales Universidad de Le\u00f3n Campus de Vegazana s\/n 24071&nbsp; Le\u00f3n e-mail: carlos.polanco@unileon.es Tfno. (+34) 98729 1549 Direcci\u00f3n Postal del Departamento: Departamento de Biolog\u00eda Molecular Facultad de Cc. Biol\u00f3gicas y Ambientales Universidad de [&hellip;]","og_url":"https:\/\/departamentos.unileon.es\/biologia-molecular\/coordinacion-y-contacto\/","og_site_name":"Departamento de Biolog\u00eda Molecular","article_modified_time":"2018-06-19T08:02:30+00:00","twitter_card":"summary_large_image","schema":{"@context":"https:\/\/schema.org","@graph":[{"@type":"WebPage","@id":"https:\/\/departamentos.unileon.es\/biologia-molecular\/coordinacion-y-contacto\/","url":"https:\/\/departamentos.unileon.es\/biologia-molecular\/coordinacion-y-contacto\/","name":"Coordinaci\u00f3n y Contacto - Departamento de Biolog\u00eda Molecular","isPartOf":{"@id":"https:\/\/departamentos.unileon.es\/biologia-molecular\/#website"},"datePublished":"2011-05-26T09:27:21+00:00","dateModified":"2018-06-19T08:02:30+00:00","inLanguage":"es","potentialAction":[{"@type":"ReadAction","target":["https:\/\/departamentos.unileon.es\/biologia-molecular\/coordinacion-y-contacto\/"]}]},{"@type":"WebSite","@id":"https:\/\/departamentos.unileon.es\/biologia-molecular\/#website","url":"https:\/\/departamentos.unileon.es\/biologia-molecular\/","name":"Departamento de Biolog\u00eda Molecular","description":"Otro sitio m\u00e1s de Universidad de Le\u00f3n","potentialAction":[{"@type":"SearchAction","target":{"@type":"EntryPoint","urlTemplate":"https:\/\/departamentos.unileon.es\/biologia-molecular\/?s={search_term_string}"},"query-input":{"@type":"PropertyValueSpecification","valueRequired":true,"valueName":"search_term_string"}}],"inLanguage":"es"}]}},"_links":{"self":[{"href":"https:\/\/departamentos.unileon.es\/biologia-molecular\/wp-json\/wp\/v2\/pages\/163","targetHints":{"allow":["GET"]}}],"collection":[{"href":"https:\/\/departamentos.unileon.es\/biologia-molecular\/wp-json\/wp\/v2\/pages"}],"about":[{"href":"https:\/\/departamentos.unileon.es\/biologia-molecular\/wp-json\/wp\/v2\/types\/page"}],"author":[{"embeddable":true,"href":"https:\/\/departamentos.unileon.es\/biologia-molecular\/wp-json\/wp\/v2\/users\/64"}],"replies":[{"embeddable":true,"href":"https:\/\/departamentos.unileon.es\/biologia-molecular\/wp-json\/wp\/v2\/comments?post=163"}],"version-history":[{"count":5,"href":"https:\/\/departamentos.unileon.es\/biologia-molecular\/wp-json\/wp\/v2\/pages\/163\/revisions"}],"predecessor-version":[{"id":342,"href":"https:\/\/departamentos.unileon.es\/biologia-molecular\/wp-json\/wp\/v2\/pages\/163\/revisions\/342"}],"wp:attachment":[{"href":"https:\/\/departamentos.unileon.es\/biologia-molecular\/wp-json\/wp\/v2\/media?parent=163"}],"curies":[{"name":"wp","href":"https:\/\/api.w.org\/{rel}","templated":true}]}}