{"id":159,"date":"2011-05-26T08:53:46","date_gmt":"2011-05-26T08:53:46","guid":{"rendered":"http:\/\/departamentos.unileon.es\/biologia-molecular\/?page_id=159"},"modified":"2013-10-30T11:45:07","modified_gmt":"2013-10-30T11:45:07","slug":"programa_doctorado","status":"publish","type":"page","link":"https:\/\/departamentos.unileon.es\/biologia-molecular\/programa_doctorado\/","title":{"rendered":"Programa de Doctorado \u00abBiolog\u00eda Molecular y Biotecnolog\u00eda\u00bb RD1393\/2007"},"content":{"rendered":"<p>Las ense\u00f1anzas docentes e investigadoras en Biolog\u00eda Molecular y Biotecnolog\u00eda est\u00e1n dirigidas a la formaci\u00f3n de profesionales de distintos \u00e1mbitos, como son docencia, investigaci\u00f3n e industria, y es un campo en continua expansi\u00f3n que ha diversificado su desarrollo hacia \u00e1reas tales como biomedicina, agroalimentaci\u00f3n, energ\u00eda y medio ambiente, entre otras. El inter\u00e9s cient\u00edfico, social y acad\u00e9mico por las Ciencias Biol\u00f3gicas y sus aplicaciones pone de manifiesto la necesidad de formar profesionales capaces de responder a las necesidades de la sociedad y del mercado laboral en los \u00e1mbitos de investigaci\u00f3n, desarrollo, educaci\u00f3n, gesti\u00f3n y producci\u00f3n.<\/p><p>El Programa de Doctorado \u00abBiolog\u00eda Molecular y Biotecnolog\u00eda\u00bb ha sido seguido por alumnos procedentes de distintas universidades nacionales (Le\u00f3n, Salamanca, Oviedo, Sevilla, Valencia, etc.) e internacionales (Costa Rica, M\u00e9xico, Cuba, Brasil, Argentina, Paquist\u00e1n, Marruecos, Ir\u00e1n, India, etc.). En los \u00faltimos seis a\u00f1os se han defendido m\u00e1s de cuarenta tesis doctorales de las que han derivado excelentes publicaciones y actualmente muchos de estos doctores est\u00e1n trabajando en la industria y en centros de investigaci\u00f3n, algunos de referencia, nacionales o internacionales.<\/p><p>Este programa de Doctorado Oficial*, dise\u00f1ado de acuerdo a la normativa descrita en el Real Decreto 1393\/2007, proviene de la transformaci\u00f3n del Programa de Doctorado \u201cBiolog\u00eda Molecular y Biotecnolog\u00eda\u201d impartido en la Universidad de Le\u00f3n desde el curso 1999-2000. Dicho Programa de Doctorado ha sido reconocido como Programa de Doctorado de Calidad, concedido por el Ministerio de Educaci\u00f3n, Cultura y Deporte, durante los cursos 1999-2000 al 2002-2003 y desde el curso 2003-2004 siguiente y hasta el 2009-2010 se ha impartido con referencia Menci\u00f3n de Calidad MDC2003-00680 (Ministerio de Ciencia e Innovaci\u00f3n). En el curso 2010-11 se solicit\u00f3 la Menci\u00f3n hacia la Excelencia del Ministerio de Educaci\u00f3n, siendo concedida en octubre de 2011 con referencia MEE2011-0343 con validez hasta el curso 2013-2014.<\/p><p><strong>Este\u00a0 programa de Doctorado ha completado su tr\u00e1mite de adaptaci\u00f3n al Real Decreto 99\/2011, de 28 de enero, por el que se regulan las ense\u00f1anzas de doctorado. La memoria correspondiente al nuevo programa de Doctorado ha sido verificada con fecha 25 de septiembre de 2013. A partir del curso 2013-14, los alumnos que deseen matricularse se regir\u00e1n por esta nueva normativa.<br \/> (<a href=\"http:\/\/departamentos.unileon.es\/biologia-molecular\/adaptacion-al-rd992011\/\">Ver apartado espec\u00edfico sobre adaptaci\u00f3n al RD99\/2011 en el men\u00fa lateral<\/a>).<\/strong><\/p><p>*<em>Inscrito en el Registro de Universidades, Centros y T\u00edtulos (Ministerio de Ciencia e Innovaci\u00f3n, Resoluci\u00f3n de 7 de abril de 2010, BOE de 27\/4\/2010).<\/em><\/p><p><strong>Departamento Responsable del Programa de Doctorado \u00abBiolog\u00eda Molecular y Biotecnolog\u00eda\u00bb:<\/strong><\/p><p><strong><em>Departamento de Biolog\u00eda Molecular<\/em><\/strong><br \/> <a href=\"..\/..\/biologia-molecular\">http:\/\/departamentos.unileon.es\/biologia-molecular<\/a><\/p>","protected":false},"excerpt":{"rendered":"<p>Las ense\u00f1anzas docentes e investigadoras en Biolog\u00eda Molecular y Biotecnolog\u00eda est\u00e1n dirigidas a la formaci\u00f3n de profesionales de distintos \u00e1mbitos, como son docencia, investigaci\u00f3n e industria, y es un campo en continua expansi\u00f3n que ha diversificado su desarrollo hacia \u00e1reas tales como biomedicina, agroalimentaci\u00f3n, energ\u00eda y medio ambiente, entre otras. El inter\u00e9s cient\u00edfico, social y [&hellip;]<\/p>\n","protected":false},"author":64,"featured_media":0,"parent":0,"menu_order":0,"comment_status":"closed","ping_status":"open","template":"","meta":{"ngg_post_thumbnail":0,"footnotes":""},"class_list":["post-159","page","type-page","status-publish","hentry"],"yoast_head":"<!-- This site is optimized with the Yoast SEO plugin v25.8 - https:\/\/yoast.com\/wordpress\/plugins\/seo\/ -->\n<title>Programa de Doctorado &quot;Biolog\u00eda Molecular y Biotecnolog\u00eda&quot; RD1393\/2007 - Departamento de Biolog\u00eda Molecular<\/title>\n<meta name=\"robots\" content=\"index, follow, max-snippet:-1, max-image-preview:large, max-video-preview:-1\" \/>\n<link rel=\"canonical\" href=\"https:\/\/departamentos.unileon.es\/biologia-molecular\/programa_doctorado\/\" \/>\n<meta property=\"og:locale\" content=\"es_ES\" \/>\n<meta property=\"og:type\" content=\"article\" \/>\n<meta property=\"og:title\" content=\"Programa de Doctorado &quot;Biolog\u00eda Molecular y Biotecnolog\u00eda&quot; RD1393\/2007 - Departamento de Biolog\u00eda Molecular\" \/>\n<meta property=\"og:description\" content=\"Las ense\u00f1anzas docentes e investigadoras en Biolog\u00eda Molecular y Biotecnolog\u00eda est\u00e1n dirigidas a la formaci\u00f3n de profesionales de distintos \u00e1mbitos, como son docencia, investigaci\u00f3n e industria, y es un campo en continua expansi\u00f3n que ha diversificado su desarrollo hacia \u00e1reas tales como biomedicina, agroalimentaci\u00f3n, energ\u00eda y medio ambiente, entre otras. El inter\u00e9s cient\u00edfico, social y [&hellip;]\" \/>\n<meta property=\"og:url\" content=\"https:\/\/departamentos.unileon.es\/biologia-molecular\/programa_doctorado\/\" \/>\n<meta property=\"og:site_name\" content=\"Departamento de Biolog\u00eda Molecular\" \/>\n<meta property=\"article:modified_time\" content=\"2013-10-30T11:45:07+00:00\" \/>\n<meta name=\"twitter:card\" content=\"summary_large_image\" \/>\n<meta name=\"twitter:label1\" content=\"Tiempo de lectura\" \/>\n\t<meta name=\"twitter:data1\" content=\"2 minutos\" \/>\n<script type=\"application\/ld+json\" class=\"yoast-schema-graph\">{\"@context\":\"https:\/\/schema.org\",\"@graph\":[{\"@type\":\"WebPage\",\"@id\":\"https:\/\/departamentos.unileon.es\/biologia-molecular\/programa_doctorado\/\",\"url\":\"https:\/\/departamentos.unileon.es\/biologia-molecular\/programa_doctorado\/\",\"name\":\"Programa de Doctorado \\\"Biolog\u00eda Molecular y Biotecnolog\u00eda\\\" RD1393\/2007 - Departamento de Biolog\u00eda Molecular\",\"isPartOf\":{\"@id\":\"https:\/\/departamentos.unileon.es\/biologia-molecular\/#website\"},\"datePublished\":\"2011-05-26T08:53:46+00:00\",\"dateModified\":\"2013-10-30T11:45:07+00:00\",\"inLanguage\":\"es\",\"potentialAction\":[{\"@type\":\"ReadAction\",\"target\":[\"https:\/\/departamentos.unileon.es\/biologia-molecular\/programa_doctorado\/\"]}]},{\"@type\":\"WebSite\",\"@id\":\"https:\/\/departamentos.unileon.es\/biologia-molecular\/#website\",\"url\":\"https:\/\/departamentos.unileon.es\/biologia-molecular\/\",\"name\":\"Departamento de Biolog\u00eda Molecular\",\"description\":\"Otro sitio m\u00e1s de Universidad de Le\u00f3n\",\"potentialAction\":[{\"@type\":\"SearchAction\",\"target\":{\"@type\":\"EntryPoint\",\"urlTemplate\":\"https:\/\/departamentos.unileon.es\/biologia-molecular\/?s={search_term_string}\"},\"query-input\":{\"@type\":\"PropertyValueSpecification\",\"valueRequired\":true,\"valueName\":\"search_term_string\"}}],\"inLanguage\":\"es\"}]}<\/script>\n<!-- \/ Yoast SEO plugin. -->","yoast_head_json":{"title":"Programa de Doctorado \"Biolog\u00eda Molecular y Biotecnolog\u00eda\" RD1393\/2007 - Departamento de Biolog\u00eda Molecular","robots":{"index":"index","follow":"follow","max-snippet":"max-snippet:-1","max-image-preview":"max-image-preview:large","max-video-preview":"max-video-preview:-1"},"canonical":"https:\/\/departamentos.unileon.es\/biologia-molecular\/programa_doctorado\/","og_locale":"es_ES","og_type":"article","og_title":"Programa de Doctorado \"Biolog\u00eda Molecular y Biotecnolog\u00eda\" RD1393\/2007 - Departamento de Biolog\u00eda Molecular","og_description":"Las ense\u00f1anzas docentes e investigadoras en Biolog\u00eda Molecular y Biotecnolog\u00eda est\u00e1n dirigidas a la formaci\u00f3n de profesionales de distintos \u00e1mbitos, como son docencia, investigaci\u00f3n e industria, y es un campo en continua expansi\u00f3n que ha diversificado su desarrollo hacia \u00e1reas tales como biomedicina, agroalimentaci\u00f3n, energ\u00eda y medio ambiente, entre otras. El inter\u00e9s cient\u00edfico, social y [&hellip;]","og_url":"https:\/\/departamentos.unileon.es\/biologia-molecular\/programa_doctorado\/","og_site_name":"Departamento de Biolog\u00eda Molecular","article_modified_time":"2013-10-30T11:45:07+00:00","twitter_card":"summary_large_image","twitter_misc":{"Tiempo de lectura":"2 minutos"},"schema":{"@context":"https:\/\/schema.org","@graph":[{"@type":"WebPage","@id":"https:\/\/departamentos.unileon.es\/biologia-molecular\/programa_doctorado\/","url":"https:\/\/departamentos.unileon.es\/biologia-molecular\/programa_doctorado\/","name":"Programa de Doctorado \"Biolog\u00eda Molecular y Biotecnolog\u00eda\" RD1393\/2007 - Departamento de Biolog\u00eda Molecular","isPartOf":{"@id":"https:\/\/departamentos.unileon.es\/biologia-molecular\/#website"},"datePublished":"2011-05-26T08:53:46+00:00","dateModified":"2013-10-30T11:45:07+00:00","inLanguage":"es","potentialAction":[{"@type":"ReadAction","target":["https:\/\/departamentos.unileon.es\/biologia-molecular\/programa_doctorado\/"]}]},{"@type":"WebSite","@id":"https:\/\/departamentos.unileon.es\/biologia-molecular\/#website","url":"https:\/\/departamentos.unileon.es\/biologia-molecular\/","name":"Departamento de Biolog\u00eda Molecular","description":"Otro sitio m\u00e1s de Universidad de Le\u00f3n","potentialAction":[{"@type":"SearchAction","target":{"@type":"EntryPoint","urlTemplate":"https:\/\/departamentos.unileon.es\/biologia-molecular\/?s={search_term_string}"},"query-input":{"@type":"PropertyValueSpecification","valueRequired":true,"valueName":"search_term_string"}}],"inLanguage":"es"}]}},"_links":{"self":[{"href":"https:\/\/departamentos.unileon.es\/biologia-molecular\/wp-json\/wp\/v2\/pages\/159","targetHints":{"allow":["GET"]}}],"collection":[{"href":"https:\/\/departamentos.unileon.es\/biologia-molecular\/wp-json\/wp\/v2\/pages"}],"about":[{"href":"https:\/\/departamentos.unileon.es\/biologia-molecular\/wp-json\/wp\/v2\/types\/page"}],"author":[{"embeddable":true,"href":"https:\/\/departamentos.unileon.es\/biologia-molecular\/wp-json\/wp\/v2\/users\/64"}],"replies":[{"embeddable":true,"href":"https:\/\/departamentos.unileon.es\/biologia-molecular\/wp-json\/wp\/v2\/comments?post=159"}],"version-history":[{"count":25,"href":"https:\/\/departamentos.unileon.es\/biologia-molecular\/wp-json\/wp\/v2\/pages\/159\/revisions"}],"predecessor-version":[{"id":169,"href":"https:\/\/departamentos.unileon.es\/biologia-molecular\/wp-json\/wp\/v2\/pages\/159\/revisions\/169"}],"wp:attachment":[{"href":"https:\/\/departamentos.unileon.es\/biologia-molecular\/wp-json\/wp\/v2\/media?parent=159"}],"curies":[{"name":"wp","href":"https:\/\/api.w.org\/{rel}","templated":true}]}}