{"id":12,"date":"2010-08-17T07:41:43","date_gmt":"2010-08-17T07:41:43","guid":{"rendered":"http:\/\/departamentos.unileon.es\/biologia-molecular\/"},"modified":"2018-11-19T16:21:40","modified_gmt":"2018-11-19T16:21:40","slug":"centros","status":"publish","type":"page","link":"https:\/\/departamentos.unileon.es\/biologia-molecular\/centros\/","title":{"rendered":"Centros de Docencia"},"content":{"rendered":"<ul>\r\n \t<li><a href=\"http:\/\/centros.unileon.es\/veterinaria\/\" target=\"_blank\" rel=\"noopener\">FACULTAD DE VETERINARIA<\/a><\/li>\r\n \t<li><a href=\"https:\/\/centros.unileon.es\/biologia\/\" target=\"_blank\" rel=\"noopener\">FACULTAD DE CIENCIAS BIOLOGICAS Y AMBIENTALES<\/a><\/li>\r\n \t<li>ESCUELA SUPERIOR Y T\u00c9CNICA DE INGENIERIA AGRARIA<\/li>\r\n \t<li><a href=\"https:\/\/centros.unileon.es\/cienciasdelasalud\/\" target=\"_blank\" rel=\"noopener\">ESCUELA UNIVERSITARIA DE CIENCIAS DE LA SALUD<\/a><\/li>\r\n \t<li>ESTUDIOS DE POSTGRADO<\/li>\r\n<\/ul>","protected":false},"excerpt":{"rendered":"<p>FACULTAD DE VETERINARIA FACULTAD DE CIENCIAS BIOLOGICAS Y AMBIENTALES ESCUELA SUPERIOR Y T\u00c9CNICA DE INGENIERIA AGRARIA ESCUELA UNIVERSITARIA DE CIENCIAS DE LA SALUD ESTUDIOS DE POSTGRADO<\/p>\n","protected":false},"author":64,"featured_media":0,"parent":0,"menu_order":4,"comment_status":"closed","ping_status":"closed","template":"","meta":{"ngg_post_thumbnail":0,"footnotes":""},"class_list":["post-12","page","type-page","status-publish","hentry"],"yoast_head":"<!-- This site is optimized with the Yoast SEO plugin v25.8 - https:\/\/yoast.com\/wordpress\/plugins\/seo\/ -->\n<title>Centros de Docencia - Departamento de Biolog\u00eda Molecular<\/title>\n<meta name=\"robots\" content=\"index, follow, max-snippet:-1, max-image-preview:large, max-video-preview:-1\" \/>\n<link rel=\"canonical\" href=\"https:\/\/departamentos.unileon.es\/biologia-molecular\/centros\/\" \/>\n<meta property=\"og:locale\" content=\"es_ES\" \/>\n<meta property=\"og:type\" content=\"article\" \/>\n<meta property=\"og:title\" content=\"Centros de Docencia - Departamento de Biolog\u00eda Molecular\" \/>\n<meta property=\"og:description\" content=\"FACULTAD DE VETERINARIA FACULTAD DE CIENCIAS BIOLOGICAS Y AMBIENTALES ESCUELA SUPERIOR Y T\u00c9CNICA DE INGENIERIA AGRARIA ESCUELA UNIVERSITARIA DE CIENCIAS DE LA SALUD ESTUDIOS DE POSTGRADO\" \/>\n<meta property=\"og:url\" content=\"https:\/\/departamentos.unileon.es\/biologia-molecular\/centros\/\" \/>\n<meta property=\"og:site_name\" content=\"Departamento de Biolog\u00eda Molecular\" \/>\n<meta property=\"article:modified_time\" content=\"2018-11-19T16:21:40+00:00\" \/>\n<meta name=\"twitter:card\" content=\"summary_large_image\" \/>\n<script type=\"application\/ld+json\" class=\"yoast-schema-graph\">{\"@context\":\"https:\/\/schema.org\",\"@graph\":[{\"@type\":\"WebPage\",\"@id\":\"https:\/\/departamentos.unileon.es\/biologia-molecular\/centros\/\",\"url\":\"https:\/\/departamentos.unileon.es\/biologia-molecular\/centros\/\",\"name\":\"Centros de Docencia - Departamento de Biolog\u00eda Molecular\",\"isPartOf\":{\"@id\":\"https:\/\/departamentos.unileon.es\/biologia-molecular\/#website\"},\"datePublished\":\"2010-08-17T07:41:43+00:00\",\"dateModified\":\"2018-11-19T16:21:40+00:00\",\"inLanguage\":\"es\",\"potentialAction\":[{\"@type\":\"ReadAction\",\"target\":[\"https:\/\/departamentos.unileon.es\/biologia-molecular\/centros\/\"]}]},{\"@type\":\"WebSite\",\"@id\":\"https:\/\/departamentos.unileon.es\/biologia-molecular\/#website\",\"url\":\"https:\/\/departamentos.unileon.es\/biologia-molecular\/\",\"name\":\"Departamento de Biolog\u00eda Molecular\",\"description\":\"Otro sitio m\u00e1s de Universidad de Le\u00f3n\",\"potentialAction\":[{\"@type\":\"SearchAction\",\"target\":{\"@type\":\"EntryPoint\",\"urlTemplate\":\"https:\/\/departamentos.unileon.es\/biologia-molecular\/?s={search_term_string}\"},\"query-input\":{\"@type\":\"PropertyValueSpecification\",\"valueRequired\":true,\"valueName\":\"search_term_string\"}}],\"inLanguage\":\"es\"}]}<\/script>\n<!-- \/ Yoast SEO plugin. -->","yoast_head_json":{"title":"Centros de Docencia - Departamento de Biolog\u00eda Molecular","robots":{"index":"index","follow":"follow","max-snippet":"max-snippet:-1","max-image-preview":"max-image-preview:large","max-video-preview":"max-video-preview:-1"},"canonical":"https:\/\/departamentos.unileon.es\/biologia-molecular\/centros\/","og_locale":"es_ES","og_type":"article","og_title":"Centros de Docencia - Departamento de Biolog\u00eda Molecular","og_description":"FACULTAD DE VETERINARIA FACULTAD DE CIENCIAS BIOLOGICAS Y AMBIENTALES ESCUELA SUPERIOR Y T\u00c9CNICA DE INGENIERIA AGRARIA ESCUELA UNIVERSITARIA DE CIENCIAS DE LA SALUD ESTUDIOS DE POSTGRADO","og_url":"https:\/\/departamentos.unileon.es\/biologia-molecular\/centros\/","og_site_name":"Departamento de Biolog\u00eda Molecular","article_modified_time":"2018-11-19T16:21:40+00:00","twitter_card":"summary_large_image","schema":{"@context":"https:\/\/schema.org","@graph":[{"@type":"WebPage","@id":"https:\/\/departamentos.unileon.es\/biologia-molecular\/centros\/","url":"https:\/\/departamentos.unileon.es\/biologia-molecular\/centros\/","name":"Centros de Docencia - Departamento de Biolog\u00eda Molecular","isPartOf":{"@id":"https:\/\/departamentos.unileon.es\/biologia-molecular\/#website"},"datePublished":"2010-08-17T07:41:43+00:00","dateModified":"2018-11-19T16:21:40+00:00","inLanguage":"es","potentialAction":[{"@type":"ReadAction","target":["https:\/\/departamentos.unileon.es\/biologia-molecular\/centros\/"]}]},{"@type":"WebSite","@id":"https:\/\/departamentos.unileon.es\/biologia-molecular\/#website","url":"https:\/\/departamentos.unileon.es\/biologia-molecular\/","name":"Departamento de Biolog\u00eda Molecular","description":"Otro sitio m\u00e1s de Universidad de Le\u00f3n","potentialAction":[{"@type":"SearchAction","target":{"@type":"EntryPoint","urlTemplate":"https:\/\/departamentos.unileon.es\/biologia-molecular\/?s={search_term_string}"},"query-input":{"@type":"PropertyValueSpecification","valueRequired":true,"valueName":"search_term_string"}}],"inLanguage":"es"}]}},"_links":{"self":[{"href":"https:\/\/departamentos.unileon.es\/biologia-molecular\/wp-json\/wp\/v2\/pages\/12","targetHints":{"allow":["GET"]}}],"collection":[{"href":"https:\/\/departamentos.unileon.es\/biologia-molecular\/wp-json\/wp\/v2\/pages"}],"about":[{"href":"https:\/\/departamentos.unileon.es\/biologia-molecular\/wp-json\/wp\/v2\/types\/page"}],"author":[{"embeddable":true,"href":"https:\/\/departamentos.unileon.es\/biologia-molecular\/wp-json\/wp\/v2\/users\/64"}],"replies":[{"embeddable":true,"href":"https:\/\/departamentos.unileon.es\/biologia-molecular\/wp-json\/wp\/v2\/comments?post=12"}],"version-history":[{"count":12,"href":"https:\/\/departamentos.unileon.es\/biologia-molecular\/wp-json\/wp\/v2\/pages\/12\/revisions"}],"predecessor-version":[{"id":420,"href":"https:\/\/departamentos.unileon.es\/biologia-molecular\/wp-json\/wp\/v2\/pages\/12\/revisions\/420"}],"wp:attachment":[{"href":"https:\/\/departamentos.unileon.es\/biologia-molecular\/wp-json\/wp\/v2\/media?parent=12"}],"curies":[{"name":"wp","href":"https:\/\/api.w.org\/{rel}","templated":true}]}}