{"id":9,"date":"2010-08-17T07:31:36","date_gmt":"2010-08-17T07:31:36","guid":{"rendered":"http:\/\/departamentos.unileon.es\/biodiversidad-y-gestion-ambiental\/"},"modified":"2024-06-27T08:35:48","modified_gmt":"2024-06-27T08:35:48","slug":"personal","status":"publish","type":"page","link":"https:\/\/departamentos.unileon.es\/biodiversidad-y-gestion-ambiental\/personal\/","title":{"rendered":"Personal perteneciente al departamento"},"content":{"rendered":"\n<table width=\"100%\">\n    <thead>\n    <tr>\n        <th style=\"text-align: center;\">Nombre<\/th>\n        <th style=\"text-align: center;\">Puesto<\/th>\n        <th style=\"text-align: center;\">Extensi\u00f3n<\/th>\n    <\/tr>\n    <\/thead>\n    <tbody>\n\n    <tr>\n        <th colspan=\"3\" style=\"text-align: center;\"><strong>PROFESORADO<\/strong><\/th>\n    <\/tr>\n\n    <tr>\n        <th colspan=\"3\">\u00c1REA DE ANTROPOLOG\u00cdA F\u00cdSICA<\/th>\n    <\/tr>\n\n    <tr>\n        <td>Garc\u00eda Tabernero, Antonio<\/td>\n        <td>Profesor Ayudante Doctor<\/td>\n        <td>987293311<\/td>\n    <\/tr>\n    <tr>\n        <td>Rodr\u00edguez Garc\u00eda, Laura<\/td>\n        <td>Profesora Titular de Universidad<\/td>\n        <td>987293294<\/td>\n    <\/tr>\n\n    <tr>\n        <td colspan=\"3\"><\/td>\n    <\/tr>\n\n    <tr>\n        <th colspan=\"3\">\u00c1REA DE BOT\u00c1NICA<\/th>\n    <\/tr>\n\n    <tr>\n        <td>Acedo Casado, M\u00aa Carmen<\/td>\n        <td>Profesora Titular de Universidad<\/td>\n        <td>987291562<\/td>\n    <\/tr>\n    <tr>\n        <td>Alfaro Saiz, Estrella<\/td>\n        <td>Profesora Ayudante Doctora<\/td>\n        <td>987293408<\/td>\n    <\/tr>\n    <tr>\n        <td>Alonso Redondo, Raquel<\/td>\n        <td>Profesora Titular de Universidad<\/td>\n        <td>987291554<\/td>\n    <\/tr>\n    <tr>\n        <td>Fern\u00e1ndez Gonz\u00e1lez, M\u00aa Delia<\/td>\n        <td>Profesora Titular de Universidad<\/td>\n        <td>987291561<\/td>\n    <\/tr>\n    <tr>\n        <td>Fern\u00e1ndez Salegui , Ana Bel\u00e9n<\/td>\n        <td>Profesora Permanente Laboral<\/td>\n        <td>987291555<\/td>\n    <\/tr>\n    <tr>\n        <td>Ferrero Vaquero, Victoria<\/td>\n        <td>Profesora Titular de Universidad<\/td>\n        <td>987293408<\/td>\n    <\/tr>\n    <tr>\n        <td>Garc\u00eda Gonz\u00e1lez, Marta Eva<\/td>\n        <td>Profesora Titular de Universidad<\/td>\n        <td>987293193<\/td>\n    <\/tr>\n    <tr>\n        <td>Lence Paz, M\u00aa del Carmen<\/td>\n        <td>Profesora Titular de Universidad<\/td>\n        <td>987292082<\/td>\n    <\/tr>\n    <tr>\n        <td>Manzano Rodr\u00edguez, Sa\u00fal<\/td>\n        <td>Profesor Titular de Universidad<\/td>\n        <td>987291555<\/td>\n    <\/tr>\n    <tr>\n        <td>R\u00edo Gonz\u00e1lez, Sara del<\/td>\n        <td>Profesora Catedr\u00e1tica de Universidad<\/td>\n        <td>987293198<\/td>\n    <\/tr>\n    <tr>\n        <td>Terr\u00f3n Alfonso, Arsenio<\/td>\n        <td>Profesor Titular de Universidad<\/td>\n        <td>987291560<\/td>\n    <\/tr>\n    <tr>\n        <td>Valencia Barrera, Rosa M\u00aa<\/td>\n        <td>Profesora Titular de Universidad<\/td>\n        <td>987291556<\/td>\n    <\/tr>\n    <tr>\n        <td>Vega Maray, Ana Mar\u00eda<\/td>\n        <td>Profesora Titular de Universidad<\/td>\n        <td>987291556<\/td>\n    <\/tr>\n    \n    <tr>\n        <td colspan=\"3\"><\/td>\n    <\/tr>\n\n    <tr>\n        <th colspan=\"3\">\u00c1REA DE ECOLOG\u00cdA<\/th>\n    <\/tr>\n\n    <tr>\n        <td>Ansola Gonz\u00e1lez, Gemma<\/td>\n        <td>Profesora Titular de Universidad<\/td>\n        <td>987291564<\/td>\n    <\/tr>\n    <tr>\n        <td>Becares Mantecon, Eloy<\/td>\n        <td>Profesor Catedr\u00e1tico de Universidad<\/td>\n        <td>987291568<\/td>\n    <\/tr>\n    <tr>\n        <td>Blanco Lanza, Sa\u00fal<\/td>\n        <td>Profesor Titular de Universidad<\/td>\n        <td>987293136<\/td>\n    <\/tr>\n    <tr>\n        <td>Calvo Galv\u00e1n, M\u00aa Leonor<\/td>\n        <td>Profesora Catedr\u00e1tica de Universidad<\/td>\n        <td>987291567<\/td>\n    <\/tr>\n    <tr>\n        <td>Fern\u00e1ndez Al\u00e1ez, M\u00aa del Camino<\/td>\n        <td>Profesora Catedr\u00e1tica de Universidad<\/td>\n        <td>987291569<\/td>\n    <\/tr>\n    <tr>\n        <td>Fern\u00e1ndez Guisuraga, Jos\u00e9 Manuel<\/td>\n        <td>Profesor Ayudante Doctor<\/td>\n        <td>987293403<\/td>\n    <\/tr>\n    <tr>\n        <td>Garc\u00eda Criado, Francisco<\/td>\n        <td>Profesor Titular de Universidad<\/td>\n        <td>987293405<\/td>\n    <\/tr>\n    <tr>\n        <td>Garc\u00eda Gir\u00f3n, Jorge<\/td>\n        <td>Profesor Ayudante Doctor<\/td>\n        <td>987293405<\/td>\n    <\/tr>\n    <tr>\n        <td>Garc\u00eda de la Riva, Enrique<\/td>\n        <td>Profesor Permanente Laboral<\/td>\n        <td>987291566<\/td>\n    <\/tr>\n    <tr>\n        <td>Marcos Porras, Elena M\u00aa<\/td>\n        <td>Profesora Titular de Universidad<\/td>\n        <td>987293403<\/td>\n    <\/tr>\n    <tr>\n        <td>Prieto Aguilar, Iv\u00e1n<\/td>\n        <td>Profesor Permanente Laboral<\/td>\n        <td>987293727<\/td>\n    <\/tr>\n    <tr>\n        <td>Taboada Palomares, \u00c1ngela<\/td>\n        <td>Profesora Titular de Universidad<\/td>\n        <td>987293135<\/td>\n    <\/tr>\n    <tr>\n        <td>T\u00e1rrega Garc\u00eda-Mares, Mar\u00eda Reyes<\/td>\n        <td>Profesora Titular de Universidad<\/td>\n        <td>987291567<\/td>\n    <\/tr>\n    <tr>\n        <td>Valbuena Relea, M\u00aa Luz<\/td>\n        <td>Profesora Titular de Universidad<\/td>\n        <td>987293405<\/td>\n    <\/tr>\n\n    <tr>\n        <td colspan=\"3\"><\/td>\n    <\/tr>\n    <tr>\n        <th colspan=\"3\">\u00c1REA DE ZOOLOG\u00cdA<\/th>\n    <\/tr>\n\n\n    <tr>\n        <td>Baglione, Vittorio<\/td>\n        <td>Profesor Catedr\u00e1tico de Universidad<\/td>\n        <td>987291907<\/td>\n    <\/tr>\n    <tr>\n        <td>Benetti Rama, Cesar Joao<\/td>\n        <td>Contratado Post-doctoral Mar\u00eda Zambrano<\/td>\n        <td>987291519<\/td>\n    <\/tr>\n    <tr>\n        <td>Canestrari, Daniela<\/td>\n        <td>Profesor Titular de Universidad<\/td>\n        <td>987291512<\/td>\n    <\/tr>\n    <tr>\n        <td>Laborda Navia, Antonio Jos\u00e9<\/td>\n        <td>Profesor Titular de Universidad<\/td>\n        <td>987291516<\/td>\n    <\/tr>\n    <tr>\n        <td>Maz\u00e9 Gonz\u00e1lez, Raquel Ana<\/td>\n        <td>Profesora Titular de Universidad<\/td>\n        <td>987291518<\/td>\n    <\/tr>\n    <tr>\n        <td>N\u00fa\u00f1ez P\u00e9rez, Etelvina<\/td>\n        <td>Profesora Titular de Universidad<\/td>\n        <td>987292012<\/td>\n    <\/tr>\n    <tr>\n        <td>Ordiz Fern\u00e1ndez, Andr\u00e9s Avelino<\/td>\n        <td>Profesor Contratado Doctor<\/td>\n        <td>987291517<\/td>\n    <\/tr>\n    <tr>\n        <td>Ortega Diago, Zaida<\/td>\n        <td>Profesora Titular de Universidad<\/td>\n        <td>987291513<\/td>\n    <\/tr>\n    <tr>\n        <td>Regil Cueto, Juan Antonio<\/td>\n        <td>Profesor Titular de Universidad<\/td>\n        <td>987291500<\/td>\n    <\/tr>\n    <tr>\n        <td>Sanmart\u00edn Villar, Iago<\/td>\n        <td>Profesor Ayudante Doctor<\/td>\n        <td><\/td>\n    <\/tr>\n    <tr>\n        <td>Tizado Morales, Emilio Jorge<\/td>\n        <td>Profesor Titular de Universidad<\/td>\n        <td>987292018<\/td>\n    <\/tr>\n\n\n    <tr>\n        <td colspan=\"3\"><\/td>\n    <\/tr>\n    <tr>\n        <th colspan=\"3\" style=\"text-align: center;\"><strong>P.A.S.<\/strong><\/th>\n    <\/tr>\n    <tr>\n        <td>Arias Villac\u00e9, Maria Ar\u00e1nzazu<\/td>\n        <td>E. Administrativa<\/td>\n        <td>987291903<\/td>\n    <\/tr>\n    <tr>\n        <td>Asti\u00e1rraga Panizo, H\u00e9ctor<\/td>\n        <td>T\u00e9cnico de Laboratorio<\/td>\n        <td>987291565<\/td>\n    <\/tr>\n    <tr>\n        <td>Gaztelumendi Verela, Ignacio<\/td>\n        <td>Oficial de Laboratorio<\/td>\n        <td><\/td>\n    <\/tr>\n    <tr>\n        <td>L\u00f3pez V\u00e1zquez, Mercedes<\/td>\n        <td>T\u00e9cnico de Laboratorio<\/td>\n        <td>987291565<\/td>\n    <\/tr>\n    <tr>\n        <td>Machado Garc\u00eda M\u00aa Guadaluple<\/td>\n        <td>T\u00e9cnico de Laboratorio<\/td>\n        <td>987291908<\/td>\n    <\/tr>\n    <tr>\n        <td>Pinto Carrasco, Daniel<\/td>\n        <td>Contratado de Laboratorio<\/td>\n        <td><\/td>\n    <\/tr>\n\n    <tr>\n        <td colspan=\"3\"><\/td>\n    <\/tr>\n    <tr>\n        <th colspan=\"3\" style=\"text-align: center;\"><strong>PROFESORADO JUBILADO<\/strong><\/th>\n    <\/tr>\n    <tr>\n        <th colspan=\"3\">\u00c1rea \u2013 ANTROPOLOG\u00cdA F\u00cdSICA<\/th>\n    <\/tr>\n    <tr>\n        <td>\u00c1lvarez Edo, Miguel \u00c1ngel<\/td>\n        <td>Profesor Titular de Universidad Jubilado<\/td>\n        <td><\/td>\n    <\/tr>\n    <tr>\n        <td>Caro Dob\u00f3n, Luis<\/td>\n        <td>Profesor Titular de Universidad Jubilado<\/td>\n        <td><\/td>\n    <\/tr>\n    <tr>\n        <td>Rodr\u00edguez Otero, Humildad Nieves<\/td>\n        <td>Profesora Titular de Universidad Jubilada<\/td>\n        <td><\/td>\n    <\/tr>\n    <tr>\n        <td>S\u00e1nchez Compadre, Eduardo<\/td>\n        <td>Profesor Titular de Universidad Jubilado<\/td>\n        <td><\/td>\n    <\/tr>\n    <tr>\n        <td colspan=\"3\"><hr><\/td>\n    <\/tr>\n    <tr>\n        <th colspan=\"3\">\u00c1rea \u2013 BOT\u00c1NICA<\/th>\n    <\/tr>\n    <tr>\n        <td>Fombella Blanco, M\u00aa Amor Consuelo<\/td>\n        <td>Profesora Titular de Universidad Jubilado<\/td>\n        <td><\/td>\n    <\/tr>\n    <tr>\n        <td>Herrero Cembranos, Luis<\/td>\n        <td>Profesor Titular de Universidad Jubilado<\/td>\n        <td><\/td>\n    <\/tr>\n    <tr>\n        <td>Llamas Garc\u00eda, F\u00e9lix<\/td>\n        <td>Profesor Catedr\u00e1tico de Universidad Jubilado<\/td>\n        <td><\/td>\n    <\/tr>\n    <tr>\n        <td>L\u00f3pez Pacheco, M\u00aa Jos\u00e9<\/td>\n        <td>Profesora Titular de Universidad Jubilado<\/td>\n        <td><\/td>\n    <\/tr>\n    <tr>\n        <td>Penas Merino, \u00c1ngel<\/td>\n        <td>Profesor Catedr\u00e1tico de Universidad Em\u00e9rito Jubilado<\/td>\n        <td>987291558<\/td>\n    <\/tr>\n    <tr>\n        <td>P\u00e9rez Morales, M\u00aa Carmen<\/td>\n        <td>Profesora Titular de Universidad Jubilado<\/td>\n        <td><\/td>\n    <\/tr>\n    <tr>\n        <td>Puente Garc\u00eda, Emilio<\/td>\n        <td>Profesor Titular de Universidad Jubilado<\/td>\n        <td><\/td>\n    <\/tr>\n    <tr>\n        <td colspan=\"3\"><hr><\/td>\n    <\/tr>\n    <tr>\n        <th colspan=\"3\">\u00c1rea \u2013 ECOLOG\u00cdA<\/th>\n    <\/tr>\n    <tr>\n        <td>Ena \u00c1lvarez, Vicente<\/td>\n        <td>Profesor Titular de Universidad Jubilado<\/td>\n        <td><\/td>\n    <\/tr>\n    <tr>\n        <td>Fern\u00e1ndez Al\u00e1ez, Margarita<\/td>\n        <td>Profesora Titular de Universidad Jubilado<\/td>\n        <td><\/td>\n    <\/tr>\n    <tr>\n        <td>Luis Calabuig, Estanislao<\/td>\n        <td>Profesor Catedr\u00e1tico de Universidad Jubilado<\/td>\n        <td>987291566<\/td>\n    <\/tr>\n    <tr>\n        <td colspan=\"3\"><hr><\/td>\n    <\/tr>\n    <tr>\n        <th colspan=\"3\">\u00c1rea \u2013 ZOOLOG\u00cdA<\/th>\n    <\/tr>\n    <tr>\n        <td>Garnica Cortezo, Rafael Fco. Javier<\/td>\n        <td>Profesor Titular de Universidad Jubilado<\/td>\n        <td><\/td>\n    <\/tr>\n    <tr>\n        <td>Mier Durante, Milagros Pilar<\/td>\n        <td>Profesora Catedr\u00e1tica de Universidad Jubilada<\/td>\n        <td>987291519<\/td>\n    <\/tr>\n    <tr>\n        <td>Nieto Nafr\u00eda, Juan Manuel<\/td>\n        <td>Profesor Catedr\u00e1tico de Universidad Em\u00e9rito Jubilado<\/td>\n        <td>987291513<\/td>\n    <\/tr>\n    <tr>\n        <td>Pena \u00c1lvarez, Jos\u00e9 Carlos<\/td>\n        <td>Profesor Titular de Universidad Jubilado<\/td>\n        <td><\/td>\n    <\/tr>\n    <tr>\n        <td>Purroy Iraizoz, Francisco Jos\u00e9<\/td>\n        <td>Profesor Catedr\u00e1tico de Universidad Jubilado<\/td>\n        <td><\/td>\n    <\/tr>\n\n    <tr>\n        <td>Salgado Costas, Jos\u00e9 M\u00aa<\/td>\n        <td>Profesor Catedr\u00e1tico de Universidad Jubilado<\/td>\n        <td><\/td>\n    <\/tr>\n\n    <tr>\n        <td>Valladares D\u00edez, Luis Felipe<\/td>\n        <td>Profesor Titular de Universidad Jubilado<\/td>\n        <td><\/td>\n    <\/tr>\n\n    <tr>\n        <th colspan=\"3\" style=\"text-align: center;\"><strong>P.A.S. JUBILADO<\/strong><\/th>\n    <\/tr>\n    <tr>\n        <td>Luis Calabuig, Miguel<\/td>\n        <td>T\u00e9cnico de Laboratorio<\/td>\n        <td><\/td>\n    <\/tr>\n    <tr>\n        <td>Sastre Carvajal, Pedro Antonio<\/td>\n        <td>T\u00e9cnico de Laboratorio<\/td>\n        <td><\/td>\n    <\/tr>\n    <\/tbody>\n<\/table>\n","protected":false},"excerpt":{"rendered":"<p>Nombre Puesto Extensi\u00f3n PROFESORADO \u00c1REA DE ANTROPOLOG\u00cdA F\u00cdSICA Garc\u00eda Tabernero, Antonio Profesor Ayudante Doctor 987293311 Rodr\u00edguez Garc\u00eda, Laura Profesora Titular de Universidad 987293294 \u00c1REA DE BOT\u00c1NICA Acedo Casado, M\u00aa Carmen Profesora Titular de Universidad 987291562 Alfaro Saiz, Estrella Profesora Ayudante Doctora 987293408 Alonso Redondo, Raquel Profesora Titular de Universidad 987291554 Fern\u00e1ndez Gonz\u00e1lez, M\u00aa Delia Profesora [&hellip;]<\/p>\n","protected":false},"author":1,"featured_media":0,"parent":0,"menu_order":0,"comment_status":"closed","ping_status":"closed","template":"","meta":{"ngg_post_thumbnail":0,"footnotes":""},"class_list":["post-9","page","type-page","status-publish","hentry"],"yoast_head":"<!-- This site is optimized with the Yoast SEO plugin v25.8 - https:\/\/yoast.com\/wordpress\/plugins\/seo\/ -->\n<title>Personal perteneciente al departamento - Departamento de Biodiversidad y Gesti\u00f3n Ambiental<\/title>\n<meta name=\"robots\" content=\"index, follow, max-snippet:-1, max-image-preview:large, max-video-preview:-1\" \/>\n<link rel=\"canonical\" href=\"https:\/\/departamentos.unileon.es\/biodiversidad-y-gestion-ambiental\/personal\/\" \/>\n<meta property=\"og:locale\" content=\"es_ES\" \/>\n<meta property=\"og:type\" content=\"article\" \/>\n<meta property=\"og:title\" content=\"Personal perteneciente al departamento - Departamento de Biodiversidad y Gesti\u00f3n Ambiental\" \/>\n<meta property=\"og:description\" content=\"Nombre Puesto Extensi\u00f3n PROFESORADO \u00c1REA DE ANTROPOLOG\u00cdA F\u00cdSICA Garc\u00eda Tabernero, Antonio Profesor Ayudante Doctor 987293311 Rodr\u00edguez Garc\u00eda, Laura Profesora Titular de Universidad 987293294 \u00c1REA DE BOT\u00c1NICA Acedo Casado, M\u00aa Carmen Profesora Titular de Universidad 987291562 Alfaro Saiz, Estrella Profesora Ayudante Doctora 987293408 Alonso Redondo, Raquel Profesora Titular de Universidad 987291554 Fern\u00e1ndez Gonz\u00e1lez, M\u00aa Delia Profesora [&hellip;]\" \/>\n<meta property=\"og:url\" content=\"https:\/\/departamentos.unileon.es\/biodiversidad-y-gestion-ambiental\/personal\/\" \/>\n<meta property=\"og:site_name\" content=\"Departamento de Biodiversidad y Gesti\u00f3n Ambiental\" \/>\n<meta property=\"article:modified_time\" content=\"2024-06-27T08:35:48+00:00\" \/>\n<meta name=\"twitter:card\" content=\"summary_large_image\" \/>\n<meta name=\"twitter:label1\" content=\"Tiempo de lectura\" \/>\n\t<meta name=\"twitter:data1\" content=\"3 minutos\" \/>\n<script type=\"application\/ld+json\" class=\"yoast-schema-graph\">{\"@context\":\"https:\/\/schema.org\",\"@graph\":[{\"@type\":\"WebPage\",\"@id\":\"https:\/\/departamentos.unileon.es\/biodiversidad-y-gestion-ambiental\/personal\/\",\"url\":\"https:\/\/departamentos.unileon.es\/biodiversidad-y-gestion-ambiental\/personal\/\",\"name\":\"Personal perteneciente al departamento - Departamento de Biodiversidad y Gesti\u00f3n Ambiental\",\"isPartOf\":{\"@id\":\"https:\/\/departamentos.unileon.es\/biodiversidad-y-gestion-ambiental\/#website\"},\"datePublished\":\"2010-08-17T07:31:36+00:00\",\"dateModified\":\"2024-06-27T08:35:48+00:00\",\"inLanguage\":\"es\",\"potentialAction\":[{\"@type\":\"ReadAction\",\"target\":[\"https:\/\/departamentos.unileon.es\/biodiversidad-y-gestion-ambiental\/personal\/\"]}]},{\"@type\":\"WebSite\",\"@id\":\"https:\/\/departamentos.unileon.es\/biodiversidad-y-gestion-ambiental\/#website\",\"url\":\"https:\/\/departamentos.unileon.es\/biodiversidad-y-gestion-ambiental\/\",\"name\":\"Departamento de Biodiversidad y Gesti\u00f3n Ambiental\",\"description\":\"Otro sitio m\u00e1s de Universidad de Le\u00f3n\",\"potentialAction\":[{\"@type\":\"SearchAction\",\"target\":{\"@type\":\"EntryPoint\",\"urlTemplate\":\"https:\/\/departamentos.unileon.es\/biodiversidad-y-gestion-ambiental\/?s={search_term_string}\"},\"query-input\":{\"@type\":\"PropertyValueSpecification\",\"valueRequired\":true,\"valueName\":\"search_term_string\"}}],\"inLanguage\":\"es\"}]}<\/script>\n<!-- \/ Yoast SEO plugin. -->","yoast_head_json":{"title":"Personal perteneciente al departamento - Departamento de Biodiversidad y Gesti\u00f3n Ambiental","robots":{"index":"index","follow":"follow","max-snippet":"max-snippet:-1","max-image-preview":"max-image-preview:large","max-video-preview":"max-video-preview:-1"},"canonical":"https:\/\/departamentos.unileon.es\/biodiversidad-y-gestion-ambiental\/personal\/","og_locale":"es_ES","og_type":"article","og_title":"Personal perteneciente al departamento - Departamento de Biodiversidad y Gesti\u00f3n Ambiental","og_description":"Nombre Puesto Extensi\u00f3n PROFESORADO \u00c1REA DE ANTROPOLOG\u00cdA F\u00cdSICA Garc\u00eda Tabernero, Antonio Profesor Ayudante Doctor 987293311 Rodr\u00edguez Garc\u00eda, Laura Profesora Titular de Universidad 987293294 \u00c1REA DE BOT\u00c1NICA Acedo Casado, M\u00aa Carmen Profesora Titular de Universidad 987291562 Alfaro Saiz, Estrella Profesora Ayudante Doctora 987293408 Alonso Redondo, Raquel Profesora Titular de Universidad 987291554 Fern\u00e1ndez Gonz\u00e1lez, M\u00aa Delia Profesora [&hellip;]","og_url":"https:\/\/departamentos.unileon.es\/biodiversidad-y-gestion-ambiental\/personal\/","og_site_name":"Departamento de Biodiversidad y Gesti\u00f3n Ambiental","article_modified_time":"2024-06-27T08:35:48+00:00","twitter_card":"summary_large_image","twitter_misc":{"Tiempo de lectura":"3 minutos"},"schema":{"@context":"https:\/\/schema.org","@graph":[{"@type":"WebPage","@id":"https:\/\/departamentos.unileon.es\/biodiversidad-y-gestion-ambiental\/personal\/","url":"https:\/\/departamentos.unileon.es\/biodiversidad-y-gestion-ambiental\/personal\/","name":"Personal perteneciente al departamento - Departamento de Biodiversidad y Gesti\u00f3n Ambiental","isPartOf":{"@id":"https:\/\/departamentos.unileon.es\/biodiversidad-y-gestion-ambiental\/#website"},"datePublished":"2010-08-17T07:31:36+00:00","dateModified":"2024-06-27T08:35:48+00:00","inLanguage":"es","potentialAction":[{"@type":"ReadAction","target":["https:\/\/departamentos.unileon.es\/biodiversidad-y-gestion-ambiental\/personal\/"]}]},{"@type":"WebSite","@id":"https:\/\/departamentos.unileon.es\/biodiversidad-y-gestion-ambiental\/#website","url":"https:\/\/departamentos.unileon.es\/biodiversidad-y-gestion-ambiental\/","name":"Departamento de Biodiversidad y Gesti\u00f3n Ambiental","description":"Otro sitio m\u00e1s de Universidad de Le\u00f3n","potentialAction":[{"@type":"SearchAction","target":{"@type":"EntryPoint","urlTemplate":"https:\/\/departamentos.unileon.es\/biodiversidad-y-gestion-ambiental\/?s={search_term_string}"},"query-input":{"@type":"PropertyValueSpecification","valueRequired":true,"valueName":"search_term_string"}}],"inLanguage":"es"}]}},"_links":{"self":[{"href":"https:\/\/departamentos.unileon.es\/biodiversidad-y-gestion-ambiental\/wp-json\/wp\/v2\/pages\/9","targetHints":{"allow":["GET"]}}],"collection":[{"href":"https:\/\/departamentos.unileon.es\/biodiversidad-y-gestion-ambiental\/wp-json\/wp\/v2\/pages"}],"about":[{"href":"https:\/\/departamentos.unileon.es\/biodiversidad-y-gestion-ambiental\/wp-json\/wp\/v2\/types\/page"}],"author":[{"embeddable":true,"href":"https:\/\/departamentos.unileon.es\/biodiversidad-y-gestion-ambiental\/wp-json\/wp\/v2\/users\/1"}],"replies":[{"embeddable":true,"href":"https:\/\/departamentos.unileon.es\/biodiversidad-y-gestion-ambiental\/wp-json\/wp\/v2\/comments?post=9"}],"version-history":[{"count":39,"href":"https:\/\/departamentos.unileon.es\/biodiversidad-y-gestion-ambiental\/wp-json\/wp\/v2\/pages\/9\/revisions"}],"predecessor-version":[{"id":801,"href":"https:\/\/departamentos.unileon.es\/biodiversidad-y-gestion-ambiental\/wp-json\/wp\/v2\/pages\/9\/revisions\/801"}],"wp:attachment":[{"href":"https:\/\/departamentos.unileon.es\/biodiversidad-y-gestion-ambiental\/wp-json\/wp\/v2\/media?parent=9"}],"curies":[{"name":"wp","href":"https:\/\/api.w.org\/{rel}","templated":true}]}}