{"id":809,"date":"2024-10-14T11:30:35","date_gmt":"2024-10-14T11:30:35","guid":{"rendered":"https:\/\/departamentos.unileon.es\/biodiversidad-y-gestion-ambiental\/?page_id=809"},"modified":"2025-12-09T07:55:45","modified_gmt":"2025-12-09T07:55:45","slug":"elecciones-al-consejo-de-departamento","status":"publish","type":"page","link":"https:\/\/departamentos.unileon.es\/biodiversidad-y-gestion-ambiental\/elecciones-al-consejo-de-departamento\/","title":{"rendered":"Elecciones al Consejo de Departamento"},"content":{"rendered":"<ul>\r\n\t<li><a href=\"https:\/\/departamentos.unileon.es\/biodiversidad-y-gestion-ambiental\/files\/2025\/10\/ConvocatoriaDirectora.report.pdf\">CONVOCATORIA 2025<\/a><\/li>\r\n\t<li><a href=\"https:\/\/departamentos.unileon.es\/biodiversidad-y-gestion-ambiental\/files\/2025\/10\/CALENDARIO.pdf\">CALENDARIO<\/a><\/li>\r\n\t<li>CENSOS PROVISIONALES\r\n\r\n<ul>\r\n\t<li><a href=\"https:\/\/departamentos.unileon.es\/biodiversidad-y-gestion-ambiental\/files\/2025\/10\/NATOS.report-1.pdf\">MIEMBROS NATOS<\/a><\/li>\r\n\t<li><a href=\"https:\/\/departamentos.unileon.es\/biodiversidad-y-gestion-ambiental\/files\/2025\/10\/CENSO-ALUMNOS.pdf\">ALUMNOS GRADO Y M\u00c1STER<\/a><\/li>\r\n\t<li><a href=\"https:\/\/departamentos.unileon.es\/biodiversidad-y-gestion-ambiental\/files\/2025\/10\/INVESTIGADORES.report.pdf.report.pdf\">PERSONAL INVESTIGADOR NO DOCTOR<\/a><\/li>\r\n\t<li><a href=\"https:\/\/departamentos.unileon.es\/biodiversidad-y-gestion-ambiental\/files\/2025\/10\/DOCTORANDOS.report.pdf\">ALUMNOS DOCTORADO<\/a><\/li>\r\n\t<li><a href=\"https:\/\/departamentos.unileon.es\/biodiversidad-y-gestion-ambiental\/files\/2025\/10\/PTGAS.report.pdf\">PTGAS<\/a><\/li>\r\n<\/ul>\r\n<\/li>\r\n\t<li><a href=\"https:\/\/departamentos.unileon.es\/biodiversidad-y-gestion-ambiental\/files\/2025\/11\/CensoDefinitivo.report.pdf\">CENSO DEFINITIVO<\/a><\/li>\r\n\t<li><a href=\"https:\/\/departamentos.unileon.es\/biodiversidad-y-gestion-ambiental\/files\/2025\/11\/CandidaturasProvisionales.report.pdf\">CANDIDATURAS PROVISIONALES<\/a><\/li>\r\n\t<li><a href=\"https:\/\/departamentos.unileon.es\/biodiversidad-y-gestion-ambiental\/files\/2025\/11\/CandidaturasDefinitivas.report.pdf\">CANDIDATURAS DEFINITIVAS<\/a><\/li>\r\n\t<li><a href=\"https:\/\/departamentos.unileon.es\/biodiversidad-y-gestion-ambiental\/files\/2025\/12\/ComposicionConsejo_Provisional.report.pdf\">COMPOSICI\u00d3N PROVISIONAL CONSEJO<\/a><\/li>\r\n<\/ul>\r\n<p><!-- \/wp:post-content --><\/p>\r\n<p><!-- wp:tadv\/classic-paragraph \/--><\/p>\r\n<p><!-- wp:file \/--><\/p>\r\n<p><!-- wp:tadv\/classic-paragraph \/--><\/p>\r\n<p><!-- wp:tadv\/classic-paragraph \/--><\/p>","protected":false},"excerpt":{"rendered":"<p>CONVOCATORIA 2025 CALENDARIO CENSOS PROVISIONALES MIEMBROS NATOS ALUMNOS GRADO Y M\u00c1STER PERSONAL INVESTIGADOR NO DOCTOR ALUMNOS DOCTORADO PTGAS CENSO DEFINITIVO CANDIDATURAS PROVISIONALES CANDIDATURAS DEFINITIVAS COMPOSICI\u00d3N PROVISIONAL CONSEJO<\/p>\n","protected":false},"author":7,"featured_media":0,"parent":0,"menu_order":0,"comment_status":"closed","ping_status":"closed","template":"","meta":{"ngg_post_thumbnail":0,"footnotes":""},"class_list":["post-809","page","type-page","status-publish","hentry"],"yoast_head":"<!-- This site is optimized with the Yoast SEO plugin v25.8 - https:\/\/yoast.com\/wordpress\/plugins\/seo\/ -->\n<title>Elecciones al Consejo de Departamento - Departamento de Biodiversidad y Gesti\u00f3n Ambiental<\/title>\n<meta name=\"robots\" content=\"index, follow, max-snippet:-1, max-image-preview:large, max-video-preview:-1\" \/>\n<link rel=\"canonical\" href=\"https:\/\/departamentos.unileon.es\/biodiversidad-y-gestion-ambiental\/elecciones-al-consejo-de-departamento\/\" \/>\n<meta property=\"og:locale\" content=\"es_ES\" \/>\n<meta property=\"og:type\" content=\"article\" \/>\n<meta property=\"og:title\" content=\"Elecciones al Consejo de Departamento - Departamento de Biodiversidad y Gesti\u00f3n Ambiental\" \/>\n<meta property=\"og:description\" content=\"CONVOCATORIA 2025 CALENDARIO CENSOS PROVISIONALES MIEMBROS NATOS ALUMNOS GRADO Y M\u00c1STER PERSONAL INVESTIGADOR NO DOCTOR ALUMNOS DOCTORADO PTGAS CENSO DEFINITIVO CANDIDATURAS PROVISIONALES CANDIDATURAS DEFINITIVAS COMPOSICI\u00d3N PROVISIONAL CONSEJO\" \/>\n<meta property=\"og:url\" content=\"https:\/\/departamentos.unileon.es\/biodiversidad-y-gestion-ambiental\/elecciones-al-consejo-de-departamento\/\" \/>\n<meta property=\"og:site_name\" content=\"Departamento de Biodiversidad y Gesti\u00f3n Ambiental\" \/>\n<meta property=\"article:modified_time\" content=\"2025-12-09T07:55:45+00:00\" \/>\n<meta name=\"twitter:card\" content=\"summary_large_image\" \/>\n<meta name=\"twitter:label1\" content=\"Tiempo de lectura\" \/>\n\t<meta name=\"twitter:data1\" content=\"1 minuto\" \/>\n<script type=\"application\/ld+json\" class=\"yoast-schema-graph\">{\"@context\":\"https:\/\/schema.org\",\"@graph\":[{\"@type\":\"WebPage\",\"@id\":\"https:\/\/departamentos.unileon.es\/biodiversidad-y-gestion-ambiental\/elecciones-al-consejo-de-departamento\/\",\"url\":\"https:\/\/departamentos.unileon.es\/biodiversidad-y-gestion-ambiental\/elecciones-al-consejo-de-departamento\/\",\"name\":\"Elecciones al Consejo de Departamento - Departamento de Biodiversidad y Gesti\u00f3n Ambiental\",\"isPartOf\":{\"@id\":\"https:\/\/departamentos.unileon.es\/biodiversidad-y-gestion-ambiental\/#website\"},\"datePublished\":\"2024-10-14T11:30:35+00:00\",\"dateModified\":\"2025-12-09T07:55:45+00:00\",\"inLanguage\":\"es\",\"potentialAction\":[{\"@type\":\"ReadAction\",\"target\":[\"https:\/\/departamentos.unileon.es\/biodiversidad-y-gestion-ambiental\/elecciones-al-consejo-de-departamento\/\"]}]},{\"@type\":\"WebSite\",\"@id\":\"https:\/\/departamentos.unileon.es\/biodiversidad-y-gestion-ambiental\/#website\",\"url\":\"https:\/\/departamentos.unileon.es\/biodiversidad-y-gestion-ambiental\/\",\"name\":\"Departamento de Biodiversidad y Gesti\u00f3n Ambiental\",\"description\":\"Otro sitio m\u00e1s de Universidad de Le\u00f3n\",\"potentialAction\":[{\"@type\":\"SearchAction\",\"target\":{\"@type\":\"EntryPoint\",\"urlTemplate\":\"https:\/\/departamentos.unileon.es\/biodiversidad-y-gestion-ambiental\/?s={search_term_string}\"},\"query-input\":{\"@type\":\"PropertyValueSpecification\",\"valueRequired\":true,\"valueName\":\"search_term_string\"}}],\"inLanguage\":\"es\"}]}<\/script>\n<!-- \/ Yoast SEO plugin. -->","yoast_head_json":{"title":"Elecciones al Consejo de Departamento - Departamento de Biodiversidad y Gesti\u00f3n Ambiental","robots":{"index":"index","follow":"follow","max-snippet":"max-snippet:-1","max-image-preview":"max-image-preview:large","max-video-preview":"max-video-preview:-1"},"canonical":"https:\/\/departamentos.unileon.es\/biodiversidad-y-gestion-ambiental\/elecciones-al-consejo-de-departamento\/","og_locale":"es_ES","og_type":"article","og_title":"Elecciones al Consejo de Departamento - Departamento de Biodiversidad y Gesti\u00f3n Ambiental","og_description":"CONVOCATORIA 2025 CALENDARIO CENSOS PROVISIONALES MIEMBROS NATOS ALUMNOS GRADO Y M\u00c1STER PERSONAL INVESTIGADOR NO DOCTOR ALUMNOS DOCTORADO PTGAS CENSO DEFINITIVO CANDIDATURAS PROVISIONALES CANDIDATURAS DEFINITIVAS COMPOSICI\u00d3N PROVISIONAL CONSEJO","og_url":"https:\/\/departamentos.unileon.es\/biodiversidad-y-gestion-ambiental\/elecciones-al-consejo-de-departamento\/","og_site_name":"Departamento de Biodiversidad y Gesti\u00f3n Ambiental","article_modified_time":"2025-12-09T07:55:45+00:00","twitter_card":"summary_large_image","twitter_misc":{"Tiempo de lectura":"1 minuto"},"schema":{"@context":"https:\/\/schema.org","@graph":[{"@type":"WebPage","@id":"https:\/\/departamentos.unileon.es\/biodiversidad-y-gestion-ambiental\/elecciones-al-consejo-de-departamento\/","url":"https:\/\/departamentos.unileon.es\/biodiversidad-y-gestion-ambiental\/elecciones-al-consejo-de-departamento\/","name":"Elecciones al Consejo de Departamento - Departamento de Biodiversidad y Gesti\u00f3n Ambiental","isPartOf":{"@id":"https:\/\/departamentos.unileon.es\/biodiversidad-y-gestion-ambiental\/#website"},"datePublished":"2024-10-14T11:30:35+00:00","dateModified":"2025-12-09T07:55:45+00:00","inLanguage":"es","potentialAction":[{"@type":"ReadAction","target":["https:\/\/departamentos.unileon.es\/biodiversidad-y-gestion-ambiental\/elecciones-al-consejo-de-departamento\/"]}]},{"@type":"WebSite","@id":"https:\/\/departamentos.unileon.es\/biodiversidad-y-gestion-ambiental\/#website","url":"https:\/\/departamentos.unileon.es\/biodiversidad-y-gestion-ambiental\/","name":"Departamento de Biodiversidad y Gesti\u00f3n Ambiental","description":"Otro sitio m\u00e1s de Universidad de Le\u00f3n","potentialAction":[{"@type":"SearchAction","target":{"@type":"EntryPoint","urlTemplate":"https:\/\/departamentos.unileon.es\/biodiversidad-y-gestion-ambiental\/?s={search_term_string}"},"query-input":{"@type":"PropertyValueSpecification","valueRequired":true,"valueName":"search_term_string"}}],"inLanguage":"es"}]}},"_links":{"self":[{"href":"https:\/\/departamentos.unileon.es\/biodiversidad-y-gestion-ambiental\/wp-json\/wp\/v2\/pages\/809","targetHints":{"allow":["GET"]}}],"collection":[{"href":"https:\/\/departamentos.unileon.es\/biodiversidad-y-gestion-ambiental\/wp-json\/wp\/v2\/pages"}],"about":[{"href":"https:\/\/departamentos.unileon.es\/biodiversidad-y-gestion-ambiental\/wp-json\/wp\/v2\/types\/page"}],"author":[{"embeddable":true,"href":"https:\/\/departamentos.unileon.es\/biodiversidad-y-gestion-ambiental\/wp-json\/wp\/v2\/users\/7"}],"replies":[{"embeddable":true,"href":"https:\/\/departamentos.unileon.es\/biodiversidad-y-gestion-ambiental\/wp-json\/wp\/v2\/comments?post=809"}],"version-history":[{"count":25,"href":"https:\/\/departamentos.unileon.es\/biodiversidad-y-gestion-ambiental\/wp-json\/wp\/v2\/pages\/809\/revisions"}],"predecessor-version":[{"id":903,"href":"https:\/\/departamentos.unileon.es\/biodiversidad-y-gestion-ambiental\/wp-json\/wp\/v2\/pages\/809\/revisions\/903"}],"wp:attachment":[{"href":"https:\/\/departamentos.unileon.es\/biodiversidad-y-gestion-ambiental\/wp-json\/wp\/v2\/media?parent=809"}],"curies":[{"name":"wp","href":"https:\/\/api.w.org\/{rel}","templated":true}]}}