{"id":461,"date":"2012-01-18T08:39:41","date_gmt":"2012-01-18T08:39:41","guid":{"rendered":"http:\/\/departamentos.unileon.es\/biodiversidad-y-gestion-ambiental\/?page_id=461"},"modified":"2024-06-27T09:02:28","modified_gmt":"2024-06-27T09:02:28","slug":"estudios-de-posgrado","status":"publish","type":"page","link":"https:\/\/departamentos.unileon.es\/biodiversidad-y-gestion-ambiental\/estudios-de-posgrado\/","title":{"rendered":"Estudios de posgrado"},"content":{"rendered":"<h3>M\u00c1STER UNIVERSITARIO EN INVESTIGACI\u00d3N DE LA DIVERSIDAD BOT\u00c1NICA Y ZOOL\u00d3GICA<\/h3>\n<a href=\"https:\/\/www.unileon.es\/estudiantes\/oferta-academica\/masteres\/mu-investigacion-diversidad-botanica-y-zoologica\">Informaci\u00f3n sobre este programa de M\u00e1ster<\/a>\n<h3>M\u00c1STER UNIVERSITARIO EN \u201cRIESGOS NATURALES\u201d<\/h3>\n<a href=\"https:\/\/www.unileon.es\/estudiantes\/oferta-academica\/masteres\/mu-riesgos-naturales\">Informaci\u00f3n sobre el M\u00e1ster<\/a>\n\n<a href=\"http:\/\/www.unileon.es\/estudiantes\/estudiantes-master\">Informaci\u00f3n general sobre los requisitos, preinscripci\u00f3n, matr\u00edcula, etc., y dem\u00e1s procedimientos<\/a>\n<h3>ECOLOG\u00cdA FUNCIONAL Y APLICADA (c\u00f3d. 306)<\/h3>\n<a href=\"http:\/\/www.unileon.es\/estudiantes\/estudiantes-doctorado\/programas\/ecologia-funcional-y-aplicada\">Informaci\u00f3n sobre este programa<\/a>","protected":false},"excerpt":{"rendered":"<p>M\u00c1STER UNIVERSITARIO EN INVESTIGACI\u00d3N DE LA DIVERSIDAD BOT\u00c1NICA Y ZOOL\u00d3GICA Informaci\u00f3n sobre este programa de M\u00e1ster M\u00c1STER UNIVERSITARIO EN \u201cRIESGOS NATURALES\u201d Informaci\u00f3n sobre el M\u00e1ster Informaci\u00f3n general sobre los requisitos, preinscripci\u00f3n, matr\u00edcula, etc., y dem\u00e1s procedimientos ECOLOG\u00cdA FUNCIONAL Y APLICADA (c\u00f3d. 306) Informaci\u00f3n sobre este programa<\/p>\n","protected":false},"author":1,"featured_media":0,"parent":0,"menu_order":0,"comment_status":"closed","ping_status":"open","template":"","meta":{"ngg_post_thumbnail":0,"footnotes":""},"class_list":["post-461","page","type-page","status-publish","hentry"],"yoast_head":"<!-- This site is optimized with the Yoast SEO plugin v25.8 - https:\/\/yoast.com\/wordpress\/plugins\/seo\/ -->\n<title>Estudios de posgrado - Departamento de Biodiversidad y Gesti\u00f3n Ambiental<\/title>\n<meta name=\"robots\" content=\"index, follow, max-snippet:-1, max-image-preview:large, max-video-preview:-1\" \/>\n<link rel=\"canonical\" href=\"https:\/\/departamentos.unileon.es\/biodiversidad-y-gestion-ambiental\/estudios-de-posgrado\/\" \/>\n<meta property=\"og:locale\" content=\"es_ES\" \/>\n<meta property=\"og:type\" content=\"article\" \/>\n<meta property=\"og:title\" content=\"Estudios de posgrado - Departamento de Biodiversidad y Gesti\u00f3n Ambiental\" \/>\n<meta property=\"og:description\" content=\"M\u00c1STER UNIVERSITARIO EN INVESTIGACI\u00d3N DE LA DIVERSIDAD BOT\u00c1NICA Y ZOOL\u00d3GICA Informaci\u00f3n sobre este programa de M\u00e1ster M\u00c1STER UNIVERSITARIO EN \u201cRIESGOS NATURALES\u201d Informaci\u00f3n sobre el M\u00e1ster Informaci\u00f3n general sobre los requisitos, preinscripci\u00f3n, matr\u00edcula, etc., y dem\u00e1s procedimientos ECOLOG\u00cdA FUNCIONAL Y APLICADA (c\u00f3d. 306) Informaci\u00f3n sobre este programa\" \/>\n<meta property=\"og:url\" content=\"https:\/\/departamentos.unileon.es\/biodiversidad-y-gestion-ambiental\/estudios-de-posgrado\/\" \/>\n<meta property=\"og:site_name\" content=\"Departamento de Biodiversidad y Gesti\u00f3n Ambiental\" \/>\n<meta property=\"article:modified_time\" content=\"2024-06-27T09:02:28+00:00\" \/>\n<meta name=\"twitter:card\" content=\"summary_large_image\" \/>\n<meta name=\"twitter:label1\" content=\"Tiempo de lectura\" \/>\n\t<meta name=\"twitter:data1\" content=\"1 minuto\" \/>\n<script type=\"application\/ld+json\" class=\"yoast-schema-graph\">{\"@context\":\"https:\/\/schema.org\",\"@graph\":[{\"@type\":\"WebPage\",\"@id\":\"https:\/\/departamentos.unileon.es\/biodiversidad-y-gestion-ambiental\/estudios-de-posgrado\/\",\"url\":\"https:\/\/departamentos.unileon.es\/biodiversidad-y-gestion-ambiental\/estudios-de-posgrado\/\",\"name\":\"Estudios de posgrado - Departamento de Biodiversidad y Gesti\u00f3n Ambiental\",\"isPartOf\":{\"@id\":\"https:\/\/departamentos.unileon.es\/biodiversidad-y-gestion-ambiental\/#website\"},\"datePublished\":\"2012-01-18T08:39:41+00:00\",\"dateModified\":\"2024-06-27T09:02:28+00:00\",\"inLanguage\":\"es\",\"potentialAction\":[{\"@type\":\"ReadAction\",\"target\":[\"https:\/\/departamentos.unileon.es\/biodiversidad-y-gestion-ambiental\/estudios-de-posgrado\/\"]}]},{\"@type\":\"WebSite\",\"@id\":\"https:\/\/departamentos.unileon.es\/biodiversidad-y-gestion-ambiental\/#website\",\"url\":\"https:\/\/departamentos.unileon.es\/biodiversidad-y-gestion-ambiental\/\",\"name\":\"Departamento de Biodiversidad y Gesti\u00f3n Ambiental\",\"description\":\"Otro sitio m\u00e1s de Universidad de Le\u00f3n\",\"potentialAction\":[{\"@type\":\"SearchAction\",\"target\":{\"@type\":\"EntryPoint\",\"urlTemplate\":\"https:\/\/departamentos.unileon.es\/biodiversidad-y-gestion-ambiental\/?s={search_term_string}\"},\"query-input\":{\"@type\":\"PropertyValueSpecification\",\"valueRequired\":true,\"valueName\":\"search_term_string\"}}],\"inLanguage\":\"es\"}]}<\/script>\n<!-- \/ Yoast SEO plugin. -->","yoast_head_json":{"title":"Estudios de posgrado - Departamento de Biodiversidad y Gesti\u00f3n Ambiental","robots":{"index":"index","follow":"follow","max-snippet":"max-snippet:-1","max-image-preview":"max-image-preview:large","max-video-preview":"max-video-preview:-1"},"canonical":"https:\/\/departamentos.unileon.es\/biodiversidad-y-gestion-ambiental\/estudios-de-posgrado\/","og_locale":"es_ES","og_type":"article","og_title":"Estudios de posgrado - Departamento de Biodiversidad y Gesti\u00f3n Ambiental","og_description":"M\u00c1STER UNIVERSITARIO EN INVESTIGACI\u00d3N DE LA DIVERSIDAD BOT\u00c1NICA Y ZOOL\u00d3GICA Informaci\u00f3n sobre este programa de M\u00e1ster M\u00c1STER UNIVERSITARIO EN \u201cRIESGOS NATURALES\u201d Informaci\u00f3n sobre el M\u00e1ster Informaci\u00f3n general sobre los requisitos, preinscripci\u00f3n, matr\u00edcula, etc., y dem\u00e1s procedimientos ECOLOG\u00cdA FUNCIONAL Y APLICADA (c\u00f3d. 306) Informaci\u00f3n sobre este programa","og_url":"https:\/\/departamentos.unileon.es\/biodiversidad-y-gestion-ambiental\/estudios-de-posgrado\/","og_site_name":"Departamento de Biodiversidad y Gesti\u00f3n Ambiental","article_modified_time":"2024-06-27T09:02:28+00:00","twitter_card":"summary_large_image","twitter_misc":{"Tiempo de lectura":"1 minuto"},"schema":{"@context":"https:\/\/schema.org","@graph":[{"@type":"WebPage","@id":"https:\/\/departamentos.unileon.es\/biodiversidad-y-gestion-ambiental\/estudios-de-posgrado\/","url":"https:\/\/departamentos.unileon.es\/biodiversidad-y-gestion-ambiental\/estudios-de-posgrado\/","name":"Estudios de posgrado - Departamento de Biodiversidad y Gesti\u00f3n Ambiental","isPartOf":{"@id":"https:\/\/departamentos.unileon.es\/biodiversidad-y-gestion-ambiental\/#website"},"datePublished":"2012-01-18T08:39:41+00:00","dateModified":"2024-06-27T09:02:28+00:00","inLanguage":"es","potentialAction":[{"@type":"ReadAction","target":["https:\/\/departamentos.unileon.es\/biodiversidad-y-gestion-ambiental\/estudios-de-posgrado\/"]}]},{"@type":"WebSite","@id":"https:\/\/departamentos.unileon.es\/biodiversidad-y-gestion-ambiental\/#website","url":"https:\/\/departamentos.unileon.es\/biodiversidad-y-gestion-ambiental\/","name":"Departamento de Biodiversidad y Gesti\u00f3n Ambiental","description":"Otro sitio m\u00e1s de Universidad de Le\u00f3n","potentialAction":[{"@type":"SearchAction","target":{"@type":"EntryPoint","urlTemplate":"https:\/\/departamentos.unileon.es\/biodiversidad-y-gestion-ambiental\/?s={search_term_string}"},"query-input":{"@type":"PropertyValueSpecification","valueRequired":true,"valueName":"search_term_string"}}],"inLanguage":"es"}]}},"_links":{"self":[{"href":"https:\/\/departamentos.unileon.es\/biodiversidad-y-gestion-ambiental\/wp-json\/wp\/v2\/pages\/461","targetHints":{"allow":["GET"]}}],"collection":[{"href":"https:\/\/departamentos.unileon.es\/biodiversidad-y-gestion-ambiental\/wp-json\/wp\/v2\/pages"}],"about":[{"href":"https:\/\/departamentos.unileon.es\/biodiversidad-y-gestion-ambiental\/wp-json\/wp\/v2\/types\/page"}],"author":[{"embeddable":true,"href":"https:\/\/departamentos.unileon.es\/biodiversidad-y-gestion-ambiental\/wp-json\/wp\/v2\/users\/1"}],"replies":[{"embeddable":true,"href":"https:\/\/departamentos.unileon.es\/biodiversidad-y-gestion-ambiental\/wp-json\/wp\/v2\/comments?post=461"}],"version-history":[{"count":6,"href":"https:\/\/departamentos.unileon.es\/biodiversidad-y-gestion-ambiental\/wp-json\/wp\/v2\/pages\/461\/revisions"}],"predecessor-version":[{"id":807,"href":"https:\/\/departamentos.unileon.es\/biodiversidad-y-gestion-ambiental\/wp-json\/wp\/v2\/pages\/461\/revisions\/807"}],"wp:attachment":[{"href":"https:\/\/departamentos.unileon.es\/biodiversidad-y-gestion-ambiental\/wp-json\/wp\/v2\/media?parent=461"}],"curies":[{"name":"wp","href":"https:\/\/api.w.org\/{rel}","templated":true}]}}