{"id":333,"date":"2011-11-04T12:55:10","date_gmt":"2011-11-04T12:55:10","guid":{"rendered":"http:\/\/departamentos.unileon.es\/biodiversidad-y-gestion-ambiental\/?page_id=333"},"modified":"2011-12-22T12:06:52","modified_gmt":"2011-12-22T12:06:52","slug":"ecologia-docencia","status":"publish","type":"page","link":"https:\/\/departamentos.unileon.es\/biodiversidad-y-gestion-ambiental\/ecologia-docencia\/","title":{"rendered":"Ecolog\u00eda: Docencia"},"content":{"rendered":"<a href=\"http:\/\/departamentos.unileon.es\/biodiversidad-y-gestion-ambiental\/ecologia-menu\/\">Inicio<\/a>\r\n\r\n<h3>Listado de asignaturas<\/h3>\r\n<ul>\r\n<li>GRADO EN BIOLOGIA<\/li>\r\n\u2022\tEcolog\u00eda de Poblaciones (Segundo curso, 1er semestre)\r\n\u2022\tEcolog\u00eda de Comunidades y Ecosistemas (Tercer curso, 2\u00ba semestre)\r\n\u2022\tHerramientas Inform\u00e1ticas Aplicadas a la Inform\u00e1tica (Tercer curso, 2\u00ba semestre)\r\n\u2022\tT\u00e9cnicas de Muestreo y Dise\u00f1os Experimentales en Biolog\u00eda (Tercer curso, 2\u00ba semestre)\r\n\u2022\tEcolog\u00eda y Gesti\u00f3n de Ecosistemas Terrestres (Cuarto curso, 1er semestre)\r\n\u2022\tLimnolog\u00eda (Cuarto curso, 2\u00ba semestre)\r\n\r\n<li>GRADO EN BIOTECNOLOGIA<\/li>\r\n\u2022\tBiotecnolog\u00eda Ambiental (Cuarto curso, 2\u00ba semestre)\r\n\r\n<li>GRADO EN CIENCIAS AMBIENTALES<\/li>\r\n\u2022\tEducaci\u00f3n y Comunicaci\u00f3n Ambiental (Primer curso, 2\u00ba semestre)\r\n\u2022\tEcolog\u00eda de Poblaciones (Segundo curso, 1er semestre)\r\n\u2022\tEvaluaci\u00f3n del Impacto Ambiental (Tercer curso, 1er semestre)\r\n\u2022\tEcolog\u00eda de Comunidades y Ecosistemas (Tercer curso, 2\u00ba semestre)\r\n\u2022\tSistemas de Gesti\u00f3n Medioambiental (Tercer curso, 2\u00ba semestre)\r\n\u2022\tPlanificaci\u00f3n de Trabajos Medioambientales (Cuarto curso, 1er semestre)\r\n\u2022\tAn\u00e1lisis Ecol\u00f3gico del Paisaje (Cuarto curso, 1er semestre)\r\n\u2022\tGesti\u00f3n de Espacios Naturales Protegidos (Cuarto curso, 1er semestre)\r\n\u2022\tBioindicadores Ambientales (Cuarto curso, 1er semestre)\r\n\u2022\tEcolog\u00eda de Perturbaciones (Cuarto curso, 2\u00ba semestre)\r\n\u2022\tControl Biol\u00f3gico de Tratamiento de Aguas (Cuarto curso, 2\u00ba semestre)\r\n\u2022\tLimnolog\u00eda Aplicada (Cuarto curso, 2\u00ba semestre)\r\n\r\n<li>GRADO EN INGENIERIA AGRARIA Y DEL MEDIO RURAL<\/li>\r\n\u2022\tEcolog\u00eda y Estudios Ambientales (Segundo curso, 2\u00ba semestre)\r\n\r\n<li>GRADO EN INGENIERIA AGR0AMBIENTAL<\/li>\r\n\u2022\tEcolog\u00eda y Estudios Ambientales (Segundo curso, 2\u00ba semestre)\r\n\u2022\tEvaluaci\u00f3n del Impacto Ambiental (Cuarto curso, 1er semestre)\r\n\r\n<li>GRADO EN INGENIERIA AGROALIMENTARIA<\/li>\r\n\u2022\tEcolog\u00eda y Estudios Ambientales (Segundo curso, 2\u00ba semestre)\r\n\r\n<li>GRADO EN INGENIERIA FORESTAL Y DEL MEDIO NATURAL<\/li>\r\n\u2022\tEcolog\u00eda Forestal (Segundo curso, 1er semestre)\r\n\u2022\tEvaluaci\u00f3n del Impacto Ambiental (Tercer curso, 1er semestre)\r\n\u2022\tGesti\u00f3n y Conservaci\u00f3n de Espacios Protegidos (Cuarto curso, 2\u00ba semestre)\r\n\r\n<li>GRADO EN EDUCACION INFANTIL<\/li>\r\n\u2022\tMedio Ambiente y Sostenibilidad\r\n\r\n<li>GRADO EN EDUCACION PRIMARIA<\/li>\r\n\u2022\tCiencia, Tecnolog\u00eda y Ambiente\r\n\r\n<li>LICENCIATURA EN BIOLOGIA<\/li>\r\n\u2022\tEtolog\u00eda (Quinto curso, 1er cuatrimestre)\r\n\u2022\tGesti\u00f3n de Ecosistemas (Quinto curso, 1er cuatrimestre)\r\n\u2022\tEcosistemas Terrestres (Quinto curso, 2\u00ba cuatrimestre)\r\n\u2022\tLimnolog\u00eda (Quinto curso, 2\u00ba cuatrimestre)\r\n\r\n\r\n<li>LICENCIATURA EN BIOTECNOLOGIA<\/li>\r\n\u2022\tBases Ecol\u00f3gicas en Biotecnolog\u00eda (Quinto curso, 1er cuatrimestre)\r\n\u2022\tBiotecnolog\u00eda y Procesos Ambientales (Quinto curso, 2\u00ba cuatrimestre)\r\n\r\n<li>LICENCIATURA EN CIENCIAS AMBIENTALES<\/li>\r\n\u2022\tEvaluaci\u00f3n de Impacto Ambiental (Quinto curso, 1er cuatrimestre)\r\n\u2022\tEvaluaci\u00f3n y Cuantificaci\u00f3n del Paisaje (Quinto curso, 1er cuatrimestre)\r\n\u2022\tIndicadores Biol\u00f3gicos de la Calidad del Agua (Quinto curso, 1er cuatrimestre)\r\n\u2022\tAuditoria Ambiental (Quinto curso, 2\u00ba cuatrimestre)\r\n\u2022\tIncendios Forestales (Quinto curso, 2\u00ba cuatrimestre)\r\n\u2022\tLimnolog\u00eda Aplicada (Quinto curso, 2\u00ba cuatrimestre)\r\n\u2022\tOcio y Medio Ambiente (Quinto curso, 2\u00ba cuatrimestre)\r\n\u2022\tBases Ecol\u00f3gicas del Tratamiento del Agua (Quinto curso, 2\u00ba cuatrimestre)\r\n\r\n<li>MASTER UNIVERSITARIO EN EVALUACI\u00d3N AMBIENTAL DE RIESGOS NATURALES<\/li>\r\n\u2022\tAn\u00e1lisis de Riesgos y Planificaci\u00f3n de Emergencias (1er semestre)\r\n\u2022\tPrincipios Ecol\u00f3gicos (1er semestre)\r\n\u2022\tCambio Global (1er semestre)\r\n\u2022\tT\u00e9cnicas de Evaluaci\u00f3n (1er semestre)\r\n\u2022\tEl fuego como Perturbaci\u00f3n Ambiental (1er semestre)\r\n\r\n<li>MASTER UNIVERSITARIO EN GESTI\u00d3N DE PREVENCI\u00d3N DE RIESGOS LABORALES<\/li>\r\n\u2022\tGesti\u00f3n Medioambiental (2\u00ba semestre)\r\n<\/ul>","protected":false},"excerpt":{"rendered":"<p>Inicio Listado de asignaturas GRADO EN BIOLOGIA \u2022 Ecolog\u00eda de Poblaciones (Segundo curso, 1er semestre) \u2022 Ecolog\u00eda de Comunidades y Ecosistemas (Tercer curso, 2\u00ba semestre) \u2022 Herramientas Inform\u00e1ticas Aplicadas a la Inform\u00e1tica (Tercer curso, 2\u00ba semestre) \u2022 T\u00e9cnicas de Muestreo y Dise\u00f1os Experimentales en Biolog\u00eda (Tercer curso, 2\u00ba semestre) \u2022 Ecolog\u00eda y Gesti\u00f3n de Ecosistemas [&hellip;]<\/p>\n","protected":false},"author":7,"featured_media":0,"parent":0,"menu_order":0,"comment_status":"closed","ping_status":"open","template":"","meta":{"ngg_post_thumbnail":0,"footnotes":""},"class_list":["post-333","page","type-page","status-publish","hentry"],"yoast_head":"<!-- This site is optimized with the Yoast SEO plugin v25.8 - https:\/\/yoast.com\/wordpress\/plugins\/seo\/ -->\n<title>Ecolog\u00eda: Docencia - Departamento de Biodiversidad y Gesti\u00f3n Ambiental<\/title>\n<meta name=\"robots\" content=\"index, follow, max-snippet:-1, max-image-preview:large, max-video-preview:-1\" \/>\n<link rel=\"canonical\" href=\"https:\/\/departamentos.unileon.es\/biodiversidad-y-gestion-ambiental\/ecologia-docencia\/\" \/>\n<meta property=\"og:locale\" content=\"es_ES\" \/>\n<meta property=\"og:type\" content=\"article\" \/>\n<meta property=\"og:title\" content=\"Ecolog\u00eda: Docencia - Departamento de Biodiversidad y Gesti\u00f3n Ambiental\" \/>\n<meta property=\"og:description\" content=\"Inicio Listado de asignaturas GRADO EN BIOLOGIA \u2022 Ecolog\u00eda de Poblaciones (Segundo curso, 1er semestre) \u2022 Ecolog\u00eda de Comunidades y Ecosistemas (Tercer curso, 2\u00ba semestre) \u2022 Herramientas Inform\u00e1ticas Aplicadas a la Inform\u00e1tica (Tercer curso, 2\u00ba semestre) \u2022 T\u00e9cnicas de Muestreo y Dise\u00f1os Experimentales en Biolog\u00eda (Tercer curso, 2\u00ba semestre) \u2022 Ecolog\u00eda y Gesti\u00f3n de Ecosistemas [&hellip;]\" \/>\n<meta property=\"og:url\" content=\"https:\/\/departamentos.unileon.es\/biodiversidad-y-gestion-ambiental\/ecologia-docencia\/\" \/>\n<meta property=\"og:site_name\" content=\"Departamento de Biodiversidad y Gesti\u00f3n Ambiental\" \/>\n<meta property=\"article:modified_time\" content=\"2011-12-22T12:06:52+00:00\" \/>\n<meta name=\"twitter:card\" content=\"summary_large_image\" \/>\n<meta name=\"twitter:label1\" content=\"Tiempo de lectura\" \/>\n\t<meta name=\"twitter:data1\" content=\"2 minutos\" \/>\n<script type=\"application\/ld+json\" class=\"yoast-schema-graph\">{\"@context\":\"https:\/\/schema.org\",\"@graph\":[{\"@type\":\"WebPage\",\"@id\":\"https:\/\/departamentos.unileon.es\/biodiversidad-y-gestion-ambiental\/ecologia-docencia\/\",\"url\":\"https:\/\/departamentos.unileon.es\/biodiversidad-y-gestion-ambiental\/ecologia-docencia\/\",\"name\":\"Ecolog\u00eda: Docencia - Departamento de Biodiversidad y Gesti\u00f3n Ambiental\",\"isPartOf\":{\"@id\":\"https:\/\/departamentos.unileon.es\/biodiversidad-y-gestion-ambiental\/#website\"},\"datePublished\":\"2011-11-04T12:55:10+00:00\",\"dateModified\":\"2011-12-22T12:06:52+00:00\",\"inLanguage\":\"es\",\"potentialAction\":[{\"@type\":\"ReadAction\",\"target\":[\"https:\/\/departamentos.unileon.es\/biodiversidad-y-gestion-ambiental\/ecologia-docencia\/\"]}]},{\"@type\":\"WebSite\",\"@id\":\"https:\/\/departamentos.unileon.es\/biodiversidad-y-gestion-ambiental\/#website\",\"url\":\"https:\/\/departamentos.unileon.es\/biodiversidad-y-gestion-ambiental\/\",\"name\":\"Departamento de Biodiversidad y Gesti\u00f3n Ambiental\",\"description\":\"Otro sitio m\u00e1s de Universidad de Le\u00f3n\",\"potentialAction\":[{\"@type\":\"SearchAction\",\"target\":{\"@type\":\"EntryPoint\",\"urlTemplate\":\"https:\/\/departamentos.unileon.es\/biodiversidad-y-gestion-ambiental\/?s={search_term_string}\"},\"query-input\":{\"@type\":\"PropertyValueSpecification\",\"valueRequired\":true,\"valueName\":\"search_term_string\"}}],\"inLanguage\":\"es\"}]}<\/script>\n<!-- \/ Yoast SEO plugin. -->","yoast_head_json":{"title":"Ecolog\u00eda: Docencia - Departamento de Biodiversidad y Gesti\u00f3n Ambiental","robots":{"index":"index","follow":"follow","max-snippet":"max-snippet:-1","max-image-preview":"max-image-preview:large","max-video-preview":"max-video-preview:-1"},"canonical":"https:\/\/departamentos.unileon.es\/biodiversidad-y-gestion-ambiental\/ecologia-docencia\/","og_locale":"es_ES","og_type":"article","og_title":"Ecolog\u00eda: Docencia - Departamento de Biodiversidad y Gesti\u00f3n Ambiental","og_description":"Inicio Listado de asignaturas GRADO EN BIOLOGIA \u2022 Ecolog\u00eda de Poblaciones (Segundo curso, 1er semestre) \u2022 Ecolog\u00eda de Comunidades y Ecosistemas (Tercer curso, 2\u00ba semestre) \u2022 Herramientas Inform\u00e1ticas Aplicadas a la Inform\u00e1tica (Tercer curso, 2\u00ba semestre) \u2022 T\u00e9cnicas de Muestreo y Dise\u00f1os Experimentales en Biolog\u00eda (Tercer curso, 2\u00ba semestre) \u2022 Ecolog\u00eda y Gesti\u00f3n de Ecosistemas [&hellip;]","og_url":"https:\/\/departamentos.unileon.es\/biodiversidad-y-gestion-ambiental\/ecologia-docencia\/","og_site_name":"Departamento de Biodiversidad y Gesti\u00f3n Ambiental","article_modified_time":"2011-12-22T12:06:52+00:00","twitter_card":"summary_large_image","twitter_misc":{"Tiempo de lectura":"2 minutos"},"schema":{"@context":"https:\/\/schema.org","@graph":[{"@type":"WebPage","@id":"https:\/\/departamentos.unileon.es\/biodiversidad-y-gestion-ambiental\/ecologia-docencia\/","url":"https:\/\/departamentos.unileon.es\/biodiversidad-y-gestion-ambiental\/ecologia-docencia\/","name":"Ecolog\u00eda: Docencia - Departamento de Biodiversidad y Gesti\u00f3n Ambiental","isPartOf":{"@id":"https:\/\/departamentos.unileon.es\/biodiversidad-y-gestion-ambiental\/#website"},"datePublished":"2011-11-04T12:55:10+00:00","dateModified":"2011-12-22T12:06:52+00:00","inLanguage":"es","potentialAction":[{"@type":"ReadAction","target":["https:\/\/departamentos.unileon.es\/biodiversidad-y-gestion-ambiental\/ecologia-docencia\/"]}]},{"@type":"WebSite","@id":"https:\/\/departamentos.unileon.es\/biodiversidad-y-gestion-ambiental\/#website","url":"https:\/\/departamentos.unileon.es\/biodiversidad-y-gestion-ambiental\/","name":"Departamento de Biodiversidad y Gesti\u00f3n Ambiental","description":"Otro sitio m\u00e1s de Universidad de Le\u00f3n","potentialAction":[{"@type":"SearchAction","target":{"@type":"EntryPoint","urlTemplate":"https:\/\/departamentos.unileon.es\/biodiversidad-y-gestion-ambiental\/?s={search_term_string}"},"query-input":{"@type":"PropertyValueSpecification","valueRequired":true,"valueName":"search_term_string"}}],"inLanguage":"es"}]}},"_links":{"self":[{"href":"https:\/\/departamentos.unileon.es\/biodiversidad-y-gestion-ambiental\/wp-json\/wp\/v2\/pages\/333","targetHints":{"allow":["GET"]}}],"collection":[{"href":"https:\/\/departamentos.unileon.es\/biodiversidad-y-gestion-ambiental\/wp-json\/wp\/v2\/pages"}],"about":[{"href":"https:\/\/departamentos.unileon.es\/biodiversidad-y-gestion-ambiental\/wp-json\/wp\/v2\/types\/page"}],"author":[{"embeddable":true,"href":"https:\/\/departamentos.unileon.es\/biodiversidad-y-gestion-ambiental\/wp-json\/wp\/v2\/users\/7"}],"replies":[{"embeddable":true,"href":"https:\/\/departamentos.unileon.es\/biodiversidad-y-gestion-ambiental\/wp-json\/wp\/v2\/comments?post=333"}],"version-history":[{"count":5,"href":"https:\/\/departamentos.unileon.es\/biodiversidad-y-gestion-ambiental\/wp-json\/wp\/v2\/pages\/333\/revisions"}],"predecessor-version":[{"id":443,"href":"https:\/\/departamentos.unileon.es\/biodiversidad-y-gestion-ambiental\/wp-json\/wp\/v2\/pages\/333\/revisions\/443"}],"wp:attachment":[{"href":"https:\/\/departamentos.unileon.es\/biodiversidad-y-gestion-ambiental\/wp-json\/wp\/v2\/media?parent=333"}],"curies":[{"name":"wp","href":"https:\/\/api.w.org\/{rel}","templated":true}]}}