{"id":316,"date":"2011-11-04T12:41:36","date_gmt":"2011-11-04T12:41:36","guid":{"rendered":"http:\/\/departamentos.unileon.es\/biodiversidad-y-gestion-ambiental\/?page_id=316"},"modified":"2021-03-23T09:47:07","modified_gmt":"2021-03-23T09:47:07","slug":"botanica-personal","status":"publish","type":"page","link":"https:\/\/departamentos.unileon.es\/biodiversidad-y-gestion-ambiental\/botanica-personal\/","title":{"rendered":"Bot\u00e1nica: Personal"},"content":{"rendered":"<p><a href=\"http:\/\/departamentos.unileon.es\/biodiversidad-y-gestion-ambiental\/botanica-menu\/\">Inicio<\/a><\/p>\n<ul>\n<li><b>Nombre:<\/b> Marta Eva Garc\u00eda Gonz\u00e1lez<\/li>\n<li><b>Formaci\u00f3n acad\u00e9mica:<\/b> Doctora en Ciencias Biol\u00f3gicas (1989, Universidad de Le\u00f3n).<\/li>\n<li><b>Categor\u00eda:<\/b> Profesora Titular de Universidad<\/li>\n<li><b>Grupo de investigaci\u00f3n en el que est\u00e1 integrada:<\/b> BVYGA (Biodiversidad Vegetal y Gesti\u00f3n Ambiental). Colaboradora en VECAM (Vegetaci\u00f3n y Cambio clim\u00e1tico).<\/li>\n<li><b>L\u00edneas de Investigaci\u00f3n:<\/b> Fitosociolog\u00eda, Cartograf\u00eda de Vegetaci\u00f3n, Valoraci\u00f3n del Medio Natural, Corolog\u00eda de flora vascular, Conservaci\u00f3n de flora amenazada.<\/li>\n<li><b>Tel\u00e9fono:<\/b> 987 291554<\/li>\n<li><b>e-mail:<\/b> megarg@unileon.es<\/li>\n<\/ul>\n<hr>\n<ul>\n<li>\n<table width=\"448\">\n<tbody>\n<tr>\n<td width=\"448\">Nombre:&nbsp;Arsenio Terr\u00f3n Alfonso<\/td>\n<\/tr>\n<tr>\n<td width=\"448\">Formaci\u00f3n acad\u00e9mica:<\/td>\n<\/tr>\n<tr>\n<td width=\"448\">Categor\u00eda:&nbsp;Profesor Titular de Universidad en Excedencia<\/td>\n<\/tr>\n<tr>\n<td width=\"448\">Grupo de investigaci\u00f3n en el que est\u00e1 integrado:<\/td>\n<\/tr>\n<tr>\n<td width=\"448\">L\u00edneas de Investigaci\u00f3n:<\/td>\n<\/tr>\n<tr>\n<td width=\"448\">Tel\u00e9fono:&nbsp;987 291555<\/td>\n<\/tr>\n<tr>\n<td width=\"448\">e-mail:&nbsp;a.terron@unileon.es<\/td>\n<\/tr>\n<\/tbody>\n<\/table>\n<\/li>\n<\/ul>\n<hr>\n<ul>\n<li><b>Nombre:<\/b> M\u00aa Delia Fern\u00e1ndez Gonz\u00e1lez<\/li>\n<li><b>Formaci\u00f3n acad\u00e9mica:<\/b> Doctora en Ciencias Biol\u00f3gicas (1990, Universidad de Le\u00f3n)<\/li>\n<li><b>Categor\u00eda:<\/b> Profesora Titular de Universidad<\/li>\n<li><b>Grupo de investigaci\u00f3n en el que est\u00e1 integrada:<\/b> AERULE (Aerobiolog\u00eda)<\/li>\n<li><b>L\u00edneas de Investigaci\u00f3n:<\/b> Aerobiolog\u00eda, Biolog\u00eda del polen, Melisopalinolog\u00eda e Inmunocitoqu\u00edmica. Forma parte del equipo investigador encargado de realizar el control de los niveles del polen en la atm\u00f3sfera de varias localidades de Castilla y Le\u00f3n<\/li>\n<li><b>Proyectos en curso:<\/b><\/li>\n<li><b>Tel\u00e9fono:<\/b> 987 291556<\/li>\n<li><b>e-mail:<\/b> delia.fernandez@unileon.es<\/li>\n<\/ul>\n<hr>\n<ul>\n<li><b>Nombre:<\/b> Rosa M\u00aa Valencia Barrera<\/li>\n<li><b>Formaci\u00f3n acad\u00e9mica:<\/b> Doctora en Ciencias Biol\u00f3gicas (1991, Universidad de Le\u00f3n)<\/li>\n<li><b>Categor\u00eda:<\/b> Profesora Titular de Universidad<\/li>\n<li><b>Grupo de investigaci\u00f3n en el que est\u00e1 integrada:<\/b> AERULE (Aerobiolog\u00eda)<\/li>\n<li><b>L\u00edneas de Investigaci\u00f3n:<\/b> Aerobiolog\u00eda, Biolog\u00eda del polen, Melisopalinolog\u00eda e Inmunocitoqu\u00edmica. Forma parte del equipo investigador encargado de realizar el control de los niveles de polen en la atm\u00f3sfera de varias localidades de Castilla y Le\u00f3n<\/li>\n<li><b>Tel\u00e9fono:<\/b> 987 291556<\/li>\n<li><b>e-mail:<\/b> rmvalb@unileon.es<\/li>\n<\/ul>\n<hr>\n<p><a href=\"http:\/\/departamentos.unileon.es\/biodiversidad-y-gestion-ambiental\/files\/2021\/03\/Carmen-Acedo_foto.jpg\"><img loading=\"lazy\" decoding=\"async\" class=\"alignnone  wp-image-737\" src=\"http:\/\/departamentos.unileon.es\/biodiversidad-y-gestion-ambiental\/files\/2021\/03\/Carmen-Acedo_foto.jpg\" alt=\"\" width=\"215\" height=\"215\"><\/a><\/p>\n<table width=\"448\">\n<tbody>\n<tr>\n<td width=\"448\">Nombre: Carmen Acedo Casado&nbsp;<\/td>\n<\/tr>\n<tr>\n<td width=\"448\">Categor\u00eda: &nbsp;Profesora titular universidad&nbsp;<\/td>\n<\/tr>\n<tr>\n<td width=\"448\">Grupo de Innovaci\u00f3n Docente: GID ULE 39 ACBoSCo &#8211; Adquisici\u00f3n de competencias en Bot\u00e1nica Sistem\u00e1tica y Conservaci\u00f3n.<\/td>\n<\/tr>\n<tr>\n<td width=\"448\">Grupo de Investigaci\u00f3n en el que est\u00e1 integrada: TaCoBi &#8211; 395 Taxonom\u00eda y Conservaci\u00f3nn de la Biodiversidad. https:\/\/www.unileon.es\/grupos-investigacion\/detalles-grupo.php?id=3&amp;grp=395<\/td>\n<\/tr>\n<tr>\n<td width=\"448\">L\u00edneas de Investigaci\u00f3n: Sistem\u00e1tica, Filogenia (Poaceae, Cyperaceae, Orchidaceae, Fagaceae). Conservaci\u00f3n de especies amenazadas (catalogaci\u00f3n, variabilidad molecular). Etnobot\u00e1nica.<\/td>\n<\/tr>\n<tr>\n<td width=\"448\">Pproyectos en curso: Pooide, Flora Ib\u00e9rica XI<\/td>\n<\/tr>\n<tr>\n<td width=\"448\">Tel\u00e9fono:&nbsp;987 29 1555&nbsp;<\/td>\n<\/tr>\n<tr>\n<td width=\"448\"><a href=\"mailto:c.acedo@unileon.es\">E-mail:&nbsp;c.acedo@unileon.es<\/a><\/td>\n<\/tr>\n<\/tbody>\n<\/table>\n<p>&nbsp;<\/p>\n<hr>\n<p>&nbsp;<\/p>\n<table width=\"448\">\n<tbody>\n<tr>\n<td width=\"448\">Nombre: Raquel Alonso Redondo<\/td>\n<\/tr>\n<tr>\n<td width=\"448\">Categor\u00eda: Titular de Universidad<\/td>\n<\/tr>\n<tr>\n<td width=\"448\">Tel\u00e9fono:&nbsp;987 29 1554<\/td>\n<\/tr>\n<tr>\n<td width=\"448\">L\u00edneas de investigaci\u00f3n: Geobot\u00e1nica, Cartograf\u00eda de Vegetaci\u00f3n, Evaluaci\u00f3n del Territorio, Gesti\u00f3n y Conservaci\u00f3n de Flora<\/td>\n<\/tr>\n<tr>\n<td width=\"448\">E-mail:&nbsp;ralor@unileon.es<\/td>\n<\/tr>\n<\/tbody>\n<\/table>\n<p>&nbsp;<\/p>\n<hr>\n<p>&nbsp;<\/p>\n<table width=\"448\">\n<tbody>\n<tr>\n<td width=\"448\">Nombre: Carmen Lence Paz<\/td>\n<\/tr>\n<tr>\n<td width=\"448\">Categor\u00eda: Titular de Universidad (PDI)<\/td>\n<\/tr>\n<tr>\n<td width=\"448\">Grupo de Investigaci\u00f3n en el que est\u00e1 integrada: TaCoBi &#8211; 395 Taxonom\u00eda y Conservaci\u00f3nn de la Biodiversidad. https:\/\/www.unileon.es\/grupos-investigacion\/detalles-grupo.php?id=3&amp;grp=395<\/td>\n<\/tr>\n<tr>\n<td width=\"448\">L\u00edneas de investigaci\u00f3n:&nbsp;Geobot\u00e1nica, Taxonom\u00eda y Conservaci\u00f3n Vegetal<\/td>\n<\/tr>\n<tr>\n<td width=\"448\">Especialista en&nbsp;geobot\u00e1nica (composici\u00f3n, estructura y distribuci\u00f3n espacial de comunidades vegetales, inventario, delimitaci\u00f3n, seguimiento y evaluaci\u00f3n de estado de conservaci\u00f3n de tipos de h\u00e1bitats (Directiva 92\/43,&nbsp;Red Natura 2000)&nbsp;y en&nbsp;el seguimiento, evaluaci\u00f3n, y conservaci\u00f3n de la Flora silvestre, en particular las especies amenazadas y de indicadores de calidad ambiental.<\/td>\n<\/tr>\n<tr>\n<td width=\"448\">Tel\u00e9fono:&nbsp;987 442082<\/td>\n<\/tr>\n<tr>\n<td width=\"448\"><a href=\"mailto:carmen.lence@unileon.es\">E-mail:&nbsp;carmen.lence@unileon.es<\/a><\/td>\n<\/tr>\n<\/tbody>\n<\/table>\n<p>&nbsp;<\/p>\n<hr>\n<ul>\n<li><b>Nombre:<\/b> Sara del R\u00edo Gonz\u00e1lez<\/li>\n<li><b>Formaci\u00f3n acad\u00e9mica:<\/b> Doctora en Ciencias Biol\u00f3gicas (Universidad de Le\u00f3n)<\/li>\n<li><b>Categor\u00eda:<\/b> Profesora Contratada Doctora Fija<\/li>\n<li><b>Grupo de investigaci\u00f3n en el que est\u00e1 integrada:<\/b> VEGCAM (Vegetaci\u00f3n y Cambio clim\u00e1tico)<\/li>\n<li><b>L\u00edneas de Investigaci\u00f3n:<\/b> Fitosociolog\u00eda, Cartograf\u00eda de Vegetaci\u00f3n, Taxonom\u00eda vegetal, Geobot\u00e1nica, Bioclimatolog\u00eda.<\/li>\n<li><b>Tel\u00e9fono:<\/b> 987 291558<\/li>\n<li><b>e-mail:<\/b> sara.delrio@unileon.es<\/li>\n<\/ul>\n<hr>\n<p><a href=\"http:\/\/departamentos.unileon.es\/biodiversidad-y-gestion-ambiental\/files\/2021\/03\/Ana-Vega.jpg\"><img loading=\"lazy\" decoding=\"async\" class=\"alignnone  wp-image-736\" src=\"http:\/\/departamentos.unileon.es\/biodiversidad-y-gestion-ambiental\/files\/2021\/03\/Ana-Vega.jpg\" alt=\"\" width=\"202\" height=\"220\"><\/a><\/p>\n<table width=\"448\">\n<tbody>\n<tr>\n<td width=\"448\">Nombre: Ana M\u00aa Vega Maray<\/td>\n<\/tr>\n<tr>\n<td width=\"448\">Categor\u00eda: Profesor Titular de Universidad<\/td>\n<\/tr>\n<tr>\n<td width=\"448\">Grupo de Innovaci\u00f3n Docente: GID ULE 39 ACBoSCo &#8211; Adquisici\u00f3n de competencias en Bot\u00e1nica Sistem\u00e1tica y Conservaci\u00f3n.<\/td>\n<\/tr>\n<tr>\n<td width=\"448\">Tel\u00e9fono:&nbsp;987 29 15 56<\/td>\n<\/tr>\n<tr>\n<td width=\"448\">L\u00edneas de investigaci\u00f3n:&nbsp;Aerobiolog\u00eda, Germinaci\u00f3n, ultraestructura e inmunocitoqu\u00edmica del grano de polen<\/td>\n<\/tr>\n<tr>\n<td width=\"448\"><a href=\"mailto:ana.vega@unileon.es\">E-mail:&nbsp;ana.vega@unileon.es<\/a><\/td>\n<\/tr>\n<\/tbody>\n<\/table>\n<p>&nbsp;<\/p>\n<hr>\n<p><a href=\"http:\/\/departamentos.unileon.es\/biodiversidad-y-gestion-ambiental\/files\/2021\/03\/Ana-Salegui_foto.jpg\"><img loading=\"lazy\" decoding=\"async\" class=\"alignnone  wp-image-735\" src=\"http:\/\/departamentos.unileon.es\/biodiversidad-y-gestion-ambiental\/files\/2021\/03\/Ana-Salegui_foto.jpg\" alt=\"\" width=\"256\" height=\"170\"><\/a><\/p>\n<table width=\"448\">\n<tbody>\n<tr>\n<td width=\"448\">Nombre:&nbsp; Ana Bel\u00e9n Fern\u00e1ndez Salegui<\/td>\n<\/tr>\n<tr>\n<td width=\"448\">Categor\u00eda: Profesor Colaborador Fijo<\/td>\n<\/tr>\n<tr>\n<td width=\"448\">Grupo de Investigaci\u00f3n en el que est\u00e1 integrada: TaCoBi &#8211; 395 Taxonom\u00eda y Conservaci\u00f3nn de la Biodiversidad. https:\/\/www.unileon.es\/grupos-investigacion\/detalles-grupo.php?id=3&amp;grp=395<\/td>\n<\/tr>\n<tr>\n<td width=\"448\">L\u00edneas de investigaci\u00f3n:&nbsp;Liquenolog\u00eda, Bioindicaci\u00f3n, Bioacumulaci\u00f3n, Biomonitorizaci\u00f3n, An\u00e1lisis de fluorescencia de la clorofila&nbsp;a&nbsp;en muestras liqu\u00e9nicas sometidas a estr\u00e9s, Micolog\u00eda.<\/td>\n<\/tr>\n<tr>\n<td width=\"448\">Tel\u00e9fono:&nbsp;987 29 1555<\/td>\n<\/tr>\n<tr>\n<td width=\"448\"><a href=\"mailto:a.salegui@unileon.es\">E-mail:&nbsp;a.salegui@unileon.es<\/a><\/td>\n<\/tr>\n<\/tbody>\n<\/table>\n<p>&nbsp;<\/p>\n<hr>\n<p><a href=\"http:\/\/departamentos.unileon.es\/biodiversidad-y-gestion-ambiental\/files\/2021\/03\/Vicky_foto.jpg\"><img loading=\"lazy\" decoding=\"async\" class=\"alignnone  wp-image-738\" src=\"http:\/\/departamentos.unileon.es\/biodiversidad-y-gestion-ambiental\/files\/2021\/03\/Vicky_foto.jpg\" alt=\"\" width=\"187\" height=\"281\"><\/a><\/p>\n<table width=\"448\">\n<tbody>\n<tr>\n<td width=\"448\">Nombre:&nbsp;Victoria Ferrero&nbsp;<\/td>\n<\/tr>\n<tr>\n<td width=\"448\">Categor\u00eda: PROFESOR AYUDANTE DOCTOR<\/td>\n<\/tr>\n<tr>\n<td width=\"448\">Grupo de Investigaci\u00f3n en el que est\u00e1 integrada: TaCoBi &#8211; 395 Taxonom\u00eda y Conservaci\u00f3nn de la Biodiversidad. https:\/\/www.unileon.es\/grupos-investigacion\/detalles-grupo.php?id=3&amp;grp=395<\/td>\n<\/tr>\n<tr>\n<td width=\"448\">L\u00edneas de investigaci\u00f3n: Ecolog\u00eda evolutiva en plantas. Sistemas de reproducci\u00f3n y polinizaci\u00f3n en angiospermas. Invasiones biol\u00f3gicas.<\/td>\n<\/tr>\n<tr>\n<td width=\"448\">Tel\u00e9fono:&nbsp;987 291554<\/td>\n<\/tr>\n<tr>\n<td width=\"448\"><a href=\"mailto:vferrv@unileon.es\">E-mail: vferrv@unileon.es<\/a><\/td>\n<\/tr>\n<tr>\n<td width=\"448\"><a href=\"https:\/\/www.researchgate.net\/profile\/Victoria-Ferrero\" data-saferedirecturl=\"https:\/\/www.google.com\/url?q=https:\/\/www.researchgate.net\/profile\/Victoria-Ferrero&amp;source=gmail&amp;ust=1616502048439000&amp;usg=AFQjCNGR68PG0Lb9zmmp_s81q0-XvwKYsw\">URL (web)&nbsp;https:\/\/www.researchgate.net\/profile\/Victoria-Ferrero<\/a><\/td>\n<\/tr>\n<\/tbody>\n<\/table>\n<p>&nbsp;<\/p>\n<hr>\n<p>&nbsp;<\/p>\n<table width=\"448\">\n<tbody>\n<tr>\n<td width=\"448\">PERSONAL DE INVESTIGACI\u00d3N EN FORMACI\u00d3N CONTRATADO<\/td>\n<\/tr>\n<tr>\n<td width=\"448\">Gonz\u00e1lez P\u00e9rez, Alejandro &#8211; JCyL &#8211; PROMUEVE<\/td>\n<\/tr>\n<tr>\n<td width=\"448\">Lois Madera, Ra\u00fal &#8211; JCyL &#8211; TACOBI<\/td>\n<\/tr>\n<tr>\n<td width=\"448\">Rodr\u00edguez Fern\u00e1ndez, Alberto&nbsp;&nbsp; &#8211; JCyL &#8211; ATMOSENV<\/td>\n<\/tr>\n<tr>\n<td width=\"448\">Santamarina Garc\u00eda, Sara &#8211; JCyL &#8211; TACOBI<\/td>\n<\/tr>\n<\/tbody>\n<\/table>\n<p>&nbsp;<\/p>\n<hr>\n<table width=\"448\">\n<tbody>\n<tr>\n<td width=\"448\">PROFESORADO JUBILADO<\/td>\n<\/tr>\n<tr>\n<td width=\"448\">Nombre:&nbsp;\u00c1ngel Penas Merino<\/td>\n<\/tr>\n<tr>\n<td width=\"448\">Categor\u00eda:&nbsp;Catedr\u00e1tico de Universidad Em\u00e9rito<\/td>\n<\/tr>\n<tr>\n<td width=\"448\">Tel\u00e9fono:&nbsp;987 291558<\/td>\n<\/tr>\n<tr>\n<td width=\"448\">e-mail:&nbsp;angel.penas@unileon.es<\/td>\n<\/tr>\n<tr>\n<td>&nbsp;<\/td>\n<\/tr>\n<tr>\n<td width=\"448\">Nombre:&nbsp;F\u00e9lix Llamas Garc\u00eda<\/td>\n<\/tr>\n<tr>\n<td width=\"448\">Categor\u00eda:&nbsp;Catedr\u00e1tico de Universidad<\/td>\n<\/tr>\n<tr>\n<td width=\"448\">e-mail:&nbsp;f.llamas@unileon.es<\/td>\n<\/tr>\n<tr>\n<td width=\"448\">&nbsp;<\/td>\n<\/tr>\n<tr>\n<td width=\"448\">Nombre:&nbsp;M.\u00aa Jos\u00e9 L\u00f3pez Pachecho<\/td>\n<\/tr>\n<tr>\n<td width=\"448\">Categor\u00eda:&nbsp;Profesora Titular de Universidad<\/td>\n<\/tr>\n<tr>\n<td width=\"448\">&nbsp;<\/td>\n<\/tr>\n<tr>\n<td width=\"448\">Nombre:&nbsp;M.\u00aa Amor Fombella Blanco<\/td>\n<\/tr>\n<tr>\n<td width=\"448\">Categor\u00eda:&nbsp;Profesora Titular de Universidad<\/td>\n<\/tr>\n<tr>\n<td>&nbsp;<\/td>\n<\/tr>\n<tr>\n<td width=\"448\">Nombre:&nbsp;Carmen P\u00e9rez Morales<\/td>\n<\/tr>\n<tr>\n<td width=\"448\">Categor\u00eda:&nbsp;Profesora Titular de Universidad<\/td>\n<\/tr>\n<tr>\n<td width=\"448\">e-mail:&nbsp;carmenp@unileon.es<\/td>\n<\/tr>\n<tr>\n<td>&nbsp;<\/td>\n<\/tr>\n<tr>\n<td width=\"448\">Nombre:&nbsp;Luis Herrero Cembranos<\/td>\n<\/tr>\n<tr>\n<td width=\"448\">Categor\u00eda:&nbsp;Catedr\u00e1tico de Escuela Universitaria<\/td>\n<\/tr>\n<tr>\n<td width=\"448\">e-mail:&nbsp;lherc@unileon.es<\/td>\n<\/tr>\n<tr>\n<td>&nbsp;<\/td>\n<\/tr>\n<tr>\n<td width=\"448\">Nombre:&nbsp;Emilio Puente Garc\u00eda<\/td>\n<\/tr>\n<tr>\n<td width=\"448\">Categor\u00eda:&nbsp;Profesor Titular de Universidad<\/td>\n<\/tr>\n<tr>\n<td width=\"448\">e-mail:&nbsp;empueg@unileon.es<\/td>\n<\/tr>\n<\/tbody>\n<\/table>\n<hr>\n<p>&nbsp;<\/p>\n\n","protected":false},"excerpt":{"rendered":"<p>Inicio Nombre: Marta Eva Garc\u00eda Gonz\u00e1lez Formaci\u00f3n acad\u00e9mica: Doctora en Ciencias Biol\u00f3gicas (1989, Universidad de Le\u00f3n). Categor\u00eda: Profesora Titular de Universidad Grupo de investigaci\u00f3n en el que est\u00e1 integrada: BVYGA (Biodiversidad Vegetal y Gesti\u00f3n Ambiental). Colaboradora en VECAM (Vegetaci\u00f3n y Cambio clim\u00e1tico). L\u00edneas de Investigaci\u00f3n: Fitosociolog\u00eda, Cartograf\u00eda de Vegetaci\u00f3n, Valoraci\u00f3n del Medio Natural, Corolog\u00eda de [&hellip;]<\/p>\n","protected":false},"author":7,"featured_media":0,"parent":0,"menu_order":0,"comment_status":"closed","ping_status":"open","template":"","meta":{"ngg_post_thumbnail":0,"footnotes":""},"class_list":["post-316","page","type-page","status-publish","hentry"],"yoast_head":"<!-- This site is optimized with the Yoast SEO plugin v25.8 - https:\/\/yoast.com\/wordpress\/plugins\/seo\/ -->\n<title>Bot\u00e1nica: Personal - Departamento de Biodiversidad y Gesti\u00f3n Ambiental<\/title>\n<meta name=\"robots\" content=\"index, follow, max-snippet:-1, max-image-preview:large, max-video-preview:-1\" \/>\n<link rel=\"canonical\" href=\"https:\/\/departamentos.unileon.es\/biodiversidad-y-gestion-ambiental\/botanica-personal\/\" \/>\n<meta property=\"og:locale\" content=\"es_ES\" \/>\n<meta property=\"og:type\" content=\"article\" \/>\n<meta property=\"og:title\" content=\"Bot\u00e1nica: Personal - Departamento de Biodiversidad y Gesti\u00f3n Ambiental\" \/>\n<meta property=\"og:description\" content=\"Inicio Nombre: Marta Eva Garc\u00eda Gonz\u00e1lez Formaci\u00f3n acad\u00e9mica: Doctora en Ciencias Biol\u00f3gicas (1989, Universidad de Le\u00f3n). Categor\u00eda: Profesora Titular de Universidad Grupo de investigaci\u00f3n en el que est\u00e1 integrada: BVYGA (Biodiversidad Vegetal y Gesti\u00f3n Ambiental). Colaboradora en VECAM (Vegetaci\u00f3n y Cambio clim\u00e1tico). L\u00edneas de Investigaci\u00f3n: Fitosociolog\u00eda, Cartograf\u00eda de Vegetaci\u00f3n, Valoraci\u00f3n del Medio Natural, Corolog\u00eda de [&hellip;]\" \/>\n<meta property=\"og:url\" content=\"https:\/\/departamentos.unileon.es\/biodiversidad-y-gestion-ambiental\/botanica-personal\/\" \/>\n<meta property=\"og:site_name\" content=\"Departamento de Biodiversidad y Gesti\u00f3n Ambiental\" \/>\n<meta property=\"article:modified_time\" content=\"2021-03-23T09:47:07+00:00\" \/>\n<meta property=\"og:image\" content=\"https:\/\/departamentos.unileon.es\/biodiversidad-y-gestion-ambiental\/files\/2021\/03\/Carmen-Acedo_foto.jpg\" \/>\n\t<meta property=\"og:image:width\" content=\"400\" \/>\n\t<meta property=\"og:image:height\" content=\"400\" \/>\n\t<meta property=\"og:image:type\" content=\"image\/jpeg\" \/>\n<meta name=\"twitter:card\" content=\"summary_large_image\" \/>\n<meta name=\"twitter:label1\" content=\"Tiempo de lectura\" \/>\n\t<meta name=\"twitter:data1\" content=\"5 minutos\" \/>\n<script type=\"application\/ld+json\" class=\"yoast-schema-graph\">{\"@context\":\"https:\/\/schema.org\",\"@graph\":[{\"@type\":\"WebPage\",\"@id\":\"https:\/\/departamentos.unileon.es\/biodiversidad-y-gestion-ambiental\/botanica-personal\/\",\"url\":\"https:\/\/departamentos.unileon.es\/biodiversidad-y-gestion-ambiental\/botanica-personal\/\",\"name\":\"Bot\u00e1nica: Personal - Departamento de Biodiversidad y Gesti\u00f3n Ambiental\",\"isPartOf\":{\"@id\":\"https:\/\/departamentos.unileon.es\/biodiversidad-y-gestion-ambiental\/#website\"},\"primaryImageOfPage\":{\"@id\":\"https:\/\/departamentos.unileon.es\/biodiversidad-y-gestion-ambiental\/botanica-personal\/#primaryimage\"},\"image\":{\"@id\":\"https:\/\/departamentos.unileon.es\/biodiversidad-y-gestion-ambiental\/botanica-personal\/#primaryimage\"},\"thumbnailUrl\":\"http:\/\/departamentos.unileon.es\/biodiversidad-y-gestion-ambiental\/files\/2021\/03\/Carmen-Acedo_foto.jpg\",\"datePublished\":\"2011-11-04T12:41:36+00:00\",\"dateModified\":\"2021-03-23T09:47:07+00:00\",\"inLanguage\":\"es\",\"potentialAction\":[{\"@type\":\"ReadAction\",\"target\":[\"https:\/\/departamentos.unileon.es\/biodiversidad-y-gestion-ambiental\/botanica-personal\/\"]}]},{\"@type\":\"ImageObject\",\"inLanguage\":\"es\",\"@id\":\"https:\/\/departamentos.unileon.es\/biodiversidad-y-gestion-ambiental\/botanica-personal\/#primaryimage\",\"url\":\"http:\/\/departamentos.unileon.es\/biodiversidad-y-gestion-ambiental\/files\/2021\/03\/Carmen-Acedo_foto.jpg\",\"contentUrl\":\"http:\/\/departamentos.unileon.es\/biodiversidad-y-gestion-ambiental\/files\/2021\/03\/Carmen-Acedo_foto.jpg\"},{\"@type\":\"WebSite\",\"@id\":\"https:\/\/departamentos.unileon.es\/biodiversidad-y-gestion-ambiental\/#website\",\"url\":\"https:\/\/departamentos.unileon.es\/biodiversidad-y-gestion-ambiental\/\",\"name\":\"Departamento de Biodiversidad y Gesti\u00f3n Ambiental\",\"description\":\"Otro sitio m\u00e1s de Universidad de Le\u00f3n\",\"potentialAction\":[{\"@type\":\"SearchAction\",\"target\":{\"@type\":\"EntryPoint\",\"urlTemplate\":\"https:\/\/departamentos.unileon.es\/biodiversidad-y-gestion-ambiental\/?s={search_term_string}\"},\"query-input\":{\"@type\":\"PropertyValueSpecification\",\"valueRequired\":true,\"valueName\":\"search_term_string\"}}],\"inLanguage\":\"es\"}]}<\/script>\n<!-- \/ Yoast SEO plugin. -->","yoast_head_json":{"title":"Bot\u00e1nica: Personal - Departamento de Biodiversidad y Gesti\u00f3n Ambiental","robots":{"index":"index","follow":"follow","max-snippet":"max-snippet:-1","max-image-preview":"max-image-preview:large","max-video-preview":"max-video-preview:-1"},"canonical":"https:\/\/departamentos.unileon.es\/biodiversidad-y-gestion-ambiental\/botanica-personal\/","og_locale":"es_ES","og_type":"article","og_title":"Bot\u00e1nica: Personal - Departamento de Biodiversidad y Gesti\u00f3n Ambiental","og_description":"Inicio Nombre: Marta Eva Garc\u00eda Gonz\u00e1lez Formaci\u00f3n acad\u00e9mica: Doctora en Ciencias Biol\u00f3gicas (1989, Universidad de Le\u00f3n). Categor\u00eda: Profesora Titular de Universidad Grupo de investigaci\u00f3n en el que est\u00e1 integrada: BVYGA (Biodiversidad Vegetal y Gesti\u00f3n Ambiental). Colaboradora en VECAM (Vegetaci\u00f3n y Cambio clim\u00e1tico). L\u00edneas de Investigaci\u00f3n: Fitosociolog\u00eda, Cartograf\u00eda de Vegetaci\u00f3n, Valoraci\u00f3n del Medio Natural, Corolog\u00eda de [&hellip;]","og_url":"https:\/\/departamentos.unileon.es\/biodiversidad-y-gestion-ambiental\/botanica-personal\/","og_site_name":"Departamento de Biodiversidad y Gesti\u00f3n Ambiental","article_modified_time":"2021-03-23T09:47:07+00:00","og_image":[{"width":400,"height":400,"url":"https:\/\/departamentos.unileon.es\/biodiversidad-y-gestion-ambiental\/files\/2021\/03\/Carmen-Acedo_foto.jpg","type":"image\/jpeg"}],"twitter_card":"summary_large_image","twitter_misc":{"Tiempo de lectura":"5 minutos"},"schema":{"@context":"https:\/\/schema.org","@graph":[{"@type":"WebPage","@id":"https:\/\/departamentos.unileon.es\/biodiversidad-y-gestion-ambiental\/botanica-personal\/","url":"https:\/\/departamentos.unileon.es\/biodiversidad-y-gestion-ambiental\/botanica-personal\/","name":"Bot\u00e1nica: Personal - Departamento de Biodiversidad y Gesti\u00f3n Ambiental","isPartOf":{"@id":"https:\/\/departamentos.unileon.es\/biodiversidad-y-gestion-ambiental\/#website"},"primaryImageOfPage":{"@id":"https:\/\/departamentos.unileon.es\/biodiversidad-y-gestion-ambiental\/botanica-personal\/#primaryimage"},"image":{"@id":"https:\/\/departamentos.unileon.es\/biodiversidad-y-gestion-ambiental\/botanica-personal\/#primaryimage"},"thumbnailUrl":"http:\/\/departamentos.unileon.es\/biodiversidad-y-gestion-ambiental\/files\/2021\/03\/Carmen-Acedo_foto.jpg","datePublished":"2011-11-04T12:41:36+00:00","dateModified":"2021-03-23T09:47:07+00:00","inLanguage":"es","potentialAction":[{"@type":"ReadAction","target":["https:\/\/departamentos.unileon.es\/biodiversidad-y-gestion-ambiental\/botanica-personal\/"]}]},{"@type":"ImageObject","inLanguage":"es","@id":"https:\/\/departamentos.unileon.es\/biodiversidad-y-gestion-ambiental\/botanica-personal\/#primaryimage","url":"http:\/\/departamentos.unileon.es\/biodiversidad-y-gestion-ambiental\/files\/2021\/03\/Carmen-Acedo_foto.jpg","contentUrl":"http:\/\/departamentos.unileon.es\/biodiversidad-y-gestion-ambiental\/files\/2021\/03\/Carmen-Acedo_foto.jpg"},{"@type":"WebSite","@id":"https:\/\/departamentos.unileon.es\/biodiversidad-y-gestion-ambiental\/#website","url":"https:\/\/departamentos.unileon.es\/biodiversidad-y-gestion-ambiental\/","name":"Departamento de Biodiversidad y Gesti\u00f3n Ambiental","description":"Otro sitio m\u00e1s de Universidad de Le\u00f3n","potentialAction":[{"@type":"SearchAction","target":{"@type":"EntryPoint","urlTemplate":"https:\/\/departamentos.unileon.es\/biodiversidad-y-gestion-ambiental\/?s={search_term_string}"},"query-input":{"@type":"PropertyValueSpecification","valueRequired":true,"valueName":"search_term_string"}}],"inLanguage":"es"}]}},"_links":{"self":[{"href":"https:\/\/departamentos.unileon.es\/biodiversidad-y-gestion-ambiental\/wp-json\/wp\/v2\/pages\/316","targetHints":{"allow":["GET"]}}],"collection":[{"href":"https:\/\/departamentos.unileon.es\/biodiversidad-y-gestion-ambiental\/wp-json\/wp\/v2\/pages"}],"about":[{"href":"https:\/\/departamentos.unileon.es\/biodiversidad-y-gestion-ambiental\/wp-json\/wp\/v2\/types\/page"}],"author":[{"embeddable":true,"href":"https:\/\/departamentos.unileon.es\/biodiversidad-y-gestion-ambiental\/wp-json\/wp\/v2\/users\/7"}],"replies":[{"embeddable":true,"href":"https:\/\/departamentos.unileon.es\/biodiversidad-y-gestion-ambiental\/wp-json\/wp\/v2\/comments?post=316"}],"version-history":[{"count":56,"href":"https:\/\/departamentos.unileon.es\/biodiversidad-y-gestion-ambiental\/wp-json\/wp\/v2\/pages\/316\/revisions"}],"predecessor-version":[{"id":753,"href":"https:\/\/departamentos.unileon.es\/biodiversidad-y-gestion-ambiental\/wp-json\/wp\/v2\/pages\/316\/revisions\/753"}],"wp:attachment":[{"href":"https:\/\/departamentos.unileon.es\/biodiversidad-y-gestion-ambiental\/wp-json\/wp\/v2\/media?parent=316"}],"curies":[{"name":"wp","href":"https:\/\/api.w.org\/{rel}","templated":true}]}}