{"id":206,"date":"2011-11-03T13:13:31","date_gmt":"2011-11-03T13:13:31","guid":{"rendered":"http:\/\/departamentos.unileon.es\/biodiversidad-y-gestion-ambiental\/?page_id=206"},"modified":"2021-02-09T12:01:51","modified_gmt":"2021-02-09T12:01:51","slug":"centros-en-que-imparte-docencia","status":"publish","type":"page","link":"https:\/\/departamentos.unileon.es\/biodiversidad-y-gestion-ambiental\/centros-en-que-imparte-docencia\/","title":{"rendered":"Centros en que imparte docencia"},"content":{"rendered":"\n\n\n<h2><span style=\"color: #003366\"><a style=\"color: #003366\" href=\"https:\/\/centros.unileon.es\/biologia\/\">Facultad de Ciencias Biol\u00f3gicas y Ambientales<\/a><\/span><\/h2>\n<p>\u00a0<\/p>\n<h2><span style=\"color: #003366\"><a style=\"color: #003366\" href=\"https:\/\/www.eiaf.unileon.es\/\">Escuela de Ingenier\u00eda Agraria y Forestal<\/a><\/span><\/h2>\n<p>\u00a0<\/p>\n<h2><span style=\"color: #003366\"><a style=\"color: #003366\" href=\"https:\/\/centros.unileon.es\/educacion\/\">Facultad de Educaci\u00f3n<\/a><\/span><\/h2>\n<p>\u00a0<\/p>\n<h2><a href=\"https:\/\/centros.unileon.es\/veterinaria\/\"><span style=\"color: #003366\">Facultad de Veterinaria<\/span><\/a><\/h2>\n","protected":false},"excerpt":{"rendered":"<p>Facultad de Ciencias Biol\u00f3gicas y Ambientales \u00a0 Escuela de Ingenier\u00eda Agraria y Forestal \u00a0 Facultad de Educaci\u00f3n \u00a0 Facultad de Veterinaria<\/p>\n","protected":false},"author":7,"featured_media":0,"parent":0,"menu_order":0,"comment_status":"closed","ping_status":"open","template":"","meta":{"ngg_post_thumbnail":0,"footnotes":""},"class_list":["post-206","page","type-page","status-publish","hentry"],"yoast_head":"<!-- This site is optimized with the Yoast SEO plugin v25.8 - https:\/\/yoast.com\/wordpress\/plugins\/seo\/ -->\n<title>Centros en que imparte docencia - Departamento de Biodiversidad y Gesti\u00f3n Ambiental<\/title>\n<meta name=\"robots\" content=\"index, follow, max-snippet:-1, max-image-preview:large, max-video-preview:-1\" \/>\n<link rel=\"canonical\" href=\"https:\/\/departamentos.unileon.es\/biodiversidad-y-gestion-ambiental\/centros-en-que-imparte-docencia\/\" \/>\n<meta property=\"og:locale\" content=\"es_ES\" \/>\n<meta property=\"og:type\" content=\"article\" \/>\n<meta property=\"og:title\" content=\"Centros en que imparte docencia - Departamento de Biodiversidad y Gesti\u00f3n Ambiental\" \/>\n<meta property=\"og:description\" content=\"Facultad de Ciencias Biol\u00f3gicas y Ambientales \u00a0 Escuela de Ingenier\u00eda Agraria y Forestal \u00a0 Facultad de Educaci\u00f3n \u00a0 Facultad de Veterinaria\" \/>\n<meta property=\"og:url\" content=\"https:\/\/departamentos.unileon.es\/biodiversidad-y-gestion-ambiental\/centros-en-que-imparte-docencia\/\" \/>\n<meta property=\"og:site_name\" content=\"Departamento de Biodiversidad y Gesti\u00f3n Ambiental\" \/>\n<meta property=\"article:modified_time\" content=\"2021-02-09T12:01:51+00:00\" \/>\n<meta name=\"twitter:card\" content=\"summary_large_image\" \/>\n<script type=\"application\/ld+json\" class=\"yoast-schema-graph\">{\"@context\":\"https:\/\/schema.org\",\"@graph\":[{\"@type\":\"WebPage\",\"@id\":\"https:\/\/departamentos.unileon.es\/biodiversidad-y-gestion-ambiental\/centros-en-que-imparte-docencia\/\",\"url\":\"https:\/\/departamentos.unileon.es\/biodiversidad-y-gestion-ambiental\/centros-en-que-imparte-docencia\/\",\"name\":\"Centros en que imparte docencia - Departamento de Biodiversidad y Gesti\u00f3n Ambiental\",\"isPartOf\":{\"@id\":\"https:\/\/departamentos.unileon.es\/biodiversidad-y-gestion-ambiental\/#website\"},\"datePublished\":\"2011-11-03T13:13:31+00:00\",\"dateModified\":\"2021-02-09T12:01:51+00:00\",\"inLanguage\":\"es\",\"potentialAction\":[{\"@type\":\"ReadAction\",\"target\":[\"https:\/\/departamentos.unileon.es\/biodiversidad-y-gestion-ambiental\/centros-en-que-imparte-docencia\/\"]}]},{\"@type\":\"WebSite\",\"@id\":\"https:\/\/departamentos.unileon.es\/biodiversidad-y-gestion-ambiental\/#website\",\"url\":\"https:\/\/departamentos.unileon.es\/biodiversidad-y-gestion-ambiental\/\",\"name\":\"Departamento de Biodiversidad y Gesti\u00f3n Ambiental\",\"description\":\"Otro sitio m\u00e1s de Universidad de Le\u00f3n\",\"potentialAction\":[{\"@type\":\"SearchAction\",\"target\":{\"@type\":\"EntryPoint\",\"urlTemplate\":\"https:\/\/departamentos.unileon.es\/biodiversidad-y-gestion-ambiental\/?s={search_term_string}\"},\"query-input\":{\"@type\":\"PropertyValueSpecification\",\"valueRequired\":true,\"valueName\":\"search_term_string\"}}],\"inLanguage\":\"es\"}]}<\/script>\n<!-- \/ Yoast SEO plugin. -->","yoast_head_json":{"title":"Centros en que imparte docencia - Departamento de Biodiversidad y Gesti\u00f3n Ambiental","robots":{"index":"index","follow":"follow","max-snippet":"max-snippet:-1","max-image-preview":"max-image-preview:large","max-video-preview":"max-video-preview:-1"},"canonical":"https:\/\/departamentos.unileon.es\/biodiversidad-y-gestion-ambiental\/centros-en-que-imparte-docencia\/","og_locale":"es_ES","og_type":"article","og_title":"Centros en que imparte docencia - Departamento de Biodiversidad y Gesti\u00f3n Ambiental","og_description":"Facultad de Ciencias Biol\u00f3gicas y Ambientales \u00a0 Escuela de Ingenier\u00eda Agraria y Forestal \u00a0 Facultad de Educaci\u00f3n \u00a0 Facultad de Veterinaria","og_url":"https:\/\/departamentos.unileon.es\/biodiversidad-y-gestion-ambiental\/centros-en-que-imparte-docencia\/","og_site_name":"Departamento de Biodiversidad y Gesti\u00f3n Ambiental","article_modified_time":"2021-02-09T12:01:51+00:00","twitter_card":"summary_large_image","schema":{"@context":"https:\/\/schema.org","@graph":[{"@type":"WebPage","@id":"https:\/\/departamentos.unileon.es\/biodiversidad-y-gestion-ambiental\/centros-en-que-imparte-docencia\/","url":"https:\/\/departamentos.unileon.es\/biodiversidad-y-gestion-ambiental\/centros-en-que-imparte-docencia\/","name":"Centros en que imparte docencia - Departamento de Biodiversidad y Gesti\u00f3n Ambiental","isPartOf":{"@id":"https:\/\/departamentos.unileon.es\/biodiversidad-y-gestion-ambiental\/#website"},"datePublished":"2011-11-03T13:13:31+00:00","dateModified":"2021-02-09T12:01:51+00:00","inLanguage":"es","potentialAction":[{"@type":"ReadAction","target":["https:\/\/departamentos.unileon.es\/biodiversidad-y-gestion-ambiental\/centros-en-que-imparte-docencia\/"]}]},{"@type":"WebSite","@id":"https:\/\/departamentos.unileon.es\/biodiversidad-y-gestion-ambiental\/#website","url":"https:\/\/departamentos.unileon.es\/biodiversidad-y-gestion-ambiental\/","name":"Departamento de Biodiversidad y Gesti\u00f3n Ambiental","description":"Otro sitio m\u00e1s de Universidad de Le\u00f3n","potentialAction":[{"@type":"SearchAction","target":{"@type":"EntryPoint","urlTemplate":"https:\/\/departamentos.unileon.es\/biodiversidad-y-gestion-ambiental\/?s={search_term_string}"},"query-input":{"@type":"PropertyValueSpecification","valueRequired":true,"valueName":"search_term_string"}}],"inLanguage":"es"}]}},"_links":{"self":[{"href":"https:\/\/departamentos.unileon.es\/biodiversidad-y-gestion-ambiental\/wp-json\/wp\/v2\/pages\/206","targetHints":{"allow":["GET"]}}],"collection":[{"href":"https:\/\/departamentos.unileon.es\/biodiversidad-y-gestion-ambiental\/wp-json\/wp\/v2\/pages"}],"about":[{"href":"https:\/\/departamentos.unileon.es\/biodiversidad-y-gestion-ambiental\/wp-json\/wp\/v2\/types\/page"}],"author":[{"embeddable":true,"href":"https:\/\/departamentos.unileon.es\/biodiversidad-y-gestion-ambiental\/wp-json\/wp\/v2\/users\/7"}],"replies":[{"embeddable":true,"href":"https:\/\/departamentos.unileon.es\/biodiversidad-y-gestion-ambiental\/wp-json\/wp\/v2\/comments?post=206"}],"version-history":[{"count":29,"href":"https:\/\/departamentos.unileon.es\/biodiversidad-y-gestion-ambiental\/wp-json\/wp\/v2\/pages\/206\/revisions"}],"predecessor-version":[{"id":819,"href":"https:\/\/departamentos.unileon.es\/biodiversidad-y-gestion-ambiental\/wp-json\/wp\/v2\/pages\/206\/revisions\/819"}],"wp:attachment":[{"href":"https:\/\/departamentos.unileon.es\/biodiversidad-y-gestion-ambiental\/wp-json\/wp\/v2\/media?parent=206"}],"curies":[{"name":"wp","href":"https:\/\/api.w.org\/{rel}","templated":true}]}}