{"id":204,"date":"2011-11-03T13:12:29","date_gmt":"2011-11-03T13:12:29","guid":{"rendered":"http:\/\/departamentos.unileon.es\/biodiversidad-y-gestion-ambiental\/?page_id=204"},"modified":"2026-02-12T14:34:45","modified_gmt":"2026-02-12T14:34:45","slug":"areas-que-integran-el-departamento","status":"publish","type":"page","link":"https:\/\/departamentos.unileon.es\/biodiversidad-y-gestion-ambiental\/areas-que-integran-el-departamento\/","title":{"rendered":"\u00c1reas que integran el Departamento"},"content":{"rendered":"<h2>Antropolog\u00eda F\u00edsica:<\/h2>\r\n<ul>\r\n\t<li>Coordinadora: Antonio Garc\u00eda Tabernero<\/li>\r\n\t<li>E-mail de contacto: <a href=\"mailto:angat@unileon.es\">angat@unileon.es<\/a><\/li>\r\n\t<li>Web del \u00e1rea: <a href=\"http:\/\/departamentos.unileon.es\/biodiversidad-y-gestion-ambiental\/antropologia-fisica-menu\/\">Antropolog\u00eda <\/a><a href=\"http:\/\/departamentos.unileon.es\/biodiversidad-y-gestion-ambiental\/antropologia-fisica-menu\/\">F\u00edsica<\/a><\/li>\r\n\t<li>Tel\u00e9fono: (34) 9871530<\/li>\r\n<\/ul>\r\n<h2>Bot\u00e1nica:<\/h2>\r\n<ul>\r\n\t<li>Coordinadora: Arsenio Terr\u00f3n Alfonso<\/li>\r\n\t<li>E-mail de contacto: <span dir=\"auto\"><a href=\"mailto:raquel.alonso@unileon.es\" target=\"_blank\" rel=\"noopener\">a.terron@unileon.es<\/a><\/span><\/li>\r\n\t<li>Web del \u00e1rea: <a href=\"http:\/\/departamentos.unileon.es\/biodiversidad-y-gestion-ambiental\/botanica-menu\/\">Bot\u00e1nica<\/a><\/li>\r\n\t<li>Tel\u00e9fono: (34) 987291560<\/li>\r\n<\/ul>\r\n<h2>Ecolog\u00eda:<\/h2>\r\n<ul>\r\n\t<li>Coordinador: Sa\u00fal Blanco Lanza<\/li>\r\n\t<li>E-mail de contacto:<a href=\"mailto:saul.lanza@unileon.es\"> saul.lanza@unileon.es<\/a><\/li>\r\n\t<li>Tel\u00e9fono: (34) 987291520<\/li>\r\n<\/ul>\r\n<h2>Zoolog\u00eda:<\/h2>\r\n<ul>\r\n\t<li>Coordinador: Vittorio Baglione<\/li>\r\n\t<li>E-mail de contacto: <a href=\"mailto:raquel.maze@unileon.es\">vbag@unileon.es<\/a><\/li>\r\n\t<li>Web del \u00e1rea: <a href=\"http:\/\/departamentos.unileon.es\/biodiversidad-y-gestion-ambiental\/zoologia-menu\/\">Zoolog\u00eda<\/a><\/li>\r\n\t<li>Tel\u00e9fono: (34) 987291907<\/li>\r\n<\/ul>","protected":false},"excerpt":{"rendered":"<p>Antropolog\u00eda F\u00edsica: Coordinadora: Antonio Garc\u00eda Tabernero E-mail de contacto: angat@unileon.es Web del \u00e1rea: Antropolog\u00eda F\u00edsica Tel\u00e9fono: (34) 9871530 Bot\u00e1nica: Coordinadora: Arsenio Terr\u00f3n Alfonso E-mail de contacto: a.terron@unileon.es Web del \u00e1rea: Bot\u00e1nica Tel\u00e9fono: (34) 987291560 Ecolog\u00eda: Coordinador: Sa\u00fal Blanco Lanza E-mail de contacto: saul.lanza@unileon.es Tel\u00e9fono: (34) 987291520 Zoolog\u00eda: Coordinador: Vittorio Baglione E-mail de contacto: vbag@unileon.es Web [&hellip;]<\/p>\n","protected":false},"author":7,"featured_media":0,"parent":0,"menu_order":0,"comment_status":"closed","ping_status":"open","template":"","meta":{"ngg_post_thumbnail":0,"footnotes":""},"class_list":["post-204","page","type-page","status-publish","hentry"],"yoast_head":"<!-- This site is optimized with the Yoast SEO plugin v25.8 - https:\/\/yoast.com\/wordpress\/plugins\/seo\/ -->\n<title>\u00c1reas que integran el Departamento - Departamento de Biodiversidad y Gesti\u00f3n Ambiental<\/title>\n<meta name=\"robots\" content=\"index, follow, max-snippet:-1, max-image-preview:large, max-video-preview:-1\" \/>\n<link rel=\"canonical\" href=\"https:\/\/departamentos.unileon.es\/biodiversidad-y-gestion-ambiental\/areas-que-integran-el-departamento\/\" \/>\n<meta property=\"og:locale\" content=\"es_ES\" \/>\n<meta property=\"og:type\" content=\"article\" \/>\n<meta property=\"og:title\" content=\"\u00c1reas que integran el Departamento - Departamento de Biodiversidad y Gesti\u00f3n Ambiental\" \/>\n<meta property=\"og:description\" content=\"Antropolog\u00eda F\u00edsica: Coordinadora: Antonio Garc\u00eda Tabernero E-mail de contacto: angat@unileon.es Web del \u00e1rea: Antropolog\u00eda F\u00edsica Tel\u00e9fono: (34) 9871530 Bot\u00e1nica: Coordinadora: Arsenio Terr\u00f3n Alfonso E-mail de contacto: a.terron@unileon.es Web del \u00e1rea: Bot\u00e1nica Tel\u00e9fono: (34) 987291560 Ecolog\u00eda: Coordinador: Sa\u00fal Blanco Lanza E-mail de contacto: saul.lanza@unileon.es Tel\u00e9fono: (34) 987291520 Zoolog\u00eda: Coordinador: Vittorio Baglione E-mail de contacto: vbag@unileon.es Web [&hellip;]\" \/>\n<meta property=\"og:url\" content=\"https:\/\/departamentos.unileon.es\/biodiversidad-y-gestion-ambiental\/areas-que-integran-el-departamento\/\" \/>\n<meta property=\"og:site_name\" content=\"Departamento de Biodiversidad y Gesti\u00f3n Ambiental\" \/>\n<meta property=\"article:modified_time\" content=\"2026-02-12T14:34:45+00:00\" \/>\n<meta name=\"twitter:card\" content=\"summary_large_image\" \/>\n<meta name=\"twitter:label1\" content=\"Tiempo de lectura\" \/>\n\t<meta name=\"twitter:data1\" content=\"1 minuto\" \/>\n<script type=\"application\/ld+json\" class=\"yoast-schema-graph\">{\"@context\":\"https:\/\/schema.org\",\"@graph\":[{\"@type\":\"WebPage\",\"@id\":\"https:\/\/departamentos.unileon.es\/biodiversidad-y-gestion-ambiental\/areas-que-integran-el-departamento\/\",\"url\":\"https:\/\/departamentos.unileon.es\/biodiversidad-y-gestion-ambiental\/areas-que-integran-el-departamento\/\",\"name\":\"\u00c1reas que integran el Departamento - Departamento de Biodiversidad y Gesti\u00f3n Ambiental\",\"isPartOf\":{\"@id\":\"https:\/\/departamentos.unileon.es\/biodiversidad-y-gestion-ambiental\/#website\"},\"datePublished\":\"2011-11-03T13:12:29+00:00\",\"dateModified\":\"2026-02-12T14:34:45+00:00\",\"inLanguage\":\"es\",\"potentialAction\":[{\"@type\":\"ReadAction\",\"target\":[\"https:\/\/departamentos.unileon.es\/biodiversidad-y-gestion-ambiental\/areas-que-integran-el-departamento\/\"]}]},{\"@type\":\"WebSite\",\"@id\":\"https:\/\/departamentos.unileon.es\/biodiversidad-y-gestion-ambiental\/#website\",\"url\":\"https:\/\/departamentos.unileon.es\/biodiversidad-y-gestion-ambiental\/\",\"name\":\"Departamento de Biodiversidad y Gesti\u00f3n Ambiental\",\"description\":\"Otro sitio m\u00e1s de Universidad de Le\u00f3n\",\"potentialAction\":[{\"@type\":\"SearchAction\",\"target\":{\"@type\":\"EntryPoint\",\"urlTemplate\":\"https:\/\/departamentos.unileon.es\/biodiversidad-y-gestion-ambiental\/?s={search_term_string}\"},\"query-input\":{\"@type\":\"PropertyValueSpecification\",\"valueRequired\":true,\"valueName\":\"search_term_string\"}}],\"inLanguage\":\"es\"}]}<\/script>\n<!-- \/ Yoast SEO plugin. -->","yoast_head_json":{"title":"\u00c1reas que integran el Departamento - Departamento de Biodiversidad y Gesti\u00f3n Ambiental","robots":{"index":"index","follow":"follow","max-snippet":"max-snippet:-1","max-image-preview":"max-image-preview:large","max-video-preview":"max-video-preview:-1"},"canonical":"https:\/\/departamentos.unileon.es\/biodiversidad-y-gestion-ambiental\/areas-que-integran-el-departamento\/","og_locale":"es_ES","og_type":"article","og_title":"\u00c1reas que integran el Departamento - Departamento de Biodiversidad y Gesti\u00f3n Ambiental","og_description":"Antropolog\u00eda F\u00edsica: Coordinadora: Antonio Garc\u00eda Tabernero E-mail de contacto: angat@unileon.es Web del \u00e1rea: Antropolog\u00eda F\u00edsica Tel\u00e9fono: (34) 9871530 Bot\u00e1nica: Coordinadora: Arsenio Terr\u00f3n Alfonso E-mail de contacto: a.terron@unileon.es Web del \u00e1rea: Bot\u00e1nica Tel\u00e9fono: (34) 987291560 Ecolog\u00eda: Coordinador: Sa\u00fal Blanco Lanza E-mail de contacto: saul.lanza@unileon.es Tel\u00e9fono: (34) 987291520 Zoolog\u00eda: Coordinador: Vittorio Baglione E-mail de contacto: vbag@unileon.es Web [&hellip;]","og_url":"https:\/\/departamentos.unileon.es\/biodiversidad-y-gestion-ambiental\/areas-que-integran-el-departamento\/","og_site_name":"Departamento de Biodiversidad y Gesti\u00f3n Ambiental","article_modified_time":"2026-02-12T14:34:45+00:00","twitter_card":"summary_large_image","twitter_misc":{"Tiempo de lectura":"1 minuto"},"schema":{"@context":"https:\/\/schema.org","@graph":[{"@type":"WebPage","@id":"https:\/\/departamentos.unileon.es\/biodiversidad-y-gestion-ambiental\/areas-que-integran-el-departamento\/","url":"https:\/\/departamentos.unileon.es\/biodiversidad-y-gestion-ambiental\/areas-que-integran-el-departamento\/","name":"\u00c1reas que integran el Departamento - Departamento de Biodiversidad y Gesti\u00f3n Ambiental","isPartOf":{"@id":"https:\/\/departamentos.unileon.es\/biodiversidad-y-gestion-ambiental\/#website"},"datePublished":"2011-11-03T13:12:29+00:00","dateModified":"2026-02-12T14:34:45+00:00","inLanguage":"es","potentialAction":[{"@type":"ReadAction","target":["https:\/\/departamentos.unileon.es\/biodiversidad-y-gestion-ambiental\/areas-que-integran-el-departamento\/"]}]},{"@type":"WebSite","@id":"https:\/\/departamentos.unileon.es\/biodiversidad-y-gestion-ambiental\/#website","url":"https:\/\/departamentos.unileon.es\/biodiversidad-y-gestion-ambiental\/","name":"Departamento de Biodiversidad y Gesti\u00f3n Ambiental","description":"Otro sitio m\u00e1s de Universidad de Le\u00f3n","potentialAction":[{"@type":"SearchAction","target":{"@type":"EntryPoint","urlTemplate":"https:\/\/departamentos.unileon.es\/biodiversidad-y-gestion-ambiental\/?s={search_term_string}"},"query-input":{"@type":"PropertyValueSpecification","valueRequired":true,"valueName":"search_term_string"}}],"inLanguage":"es"}]}},"_links":{"self":[{"href":"https:\/\/departamentos.unileon.es\/biodiversidad-y-gestion-ambiental\/wp-json\/wp\/v2\/pages\/204","targetHints":{"allow":["GET"]}}],"collection":[{"href":"https:\/\/departamentos.unileon.es\/biodiversidad-y-gestion-ambiental\/wp-json\/wp\/v2\/pages"}],"about":[{"href":"https:\/\/departamentos.unileon.es\/biodiversidad-y-gestion-ambiental\/wp-json\/wp\/v2\/types\/page"}],"author":[{"embeddable":true,"href":"https:\/\/departamentos.unileon.es\/biodiversidad-y-gestion-ambiental\/wp-json\/wp\/v2\/users\/7"}],"replies":[{"embeddable":true,"href":"https:\/\/departamentos.unileon.es\/biodiversidad-y-gestion-ambiental\/wp-json\/wp\/v2\/comments?post=204"}],"version-history":[{"count":33,"href":"https:\/\/departamentos.unileon.es\/biodiversidad-y-gestion-ambiental\/wp-json\/wp\/v2\/pages\/204\/revisions"}],"predecessor-version":[{"id":906,"href":"https:\/\/departamentos.unileon.es\/biodiversidad-y-gestion-ambiental\/wp-json\/wp\/v2\/pages\/204\/revisions\/906"}],"wp:attachment":[{"href":"https:\/\/departamentos.unileon.es\/biodiversidad-y-gestion-ambiental\/wp-json\/wp\/v2\/media?parent=204"}],"curies":[{"name":"wp","href":"https:\/\/api.w.org\/{rel}","templated":true}]}}