{"id":202,"date":"2011-11-03T13:12:47","date_gmt":"2011-11-03T13:12:47","guid":{"rendered":"http:\/\/departamentos.unileon.es\/biodiversidad-y-gestion-ambiental\/?page_id=202"},"modified":"2011-11-03T13:12:47","modified_gmt":"2011-11-03T13:12:47","slug":"pas","status":"publish","type":"page","link":"https:\/\/departamentos.unileon.es\/biodiversidad-y-gestion-ambiental\/pas\/","title":{"rendered":"PAS"},"content":{"rendered":"<h2>Personal de Administraci&oacute;n y Servicios<\/h2>\r\n<ul>\r\n<li><a href=\"http:\/\/cornon.unileon.es\/directorio-y-telefonos?sr=5&#038;enc=oqcf6fixgmlvavqrlujugabnjmfbiaamordviqsam43auasdazbaibtcanla4\">H\u00c9CTOR LUIS ASTI\u00c1RRAGA PANIZO<\/a>, OFICIAL DE LABORATORIOS<\/li>\r\n<li><a href=\"http:\/\/cornon.unileon.es\/directorio-y-telefonos?sr=5&#038;enc=giiq4byhm4mbquiakidvgdjfi5gqocicordfqqseazirqaccaraqkalhbnlq\">CARLOS CAMPELO GARC\u00cdA<\/a>, E. ADMINISTRATIVA DE LA UNIV. DE LE\u00d3N<\/li>\r\n<li><a href=\"http:\/\/cornon.unileon.es\/directorio-y-telefonos?sr=5&#038;enc=gmarsrianemfwrq6aqlbibdoaroqaaicouyu6rkbnvbbuakfarfa4\">MODESTO GONZ\u00c1LEZ RODR\u00cdGUEZ<\/a>, OFICIAL DE LABORATORIOS<\/li>\r\n\r\n<li><a href=\"http:\/\/cornon.unileon.es\/directorio-y-telefonos?sr=5&#038;enc=eqpqsf2hgebb6wafkmfvyf3ea5lqcaihofcdyv2dnrabsaccafba6di\">MERCEDES L\u00d3PEZ VAZQUEZ<\/a>, T\u00c9CNICO ESPECIALISTA DE LABORATORIO<\/li>\r\n<li><a href=\"http:\/\/cornon.unileon.es\/directorio-y-telefonos?sr=5&#038;enc=gybaitihprbb4c2ca5aq4bqvcbpqiaqfobavsrckmy\">MIGUEL LUIS CALABUIG<\/a>, T\u00c9CNICO ESPECIALISTA DE LABORATORIO<\/li>\r\n<li><a href=\"http:\/\/cornon.unileon.es\/directorio-y-telefonos?sr=5&#038;enc=orbf4ai7fraqua2jandambtaay7riaigofbv6rshn5fba\">M \u00c1NGELA MIGU\u00c9LEZ GONZ\u00c1LEZ<\/a>, E. ADMINISTRATIVA DE LA UNIV. DE LE\u00d3N<\/li>\r\n<li><a href=\"http:\/\/cornon.unileon.es\/directorio-y-telefonos?sr=5&#038;enc=frfqcdi5mzfb2sysi4cecdjuiulq4eyfpjcfyr2dmzcwqecba5aaob3fazpa6ci\">PEDRO ANTONIO SASTRE CARVAJAL<\/a>, T\u00c9CNICO ESPECIALISTA DE LABORATORIO<\/li>\r\n<\/ul>","protected":false},"excerpt":{"rendered":"<p>Personal de Administraci&oacute;n y Servicios H\u00c9CTOR LUIS ASTI\u00c1RRAGA PANIZO, OFICIAL DE LABORATORIOS CARLOS CAMPELO GARC\u00cdA, E. ADMINISTRATIVA DE LA UNIV. DE LE\u00d3N MODESTO GONZ\u00c1LEZ RODR\u00cdGUEZ, OFICIAL DE LABORATORIOS MERCEDES L\u00d3PEZ VAZQUEZ, T\u00c9CNICO ESPECIALISTA DE LABORATORIO MIGUEL LUIS CALABUIG, T\u00c9CNICO ESPECIALISTA DE LABORATORIO M \u00c1NGELA MIGU\u00c9LEZ GONZ\u00c1LEZ, E. ADMINISTRATIVA DE LA UNIV. DE LE\u00d3N PEDRO ANTONIO [&hellip;]<\/p>\n","protected":false},"author":7,"featured_media":0,"parent":0,"menu_order":0,"comment_status":"closed","ping_status":"open","template":"","meta":{"ngg_post_thumbnail":0,"footnotes":""},"class_list":["post-202","page","type-page","status-publish","hentry"],"yoast_head":"<!-- This site is optimized with the Yoast SEO plugin v25.8 - https:\/\/yoast.com\/wordpress\/plugins\/seo\/ -->\n<title>PAS - Departamento de Biodiversidad y Gesti\u00f3n Ambiental<\/title>\n<meta name=\"robots\" content=\"index, follow, max-snippet:-1, max-image-preview:large, max-video-preview:-1\" \/>\n<link rel=\"canonical\" href=\"https:\/\/departamentos.unileon.es\/biodiversidad-y-gestion-ambiental\/pas\/\" \/>\n<meta property=\"og:locale\" content=\"es_ES\" \/>\n<meta property=\"og:type\" content=\"article\" \/>\n<meta property=\"og:title\" content=\"PAS - Departamento de Biodiversidad y Gesti\u00f3n Ambiental\" \/>\n<meta property=\"og:description\" content=\"Personal de Administraci&oacute;n y Servicios H\u00c9CTOR LUIS ASTI\u00c1RRAGA PANIZO, OFICIAL DE LABORATORIOS CARLOS CAMPELO GARC\u00cdA, E. ADMINISTRATIVA DE LA UNIV. DE LE\u00d3N MODESTO GONZ\u00c1LEZ RODR\u00cdGUEZ, OFICIAL DE LABORATORIOS MERCEDES L\u00d3PEZ VAZQUEZ, T\u00c9CNICO ESPECIALISTA DE LABORATORIO MIGUEL LUIS CALABUIG, T\u00c9CNICO ESPECIALISTA DE LABORATORIO M \u00c1NGELA MIGU\u00c9LEZ GONZ\u00c1LEZ, E. ADMINISTRATIVA DE LA UNIV. DE LE\u00d3N PEDRO ANTONIO [&hellip;]\" \/>\n<meta property=\"og:url\" content=\"https:\/\/departamentos.unileon.es\/biodiversidad-y-gestion-ambiental\/pas\/\" \/>\n<meta property=\"og:site_name\" content=\"Departamento de Biodiversidad y Gesti\u00f3n Ambiental\" \/>\n<meta name=\"twitter:card\" content=\"summary_large_image\" \/>\n<script type=\"application\/ld+json\" class=\"yoast-schema-graph\">{\"@context\":\"https:\/\/schema.org\",\"@graph\":[{\"@type\":\"WebPage\",\"@id\":\"https:\/\/departamentos.unileon.es\/biodiversidad-y-gestion-ambiental\/pas\/\",\"url\":\"https:\/\/departamentos.unileon.es\/biodiversidad-y-gestion-ambiental\/pas\/\",\"name\":\"PAS - Departamento de Biodiversidad y Gesti\u00f3n Ambiental\",\"isPartOf\":{\"@id\":\"https:\/\/departamentos.unileon.es\/biodiversidad-y-gestion-ambiental\/#website\"},\"datePublished\":\"2011-11-03T13:12:47+00:00\",\"inLanguage\":\"es\",\"potentialAction\":[{\"@type\":\"ReadAction\",\"target\":[\"https:\/\/departamentos.unileon.es\/biodiversidad-y-gestion-ambiental\/pas\/\"]}]},{\"@type\":\"WebSite\",\"@id\":\"https:\/\/departamentos.unileon.es\/biodiversidad-y-gestion-ambiental\/#website\",\"url\":\"https:\/\/departamentos.unileon.es\/biodiversidad-y-gestion-ambiental\/\",\"name\":\"Departamento de Biodiversidad y Gesti\u00f3n Ambiental\",\"description\":\"Otro sitio m\u00e1s de Universidad de Le\u00f3n\",\"potentialAction\":[{\"@type\":\"SearchAction\",\"target\":{\"@type\":\"EntryPoint\",\"urlTemplate\":\"https:\/\/departamentos.unileon.es\/biodiversidad-y-gestion-ambiental\/?s={search_term_string}\"},\"query-input\":{\"@type\":\"PropertyValueSpecification\",\"valueRequired\":true,\"valueName\":\"search_term_string\"}}],\"inLanguage\":\"es\"}]}<\/script>\n<!-- \/ Yoast SEO plugin. -->","yoast_head_json":{"title":"PAS - Departamento de Biodiversidad y Gesti\u00f3n Ambiental","robots":{"index":"index","follow":"follow","max-snippet":"max-snippet:-1","max-image-preview":"max-image-preview:large","max-video-preview":"max-video-preview:-1"},"canonical":"https:\/\/departamentos.unileon.es\/biodiversidad-y-gestion-ambiental\/pas\/","og_locale":"es_ES","og_type":"article","og_title":"PAS - Departamento de Biodiversidad y Gesti\u00f3n Ambiental","og_description":"Personal de Administraci&oacute;n y Servicios H\u00c9CTOR LUIS ASTI\u00c1RRAGA PANIZO, OFICIAL DE LABORATORIOS CARLOS CAMPELO GARC\u00cdA, E. ADMINISTRATIVA DE LA UNIV. DE LE\u00d3N MODESTO GONZ\u00c1LEZ RODR\u00cdGUEZ, OFICIAL DE LABORATORIOS MERCEDES L\u00d3PEZ VAZQUEZ, T\u00c9CNICO ESPECIALISTA DE LABORATORIO MIGUEL LUIS CALABUIG, T\u00c9CNICO ESPECIALISTA DE LABORATORIO M \u00c1NGELA MIGU\u00c9LEZ GONZ\u00c1LEZ, E. ADMINISTRATIVA DE LA UNIV. DE LE\u00d3N PEDRO ANTONIO [&hellip;]","og_url":"https:\/\/departamentos.unileon.es\/biodiversidad-y-gestion-ambiental\/pas\/","og_site_name":"Departamento de Biodiversidad y Gesti\u00f3n Ambiental","twitter_card":"summary_large_image","schema":{"@context":"https:\/\/schema.org","@graph":[{"@type":"WebPage","@id":"https:\/\/departamentos.unileon.es\/biodiversidad-y-gestion-ambiental\/pas\/","url":"https:\/\/departamentos.unileon.es\/biodiversidad-y-gestion-ambiental\/pas\/","name":"PAS - Departamento de Biodiversidad y Gesti\u00f3n Ambiental","isPartOf":{"@id":"https:\/\/departamentos.unileon.es\/biodiversidad-y-gestion-ambiental\/#website"},"datePublished":"2011-11-03T13:12:47+00:00","inLanguage":"es","potentialAction":[{"@type":"ReadAction","target":["https:\/\/departamentos.unileon.es\/biodiversidad-y-gestion-ambiental\/pas\/"]}]},{"@type":"WebSite","@id":"https:\/\/departamentos.unileon.es\/biodiversidad-y-gestion-ambiental\/#website","url":"https:\/\/departamentos.unileon.es\/biodiversidad-y-gestion-ambiental\/","name":"Departamento de Biodiversidad y Gesti\u00f3n Ambiental","description":"Otro sitio m\u00e1s de Universidad de Le\u00f3n","potentialAction":[{"@type":"SearchAction","target":{"@type":"EntryPoint","urlTemplate":"https:\/\/departamentos.unileon.es\/biodiversidad-y-gestion-ambiental\/?s={search_term_string}"},"query-input":{"@type":"PropertyValueSpecification","valueRequired":true,"valueName":"search_term_string"}}],"inLanguage":"es"}]}},"_links":{"self":[{"href":"https:\/\/departamentos.unileon.es\/biodiversidad-y-gestion-ambiental\/wp-json\/wp\/v2\/pages\/202","targetHints":{"allow":["GET"]}}],"collection":[{"href":"https:\/\/departamentos.unileon.es\/biodiversidad-y-gestion-ambiental\/wp-json\/wp\/v2\/pages"}],"about":[{"href":"https:\/\/departamentos.unileon.es\/biodiversidad-y-gestion-ambiental\/wp-json\/wp\/v2\/types\/page"}],"author":[{"embeddable":true,"href":"https:\/\/departamentos.unileon.es\/biodiversidad-y-gestion-ambiental\/wp-json\/wp\/v2\/users\/7"}],"replies":[{"embeddable":true,"href":"https:\/\/departamentos.unileon.es\/biodiversidad-y-gestion-ambiental\/wp-json\/wp\/v2\/comments?post=202"}],"version-history":[{"count":3,"href":"https:\/\/departamentos.unileon.es\/biodiversidad-y-gestion-ambiental\/wp-json\/wp\/v2\/pages\/202\/revisions"}],"predecessor-version":[{"id":220,"href":"https:\/\/departamentos.unileon.es\/biodiversidad-y-gestion-ambiental\/wp-json\/wp\/v2\/pages\/202\/revisions\/220"}],"wp:attachment":[{"href":"https:\/\/departamentos.unileon.es\/biodiversidad-y-gestion-ambiental\/wp-json\/wp\/v2\/media?parent=202"}],"curies":[{"name":"wp","href":"https:\/\/api.w.org\/{rel}","templated":true}]}}