{"id":200,"date":"2011-11-03T13:13:01","date_gmt":"2011-11-03T13:13:01","guid":{"rendered":"http:\/\/departamentos.unileon.es\/biodiversidad-y-gestion-ambiental\/?page_id=200"},"modified":"2025-01-14T13:09:30","modified_gmt":"2025-01-14T13:09:30","slug":"organos-directivos-nuevo","status":"publish","type":"page","link":"https:\/\/departamentos.unileon.es\/biodiversidad-y-gestion-ambiental\/organos-directivos-nuevo\/","title":{"rendered":"\u00d3rganos Directivos"},"content":{"rendered":"<table style=\"width: 100%;height: 131px\">\n<tbody>\n<tr style=\"height: 44px\">\n<th class=\"alignleft\" style=\"height: 44px\">Directora de Departamento<\/th>\n<td style=\"height: 44px\"><span style=\"color: #800000\"><a style=\"color: #800000\" href=\"mailto:dbgadir@unileon.es\"><strong>D\u00f1a. Rosa Mar\u00eda Valencia Barrera<\/strong><\/a><\/span><\/td>\n<td style=\"height: 44px\">Tel\u00e9fono: 1556<\/td>\n<\/tr>\n<tr style=\"height: 44px\">\n<th class=\"alignleft\" style=\"height: 44px\">Subdirectora de Departamento<\/th>\n<td style=\"height: 44px\"><span style=\"color: #800000\"><a style=\"color: #800000\" href=\"mailto:dcan@unileon.es\"><strong>D\u00f1a. Daniela Canestrari<\/strong><\/a><\/span><\/td>\n<td style=\"height: 44px\">Tel\u00e9fono: 1512<\/td>\n<\/tr>\n<tr style=\"height: 44px\">\n<th class=\"alignleft\" style=\"height: 43px\"><span style=\"color: #000000\">Secretaria de Departamento<\/span><\/th>\n<td style=\"height: 43px\"><a href=\"mailto:lrodg@unileon.es\"><span style=\"color: #993300\"><strong><span style=\"text-decoration: underline\"><span style=\"color: #800000;text-decoration: underline\">D\u00f1a. Laura Rodr\u00edguez Garc\u00eda<\/span><\/span><\/strong><\/span><\/a><\/td>\n<td style=\"height: 43px\">Tel\u00e9fono: 3294<\/td>\n<\/tr>\n<\/tbody>\n<\/table>\n\n\n\n","protected":false},"excerpt":{"rendered":"<p>Directora de Departamento D\u00f1a. Rosa Mar\u00eda Valencia Barrera Tel\u00e9fono: 1556 Subdirectora de Departamento D\u00f1a. Daniela Canestrari Tel\u00e9fono: 1512 Secretaria de Departamento D\u00f1a. Laura Rodr\u00edguez Garc\u00eda Tel\u00e9fono: 3294<\/p>\n","protected":false},"author":7,"featured_media":0,"parent":0,"menu_order":0,"comment_status":"closed","ping_status":"open","template":"","meta":{"ngg_post_thumbnail":0,"footnotes":""},"class_list":["post-200","page","type-page","status-publish","hentry"],"yoast_head":"<!-- This site is optimized with the Yoast SEO plugin v25.8 - https:\/\/yoast.com\/wordpress\/plugins\/seo\/ -->\n<title>\u00d3rganos Directivos - Departamento de Biodiversidad y Gesti\u00f3n Ambiental<\/title>\n<meta name=\"robots\" content=\"index, follow, max-snippet:-1, max-image-preview:large, max-video-preview:-1\" \/>\n<link rel=\"canonical\" href=\"https:\/\/departamentos.unileon.es\/biodiversidad-y-gestion-ambiental\/organos-directivos-nuevo\/\" \/>\n<meta property=\"og:locale\" content=\"es_ES\" \/>\n<meta property=\"og:type\" content=\"article\" \/>\n<meta property=\"og:title\" content=\"\u00d3rganos Directivos - Departamento de Biodiversidad y Gesti\u00f3n Ambiental\" \/>\n<meta property=\"og:description\" content=\"Directora de Departamento D\u00f1a. Rosa Mar\u00eda Valencia Barrera Tel\u00e9fono: 1556 Subdirectora de Departamento D\u00f1a. Daniela Canestrari Tel\u00e9fono: 1512 Secretaria de Departamento D\u00f1a. Laura Rodr\u00edguez Garc\u00eda Tel\u00e9fono: 3294\" \/>\n<meta property=\"og:url\" content=\"https:\/\/departamentos.unileon.es\/biodiversidad-y-gestion-ambiental\/organos-directivos-nuevo\/\" \/>\n<meta property=\"og:site_name\" content=\"Departamento de Biodiversidad y Gesti\u00f3n Ambiental\" \/>\n<meta property=\"article:modified_time\" content=\"2025-01-14T13:09:30+00:00\" \/>\n<meta name=\"twitter:card\" content=\"summary_large_image\" \/>\n<meta name=\"twitter:label1\" content=\"Tiempo de lectura\" \/>\n\t<meta name=\"twitter:data1\" content=\"1 minuto\" \/>\n<script type=\"application\/ld+json\" class=\"yoast-schema-graph\">{\"@context\":\"https:\/\/schema.org\",\"@graph\":[{\"@type\":\"WebPage\",\"@id\":\"https:\/\/departamentos.unileon.es\/biodiversidad-y-gestion-ambiental\/organos-directivos-nuevo\/\",\"url\":\"https:\/\/departamentos.unileon.es\/biodiversidad-y-gestion-ambiental\/organos-directivos-nuevo\/\",\"name\":\"\u00d3rganos Directivos - Departamento de Biodiversidad y Gesti\u00f3n Ambiental\",\"isPartOf\":{\"@id\":\"https:\/\/departamentos.unileon.es\/biodiversidad-y-gestion-ambiental\/#website\"},\"datePublished\":\"2011-11-03T13:13:01+00:00\",\"dateModified\":\"2025-01-14T13:09:30+00:00\",\"inLanguage\":\"es\",\"potentialAction\":[{\"@type\":\"ReadAction\",\"target\":[\"https:\/\/departamentos.unileon.es\/biodiversidad-y-gestion-ambiental\/organos-directivos-nuevo\/\"]}]},{\"@type\":\"WebSite\",\"@id\":\"https:\/\/departamentos.unileon.es\/biodiversidad-y-gestion-ambiental\/#website\",\"url\":\"https:\/\/departamentos.unileon.es\/biodiversidad-y-gestion-ambiental\/\",\"name\":\"Departamento de Biodiversidad y Gesti\u00f3n Ambiental\",\"description\":\"Otro sitio m\u00e1s de Universidad de Le\u00f3n\",\"potentialAction\":[{\"@type\":\"SearchAction\",\"target\":{\"@type\":\"EntryPoint\",\"urlTemplate\":\"https:\/\/departamentos.unileon.es\/biodiversidad-y-gestion-ambiental\/?s={search_term_string}\"},\"query-input\":{\"@type\":\"PropertyValueSpecification\",\"valueRequired\":true,\"valueName\":\"search_term_string\"}}],\"inLanguage\":\"es\"}]}<\/script>\n<!-- \/ Yoast SEO plugin. -->","yoast_head_json":{"title":"\u00d3rganos Directivos - Departamento de Biodiversidad y Gesti\u00f3n Ambiental","robots":{"index":"index","follow":"follow","max-snippet":"max-snippet:-1","max-image-preview":"max-image-preview:large","max-video-preview":"max-video-preview:-1"},"canonical":"https:\/\/departamentos.unileon.es\/biodiversidad-y-gestion-ambiental\/organos-directivos-nuevo\/","og_locale":"es_ES","og_type":"article","og_title":"\u00d3rganos Directivos - Departamento de Biodiversidad y Gesti\u00f3n Ambiental","og_description":"Directora de Departamento D\u00f1a. Rosa Mar\u00eda Valencia Barrera Tel\u00e9fono: 1556 Subdirectora de Departamento D\u00f1a. Daniela Canestrari Tel\u00e9fono: 1512 Secretaria de Departamento D\u00f1a. Laura Rodr\u00edguez Garc\u00eda Tel\u00e9fono: 3294","og_url":"https:\/\/departamentos.unileon.es\/biodiversidad-y-gestion-ambiental\/organos-directivos-nuevo\/","og_site_name":"Departamento de Biodiversidad y Gesti\u00f3n Ambiental","article_modified_time":"2025-01-14T13:09:30+00:00","twitter_card":"summary_large_image","twitter_misc":{"Tiempo de lectura":"1 minuto"},"schema":{"@context":"https:\/\/schema.org","@graph":[{"@type":"WebPage","@id":"https:\/\/departamentos.unileon.es\/biodiversidad-y-gestion-ambiental\/organos-directivos-nuevo\/","url":"https:\/\/departamentos.unileon.es\/biodiversidad-y-gestion-ambiental\/organos-directivos-nuevo\/","name":"\u00d3rganos Directivos - Departamento de Biodiversidad y Gesti\u00f3n Ambiental","isPartOf":{"@id":"https:\/\/departamentos.unileon.es\/biodiversidad-y-gestion-ambiental\/#website"},"datePublished":"2011-11-03T13:13:01+00:00","dateModified":"2025-01-14T13:09:30+00:00","inLanguage":"es","potentialAction":[{"@type":"ReadAction","target":["https:\/\/departamentos.unileon.es\/biodiversidad-y-gestion-ambiental\/organos-directivos-nuevo\/"]}]},{"@type":"WebSite","@id":"https:\/\/departamentos.unileon.es\/biodiversidad-y-gestion-ambiental\/#website","url":"https:\/\/departamentos.unileon.es\/biodiversidad-y-gestion-ambiental\/","name":"Departamento de Biodiversidad y Gesti\u00f3n Ambiental","description":"Otro sitio m\u00e1s de Universidad de Le\u00f3n","potentialAction":[{"@type":"SearchAction","target":{"@type":"EntryPoint","urlTemplate":"https:\/\/departamentos.unileon.es\/biodiversidad-y-gestion-ambiental\/?s={search_term_string}"},"query-input":{"@type":"PropertyValueSpecification","valueRequired":true,"valueName":"search_term_string"}}],"inLanguage":"es"}]}},"_links":{"self":[{"href":"https:\/\/departamentos.unileon.es\/biodiversidad-y-gestion-ambiental\/wp-json\/wp\/v2\/pages\/200","targetHints":{"allow":["GET"]}}],"collection":[{"href":"https:\/\/departamentos.unileon.es\/biodiversidad-y-gestion-ambiental\/wp-json\/wp\/v2\/pages"}],"about":[{"href":"https:\/\/departamentos.unileon.es\/biodiversidad-y-gestion-ambiental\/wp-json\/wp\/v2\/types\/page"}],"author":[{"embeddable":true,"href":"https:\/\/departamentos.unileon.es\/biodiversidad-y-gestion-ambiental\/wp-json\/wp\/v2\/users\/7"}],"replies":[{"embeddable":true,"href":"https:\/\/departamentos.unileon.es\/biodiversidad-y-gestion-ambiental\/wp-json\/wp\/v2\/comments?post=200"}],"version-history":[{"count":26,"href":"https:\/\/departamentos.unileon.es\/biodiversidad-y-gestion-ambiental\/wp-json\/wp\/v2\/pages\/200\/revisions"}],"predecessor-version":[{"id":862,"href":"https:\/\/departamentos.unileon.es\/biodiversidad-y-gestion-ambiental\/wp-json\/wp\/v2\/pages\/200\/revisions\/862"}],"wp:attachment":[{"href":"https:\/\/departamentos.unileon.es\/biodiversidad-y-gestion-ambiental\/wp-json\/wp\/v2\/media?parent=200"}],"curies":[{"name":"wp","href":"https:\/\/api.w.org\/{rel}","templated":true}]}}