{"id":198,"date":"2011-11-03T13:13:15","date_gmt":"2011-11-03T13:13:15","guid":{"rendered":"http:\/\/departamentos.unileon.es\/biodiversidad-y-gestion-ambiental\/?page_id=198"},"modified":"2025-10-17T09:56:23","modified_gmt":"2025-10-17T09:56:23","slug":"origen-y-situacion-actual-nuevo","status":"publish","type":"page","link":"https:\/\/departamentos.unileon.es\/biodiversidad-y-gestion-ambiental\/origen-y-situacion-actual-nuevo\/","title":{"rendered":"Origen y situaci\u00f3n actual"},"content":{"rendered":"<p>El departamento de Biodiversidad y Gesti\u00f3n Ambiental qued\u00f3 organizado como consecuencia del acuerdo de reestructuraci\u00f3n departamental del Consejo de Gobierno de la Universidad de Le\u00f3n de fecha 4 de julio de 2006, que estableci\u00f3 26 departamentos, correspondi\u00e9ndole la denominaci\u00f3n provisional de Departamento \u201cA\u201d.<\/p>\r\n<p>El Consejo provisional del Departamento se constituy\u00f3 el 18 de octubre de 2006, y el 15 de diciembre de 2006 propuso para el departamento el nombre de \u201cBiodiversidad y Gesti\u00f3n Ambiental\u201d, que fue acordado por el Consejo de Gobierno el 25 de enero de 2007.<\/p>\r\n<p>El departamento agrupa a los docentes de Antropolog\u00eda F\u00edsica, Bot\u00e1nica, Ecolog\u00eda y Zoolog\u00eda y articula las actividades de docencia e investigaci\u00f3n que \u00e9stos desarrollan.<\/p>\r\n<p>Al establecerse el departamento \u201cA\u201d se extinguieron los departamentos de \u201cBiolog\u00eda Animal\u201d, \u201cBiolog\u00eda Vegetal\u201d y \u201cEcolog\u00eda, Gen\u00e9tica y Microbiolog\u00eda\u201d.<\/p>\r\n<p>El Departamento de Biolog\u00eda Animal hab\u00eda sido establecido por acuerdo de la Junta de Gobierno el 11 de abril de 1986, e integr\u00f3 a los docentes del \u00e1rea de conocimiento de Biolog\u00eda Animal, desde 2001 de Antropolog\u00eda F\u00edsica o de Zoolog\u00eda. Los cargos de este departamento estuvieron desempe\u00f1ados por: Dr. Purroy Iraizoz, Dr. Salgado Costas, Dr. Nieto Nafr\u00eda y Dr. Laborda Navia, como directores; Dr. \u00c1lvarez Edo, Dr. R\u00e9gil Cueto y Dr. Laborda Navia, como subdirectores; y Dr. Pena \u00c1lvarez, Dra. Maz\u00e9 Gonz\u00e1lez, Sr. Gonz\u00e1lez Fern\u00e1ndez, Dr. \u00c1lvarez Edo y Sr. Campelo Garc\u00eda, como secretarios.<\/p>\r\n<p>El Departamento de Biolog\u00eda Vegetal hab\u00eda sido establecido por acuerdo de la Junta de Gobierno el 11 de abril de 1986, e integr\u00f3 a los docentes del \u00e1rea de conocimiento de Biolog\u00eda Vegetal, desde 2001 de Bot\u00e1nica o de Fisiolog\u00eda Vegetal. Los cargos de este departamento estuvieron desempe\u00f1ados por: Dr. D\u00edaz Gonz\u00e1lez, Dr. Zarra Cameselle, Dr. Garc\u00eda Prieto, Dr. de la Fuente Burguillo, Dr. Penas Merino, Dr. Puente Garc\u00eda y Dr. Llamas Garc\u00eda, como directores; Dr. Garc\u00eda Prieto, Dr. de la Fuente Burguillo, Dr. Llamas Garc\u00eda, Dr. Puente Garc\u00eda, Dra. Garc\u00eda Gonz\u00e1lez y Dra. P\u00e9rez Morales, como subdirectores; y Dra. P\u00e9rez Morales, Dra. Fern\u00e1ndez Gonz\u00e1lez, Dr. Llamas Garc\u00eda, Dr. Puente Garc\u00eda, Sra. Olaiz P\u00e9rez y Dra. Alonso Redondo, como secretarios.<\/p>\r\n<p>El \u00e1rea de Fisiolog\u00eda Vegetal ha pasado al departamento de Ingenier\u00eda y Ciencias Agrarias, tras la reorganizaci\u00f3n departamental de 2006.<\/p>\r\n<p>El Departamento de Ecolog\u00eda, Gen\u00e9tica y Microbiolog\u00eda hab\u00eda sido establecido por acuerdo de la Junta de Gobierno el 11 de abril de 1986, e integr\u00f3 a los docentes de esas tres \u00e1reas de conocimiento. Los cargos de este departamento estuvieron desempe\u00f1ados por: Dr. Mart\u00edn Mart\u00edn, Dr. P\u00e9rez de la Vega, Dr. de Luis Calabuig y Dra. Liras Pad\u00edn, como directores; Dra. Ruiz S\u00e1nchez, Dra. Liras Pad\u00edn, Dr. Garc\u00eda Garc\u00eda, Dra. Fern\u00e1ndez Al\u00e1ez (Margarita) y Dra. Calvo Galv\u00e1n, como subdirectores; y Dr. Ena \u00c1lvarez, Dra. Fern\u00e1ndez Al\u00e1ez, Dr. Mateo Delgado y Sra. Migu\u00e9lez Gonz\u00e1lez, como secretarios.<\/p>\r\n<p>Las \u00e1reas de Gen\u00e9tica y de Microbiolog\u00eda han pasado al departamento de Biolog\u00eda Molecular, tras la reorganizaci\u00f3n departamental de 2006.<\/p>\r\n<p>La sede del departamento, as\u00ed como todas las dependencias, se encuentran ubicadas en el edificio de la Facultad de Ciencias Biol\u00f3gicas y Ambientales.<\/p>\r\n<h3>Administraci\u00f3n:<\/h3>\r\n<p>Tel\u00e9fonos: 987 291 903<\/p>\r\n<p>E-mail: <a href=\"mailto:dbgaadm@unileon.es\">dbgaadm@unileon.es<\/a><\/p>","protected":false},"excerpt":{"rendered":"<p>El departamento de Biodiversidad y Gesti\u00f3n Ambiental qued\u00f3 organizado como consecuencia del acuerdo de reestructuraci\u00f3n departamental del Consejo de Gobierno de la Universidad de Le\u00f3n de fecha 4 de julio de 2006, que estableci\u00f3 26 departamentos, correspondi\u00e9ndole la denominaci\u00f3n provisional de Departamento \u201cA\u201d. El Consejo provisional del Departamento se constituy\u00f3 el 18 de octubre de [&hellip;]<\/p>\n","protected":false},"author":7,"featured_media":0,"parent":0,"menu_order":0,"comment_status":"closed","ping_status":"open","template":"","meta":{"ngg_post_thumbnail":0,"footnotes":""},"class_list":["post-198","page","type-page","status-publish","hentry"],"yoast_head":"<!-- This site is optimized with the Yoast SEO plugin v25.8 - https:\/\/yoast.com\/wordpress\/plugins\/seo\/ -->\n<title>Origen y situaci\u00f3n actual - Departamento de Biodiversidad y Gesti\u00f3n Ambiental<\/title>\n<meta name=\"robots\" content=\"index, follow, max-snippet:-1, max-image-preview:large, max-video-preview:-1\" \/>\n<link rel=\"canonical\" href=\"https:\/\/departamentos.unileon.es\/biodiversidad-y-gestion-ambiental\/origen-y-situacion-actual-nuevo\/\" \/>\n<meta property=\"og:locale\" content=\"es_ES\" \/>\n<meta property=\"og:type\" content=\"article\" \/>\n<meta property=\"og:title\" content=\"Origen y situaci\u00f3n actual - Departamento de Biodiversidad y Gesti\u00f3n Ambiental\" \/>\n<meta property=\"og:description\" content=\"El departamento de Biodiversidad y Gesti\u00f3n Ambiental qued\u00f3 organizado como consecuencia del acuerdo de reestructuraci\u00f3n departamental del Consejo de Gobierno de la Universidad de Le\u00f3n de fecha 4 de julio de 2006, que estableci\u00f3 26 departamentos, correspondi\u00e9ndole la denominaci\u00f3n provisional de Departamento \u201cA\u201d. El Consejo provisional del Departamento se constituy\u00f3 el 18 de octubre de [&hellip;]\" \/>\n<meta property=\"og:url\" content=\"https:\/\/departamentos.unileon.es\/biodiversidad-y-gestion-ambiental\/origen-y-situacion-actual-nuevo\/\" \/>\n<meta property=\"og:site_name\" content=\"Departamento de Biodiversidad y Gesti\u00f3n Ambiental\" \/>\n<meta property=\"article:modified_time\" content=\"2025-10-17T09:56:23+00:00\" \/>\n<meta name=\"twitter:card\" content=\"summary_large_image\" \/>\n<meta name=\"twitter:label1\" content=\"Tiempo de lectura\" \/>\n\t<meta name=\"twitter:data1\" content=\"3 minutos\" \/>\n<script type=\"application\/ld+json\" class=\"yoast-schema-graph\">{\"@context\":\"https:\/\/schema.org\",\"@graph\":[{\"@type\":\"WebPage\",\"@id\":\"https:\/\/departamentos.unileon.es\/biodiversidad-y-gestion-ambiental\/origen-y-situacion-actual-nuevo\/\",\"url\":\"https:\/\/departamentos.unileon.es\/biodiversidad-y-gestion-ambiental\/origen-y-situacion-actual-nuevo\/\",\"name\":\"Origen y situaci\u00f3n actual - Departamento de Biodiversidad y Gesti\u00f3n Ambiental\",\"isPartOf\":{\"@id\":\"https:\/\/departamentos.unileon.es\/biodiversidad-y-gestion-ambiental\/#website\"},\"datePublished\":\"2011-11-03T13:13:15+00:00\",\"dateModified\":\"2025-10-17T09:56:23+00:00\",\"inLanguage\":\"es\",\"potentialAction\":[{\"@type\":\"ReadAction\",\"target\":[\"https:\/\/departamentos.unileon.es\/biodiversidad-y-gestion-ambiental\/origen-y-situacion-actual-nuevo\/\"]}]},{\"@type\":\"WebSite\",\"@id\":\"https:\/\/departamentos.unileon.es\/biodiversidad-y-gestion-ambiental\/#website\",\"url\":\"https:\/\/departamentos.unileon.es\/biodiversidad-y-gestion-ambiental\/\",\"name\":\"Departamento de Biodiversidad y Gesti\u00f3n Ambiental\",\"description\":\"Otro sitio m\u00e1s de Universidad de Le\u00f3n\",\"potentialAction\":[{\"@type\":\"SearchAction\",\"target\":{\"@type\":\"EntryPoint\",\"urlTemplate\":\"https:\/\/departamentos.unileon.es\/biodiversidad-y-gestion-ambiental\/?s={search_term_string}\"},\"query-input\":{\"@type\":\"PropertyValueSpecification\",\"valueRequired\":true,\"valueName\":\"search_term_string\"}}],\"inLanguage\":\"es\"}]}<\/script>\n<!-- \/ Yoast SEO plugin. -->","yoast_head_json":{"title":"Origen y situaci\u00f3n actual - Departamento de Biodiversidad y Gesti\u00f3n Ambiental","robots":{"index":"index","follow":"follow","max-snippet":"max-snippet:-1","max-image-preview":"max-image-preview:large","max-video-preview":"max-video-preview:-1"},"canonical":"https:\/\/departamentos.unileon.es\/biodiversidad-y-gestion-ambiental\/origen-y-situacion-actual-nuevo\/","og_locale":"es_ES","og_type":"article","og_title":"Origen y situaci\u00f3n actual - Departamento de Biodiversidad y Gesti\u00f3n Ambiental","og_description":"El departamento de Biodiversidad y Gesti\u00f3n Ambiental qued\u00f3 organizado como consecuencia del acuerdo de reestructuraci\u00f3n departamental del Consejo de Gobierno de la Universidad de Le\u00f3n de fecha 4 de julio de 2006, que estableci\u00f3 26 departamentos, correspondi\u00e9ndole la denominaci\u00f3n provisional de Departamento \u201cA\u201d. El Consejo provisional del Departamento se constituy\u00f3 el 18 de octubre de [&hellip;]","og_url":"https:\/\/departamentos.unileon.es\/biodiversidad-y-gestion-ambiental\/origen-y-situacion-actual-nuevo\/","og_site_name":"Departamento de Biodiversidad y Gesti\u00f3n Ambiental","article_modified_time":"2025-10-17T09:56:23+00:00","twitter_card":"summary_large_image","twitter_misc":{"Tiempo de lectura":"3 minutos"},"schema":{"@context":"https:\/\/schema.org","@graph":[{"@type":"WebPage","@id":"https:\/\/departamentos.unileon.es\/biodiversidad-y-gestion-ambiental\/origen-y-situacion-actual-nuevo\/","url":"https:\/\/departamentos.unileon.es\/biodiversidad-y-gestion-ambiental\/origen-y-situacion-actual-nuevo\/","name":"Origen y situaci\u00f3n actual - Departamento de Biodiversidad y Gesti\u00f3n Ambiental","isPartOf":{"@id":"https:\/\/departamentos.unileon.es\/biodiversidad-y-gestion-ambiental\/#website"},"datePublished":"2011-11-03T13:13:15+00:00","dateModified":"2025-10-17T09:56:23+00:00","inLanguage":"es","potentialAction":[{"@type":"ReadAction","target":["https:\/\/departamentos.unileon.es\/biodiversidad-y-gestion-ambiental\/origen-y-situacion-actual-nuevo\/"]}]},{"@type":"WebSite","@id":"https:\/\/departamentos.unileon.es\/biodiversidad-y-gestion-ambiental\/#website","url":"https:\/\/departamentos.unileon.es\/biodiversidad-y-gestion-ambiental\/","name":"Departamento de Biodiversidad y Gesti\u00f3n Ambiental","description":"Otro sitio m\u00e1s de Universidad de Le\u00f3n","potentialAction":[{"@type":"SearchAction","target":{"@type":"EntryPoint","urlTemplate":"https:\/\/departamentos.unileon.es\/biodiversidad-y-gestion-ambiental\/?s={search_term_string}"},"query-input":{"@type":"PropertyValueSpecification","valueRequired":true,"valueName":"search_term_string"}}],"inLanguage":"es"}]}},"_links":{"self":[{"href":"https:\/\/departamentos.unileon.es\/biodiversidad-y-gestion-ambiental\/wp-json\/wp\/v2\/pages\/198","targetHints":{"allow":["GET"]}}],"collection":[{"href":"https:\/\/departamentos.unileon.es\/biodiversidad-y-gestion-ambiental\/wp-json\/wp\/v2\/pages"}],"about":[{"href":"https:\/\/departamentos.unileon.es\/biodiversidad-y-gestion-ambiental\/wp-json\/wp\/v2\/types\/page"}],"author":[{"embeddable":true,"href":"https:\/\/departamentos.unileon.es\/biodiversidad-y-gestion-ambiental\/wp-json\/wp\/v2\/users\/7"}],"replies":[{"embeddable":true,"href":"https:\/\/departamentos.unileon.es\/biodiversidad-y-gestion-ambiental\/wp-json\/wp\/v2\/comments?post=198"}],"version-history":[{"count":6,"href":"https:\/\/departamentos.unileon.es\/biodiversidad-y-gestion-ambiental\/wp-json\/wp\/v2\/pages\/198\/revisions"}],"predecessor-version":[{"id":871,"href":"https:\/\/departamentos.unileon.es\/biodiversidad-y-gestion-ambiental\/wp-json\/wp\/v2\/pages\/198\/revisions\/871"}],"wp:attachment":[{"href":"https:\/\/departamentos.unileon.es\/biodiversidad-y-gestion-ambiental\/wp-json\/wp\/v2\/media?parent=198"}],"curies":[{"name":"wp","href":"https:\/\/api.w.org\/{rel}","templated":true}]}}