{"id":11,"date":"2010-08-17T07:31:56","date_gmt":"2010-08-17T07:31:56","guid":{"rendered":"http:\/\/departamentos.unileon.es\/biodiversidad-y-gestion-ambiental\/"},"modified":"2011-01-27T09:49:49","modified_gmt":"2011-01-27T09:49:49","slug":"areas","status":"publish","type":"page","link":"https:\/\/departamentos.unileon.es\/biodiversidad-y-gestion-ambiental\/areas\/","title":{"rendered":"\u00c1reas que integran el departamento"},"content":{"rendered":"<h3>Antropolog\u00eda F\u00edsica:<\/h3>\r\n\t<ul>\r\n\t\t<li>Coordinador: Caro Dob\u00f3n, Luis Pedro<\/li>\r\n\t\t<li>E-mail de contacto: <a href=\"mailto:luis.caro@unileon.es\">luis.caro@unileon.es<\/a><\/li>\r\n\t\t<li>Web del \u00e1rea: <a href=\"http:\/\/www3.unileon.es\/dp\/dba\/antropologia.htm\">http:\/\/www3.unileon.es\/dp\/dba\/antropologia.htm<\/a><\/li>\r\n\t\t<li>Tel\u00e9fono: (34) 987291525<\/li>\r\n\t<\/ul>\r\n<h3>Bot\u00e1nica:<\/h3>\r\n\t<ul>\r\n\t\t\t<li>Coordinador: Alonso Redondo, Raquel<\/li>\r\n\t\t\t<li>E-mail de contacto: <a href=\"mailto:raquel.alonso@unileon.es\">raquel.alonso@unileon.es<\/a><\/li>\r\n\t\t\t<li>Web del \u00e1rea: <a href=\"http:\/\/www3.unileon.es\/dp\/dbv\/index.htm\">http:\/\/www3.unileon.es\/dp\/dbv\/index.htm<\/a><\/li>\r\n\t\t\t<li>Tel\u00e9fono: (34) 987291554<\/li>\r\n\t<\/ul>\r\n<h3>Ecolog\u00eda:<\/h3>\r\n\t<ul>\r\n\t\t\t<li>Coordinador: B\u00e9cares Mantec\u00f3n, Eloy<\/li>\r\n\t\t\t<li>E-mail de contacto: <a href=\"mailto:ebecm@unileon.es\">ebecm@unileon.es<\/a><\/li>\r\n\t\t\t<li>Web del \u00e1rea: <a href=\"http:\/\/www3.unileon.es\/dp\/aec\/\">http:\/\/www3.unileon.es\/dp\/aec\/<\/a><\/li>\r\n\t\t\t<li>Tel\u00e9fono: (34) 987291568<\/li>\r\n\t<\/ul>\r\n<h3>Zoolog\u00eda:<\/h3>\r\n\t<ul>\r\n\t\t\t<li>Coordinador: Nieto Nafr\u00eda, Juan Manuel<\/li>\r\n\t\t\t<li>E-mail de contacto: <a href=\"mailto:jmnien@unileon.es\">jmnien@unileon.es<\/a><\/li>\r\n\t\t\t<li>Web del \u00e1rea: <a href=\"http:\/\/www3.unileon.es\/dp\/dba\/zoologia.htm\">http:\/\/www3.unileon.es\/dp\/dba\/zoologia.htm<\/a><\/li>\r\n\t\t\t<li>Tel\u00e9fono: (34) 987291513<\/li>\r\n\t<\/ul>","protected":false},"excerpt":{"rendered":"<p>Antropolog\u00eda F\u00edsica: Coordinador: Caro Dob\u00f3n, Luis Pedro E-mail de contacto: luis.caro@unileon.es Web del \u00e1rea: http:\/\/www3.unileon.es\/dp\/dba\/antropologia.htm Tel\u00e9fono: (34) 987291525 Bot\u00e1nica: Coordinador: Alonso Redondo, Raquel E-mail de contacto: raquel.alonso@unileon.es Web del \u00e1rea: http:\/\/www3.unileon.es\/dp\/dbv\/index.htm Tel\u00e9fono: (34) 987291554 Ecolog\u00eda: Coordinador: B\u00e9cares Mantec\u00f3n, Eloy E-mail de contacto: ebecm@unileon.es Web del \u00e1rea: http:\/\/www3.unileon.es\/dp\/aec\/ Tel\u00e9fono: (34) 987291568 Zoolog\u00eda: Coordinador: Nieto Nafr\u00eda, Juan [&hellip;]<\/p>\n","protected":false},"author":44,"featured_media":0,"parent":0,"menu_order":0,"comment_status":"closed","ping_status":"closed","template":"","meta":{"ngg_post_thumbnail":0,"footnotes":""},"class_list":["post-11","page","type-page","status-publish","hentry"],"yoast_head":"<!-- This site is optimized with the Yoast SEO plugin v25.8 - https:\/\/yoast.com\/wordpress\/plugins\/seo\/ -->\n<title>\u00c1reas que integran el departamento - Departamento de Biodiversidad y Gesti\u00f3n Ambiental<\/title>\n<meta name=\"robots\" content=\"index, follow, max-snippet:-1, max-image-preview:large, max-video-preview:-1\" \/>\n<link rel=\"canonical\" href=\"https:\/\/departamentos.unileon.es\/biodiversidad-y-gestion-ambiental\/areas\/\" \/>\n<meta property=\"og:locale\" content=\"es_ES\" \/>\n<meta property=\"og:type\" content=\"article\" \/>\n<meta property=\"og:title\" content=\"\u00c1reas que integran el departamento - Departamento de Biodiversidad y Gesti\u00f3n Ambiental\" \/>\n<meta property=\"og:description\" content=\"Antropolog\u00eda F\u00edsica: Coordinador: Caro Dob\u00f3n, Luis Pedro E-mail de contacto: luis.caro@unileon.es Web del \u00e1rea: http:\/\/www3.unileon.es\/dp\/dba\/antropologia.htm Tel\u00e9fono: (34) 987291525 Bot\u00e1nica: Coordinador: Alonso Redondo, Raquel E-mail de contacto: raquel.alonso@unileon.es Web del \u00e1rea: http:\/\/www3.unileon.es\/dp\/dbv\/index.htm Tel\u00e9fono: (34) 987291554 Ecolog\u00eda: Coordinador: B\u00e9cares Mantec\u00f3n, Eloy E-mail de contacto: ebecm@unileon.es Web del \u00e1rea: http:\/\/www3.unileon.es\/dp\/aec\/ Tel\u00e9fono: (34) 987291568 Zoolog\u00eda: Coordinador: Nieto Nafr\u00eda, Juan [&hellip;]\" \/>\n<meta property=\"og:url\" content=\"https:\/\/departamentos.unileon.es\/biodiversidad-y-gestion-ambiental\/areas\/\" \/>\n<meta property=\"og:site_name\" content=\"Departamento de Biodiversidad y Gesti\u00f3n Ambiental\" \/>\n<meta property=\"article:modified_time\" content=\"2011-01-27T09:49:49+00:00\" \/>\n<meta name=\"twitter:card\" content=\"summary_large_image\" \/>\n<meta name=\"twitter:label1\" content=\"Tiempo de lectura\" \/>\n\t<meta name=\"twitter:data1\" content=\"1 minuto\" \/>\n<script type=\"application\/ld+json\" class=\"yoast-schema-graph\">{\"@context\":\"https:\/\/schema.org\",\"@graph\":[{\"@type\":\"WebPage\",\"@id\":\"https:\/\/departamentos.unileon.es\/biodiversidad-y-gestion-ambiental\/areas\/\",\"url\":\"https:\/\/departamentos.unileon.es\/biodiversidad-y-gestion-ambiental\/areas\/\",\"name\":\"\u00c1reas que integran el departamento - Departamento de Biodiversidad y Gesti\u00f3n Ambiental\",\"isPartOf\":{\"@id\":\"https:\/\/departamentos.unileon.es\/biodiversidad-y-gestion-ambiental\/#website\"},\"datePublished\":\"2010-08-17T07:31:56+00:00\",\"dateModified\":\"2011-01-27T09:49:49+00:00\",\"inLanguage\":\"es\",\"potentialAction\":[{\"@type\":\"ReadAction\",\"target\":[\"https:\/\/departamentos.unileon.es\/biodiversidad-y-gestion-ambiental\/areas\/\"]}]},{\"@type\":\"WebSite\",\"@id\":\"https:\/\/departamentos.unileon.es\/biodiversidad-y-gestion-ambiental\/#website\",\"url\":\"https:\/\/departamentos.unileon.es\/biodiversidad-y-gestion-ambiental\/\",\"name\":\"Departamento de Biodiversidad y Gesti\u00f3n Ambiental\",\"description\":\"Otro sitio m\u00e1s de Universidad de Le\u00f3n\",\"potentialAction\":[{\"@type\":\"SearchAction\",\"target\":{\"@type\":\"EntryPoint\",\"urlTemplate\":\"https:\/\/departamentos.unileon.es\/biodiversidad-y-gestion-ambiental\/?s={search_term_string}\"},\"query-input\":{\"@type\":\"PropertyValueSpecification\",\"valueRequired\":true,\"valueName\":\"search_term_string\"}}],\"inLanguage\":\"es\"}]}<\/script>\n<!-- \/ Yoast SEO plugin. -->","yoast_head_json":{"title":"\u00c1reas que integran el departamento - Departamento de Biodiversidad y Gesti\u00f3n Ambiental","robots":{"index":"index","follow":"follow","max-snippet":"max-snippet:-1","max-image-preview":"max-image-preview:large","max-video-preview":"max-video-preview:-1"},"canonical":"https:\/\/departamentos.unileon.es\/biodiversidad-y-gestion-ambiental\/areas\/","og_locale":"es_ES","og_type":"article","og_title":"\u00c1reas que integran el departamento - Departamento de Biodiversidad y Gesti\u00f3n Ambiental","og_description":"Antropolog\u00eda F\u00edsica: Coordinador: Caro Dob\u00f3n, Luis Pedro E-mail de contacto: luis.caro@unileon.es Web del \u00e1rea: http:\/\/www3.unileon.es\/dp\/dba\/antropologia.htm Tel\u00e9fono: (34) 987291525 Bot\u00e1nica: Coordinador: Alonso Redondo, Raquel E-mail de contacto: raquel.alonso@unileon.es Web del \u00e1rea: http:\/\/www3.unileon.es\/dp\/dbv\/index.htm Tel\u00e9fono: (34) 987291554 Ecolog\u00eda: Coordinador: B\u00e9cares Mantec\u00f3n, Eloy E-mail de contacto: ebecm@unileon.es Web del \u00e1rea: http:\/\/www3.unileon.es\/dp\/aec\/ Tel\u00e9fono: (34) 987291568 Zoolog\u00eda: Coordinador: Nieto Nafr\u00eda, Juan [&hellip;]","og_url":"https:\/\/departamentos.unileon.es\/biodiversidad-y-gestion-ambiental\/areas\/","og_site_name":"Departamento de Biodiversidad y Gesti\u00f3n Ambiental","article_modified_time":"2011-01-27T09:49:49+00:00","twitter_card":"summary_large_image","twitter_misc":{"Tiempo de lectura":"1 minuto"},"schema":{"@context":"https:\/\/schema.org","@graph":[{"@type":"WebPage","@id":"https:\/\/departamentos.unileon.es\/biodiversidad-y-gestion-ambiental\/areas\/","url":"https:\/\/departamentos.unileon.es\/biodiversidad-y-gestion-ambiental\/areas\/","name":"\u00c1reas que integran el departamento - Departamento de Biodiversidad y Gesti\u00f3n Ambiental","isPartOf":{"@id":"https:\/\/departamentos.unileon.es\/biodiversidad-y-gestion-ambiental\/#website"},"datePublished":"2010-08-17T07:31:56+00:00","dateModified":"2011-01-27T09:49:49+00:00","inLanguage":"es","potentialAction":[{"@type":"ReadAction","target":["https:\/\/departamentos.unileon.es\/biodiversidad-y-gestion-ambiental\/areas\/"]}]},{"@type":"WebSite","@id":"https:\/\/departamentos.unileon.es\/biodiversidad-y-gestion-ambiental\/#website","url":"https:\/\/departamentos.unileon.es\/biodiversidad-y-gestion-ambiental\/","name":"Departamento de Biodiversidad y Gesti\u00f3n Ambiental","description":"Otro sitio m\u00e1s de Universidad de Le\u00f3n","potentialAction":[{"@type":"SearchAction","target":{"@type":"EntryPoint","urlTemplate":"https:\/\/departamentos.unileon.es\/biodiversidad-y-gestion-ambiental\/?s={search_term_string}"},"query-input":{"@type":"PropertyValueSpecification","valueRequired":true,"valueName":"search_term_string"}}],"inLanguage":"es"}]}},"_links":{"self":[{"href":"https:\/\/departamentos.unileon.es\/biodiversidad-y-gestion-ambiental\/wp-json\/wp\/v2\/pages\/11","targetHints":{"allow":["GET"]}}],"collection":[{"href":"https:\/\/departamentos.unileon.es\/biodiversidad-y-gestion-ambiental\/wp-json\/wp\/v2\/pages"}],"about":[{"href":"https:\/\/departamentos.unileon.es\/biodiversidad-y-gestion-ambiental\/wp-json\/wp\/v2\/types\/page"}],"author":[{"embeddable":true,"href":"https:\/\/departamentos.unileon.es\/biodiversidad-y-gestion-ambiental\/wp-json\/wp\/v2\/users\/44"}],"replies":[{"embeddable":true,"href":"https:\/\/departamentos.unileon.es\/biodiversidad-y-gestion-ambiental\/wp-json\/wp\/v2\/comments?post=11"}],"version-history":[{"count":7,"href":"https:\/\/departamentos.unileon.es\/biodiversidad-y-gestion-ambiental\/wp-json\/wp\/v2\/pages\/11\/revisions"}],"predecessor-version":[{"id":185,"href":"https:\/\/departamentos.unileon.es\/biodiversidad-y-gestion-ambiental\/wp-json\/wp\/v2\/pages\/11\/revisions\/185"}],"wp:attachment":[{"href":"https:\/\/departamentos.unileon.es\/biodiversidad-y-gestion-ambiental\/wp-json\/wp\/v2\/media?parent=11"}],"curies":[{"name":"wp","href":"https:\/\/api.w.org\/{rel}","templated":true}]}}