{"id":849,"date":"2019-05-23T00:34:53","date_gmt":"2019-05-23T00:34:53","guid":{"rendered":"http:\/\/departamentos.unileon.es\/area-historia-del-arte\/?page_id=849"},"modified":"2019-05-30T09:01:25","modified_gmt":"2019-05-30T09:01:25","slug":"del-aula-al-museo-2019","status":"publish","type":"page","link":"https:\/\/departamentos.unileon.es\/area-historia-del-arte\/del-aula-al-museo-2019\/","title":{"rendered":"Del Aula al Museo (2019)"},"content":{"rendered":"\n<p style=\"text-align: justify;\">El<em> III Plan de Colaboraci\u00f3n entre la Universidad de Le\u00f3n y los Museos leoneses<\/em> (a\u00f1o 2019) permiti\u00f3 desarrollar una nueva edici\u00f3n (tercera) de actividad <strong>Del Aula al Museo. <\/strong>Las asignaturas del Grado en Historia del Arte en las que se aplic\u00f3 la actividad fueron <em>Arte G\u00f3tico espa\u00f1ol,&nbsp; Arte del Renacimiento espa\u00f1ol, Arte Barroco espa\u00f1ol y <\/em><em>Artes Decorativas y Dise\u00f1o Industrial<\/em>.<\/p>\n<p style=\"text-align: justify;\">En esta nueva edici\u00f3n tambi\u00e9n se increment\u00f3 el n\u00famero de museos participantes, colaborando el Museo Catedralicio-Diocesano de Le\u00f3n, El Museo Sierra Pambley, El Museo Gaud\u00ed Casa Botines y el Museo de Le\u00f3n.<\/p>\n<p style=\"text-align: justify;\">En sus sedes, los alumnos de las mencionadas asignaturas presentaron al p\u00fablico sus estudios e indagaciones sobre diferentes piezas art\u00edsticas de las colecciones entre los d\u00edas 15 y 17 de mayo de 2018 y en el marco de las celebraciones del \u00abD\u00eda Internacional de los Museos\u00bb.<\/p>\n<p><strong><a href=\"http:\/\/departamentos.unileon.es\/area-historia-del-arte\/files\/2019\/05\/Cartel-general-del-Aula-al-Museo.pdf\" target=\"_blank\" rel=\"noopener noreferrer\"><span style=\"background-color: #ffffff; color: #0000ff;\">cartel de la actividad<\/span><\/a><\/strong><\/p>\n<p style=\"text-align: justify;\"><span style=\"background-color: #ffffff;\"><strong><span style=\"color: #0000ff;\">Programa (relaci\u00f3n de museos, alumnos y piezas expuestas)<\/span><\/strong><\/span><\/p>\n<p style=\"text-align: justify;\"><strong>Museo de Le\u00f3n (mi\u00e9rcoles 15 de mayo)<\/strong><\/p>\n<ul style=\"list-style-type: square; text-align: justify;\">\n<li>Carlos Varela Fern\u00e1ndez, <a href=\"http:\/\/departamentos.unileon.es\/area-historia-del-arte\/files\/2019\/05\/Hoja-de-sala-Del-Aula-al-Museo.-C.Varela.pdf\" target=\"_blank\" rel=\"noopener noreferrer\"><em>escultura de san Fernando y armario-altar portatil<\/em><\/a>.&nbsp;<\/li>\n<\/ul>\n<p style=\"text-align: justify;\"><strong>Museo de la Fundaci\u00f3n Sierra Pambley (mi\u00e9rcoles 15 de mayo)<\/strong><\/p>\n<ul style=\"list-style-type: square; text-align: justify;\">\n<li>Daniel S\u00e1nchez Requejo, <a href=\"http:\/\/departamentos.unileon.es\/area-historia-del-arte\/files\/2019\/05\/Hoja-de-sala-Del-Aula-al-Museo.-S\u00e1nchez-Requejo.pdf\" target=\"_blank\" rel=\"noopener noreferrer\"><em>purera<\/em><\/a>.<\/li>\n<\/ul>\n<p style=\"text-align: justify;\"><strong>Museo Catedralicio y Diocesano de Le\u00f3n (jueves 16 de mayo)<\/strong><\/p>\n<ul style=\"list-style-type: square; text-align: justify;\">\n<li>Laura D\u00edez Guti\u00e9rrez, <a href=\"http:\/\/departamentos.unileon.es\/area-historia-del-arte\/files\/2019\/05\/Hoja-de-sala-Del-Aula-al-Museo.-D\u00edez.pdf\" target=\"_blank\" rel=\"noopener noreferrer\"><em>antiguo sagrario de san Salvador del Nido<\/em><\/a>.<\/li>\n<li>\u00c1ngel Varela Fern\u00e1ndez, <a href=\"http:\/\/departamentos.unileon.es\/area-historia-del-arte\/files\/2019\/05\/Hoja-de-sala-Del-Aula-al-Museo.-A.Varela.pdf\" target=\"_blank\" rel=\"noopener noreferrer\"><em>escultura de santa Luc\u00eda<\/em><\/a>.<\/li>\n<li>Dar\u00edo \u00c1lvarez Bouzas,&nbsp;<a href=\"http:\/\/departamentos.unileon.es\/area-historia-del-arte\/files\/2019\/05\/Hoja-de-sala-Del-Aula-al-Museo.-\u00c1lvarez.pdf\" target=\"_blank\" rel=\"noopener noreferrer\"><em>V\u00edrgenes con el ni\u00f1o Jes\u00fas<\/em><\/a><\/li>\n<\/ul>\n<p style=\"text-align: justify;\"><strong>Museo Gaud\u00ed Casa Botines (viernes 17 de mayo)<\/strong><\/p>\n<ul style=\"list-style-type: square; text-align: justify;\">\n<li>\u00c1ngel Varela Fern\u00e1ndez, <a href=\"http:\/\/departamentos.unileon.es\/area-historia-del-arte\/files\/2019\/05\/Hoja-de-sala-Del-Aula-al-Museo.-A.Varela-caballer\u00eda.pdf\" target=\"_blank\" rel=\"noopener noreferrer\"><em>regimiento de caballer\u00eda<\/em> (1899)<\/a>.<\/li>\n<li>Mariangela Sisinni, <a href=\"http:\/\/departamentos.unileon.es\/area-historia-del-arte\/files\/2019\/05\/Hoja-de-sala-Del-Aula-al-Museo.-Sisinni.pdf\" target=\"_blank\" rel=\"noopener noreferrer\"><em>mascarada de Jos\u00e9 Guti\u00e9rrez Solana<\/em><\/a><\/li>\n<\/ul>\n<p><a href=\"http:\/\/departamentos.unileon.es\/area-historia-del-arte\/files\/2019\/05\/gr\u00e1fico-encuesta-satisfacci\u00f3n.pdf\" target=\"_blank\" rel=\"noopener noreferrer\"><strong><span style=\"color: #0000ff;\">encuesta de satisfacci\u00f3n<\/span><\/strong><\/a><\/p>\n<div>\n<div>\n<div><b><span style=\"color: #0000ff;\">Impacto en la prensa<\/span><\/b><\/div>\n<div><b>&#8211;&nbsp;<u>(12-mayo-2019) Diario digital LEONOTICIAS<\/u><\/b><\/div>\n<div><a href=\"https:\/\/www.leonoticias.com\/culturas\/exposiciones\/museo-sierra-pambley-20190512183244-nt.html\" target=\"_blank\" rel=\"noopener noreferrer\">https:\/\/www.leonoticias.com\/culturas\/exposiciones\/museo-sierra-pambley-20190512183244-nt.html&nbsp;<\/a><\/div>\n<div>&nbsp;<\/div>\n<b>&#8211;&nbsp;<u>(13-mayo-2019) Secci\u00f3n CULTURA. Diario de Le\u00f3n<\/u><\/b><\/div>\n<div><a href=\"https:\/\/www.diariodeleon.es\/noticias\/cultura\/sierra-pambley-apunta-dia-museos_1334880.html\" target=\"_blank\" rel=\"noopener noreferrer\">https:\/\/www.diariodeleon.es\/noticias\/cultura\/sierra-pambley-apunta-dia-museos_1334880.html&nbsp;&nbsp;<\/a><\/div>\n<div>&nbsp;<\/div>\n<\/div>\n<div><b>&#8211;&nbsp;<u>(14-mayo-2019) Tam Tam Press<\/u><\/b><\/div>\n<div><a href=\"https:\/\/tamtampress.es\/2019\/05\/14\/sierra-pambley-se-suma-al-programa-del-aula-al-museo-con-motivo-del-dia-internacional-de-los-museos\/\" target=\"_blank\" rel=\"noopener noreferrer\">https:\/\/tamtampress.es\/2019\/05\/14\/sierra-pambley-se-suma-al-programa-del-aula-al-museo-con-motivo-del-dia-internacional-de-los-museos\/<\/a><\/div>\n<div>&nbsp;<\/div>\n<div><b>&#8211;&nbsp;<u>(15-mayo-2019) Secci\u00f3n de NOTICIAS. Web institucional de la ULE<\/u><\/b><\/div>\n<div><a href=\"https:\/\/www.unileon.es\/noticias\/estudiantes-de-historia-del-arte-de-la-ule-explican-estos-dias-obras-de-arte-en-los-museos-de-leon\" target=\"_blank\" rel=\"noopener noreferrer\" data-saferedirecturl=\"https:\/\/www.google.com\/url?q=https:\/\/www.unileon.es\/noticias\/estudiantes-de-historia-del-arte-de-la-ule-explican-estos-dias-obras-de-arte-en-los-museos-de-leon&amp;source=gmail&amp;ust=1558092366520000&amp;usg=AFQjCNG2xeNxGA_m12ovOaAoSB9TG-XPtQ\">https:\/\/www.unileon.es\/<wbr>noticias\/estudiantes-de-<wbr>historia-del-arte-de-la-ule-<wbr>explican-estos-dias-obras-de-<wbr>arte-en-los-museos-de-leon<\/a>&nbsp;&nbsp;<\/div>\n<div>&nbsp;<\/div>\n<div><b>&#8211;&nbsp;<u>(15-Mayo-2019) Diario digital LEONOTICIAS<\/u><\/b><\/div>\n<div><a href=\"https:\/\/www.leonoticias.com\/universidad\/estudiantes-historia-arte-20190515143334-nt.html\" target=\"_blank\" rel=\"noopener noreferrer\" data-saferedirecturl=\"https:\/\/www.google.com\/url?q=https:\/\/www.leonoticias.com\/universidad\/estudiantes-historia-arte-20190515143334-nt.html&amp;source=gmail&amp;ust=1558092366520000&amp;usg=AFQjCNHVDpl9TJTTt_nj19zZHHytb_an6Q\">https:\/\/www.leonoticias.com\/<wbr>universidad\/estudiantes-<wbr>historia-arte-20190515143334-<wbr>nt.html<\/a>&nbsp;&nbsp;<\/div>\n<div>&nbsp;<\/div>\n<div>\n<div><b>&#8211;&nbsp;<u>(15-Mayo-2019) iLe\u00f3n<\/u><\/b><\/div>\n<\/div>\n<div><a href=\"https:\/\/www.ileon.com\/cultura\/097559\/casa-botines-de-leon-organiza-diversas-actividades-para-celebrar-el-dia-de-los-museos\" target=\"_blank\" rel=\"noopener noreferrer\">https:\/\/www.ileon.com\/cultura\/097559\/casa-botines-de-leon-organiza-diversas-actividades-para-celebrar-el-dia-de-los-museos<\/a><\/div>\n<div>&nbsp;<\/div>\n<div><span style=\"color: #0000ff;\">Galer\u00eda de im\u00e1genes<\/span><\/div>\n<div><img loading=\"lazy\" decoding=\"async\" class=\"wp-image-883 alignleft\" src=\"http:\/\/departamentos.unileon.es\/area-historia-del-arte\/files\/2019\/05\/IMG_20190515_174450-300x225.jpg\" alt=\"\" width=\"299\" height=\"224\"><span style=\"color: #0000ff;\"><img loading=\"lazy\" decoding=\"async\" class=\"wp-image-882 alignleft\" src=\"http:\/\/departamentos.unileon.es\/area-historia-del-arte\/files\/2019\/05\/Sierra-Pambley-presentaci\u00f3n-5-1-300x225.jpg\" alt=\"\" width=\"298\" height=\"223\"><\/span><\/div>\n<div>&nbsp;<\/div>\n<div>&nbsp;<\/div>\n<div><img loading=\"lazy\" decoding=\"async\" class=\"size-medium wp-image-906 alignleft\" src=\"http:\/\/departamentos.unileon.es\/area-historia-del-arte\/files\/2019\/05\/IMG-20190517-WA0000-300x225.jpg\" alt=\"\" width=\"300\" height=\"225\"><\/div>\n<div><img loading=\"lazy\" decoding=\"async\" class=\"size-medium wp-image-905 alignleft\" src=\"http:\/\/departamentos.unileon.es\/area-historia-del-arte\/files\/2019\/05\/IMG-20190517-WA0001-1-300x225.jpg\" alt=\"\" width=\"300\" height=\"225\"><\/div>\n<div><img loading=\"lazy\" decoding=\"async\" class=\"size-medium wp-image-895 alignleft\" src=\"http:\/\/departamentos.unileon.es\/area-historia-del-arte\/files\/2019\/05\/20190516_172605-300x225.jpg\" alt=\"\" width=\"300\" height=\"225\"> <img loading=\"lazy\" decoding=\"async\" class=\"size-medium wp-image-894 alignleft\" src=\"http:\/\/departamentos.unileon.es\/area-historia-del-arte\/files\/2019\/05\/20190516_171027-300x225.jpg\" alt=\"\" width=\"300\" height=\"225\"> <img loading=\"lazy\" decoding=\"async\" class=\"size-medium wp-image-896 alignleft\" src=\"http:\/\/departamentos.unileon.es\/area-historia-del-arte\/files\/2019\/05\/20190516_174616-300x225.jpg\" alt=\"\" width=\"300\" height=\"225\"><\/div>\n\n\n","protected":false},"excerpt":{"rendered":"<p>El III Plan de Colaboraci\u00f3n entre la Universidad de Le\u00f3n y los Museos leoneses (a\u00f1o 2019) permiti\u00f3 desarrollar una nueva edici\u00f3n (tercera) de actividad Del Aula al Museo. Las asignaturas del Grado en Historia del Arte en las que se aplic\u00f3 la actividad fueron Arte G\u00f3tico espa\u00f1ol,&nbsp; Arte del Renacimiento espa\u00f1ol, Arte Barroco espa\u00f1ol y [&hellip;]<\/p>\n","protected":false},"author":151,"featured_media":0,"parent":0,"menu_order":0,"comment_status":"closed","ping_status":"closed","template":"onecolumn-page.php","meta":{"ngg_post_thumbnail":0,"footnotes":""},"class_list":["post-849","page","type-page","status-publish","hentry"],"yoast_head":"<!-- This site is optimized with the Yoast SEO plugin v25.8 - https:\/\/yoast.com\/wordpress\/plugins\/seo\/ -->\n<title>Del Aula al Museo (2019) - \u00c1rea de Historia del Arte<\/title>\n<meta name=\"robots\" content=\"index, follow, max-snippet:-1, max-image-preview:large, max-video-preview:-1\" \/>\n<link rel=\"canonical\" href=\"https:\/\/departamentos.unileon.es\/area-historia-del-arte\/del-aula-al-museo-2019\/\" \/>\n<meta property=\"og:locale\" content=\"es_ES\" \/>\n<meta property=\"og:type\" content=\"article\" \/>\n<meta property=\"og:title\" content=\"Del Aula al Museo (2019) - \u00c1rea de Historia del Arte\" \/>\n<meta property=\"og:description\" content=\"El III Plan de Colaboraci\u00f3n entre la Universidad de Le\u00f3n y los Museos leoneses (a\u00f1o 2019) permiti\u00f3 desarrollar una nueva edici\u00f3n (tercera) de actividad Del Aula al Museo. Las asignaturas del Grado en Historia del Arte en las que se aplic\u00f3 la actividad fueron Arte G\u00f3tico espa\u00f1ol,&nbsp; Arte del Renacimiento espa\u00f1ol, Arte Barroco espa\u00f1ol y [&hellip;]\" \/>\n<meta property=\"og:url\" content=\"https:\/\/departamentos.unileon.es\/area-historia-del-arte\/del-aula-al-museo-2019\/\" \/>\n<meta property=\"og:site_name\" content=\"\u00c1rea de Historia del Arte\" \/>\n<meta property=\"article:modified_time\" content=\"2019-05-30T09:01:25+00:00\" \/>\n<meta property=\"og:image\" content=\"https:\/\/departamentos.unileon.es\/area-historia-del-arte\/files\/2019\/05\/IMG_20190515_174450-e1558089353181.jpg\" \/>\n\t<meta property=\"og:image:width\" content=\"60\" \/>\n\t<meta property=\"og:image:height\" content=\"45\" \/>\n\t<meta property=\"og:image:type\" content=\"image\/jpeg\" \/>\n<meta name=\"twitter:card\" content=\"summary_large_image\" \/>\n<meta name=\"twitter:label1\" content=\"Tiempo de lectura\" \/>\n\t<meta name=\"twitter:data1\" content=\"2 minutos\" \/>\n<script type=\"application\/ld+json\" class=\"yoast-schema-graph\">{\"@context\":\"https:\/\/schema.org\",\"@graph\":[{\"@type\":\"WebPage\",\"@id\":\"https:\/\/departamentos.unileon.es\/area-historia-del-arte\/del-aula-al-museo-2019\/\",\"url\":\"https:\/\/departamentos.unileon.es\/area-historia-del-arte\/del-aula-al-museo-2019\/\",\"name\":\"Del Aula al Museo (2019) - \u00c1rea de Historia del Arte\",\"isPartOf\":{\"@id\":\"https:\/\/departamentos.unileon.es\/area-historia-del-arte\/#website\"},\"primaryImageOfPage\":{\"@id\":\"https:\/\/departamentos.unileon.es\/area-historia-del-arte\/del-aula-al-museo-2019\/#primaryimage\"},\"image\":{\"@id\":\"https:\/\/departamentos.unileon.es\/area-historia-del-arte\/del-aula-al-museo-2019\/#primaryimage\"},\"thumbnailUrl\":\"http:\/\/departamentos.unileon.es\/area-historia-del-arte\/files\/2019\/05\/IMG_20190515_174450-300x225.jpg\",\"datePublished\":\"2019-05-23T00:34:53+00:00\",\"dateModified\":\"2019-05-30T09:01:25+00:00\",\"inLanguage\":\"es\",\"potentialAction\":[{\"@type\":\"ReadAction\",\"target\":[\"https:\/\/departamentos.unileon.es\/area-historia-del-arte\/del-aula-al-museo-2019\/\"]}]},{\"@type\":\"ImageObject\",\"inLanguage\":\"es\",\"@id\":\"https:\/\/departamentos.unileon.es\/area-historia-del-arte\/del-aula-al-museo-2019\/#primaryimage\",\"url\":\"https:\/\/departamentos.unileon.es\/area-historia-del-arte\/files\/2019\/05\/IMG_20190515_174450-e1558089353181.jpg\",\"contentUrl\":\"https:\/\/departamentos.unileon.es\/area-historia-del-arte\/files\/2019\/05\/IMG_20190515_174450-e1558089353181.jpg\",\"width\":60,\"height\":45},{\"@type\":\"WebSite\",\"@id\":\"https:\/\/departamentos.unileon.es\/area-historia-del-arte\/#website\",\"url\":\"https:\/\/departamentos.unileon.es\/area-historia-del-arte\/\",\"name\":\"\u00c1rea de Historia del Arte\",\"description\":\"p\u00e1gina de \u00c1rea de la Universidad de Le\u00f3n\",\"potentialAction\":[{\"@type\":\"SearchAction\",\"target\":{\"@type\":\"EntryPoint\",\"urlTemplate\":\"https:\/\/departamentos.unileon.es\/area-historia-del-arte\/?s={search_term_string}\"},\"query-input\":{\"@type\":\"PropertyValueSpecification\",\"valueRequired\":true,\"valueName\":\"search_term_string\"}}],\"inLanguage\":\"es\"}]}<\/script>\n<!-- \/ Yoast SEO plugin. -->","yoast_head_json":{"title":"Del Aula al Museo (2019) - \u00c1rea de Historia del Arte","robots":{"index":"index","follow":"follow","max-snippet":"max-snippet:-1","max-image-preview":"max-image-preview:large","max-video-preview":"max-video-preview:-1"},"canonical":"https:\/\/departamentos.unileon.es\/area-historia-del-arte\/del-aula-al-museo-2019\/","og_locale":"es_ES","og_type":"article","og_title":"Del Aula al Museo (2019) - \u00c1rea de Historia del Arte","og_description":"El III Plan de Colaboraci\u00f3n entre la Universidad de Le\u00f3n y los Museos leoneses (a\u00f1o 2019) permiti\u00f3 desarrollar una nueva edici\u00f3n (tercera) de actividad Del Aula al Museo. Las asignaturas del Grado en Historia del Arte en las que se aplic\u00f3 la actividad fueron Arte G\u00f3tico espa\u00f1ol,&nbsp; Arte del Renacimiento espa\u00f1ol, Arte Barroco espa\u00f1ol y [&hellip;]","og_url":"https:\/\/departamentos.unileon.es\/area-historia-del-arte\/del-aula-al-museo-2019\/","og_site_name":"\u00c1rea de Historia del Arte","article_modified_time":"2019-05-30T09:01:25+00:00","og_image":[{"width":60,"height":45,"url":"https:\/\/departamentos.unileon.es\/area-historia-del-arte\/files\/2019\/05\/IMG_20190515_174450-e1558089353181.jpg","type":"image\/jpeg"}],"twitter_card":"summary_large_image","twitter_misc":{"Tiempo de lectura":"2 minutos"},"schema":{"@context":"https:\/\/schema.org","@graph":[{"@type":"WebPage","@id":"https:\/\/departamentos.unileon.es\/area-historia-del-arte\/del-aula-al-museo-2019\/","url":"https:\/\/departamentos.unileon.es\/area-historia-del-arte\/del-aula-al-museo-2019\/","name":"Del Aula al Museo (2019) - \u00c1rea de Historia del Arte","isPartOf":{"@id":"https:\/\/departamentos.unileon.es\/area-historia-del-arte\/#website"},"primaryImageOfPage":{"@id":"https:\/\/departamentos.unileon.es\/area-historia-del-arte\/del-aula-al-museo-2019\/#primaryimage"},"image":{"@id":"https:\/\/departamentos.unileon.es\/area-historia-del-arte\/del-aula-al-museo-2019\/#primaryimage"},"thumbnailUrl":"http:\/\/departamentos.unileon.es\/area-historia-del-arte\/files\/2019\/05\/IMG_20190515_174450-300x225.jpg","datePublished":"2019-05-23T00:34:53+00:00","dateModified":"2019-05-30T09:01:25+00:00","inLanguage":"es","potentialAction":[{"@type":"ReadAction","target":["https:\/\/departamentos.unileon.es\/area-historia-del-arte\/del-aula-al-museo-2019\/"]}]},{"@type":"ImageObject","inLanguage":"es","@id":"https:\/\/departamentos.unileon.es\/area-historia-del-arte\/del-aula-al-museo-2019\/#primaryimage","url":"https:\/\/departamentos.unileon.es\/area-historia-del-arte\/files\/2019\/05\/IMG_20190515_174450-e1558089353181.jpg","contentUrl":"https:\/\/departamentos.unileon.es\/area-historia-del-arte\/files\/2019\/05\/IMG_20190515_174450-e1558089353181.jpg","width":60,"height":45},{"@type":"WebSite","@id":"https:\/\/departamentos.unileon.es\/area-historia-del-arte\/#website","url":"https:\/\/departamentos.unileon.es\/area-historia-del-arte\/","name":"\u00c1rea de Historia del Arte","description":"p\u00e1gina de \u00c1rea de la Universidad de Le\u00f3n","potentialAction":[{"@type":"SearchAction","target":{"@type":"EntryPoint","urlTemplate":"https:\/\/departamentos.unileon.es\/area-historia-del-arte\/?s={search_term_string}"},"query-input":{"@type":"PropertyValueSpecification","valueRequired":true,"valueName":"search_term_string"}}],"inLanguage":"es"}]}},"_links":{"self":[{"href":"https:\/\/departamentos.unileon.es\/area-historia-del-arte\/wp-json\/wp\/v2\/pages\/849","targetHints":{"allow":["GET"]}}],"collection":[{"href":"https:\/\/departamentos.unileon.es\/area-historia-del-arte\/wp-json\/wp\/v2\/pages"}],"about":[{"href":"https:\/\/departamentos.unileon.es\/area-historia-del-arte\/wp-json\/wp\/v2\/types\/page"}],"author":[{"embeddable":true,"href":"https:\/\/departamentos.unileon.es\/area-historia-del-arte\/wp-json\/wp\/v2\/users\/151"}],"replies":[{"embeddable":true,"href":"https:\/\/departamentos.unileon.es\/area-historia-del-arte\/wp-json\/wp\/v2\/comments?post=849"}],"version-history":[{"count":33,"href":"https:\/\/departamentos.unileon.es\/area-historia-del-arte\/wp-json\/wp\/v2\/pages\/849\/revisions"}],"predecessor-version":[{"id":949,"href":"https:\/\/departamentos.unileon.es\/area-historia-del-arte\/wp-json\/wp\/v2\/pages\/849\/revisions\/949"}],"wp:attachment":[{"href":"https:\/\/departamentos.unileon.es\/area-historia-del-arte\/wp-json\/wp\/v2\/media?parent=849"}],"curies":[{"name":"wp","href":"https:\/\/api.w.org\/{rel}","templated":true}]}}