{"id":702,"date":"2019-01-16T11:41:33","date_gmt":"2019-01-16T11:41:33","guid":{"rendered":"http:\/\/departamentos.unileon.es\/area-historia-del-arte\/?page_id=702"},"modified":"2023-03-08T18:04:13","modified_gmt":"2023-03-08T18:04:13","slug":"del-aula-al-museo-2017","status":"publish","type":"page","link":"https:\/\/departamentos.unileon.es\/area-historia-del-arte\/del-aula-al-museo-2017\/","title":{"rendered":"Del Aula al Museo (2017)"},"content":{"rendered":"\n<p style=\"text-align: justify;\">La actividad&nbsp;<strong>Del Aula al Museo<\/strong>&nbsp;se implant\u00f3 en 2017 en las asignaturas&nbsp;<em>Arte g\u00f3tico espa\u00f1ol<\/em>, <em>Artes Suntuarias y Dise\u00f1o Industrial<\/em> y <em>Arte Barroco espa\u00f1ol&nbsp;<\/em>del Grado en Historia del Arte.<\/p>\n<p style=\"text-align: justify;\">En el \u00abI<sup>er<\/sup>&nbsp;Plan de colaboraci\u00f3n entre la Universidad y los Museos Leoneses\u00bb, los museos participantes fueron el Museo de la Fundaci\u00f3n Sierra Pambley, Museo de Le\u00f3n y el Museo de la catedral de Le\u00f3n, en los que los alumnos, con motivo de la celebraci\u00f3n del \u00abD\u00eda Internacional de los Museos\u00bb, presentaron sus trabajos al p\u00fablico entre los d\u00edas 17 y 19 de mayo.<\/p>\n<p style=\"text-align: justify;\"><span style=\"background-color: #ffffff;\"><strong><span style=\"color: #0000ff;\">Programa (relaci\u00f3n de museos, alumnos y piezas expuestas)<\/span><\/strong><\/span><\/p>\n<p style=\"text-align: justify;\"><strong>Museo de la Fundaci\u00f3n Sierra Pambley (17 de mayo)<\/strong><\/p>\n<ul style=\"list-style-type: square; text-align: justify;\">\n<li>Claudia Ramos Moro y Andrea Catalina Porres, <a href=\"http:\/\/departamentos.unileon.es\/area-historia-del-arte\/files\/2019\/01\/Escopeta.pdf\" target=\"_blank\" rel=\"noopener noreferrer\">\u00abEscopeta de caza Bayet\u00bb<\/a>.<\/li>\n<\/ul>\n<p style=\"text-align: justify;\"><strong>Museo de Le\u00f3n (18 de mayo)<\/strong><\/p>\n<ul style=\"list-style-type: square; text-align: justify;\">\n<li>Pablo Guisado Quintela, <a href=\"http:\/\/departamentos.unileon.es\/area-historia-del-arte\/files\/2019\/01\/Retablo-San-Marcelo.pdf\" target=\"_blank\" rel=\"noopener noreferrer\">\u00abRetablo de san Marcelo\u00bb<\/a>.<\/li>\n<li>Adri\u00e1n D\u00edez L\u00f3pez y Cristina Arag\u00f3n V\u00e1zquez, <a href=\"http:\/\/departamentos.unileon.es\/area-historia-del-arte\/files\/2019\/01\/San-Fernando.pdf\" target=\"_blank\" rel=\"noopener noreferrer\">\u00abEstatua de san Fernando y Altar port\u00e1til\u00bb<\/a>.<\/li>\n<li>Claudia Ramos Moro y Pedro G\u00f3mez Garc\u00eda, <a href=\"http:\/\/departamentos.unileon.es\/area-historia-del-arte\/files\/2019\/01\/Pinturas-Paisaje.pdf\" target=\"_blank\" rel=\"noopener noreferrer\">\u00abPinturas de paisaje. C\u00edrculo de Ignacio Iriarte\u00bb<\/a>.&nbsp;<\/li>\n<\/ul>\n<p style=\"text-align: justify;\"><strong>Museo de la catedral de Le\u00f3n (19 de mayo)<\/strong><\/p>\n<ul style=\"list-style-type: square; text-align: justify;\">\n<li>Carlos Varela Fern\u00e1ndez, <a href=\"http:\/\/departamentos.unileon.es\/area-historia-del-arte\/files\/2019\/01\/Traza-de-roseto\u0301n.pdf\" target=\"_blank\" rel=\"noopener noreferrer\">\u00abTraza de roset\u00f3n\u00bb<\/a>.&nbsp;<\/li>\n<\/ul>\n<p style=\"text-align: justify;\">&nbsp;<img loading=\"lazy\" decoding=\"async\" class=\"alignleft wp-image-772 size-full\" src=\"http:\/\/departamentos.unileon.es\/area-historia-del-arte\/files\/2019\/01\/imagendiamuseos-e1547663358461.jpg\" alt=\"\" width=\"250\" height=\"187\"><img loading=\"lazy\" decoding=\"async\" class=\"alignleft wp-image-771 size-full\" src=\"http:\/\/departamentos.unileon.es\/area-historia-del-arte\/files\/2019\/01\/dia2-e1547663399957.jpg\" alt=\"\" width=\"250\" height=\"188\"><\/p>\n<p>&nbsp;<\/p>\n<p>&nbsp;<\/p>\n<p>&nbsp;<\/p>\n<p style=\"text-align: justify;\"><a href=\"http:\/\/departamentos.unileon.es\/area-historia-del-arte\/files\/2019\/01\/DEL-AULA-AL-MUSEO-cartel-General.pdf\" target=\"_blank\" rel=\"noopener noreferrer\">cartel<\/a><\/p>\n<p><strong>impacto en la prensa<\/strong><\/p>\n<p><a href=\"https:\/\/www.rtvcyl.es\/Noticia\/B4A004A4-07B9-2513-C2D9E56895C022F6\/16052017\/nace\/primer\/plan\/colaboracion\/ule\/museos\/leon\/impulsar\/analisis\/principales\/obras\" target=\"_blank\" rel=\"noopener noreferrer\">noticias RtvCyL.es<\/a><\/p>\n<p style=\"text-align: justify;\"><a href=\"https:\/\/www.google.es\/url?sa=t&amp;rct=j&amp;q=&amp;esrc=s&amp;source=web&amp;cd=5&amp;cad=rja&amp;uact=8&amp;ved=0ahUKEwiRzNHagqHZAhWG7RQKHXT5ARcQFgg-MAQ&amp;url=http%3A%2F%2Fwww.europapress.es%2Fcastilla-y-leon%2Fnoticia-ule-celebra-manana-dia-internacional-museos-exposicion-dos-codices-siglos-xv-xix-20130516195921.html&amp;usg=AOvVaw0YEaTkigTWxFFr4Pd31NiT\" target=\"_blank\" rel=\"noopener noreferrer\">noticias Europa Press<\/a><\/p>\n<p><a href=\"https:\/\/www.diariodeleon.es\/noticias\/cultura\/jular-protagoniza-leon-dia-museos_1245556.html\" target=\"_blank\" rel=\"noopener noreferrer\">noticias El Diario de Le\u00f3n<\/a><\/p>\n<p><a href=\"http:\/\/www.laguiago.com\/te-interesa\/dia-internacional-de-los-museos-en-la-provincia-de-leon\/\" target=\"_blank\" rel=\"noopener noreferrer\">noticias LaguiaGo!<\/a><\/p>\n<p style=\"text-align: justify;\">&nbsp;<\/p>\n","protected":false},"excerpt":{"rendered":"<p>La actividad&nbsp;Del Aula al Museo&nbsp;se implant\u00f3 en 2017 en las asignaturas&nbsp;Arte g\u00f3tico espa\u00f1ol, Artes Suntuarias y Dise\u00f1o Industrial y Arte Barroco espa\u00f1ol&nbsp;del Grado en Historia del Arte. En el \u00abIer&nbsp;Plan de colaboraci\u00f3n entre la Universidad y los Museos Leoneses\u00bb, los museos participantes fueron el Museo de la Fundaci\u00f3n Sierra Pambley, Museo de Le\u00f3n y el [&hellip;]<\/p>\n","protected":false},"author":151,"featured_media":0,"parent":0,"menu_order":0,"comment_status":"closed","ping_status":"closed","template":"","meta":{"ngg_post_thumbnail":0,"footnotes":""},"class_list":["post-702","page","type-page","status-publish","hentry"],"yoast_head":"<!-- This site is optimized with the Yoast SEO plugin v25.8 - https:\/\/yoast.com\/wordpress\/plugins\/seo\/ -->\n<title>Del Aula al Museo (2017) - \u00c1rea de Historia del Arte<\/title>\n<meta name=\"robots\" content=\"index, follow, max-snippet:-1, max-image-preview:large, max-video-preview:-1\" \/>\n<link rel=\"canonical\" href=\"https:\/\/departamentos.unileon.es\/area-historia-del-arte\/del-aula-al-museo-2017\/\" \/>\n<meta property=\"og:locale\" content=\"es_ES\" \/>\n<meta property=\"og:type\" content=\"article\" \/>\n<meta property=\"og:title\" content=\"Del Aula al Museo (2017) - \u00c1rea de Historia del Arte\" \/>\n<meta property=\"og:description\" content=\"La actividad&nbsp;Del Aula al Museo&nbsp;se implant\u00f3 en 2017 en las asignaturas&nbsp;Arte g\u00f3tico espa\u00f1ol, Artes Suntuarias y Dise\u00f1o Industrial y Arte Barroco espa\u00f1ol&nbsp;del Grado en Historia del Arte. En el \u00abIer&nbsp;Plan de colaboraci\u00f3n entre la Universidad y los Museos Leoneses\u00bb, los museos participantes fueron el Museo de la Fundaci\u00f3n Sierra Pambley, Museo de Le\u00f3n y el [&hellip;]\" \/>\n<meta property=\"og:url\" content=\"https:\/\/departamentos.unileon.es\/area-historia-del-arte\/del-aula-al-museo-2017\/\" \/>\n<meta property=\"og:site_name\" content=\"\u00c1rea de Historia del Arte\" \/>\n<meta property=\"article:modified_time\" content=\"2023-03-08T18:04:13+00:00\" \/>\n<meta property=\"og:image\" content=\"http:\/\/departamentos.unileon.es\/area-historia-del-arte\/files\/2019\/01\/imagendiamuseos-e1547663358461.jpg\" \/>\n<meta name=\"twitter:card\" content=\"summary_large_image\" \/>\n<meta name=\"twitter:label1\" content=\"Tiempo de lectura\" \/>\n\t<meta name=\"twitter:data1\" content=\"2 minutos\" \/>\n<script type=\"application\/ld+json\" class=\"yoast-schema-graph\">{\"@context\":\"https:\/\/schema.org\",\"@graph\":[{\"@type\":\"WebPage\",\"@id\":\"https:\/\/departamentos.unileon.es\/area-historia-del-arte\/del-aula-al-museo-2017\/\",\"url\":\"https:\/\/departamentos.unileon.es\/area-historia-del-arte\/del-aula-al-museo-2017\/\",\"name\":\"Del Aula al Museo (2017) - \u00c1rea de Historia del Arte\",\"isPartOf\":{\"@id\":\"https:\/\/departamentos.unileon.es\/area-historia-del-arte\/#website\"},\"primaryImageOfPage\":{\"@id\":\"https:\/\/departamentos.unileon.es\/area-historia-del-arte\/del-aula-al-museo-2017\/#primaryimage\"},\"image\":{\"@id\":\"https:\/\/departamentos.unileon.es\/area-historia-del-arte\/del-aula-al-museo-2017\/#primaryimage\"},\"thumbnailUrl\":\"http:\/\/departamentos.unileon.es\/area-historia-del-arte\/files\/2019\/01\/imagendiamuseos-e1547663358461.jpg\",\"datePublished\":\"2019-01-16T11:41:33+00:00\",\"dateModified\":\"2023-03-08T18:04:13+00:00\",\"inLanguage\":\"es\",\"potentialAction\":[{\"@type\":\"ReadAction\",\"target\":[\"https:\/\/departamentos.unileon.es\/area-historia-del-arte\/del-aula-al-museo-2017\/\"]}]},{\"@type\":\"ImageObject\",\"inLanguage\":\"es\",\"@id\":\"https:\/\/departamentos.unileon.es\/area-historia-del-arte\/del-aula-al-museo-2017\/#primaryimage\",\"url\":\"https:\/\/departamentos.unileon.es\/area-historia-del-arte\/files\/2019\/01\/imagendiamuseos-e1547663358461.jpg\",\"contentUrl\":\"https:\/\/departamentos.unileon.es\/area-historia-del-arte\/files\/2019\/01\/imagendiamuseos-e1547663358461.jpg\",\"width\":250,\"height\":187},{\"@type\":\"WebSite\",\"@id\":\"https:\/\/departamentos.unileon.es\/area-historia-del-arte\/#website\",\"url\":\"https:\/\/departamentos.unileon.es\/area-historia-del-arte\/\",\"name\":\"\u00c1rea de Historia del Arte\",\"description\":\"p\u00e1gina de \u00c1rea de la Universidad de Le\u00f3n\",\"potentialAction\":[{\"@type\":\"SearchAction\",\"target\":{\"@type\":\"EntryPoint\",\"urlTemplate\":\"https:\/\/departamentos.unileon.es\/area-historia-del-arte\/?s={search_term_string}\"},\"query-input\":{\"@type\":\"PropertyValueSpecification\",\"valueRequired\":true,\"valueName\":\"search_term_string\"}}],\"inLanguage\":\"es\"}]}<\/script>\n<!-- \/ Yoast SEO plugin. -->","yoast_head_json":{"title":"Del Aula al Museo (2017) - \u00c1rea de Historia del Arte","robots":{"index":"index","follow":"follow","max-snippet":"max-snippet:-1","max-image-preview":"max-image-preview:large","max-video-preview":"max-video-preview:-1"},"canonical":"https:\/\/departamentos.unileon.es\/area-historia-del-arte\/del-aula-al-museo-2017\/","og_locale":"es_ES","og_type":"article","og_title":"Del Aula al Museo (2017) - \u00c1rea de Historia del Arte","og_description":"La actividad&nbsp;Del Aula al Museo&nbsp;se implant\u00f3 en 2017 en las asignaturas&nbsp;Arte g\u00f3tico espa\u00f1ol, Artes Suntuarias y Dise\u00f1o Industrial y Arte Barroco espa\u00f1ol&nbsp;del Grado en Historia del Arte. En el \u00abIer&nbsp;Plan de colaboraci\u00f3n entre la Universidad y los Museos Leoneses\u00bb, los museos participantes fueron el Museo de la Fundaci\u00f3n Sierra Pambley, Museo de Le\u00f3n y el [&hellip;]","og_url":"https:\/\/departamentos.unileon.es\/area-historia-del-arte\/del-aula-al-museo-2017\/","og_site_name":"\u00c1rea de Historia del Arte","article_modified_time":"2023-03-08T18:04:13+00:00","og_image":[{"url":"http:\/\/departamentos.unileon.es\/area-historia-del-arte\/files\/2019\/01\/imagendiamuseos-e1547663358461.jpg","type":"","width":"","height":""}],"twitter_card":"summary_large_image","twitter_misc":{"Tiempo de lectura":"2 minutos"},"schema":{"@context":"https:\/\/schema.org","@graph":[{"@type":"WebPage","@id":"https:\/\/departamentos.unileon.es\/area-historia-del-arte\/del-aula-al-museo-2017\/","url":"https:\/\/departamentos.unileon.es\/area-historia-del-arte\/del-aula-al-museo-2017\/","name":"Del Aula al Museo (2017) - \u00c1rea de Historia del Arte","isPartOf":{"@id":"https:\/\/departamentos.unileon.es\/area-historia-del-arte\/#website"},"primaryImageOfPage":{"@id":"https:\/\/departamentos.unileon.es\/area-historia-del-arte\/del-aula-al-museo-2017\/#primaryimage"},"image":{"@id":"https:\/\/departamentos.unileon.es\/area-historia-del-arte\/del-aula-al-museo-2017\/#primaryimage"},"thumbnailUrl":"http:\/\/departamentos.unileon.es\/area-historia-del-arte\/files\/2019\/01\/imagendiamuseos-e1547663358461.jpg","datePublished":"2019-01-16T11:41:33+00:00","dateModified":"2023-03-08T18:04:13+00:00","inLanguage":"es","potentialAction":[{"@type":"ReadAction","target":["https:\/\/departamentos.unileon.es\/area-historia-del-arte\/del-aula-al-museo-2017\/"]}]},{"@type":"ImageObject","inLanguage":"es","@id":"https:\/\/departamentos.unileon.es\/area-historia-del-arte\/del-aula-al-museo-2017\/#primaryimage","url":"https:\/\/departamentos.unileon.es\/area-historia-del-arte\/files\/2019\/01\/imagendiamuseos-e1547663358461.jpg","contentUrl":"https:\/\/departamentos.unileon.es\/area-historia-del-arte\/files\/2019\/01\/imagendiamuseos-e1547663358461.jpg","width":250,"height":187},{"@type":"WebSite","@id":"https:\/\/departamentos.unileon.es\/area-historia-del-arte\/#website","url":"https:\/\/departamentos.unileon.es\/area-historia-del-arte\/","name":"\u00c1rea de Historia del Arte","description":"p\u00e1gina de \u00c1rea de la Universidad de Le\u00f3n","potentialAction":[{"@type":"SearchAction","target":{"@type":"EntryPoint","urlTemplate":"https:\/\/departamentos.unileon.es\/area-historia-del-arte\/?s={search_term_string}"},"query-input":{"@type":"PropertyValueSpecification","valueRequired":true,"valueName":"search_term_string"}}],"inLanguage":"es"}]}},"_links":{"self":[{"href":"https:\/\/departamentos.unileon.es\/area-historia-del-arte\/wp-json\/wp\/v2\/pages\/702","targetHints":{"allow":["GET"]}}],"collection":[{"href":"https:\/\/departamentos.unileon.es\/area-historia-del-arte\/wp-json\/wp\/v2\/pages"}],"about":[{"href":"https:\/\/departamentos.unileon.es\/area-historia-del-arte\/wp-json\/wp\/v2\/types\/page"}],"author":[{"embeddable":true,"href":"https:\/\/departamentos.unileon.es\/area-historia-del-arte\/wp-json\/wp\/v2\/users\/151"}],"replies":[{"embeddable":true,"href":"https:\/\/departamentos.unileon.es\/area-historia-del-arte\/wp-json\/wp\/v2\/comments?post=702"}],"version-history":[{"count":18,"href":"https:\/\/departamentos.unileon.es\/area-historia-del-arte\/wp-json\/wp\/v2\/pages\/702\/revisions"}],"predecessor-version":[{"id":1797,"href":"https:\/\/departamentos.unileon.es\/area-historia-del-arte\/wp-json\/wp\/v2\/pages\/702\/revisions\/1797"}],"wp:attachment":[{"href":"https:\/\/departamentos.unileon.es\/area-historia-del-arte\/wp-json\/wp\/v2\/media?parent=702"}],"curies":[{"name":"wp","href":"https:\/\/api.w.org\/{rel}","templated":true}]}}