{"id":691,"date":"2019-01-16T10:40:03","date_gmt":"2019-01-16T10:40:03","guid":{"rendered":"http:\/\/departamentos.unileon.es\/area-historia-del-arte\/?page_id=691"},"modified":"2024-01-26T20:09:32","modified_gmt":"2024-01-26T20:09:32","slug":"del-aula-al-museo","status":"publish","type":"page","link":"https:\/\/departamentos.unileon.es\/area-historia-del-arte\/del-aula-al-museo\/","title":{"rendered":"Del Aula al Museo (Id-Arte)"},"content":{"rendered":"<p style=\"text-align: justify;\"><strong><img loading=\"lazy\" decoding=\"async\" class=\"aligncenter wp-image-694 size-full\" src=\"http:\/\/departamentos.unileon.es\/area-historia-del-arte\/files\/2019\/01\/museos-e1547639982327.jpg\" alt=\"\" width=\"650\" height=\"130\"><\/strong><\/p>\n<p style=\"text-align: justify;\"><strong>Del Aula al Museo<\/strong> es una actividad formativa de car\u00e1cter pr\u00e1ctico que se viene desarrollando desde el a\u00f1o 2017 por el Grupo Id-Arte en el marco los Proyectos de Innovaci\u00f3n Docente <em><strong>Estrategias profesionalizantes del historiador del arte <\/strong><\/em>(2017-2018) e&nbsp;<strong><em>Historiadores del arte para el siglo XXI: metodolog\u00edas docentes activas para nuevos profesionales<\/em><\/strong> (2019) y cuya principal finalidad radica en familiarizar al alumnado con el sector laboral del Arte.<\/p>\n<p style=\"text-align: justify;\">Los alumnos del Grado en Historia del Arte, que previamente realizan una selecci\u00f3n de piezas de diferentes museos de la ciudad de Le\u00f3n, se enfrentan al an\u00e1lisis de las mismas poniendo en pr\u00e1ctica los conocimientos te\u00f3ricos adquiridos en las clases, elaboran una ficha catalogr\u00e1fica que luego se utiliza como recurso y material en los museos y finalmente exponen sus resultados y conclusiones al p\u00fablico durante la celebraci\u00f3n del \u201cD\u00eda Internacional de los Museos\u201d.<\/p>\n<p><span style=\"color: #0000ff;\"><a style=\"color: #0000ff;\" href=\"http:\/\/departamentos.unileon.es\/area-historia-del-arte\/del-aula-al-museo-2017\/\" target=\"_blank\" rel=\"noopener noreferrer\"><strong>Del Aula al Museo (2017)<\/strong><\/a><\/span><\/p>\n<p><span style=\"color: #0000ff;\"><a style=\"color: #0000ff;\" href=\"http:\/\/departamentos.unileon.es\/area-historia-del-arte\/del-aula-al-museo-2018\/\" target=\"_blank\" rel=\"noopener noreferrer\"><strong>Del Aula al Museo (2018)<\/strong><\/a><\/span><\/p>\n<p><span style=\"color: #0000ff;\"><a style=\"color: #0000ff;\" href=\"http:\/\/departamentos.unileon.es\/area-historia-del-arte\/del-aula-al-museo-2019\/\" target=\"_blank\" rel=\"noopener noreferrer\"><strong>Del Aula al Museo (2019)<\/strong><\/a><\/span><\/p>\n<p><a href=\"http:\/\/departamentos.unileon.es\/area-historia-del-arte\/files\/2020\/11\/Aula-alMuseo2020.pdf\" target=\"_blank\" rel=\"noopener noreferrer\"><strong><span style=\"color: #0000ff;\">Del Aula al Museo (2020)<\/span><\/strong><\/a><\/p>\n<p><span style=\"color: #0000ff;\"><strong><a style=\"color: #0000ff;\" href=\"https:\/\/departamentos.unileon.es\/area-historia-del-arte\/del-aula-al-museo-2021\/\" target=\"_blank\" rel=\"noopener\"><span style=\"background-color: #ffffff;\">Del Aula al Museo (2021)<\/span><\/a><\/strong><\/span><\/p>\n<p><strong><span style=\"background-color: #ffffff; color: #0000ff;\"><a style=\"background-color: #ffffff; color: #0000ff;\" href=\"https:\/\/departamentos.unileon.es\/area-historia-del-arte\/del-aula-al-museo-2022\/\" target=\"_blank\" rel=\"noopener\">Del Aula al Museo (2022)<\/a><\/span><\/strong><\/p>\n<p><a href=\"https:\/\/departamentos.unileon.es\/area-historia-del-arte\/del-aula-al-museo-2023\/\" target=\"_blank\" rel=\"noopener\"><span style=\"color: #ff6600;\"><strong><span style=\"color: #0000ff;\">Del Aula al Museo (2023)<\/span><\/strong><\/span><\/a><\/p>\n\n\n<p><\/p>\n","protected":false},"excerpt":{"rendered":"<p>Del Aula al Museo es una actividad formativa de car\u00e1cter pr\u00e1ctico que se viene desarrollando desde el a\u00f1o 2017 por el Grupo Id-Arte en el marco los Proyectos de Innovaci\u00f3n Docente Estrategias profesionalizantes del historiador del arte (2017-2018) e&nbsp;Historiadores del arte para el siglo XXI: metodolog\u00edas docentes activas para nuevos profesionales (2019) y cuya principal [&hellip;]<\/p>\n","protected":false},"author":151,"featured_media":0,"parent":0,"menu_order":0,"comment_status":"closed","ping_status":"closed","template":"","meta":{"ngg_post_thumbnail":0,"footnotes":""},"class_list":["post-691","page","type-page","status-publish","hentry"],"yoast_head":"<!-- This site is optimized with the Yoast SEO plugin v25.8 - https:\/\/yoast.com\/wordpress\/plugins\/seo\/ -->\n<title>Del Aula al Museo (Id-Arte) - \u00c1rea de Historia del Arte<\/title>\n<meta name=\"robots\" content=\"index, follow, max-snippet:-1, max-image-preview:large, max-video-preview:-1\" \/>\n<link rel=\"canonical\" href=\"https:\/\/departamentos.unileon.es\/area-historia-del-arte\/del-aula-al-museo\/\" \/>\n<meta property=\"og:locale\" content=\"es_ES\" \/>\n<meta property=\"og:type\" content=\"article\" \/>\n<meta property=\"og:title\" content=\"Del Aula al Museo (Id-Arte) - \u00c1rea de Historia del Arte\" \/>\n<meta property=\"og:description\" content=\"Del Aula al Museo es una actividad formativa de car\u00e1cter pr\u00e1ctico que se viene desarrollando desde el a\u00f1o 2017 por el Grupo Id-Arte en el marco los Proyectos de Innovaci\u00f3n Docente Estrategias profesionalizantes del historiador del arte (2017-2018) e&nbsp;Historiadores del arte para el siglo XXI: metodolog\u00edas docentes activas para nuevos profesionales (2019) y cuya principal [&hellip;]\" \/>\n<meta property=\"og:url\" content=\"https:\/\/departamentos.unileon.es\/area-historia-del-arte\/del-aula-al-museo\/\" \/>\n<meta property=\"og:site_name\" content=\"\u00c1rea de Historia del Arte\" \/>\n<meta property=\"article:modified_time\" content=\"2024-01-26T20:09:32+00:00\" \/>\n<meta property=\"og:image\" content=\"http:\/\/departamentos.unileon.es\/area-historia-del-arte\/files\/2019\/01\/museos-e1547639982327.jpg\" \/>\n<meta name=\"twitter:card\" content=\"summary_large_image\" \/>\n<meta name=\"twitter:label1\" content=\"Tiempo de lectura\" \/>\n\t<meta name=\"twitter:data1\" content=\"2 minutos\" \/>\n<script type=\"application\/ld+json\" class=\"yoast-schema-graph\">{\"@context\":\"https:\/\/schema.org\",\"@graph\":[{\"@type\":\"WebPage\",\"@id\":\"https:\/\/departamentos.unileon.es\/area-historia-del-arte\/del-aula-al-museo\/\",\"url\":\"https:\/\/departamentos.unileon.es\/area-historia-del-arte\/del-aula-al-museo\/\",\"name\":\"Del Aula al Museo (Id-Arte) - \u00c1rea de Historia del Arte\",\"isPartOf\":{\"@id\":\"https:\/\/departamentos.unileon.es\/area-historia-del-arte\/#website\"},\"primaryImageOfPage\":{\"@id\":\"https:\/\/departamentos.unileon.es\/area-historia-del-arte\/del-aula-al-museo\/#primaryimage\"},\"image\":{\"@id\":\"https:\/\/departamentos.unileon.es\/area-historia-del-arte\/del-aula-al-museo\/#primaryimage\"},\"thumbnailUrl\":\"http:\/\/departamentos.unileon.es\/area-historia-del-arte\/files\/2019\/01\/museos-e1547639982327.jpg\",\"datePublished\":\"2019-01-16T10:40:03+00:00\",\"dateModified\":\"2024-01-26T20:09:32+00:00\",\"inLanguage\":\"es\",\"potentialAction\":[{\"@type\":\"ReadAction\",\"target\":[\"https:\/\/departamentos.unileon.es\/area-historia-del-arte\/del-aula-al-museo\/\"]}]},{\"@type\":\"ImageObject\",\"inLanguage\":\"es\",\"@id\":\"https:\/\/departamentos.unileon.es\/area-historia-del-arte\/del-aula-al-museo\/#primaryimage\",\"url\":\"http:\/\/departamentos.unileon.es\/area-historia-del-arte\/files\/2019\/01\/museos-e1547639982327.jpg\",\"contentUrl\":\"http:\/\/departamentos.unileon.es\/area-historia-del-arte\/files\/2019\/01\/museos-e1547639982327.jpg\"},{\"@type\":\"WebSite\",\"@id\":\"https:\/\/departamentos.unileon.es\/area-historia-del-arte\/#website\",\"url\":\"https:\/\/departamentos.unileon.es\/area-historia-del-arte\/\",\"name\":\"\u00c1rea de Historia del Arte\",\"description\":\"p\u00e1gina de \u00c1rea de la Universidad de Le\u00f3n\",\"potentialAction\":[{\"@type\":\"SearchAction\",\"target\":{\"@type\":\"EntryPoint\",\"urlTemplate\":\"https:\/\/departamentos.unileon.es\/area-historia-del-arte\/?s={search_term_string}\"},\"query-input\":{\"@type\":\"PropertyValueSpecification\",\"valueRequired\":true,\"valueName\":\"search_term_string\"}}],\"inLanguage\":\"es\"}]}<\/script>\n<!-- \/ Yoast SEO plugin. -->","yoast_head_json":{"title":"Del Aula al Museo (Id-Arte) - \u00c1rea de Historia del Arte","robots":{"index":"index","follow":"follow","max-snippet":"max-snippet:-1","max-image-preview":"max-image-preview:large","max-video-preview":"max-video-preview:-1"},"canonical":"https:\/\/departamentos.unileon.es\/area-historia-del-arte\/del-aula-al-museo\/","og_locale":"es_ES","og_type":"article","og_title":"Del Aula al Museo (Id-Arte) - \u00c1rea de Historia del Arte","og_description":"Del Aula al Museo es una actividad formativa de car\u00e1cter pr\u00e1ctico que se viene desarrollando desde el a\u00f1o 2017 por el Grupo Id-Arte en el marco los Proyectos de Innovaci\u00f3n Docente Estrategias profesionalizantes del historiador del arte (2017-2018) e&nbsp;Historiadores del arte para el siglo XXI: metodolog\u00edas docentes activas para nuevos profesionales (2019) y cuya principal [&hellip;]","og_url":"https:\/\/departamentos.unileon.es\/area-historia-del-arte\/del-aula-al-museo\/","og_site_name":"\u00c1rea de Historia del Arte","article_modified_time":"2024-01-26T20:09:32+00:00","og_image":[{"url":"http:\/\/departamentos.unileon.es\/area-historia-del-arte\/files\/2019\/01\/museos-e1547639982327.jpg","type":"","width":"","height":""}],"twitter_card":"summary_large_image","twitter_misc":{"Tiempo de lectura":"2 minutos"},"schema":{"@context":"https:\/\/schema.org","@graph":[{"@type":"WebPage","@id":"https:\/\/departamentos.unileon.es\/area-historia-del-arte\/del-aula-al-museo\/","url":"https:\/\/departamentos.unileon.es\/area-historia-del-arte\/del-aula-al-museo\/","name":"Del Aula al Museo (Id-Arte) - \u00c1rea de Historia del Arte","isPartOf":{"@id":"https:\/\/departamentos.unileon.es\/area-historia-del-arte\/#website"},"primaryImageOfPage":{"@id":"https:\/\/departamentos.unileon.es\/area-historia-del-arte\/del-aula-al-museo\/#primaryimage"},"image":{"@id":"https:\/\/departamentos.unileon.es\/area-historia-del-arte\/del-aula-al-museo\/#primaryimage"},"thumbnailUrl":"http:\/\/departamentos.unileon.es\/area-historia-del-arte\/files\/2019\/01\/museos-e1547639982327.jpg","datePublished":"2019-01-16T10:40:03+00:00","dateModified":"2024-01-26T20:09:32+00:00","inLanguage":"es","potentialAction":[{"@type":"ReadAction","target":["https:\/\/departamentos.unileon.es\/area-historia-del-arte\/del-aula-al-museo\/"]}]},{"@type":"ImageObject","inLanguage":"es","@id":"https:\/\/departamentos.unileon.es\/area-historia-del-arte\/del-aula-al-museo\/#primaryimage","url":"http:\/\/departamentos.unileon.es\/area-historia-del-arte\/files\/2019\/01\/museos-e1547639982327.jpg","contentUrl":"http:\/\/departamentos.unileon.es\/area-historia-del-arte\/files\/2019\/01\/museos-e1547639982327.jpg"},{"@type":"WebSite","@id":"https:\/\/departamentos.unileon.es\/area-historia-del-arte\/#website","url":"https:\/\/departamentos.unileon.es\/area-historia-del-arte\/","name":"\u00c1rea de Historia del Arte","description":"p\u00e1gina de \u00c1rea de la Universidad de Le\u00f3n","potentialAction":[{"@type":"SearchAction","target":{"@type":"EntryPoint","urlTemplate":"https:\/\/departamentos.unileon.es\/area-historia-del-arte\/?s={search_term_string}"},"query-input":{"@type":"PropertyValueSpecification","valueRequired":true,"valueName":"search_term_string"}}],"inLanguage":"es"}]}},"_links":{"self":[{"href":"https:\/\/departamentos.unileon.es\/area-historia-del-arte\/wp-json\/wp\/v2\/pages\/691","targetHints":{"allow":["GET"]}}],"collection":[{"href":"https:\/\/departamentos.unileon.es\/area-historia-del-arte\/wp-json\/wp\/v2\/pages"}],"about":[{"href":"https:\/\/departamentos.unileon.es\/area-historia-del-arte\/wp-json\/wp\/v2\/types\/page"}],"author":[{"embeddable":true,"href":"https:\/\/departamentos.unileon.es\/area-historia-del-arte\/wp-json\/wp\/v2\/users\/151"}],"replies":[{"embeddable":true,"href":"https:\/\/departamentos.unileon.es\/area-historia-del-arte\/wp-json\/wp\/v2\/comments?post=691"}],"version-history":[{"count":40,"href":"https:\/\/departamentos.unileon.es\/area-historia-del-arte\/wp-json\/wp\/v2\/pages\/691\/revisions"}],"predecessor-version":[{"id":1886,"href":"https:\/\/departamentos.unileon.es\/area-historia-del-arte\/wp-json\/wp\/v2\/pages\/691\/revisions\/1886"}],"wp:attachment":[{"href":"https:\/\/departamentos.unileon.es\/area-historia-del-arte\/wp-json\/wp\/v2\/media?parent=691"}],"curies":[{"name":"wp","href":"https:\/\/api.w.org\/{rel}","templated":true}]}}