{"id":662,"date":"2019-01-15T18:42:17","date_gmt":"2019-01-15T18:42:17","guid":{"rendered":"http:\/\/departamentos.unileon.es\/area-historia-del-arte\/?page_id=662"},"modified":"2025-09-25T15:31:28","modified_gmt":"2025-09-25T15:31:28","slug":"innovacion-docente","status":"publish","type":"page","link":"https:\/\/departamentos.unileon.es\/area-historia-del-arte\/innovacion-docente\/","title":{"rendered":"Innovaci\u00f3n Docente (Grupo Id-Arte)"},"content":{"rendered":"\n<h1>Id-A<span style=\"color: #ff0000;\">rte<\/span><\/h1>\n<p><strong>GID ULE <span style=\"color: #ff0000;\">058<\/span><\/strong><\/p>\n\n\n\n<p style=\"text-align: justify;\"><br \/>El Departamento de Patrimonio Art\u00edstico y Documental, en su compromiso por fomentar la calidad de la ense\u00f1anza en los Grados en los que imparte docencia y desarrollar las competencias de sus estudiantes, ha llevado a cabo\u00a0 diversos proyectos en materia de innovaci\u00f3n docente desde el a\u00f1o 2008.<\/p>\n<p style=\"text-align: justify;\">Las \u00faltimas experiencias, realizadas en el marco de los Planes de Apoyo de Innovaci\u00f3n Docente (PAID) de la Universidad de Le\u00f3n, se han centrado en el acercamiento del alumnado al mundo laboral a trav\u00e9s del contacto directo con los museos, el comisariado de exposiciones y la gesti\u00f3n del Patrimonio.<\/p>\n<p style=\"text-align: justify;\">Fruto de estas iniciativas, en 2017 la Escuela de Formaci\u00f3n de la Universidad de Le\u00f3n incorpor\u00f3 al <strong>Grupo Id-<span style=\"color: #ff0000;\">Arte<\/span><\/strong>, coordinado por la profesora M\u00aa Dolores Teijeira Pablos, dentro de los Grupos de Innovaci\u00f3n Docente y, en 2018, el proyecto\u00a0\u201cEstrategias profesionalizantes del historiador del Arte. Trabajar en los Museos y el Comisariado de Exposiciones \u201d recibi\u00f3 el Acc\u00e9sit de la <a href=\"http:\/\/departamentos.unileon.es\/area-historia-del-arte\/files\/2019\/01\/Acc\u00e9sit-Consejo-Social-Ule.pdf\" target=\"_blank\" rel=\"noopener noreferrer\">VII edici\u00f3n de los Premios a la Innovaci\u00f3n en la Ense\u00f1anza del Consejo Social<\/a> de la Ule. Desde su formaci\u00f3n y hasta la actualidad, el <strong>Grupo Id-<\/strong><span style=\"color: #ff0000;\"><strong>Arte<\/strong>\u00a0<span style=\"color: #000000;\">ha implementando\u00a0 diversas metodolog\u00edas activas, enfocadas al desarrollo de competencias de tipo profesionalizante, a partir de algunas experiencias y actividades, entre las que destacan las siguientes:<\/span><\/span><\/p>\n<p><a href=\"https:\/\/departamentos.unileon.es\/area-historia-del-arte\/congreso-nacional-de-innovacion-docente-en-historia-del-arte\/\" target=\"_blank\" rel=\"noopener\"><span style=\"color: #ff6600;\"><span style=\"color: #ff0000;\"><strong><span style=\"color: #0000ff;\">Congreso Nacional de Innovaci\u00f3n Docente en Historia del Arte<\/span><\/strong><\/span><\/span><\/a><\/p>\n<p><strong><a style=\"color: #0000ff;\" href=\"http:\/\/departamentos.unileon.es\/area-historia-del-arte\/del-aula-al-museo\/\" target=\"_blank\" rel=\"noopener noreferrer\">Del Aula al Museo<\/a><\/strong><\/p>\n<p><a href=\"http:\/\/departamentos.unileon.es\/area-historia-del-arte\/el-hall-transformado\/\" target=\"_blank\" rel=\"noopener noreferrer\"><span style=\"color: #0000ff;\"><strong>El hall transformado<\/strong><\/span><\/a><\/p>\n<p><span style=\"color: #0000ff;\"><strong><a style=\"color: #0000ff;\" href=\"https:\/\/departamentos.unileon.es\/area-historia-del-arte\/pieza-del-mes-de-museos-leoneses\/\" target=\"_blank\" rel=\"noopener\">\u00abPieza del mes\u00bb de museos leoneses<\/a><\/strong><\/span><\/p>\n<p><a href=\"http:\/\/departamentos.unileon.es\/area-historia-del-arte\/cursos-seminarios-talleres-y-otras-actividades-grupo-id-arte\/\"><strong><span style=\"color: #0000ff;\">Cursos, seminarios, talleres y otras actividades<\/span><\/strong><\/a><\/p>\n<p><span style=\"color: #0000ff;\"><a style=\"color: #0000ff;\" href=\"https:\/\/departamentos.unileon.es\/area-historia-del-arte\/tutorizacion-de-trabajos-en-el-marco-del-programa-ralbar\/\" target=\"_blank\" rel=\"noopener\"><span style=\"color: #0000ff;\">Tutorizaci\u00f3n de trabajos en el marco del programa RALBAR<\/span><\/a><\/span><\/p>\n<p><strong><a href=\"https:\/\/departamentos.unileon.es\/area-historia-del-arte\/cursos-de-la-escuela-de-formacion\/\" target=\"_blank\" rel=\"noopener\"><span style=\"color: #0000ff;\">Cursos de la Escuela de Formaci\u00f3n<\/span><\/a><\/strong><\/p>\n\n\n\n<p><strong><span style=\"color: #0000ff;\"><a style=\"color: #0000ff;\" href=\"http:\/\/departamentos.unileon.es\/area-historia-del-arte\/publicaciones-de-innovacion-docente\/\" target=\"_blank\" rel=\"noreferrer noopener\">Publicaciones de Innovaci\u00f3n Docente<\/a><\/span><\/strong><\/p>\n\n\n\n<p><span style=\"background-color: #ffffff; color: #0000ff;\"><a style=\"background-color: #ffffff; color: #0000ff;\" href=\"https:\/\/departamentos.unileon.es\/area-historia-del-arte\/otros-productos-audiovisuales\/\" target=\"_blank\" rel=\"noopener\"><strong>Otros productos<\/strong><\/a><\/span><\/p>\n<p><a href=\"https:\/\/www.youtube.com\/@GrupoIdArteUniversidaddeLeon\" target=\"_blank\" rel=\"noopener\"><span style=\"background-color: #ffffff; color: #0000ff;\"><strong>canal de Youtube (Grupo Id Arte)<\/strong><\/span><\/a><\/p>\n","protected":false},"excerpt":{"rendered":"<p>Id-Arte GID ULE 058 El Departamento de Patrimonio Art\u00edstico y Documental, en su compromiso por fomentar la calidad de la ense\u00f1anza en los Grados en los que imparte docencia y desarrollar las competencias de sus estudiantes, ha llevado a cabo\u00a0 diversos proyectos en materia de innovaci\u00f3n docente desde el a\u00f1o 2008. Las \u00faltimas experiencias, realizadas [&hellip;]<\/p>\n","protected":false},"author":151,"featured_media":0,"parent":0,"menu_order":0,"comment_status":"closed","ping_status":"closed","template":"","meta":{"ngg_post_thumbnail":0,"footnotes":""},"class_list":["post-662","page","type-page","status-publish","hentry"],"yoast_head":"<!-- This site is optimized with the Yoast SEO plugin v25.8 - https:\/\/yoast.com\/wordpress\/plugins\/seo\/ -->\n<title>Innovaci\u00f3n Docente (Grupo Id-Arte) - \u00c1rea de Historia del Arte<\/title>\n<meta name=\"robots\" content=\"index, follow, max-snippet:-1, max-image-preview:large, max-video-preview:-1\" \/>\n<link rel=\"canonical\" href=\"https:\/\/departamentos.unileon.es\/area-historia-del-arte\/innovacion-docente\/\" \/>\n<meta property=\"og:locale\" content=\"es_ES\" \/>\n<meta property=\"og:type\" content=\"article\" \/>\n<meta property=\"og:title\" content=\"Innovaci\u00f3n Docente (Grupo Id-Arte) - \u00c1rea de Historia del Arte\" \/>\n<meta property=\"og:description\" content=\"Id-Arte GID ULE 058 El Departamento de Patrimonio Art\u00edstico y Documental, en su compromiso por fomentar la calidad de la ense\u00f1anza en los Grados en los que imparte docencia y desarrollar las competencias de sus estudiantes, ha llevado a cabo\u00a0 diversos proyectos en materia de innovaci\u00f3n docente desde el a\u00f1o 2008. Las \u00faltimas experiencias, realizadas [&hellip;]\" \/>\n<meta property=\"og:url\" content=\"https:\/\/departamentos.unileon.es\/area-historia-del-arte\/innovacion-docente\/\" \/>\n<meta property=\"og:site_name\" content=\"\u00c1rea de Historia del Arte\" \/>\n<meta property=\"article:modified_time\" content=\"2025-09-25T15:31:28+00:00\" \/>\n<meta name=\"twitter:card\" content=\"summary_large_image\" \/>\n<meta name=\"twitter:label1\" content=\"Tiempo de lectura\" \/>\n\t<meta name=\"twitter:data1\" content=\"2 minutos\" \/>\n<script type=\"application\/ld+json\" class=\"yoast-schema-graph\">{\"@context\":\"https:\/\/schema.org\",\"@graph\":[{\"@type\":\"WebPage\",\"@id\":\"https:\/\/departamentos.unileon.es\/area-historia-del-arte\/innovacion-docente\/\",\"url\":\"https:\/\/departamentos.unileon.es\/area-historia-del-arte\/innovacion-docente\/\",\"name\":\"Innovaci\u00f3n Docente (Grupo Id-Arte) - \u00c1rea de Historia del Arte\",\"isPartOf\":{\"@id\":\"https:\/\/departamentos.unileon.es\/area-historia-del-arte\/#website\"},\"datePublished\":\"2019-01-15T18:42:17+00:00\",\"dateModified\":\"2025-09-25T15:31:28+00:00\",\"inLanguage\":\"es\",\"potentialAction\":[{\"@type\":\"ReadAction\",\"target\":[\"https:\/\/departamentos.unileon.es\/area-historia-del-arte\/innovacion-docente\/\"]}]},{\"@type\":\"WebSite\",\"@id\":\"https:\/\/departamentos.unileon.es\/area-historia-del-arte\/#website\",\"url\":\"https:\/\/departamentos.unileon.es\/area-historia-del-arte\/\",\"name\":\"\u00c1rea de Historia del Arte\",\"description\":\"p\u00e1gina de \u00c1rea de la Universidad de Le\u00f3n\",\"potentialAction\":[{\"@type\":\"SearchAction\",\"target\":{\"@type\":\"EntryPoint\",\"urlTemplate\":\"https:\/\/departamentos.unileon.es\/area-historia-del-arte\/?s={search_term_string}\"},\"query-input\":{\"@type\":\"PropertyValueSpecification\",\"valueRequired\":true,\"valueName\":\"search_term_string\"}}],\"inLanguage\":\"es\"}]}<\/script>\n<!-- \/ Yoast SEO plugin. -->","yoast_head_json":{"title":"Innovaci\u00f3n Docente (Grupo Id-Arte) - \u00c1rea de Historia del Arte","robots":{"index":"index","follow":"follow","max-snippet":"max-snippet:-1","max-image-preview":"max-image-preview:large","max-video-preview":"max-video-preview:-1"},"canonical":"https:\/\/departamentos.unileon.es\/area-historia-del-arte\/innovacion-docente\/","og_locale":"es_ES","og_type":"article","og_title":"Innovaci\u00f3n Docente (Grupo Id-Arte) - \u00c1rea de Historia del Arte","og_description":"Id-Arte GID ULE 058 El Departamento de Patrimonio Art\u00edstico y Documental, en su compromiso por fomentar la calidad de la ense\u00f1anza en los Grados en los que imparte docencia y desarrollar las competencias de sus estudiantes, ha llevado a cabo\u00a0 diversos proyectos en materia de innovaci\u00f3n docente desde el a\u00f1o 2008. Las \u00faltimas experiencias, realizadas [&hellip;]","og_url":"https:\/\/departamentos.unileon.es\/area-historia-del-arte\/innovacion-docente\/","og_site_name":"\u00c1rea de Historia del Arte","article_modified_time":"2025-09-25T15:31:28+00:00","twitter_card":"summary_large_image","twitter_misc":{"Tiempo de lectura":"2 minutos"},"schema":{"@context":"https:\/\/schema.org","@graph":[{"@type":"WebPage","@id":"https:\/\/departamentos.unileon.es\/area-historia-del-arte\/innovacion-docente\/","url":"https:\/\/departamentos.unileon.es\/area-historia-del-arte\/innovacion-docente\/","name":"Innovaci\u00f3n Docente (Grupo Id-Arte) - \u00c1rea de Historia del Arte","isPartOf":{"@id":"https:\/\/departamentos.unileon.es\/area-historia-del-arte\/#website"},"datePublished":"2019-01-15T18:42:17+00:00","dateModified":"2025-09-25T15:31:28+00:00","inLanguage":"es","potentialAction":[{"@type":"ReadAction","target":["https:\/\/departamentos.unileon.es\/area-historia-del-arte\/innovacion-docente\/"]}]},{"@type":"WebSite","@id":"https:\/\/departamentos.unileon.es\/area-historia-del-arte\/#website","url":"https:\/\/departamentos.unileon.es\/area-historia-del-arte\/","name":"\u00c1rea de Historia del Arte","description":"p\u00e1gina de \u00c1rea de la Universidad de Le\u00f3n","potentialAction":[{"@type":"SearchAction","target":{"@type":"EntryPoint","urlTemplate":"https:\/\/departamentos.unileon.es\/area-historia-del-arte\/?s={search_term_string}"},"query-input":{"@type":"PropertyValueSpecification","valueRequired":true,"valueName":"search_term_string"}}],"inLanguage":"es"}]}},"_links":{"self":[{"href":"https:\/\/departamentos.unileon.es\/area-historia-del-arte\/wp-json\/wp\/v2\/pages\/662","targetHints":{"allow":["GET"]}}],"collection":[{"href":"https:\/\/departamentos.unileon.es\/area-historia-del-arte\/wp-json\/wp\/v2\/pages"}],"about":[{"href":"https:\/\/departamentos.unileon.es\/area-historia-del-arte\/wp-json\/wp\/v2\/types\/page"}],"author":[{"embeddable":true,"href":"https:\/\/departamentos.unileon.es\/area-historia-del-arte\/wp-json\/wp\/v2\/users\/151"}],"replies":[{"embeddable":true,"href":"https:\/\/departamentos.unileon.es\/area-historia-del-arte\/wp-json\/wp\/v2\/comments?post=662"}],"version-history":[{"count":61,"href":"https:\/\/departamentos.unileon.es\/area-historia-del-arte\/wp-json\/wp\/v2\/pages\/662\/revisions"}],"predecessor-version":[{"id":2125,"href":"https:\/\/departamentos.unileon.es\/area-historia-del-arte\/wp-json\/wp\/v2\/pages\/662\/revisions\/2125"}],"wp:attachment":[{"href":"https:\/\/departamentos.unileon.es\/area-historia-del-arte\/wp-json\/wp\/v2\/media?parent=662"}],"curies":[{"name":"wp","href":"https:\/\/api.w.org\/{rel}","templated":true}]}}