{"id":602,"date":"2018-07-09T10:00:17","date_gmt":"2018-07-09T10:00:17","guid":{"rendered":"http:\/\/departamentos.unileon.es\/area-historia-del-arte\/?page_id=602"},"modified":"2024-06-06T12:11:37","modified_gmt":"2024-06-06T12:11:37","slug":"rega-castro-ivan","status":"publish","type":"page","link":"https:\/\/departamentos.unileon.es\/area-historia-del-arte\/rega-castro-ivan\/","title":{"rendered":"Rega Castro, Iv\u00e1n"},"content":{"rendered":"<div class=\"entry-content\">\n<table style=\"border-collapse: collapse; width: 100%;\">\n<tbody>\n<tr>\n<td style=\"width: 100%;\"><img loading=\"lazy\" decoding=\"async\" class=\"size-full wp-image-598 alignleft\" src=\"http:\/\/departamentos.unileon.es\/area-historia-del-arte\/files\/2018\/07\/IMG_20180702_232628-e1531129790729.jpg\" alt=\"\" width=\"100\" height=\"144\" \/>\n\n<strong style=\"font-family: inherit;\">Titulaci\u00f3n:<\/strong><span style=\"font-family: inherit;\">\u00a0Doctor por la Universidade de Santiago de Compostela, con la acreditaci\u00f3n de Doctor Europeo<\/span><strong>\nCategor\u00eda profesional:<\/strong> Profesor Titular\n<strong>Tel\u00e9fono:\u00a0<\/strong>987291042\n<strong>e-mail:<\/strong>\u00a0<a href=\"mailto:jamorm@unileon.es\" target=\"_blank\" rel=\"noopener noreferrer\">iregc@unileon.es<\/a>\n<strong>Despacho:<\/strong> 214 bis (Dpto. Patrimonio Art\u00edstico y Documental)<\/td>\n<\/tr>\n<\/tbody>\n<\/table>\n<strong>L\u00edneas de investigaci\u00f3n:\u00a0<\/strong>Retabl\u00edstica en el norte de la Pen\u00ednsula Ib\u00e9rica (siglos XVII-XVIII) y, de un modo m\u00e1s general, las relaciones art\u00edsticas entre Espa\u00f1a y Portugal en \u00e9poca barroca. Iconograf\u00eda del poder y las im\u00e1genes del Islam en la Pen\u00ednsula Ib\u00e9rica (siglos XVII-XVIII). T\u00e9cnicas de an\u00e1lisis f\u00edsico-\u00f3ptico y fotogr\u00e1fico aplicadas al estudio de obras de arte\n\nGrupos e institutos de investigaci\u00f3n a los que pertenece: Grupo de Investigaci\u00f3n Iacobus\u00b7Proyectos y Estudios sobre Patrimonio Cultural (GI-1907), Universidade de Santiago de Compostela \/ Grupo de Investigaci\u00f3n Consolidado \u00abArt i Cultura d\u2019\u00c8poca Moderna\u00bb (2014 SGR 242), Universitat de Lleida \/ Instituto de Hist\u00f3ria da Arte, Universidade de Lisboa\/ Instituto Universitario (LOU) de Humanismo y Tradici\u00f3n Cl\u00e1sica\/ Grupo de Innovaci\u00f3n Docente Id-ARTE (Universidad de Le\u00f3n)\n\n<strong><a href=\"https:\/\/dialnet.unirioja.es\/servlet\/autor?codigo=1963739\" target=\"_blank\" rel=\"noopener noreferrer\"><img loading=\"lazy\" decoding=\"async\" class=\"alignleft wp-image-385 size-full\" src=\"http:\/\/departamentos.unileon.es\/area-historia-del-arte\/files\/2017\/01\/dialnet-1-e1485947316953.jpg\" alt=\"\" width=\"80\" height=\"23\" \/><\/a>\u00a0<a href=\"http:\/\/orcid.org\/0000-0003-0348-1703\" target=\"_blank\" rel=\"noopener noreferrer\"><img loading=\"lazy\" decoding=\"async\" class=\"alignleft size-full wp-image-624\" src=\"http:\/\/departamentos.unileon.es\/area-historia-del-arte\/files\/2018\/07\/orcid-e1531134521100.jpg\" alt=\"\" width=\"120\" height=\"41\" \/><\/a><a href=\"https:\/\/damiavericat.academia.edu\/Iv%C3%A1nCastro\" target=\"_blank\" rel=\"noopener noreferrer\"><img loading=\"lazy\" decoding=\"async\" class=\"alignleft wp-image-429 size-full\" src=\"http:\/\/departamentos.unileon.es\/area-historia-del-arte\/files\/2017\/01\/academialogo-1-e1485950684797.png\" alt=\"\" width=\"110\" height=\"33\" \/><\/a><\/strong>\n\n<strong>Perfil docente:<\/strong>\u00a0Fuentes e ideas est\u00e9ticas del Arte Moderno, Historia de las Artes Esc\u00e9nicas, T\u00e9cnicas Art\u00edsticas y Fundamentos para interpretar el Patrimonio Cultural\n\n<\/div>","protected":false},"excerpt":{"rendered":"<p>Titulaci\u00f3n:\u00a0Doctor por la Universidade de Santiago de Compostela, con la acreditaci\u00f3n de Doctor Europeo Categor\u00eda profesional: Profesor Titular Tel\u00e9fono:\u00a0987291042 e-mail:\u00a0iregc@unileon.es Despacho: 214 bis (Dpto. Patrimonio Art\u00edstico y Documental) L\u00edneas de investigaci\u00f3n:\u00a0Retabl\u00edstica en el norte de la Pen\u00ednsula Ib\u00e9rica (siglos XVII-XVIII) y, de un modo m\u00e1s general, las relaciones art\u00edsticas entre Espa\u00f1a y Portugal en \u00e9poca [&hellip;]<\/p>\n","protected":false},"author":151,"featured_media":0,"parent":0,"menu_order":0,"comment_status":"closed","ping_status":"closed","template":"","meta":{"ngg_post_thumbnail":0,"footnotes":""},"class_list":["post-602","page","type-page","status-publish","hentry"],"yoast_head":"<!-- This site is optimized with the Yoast SEO plugin v25.8 - https:\/\/yoast.com\/wordpress\/plugins\/seo\/ -->\n<title>Rega Castro, Iv\u00e1n - \u00c1rea de Historia del Arte<\/title>\n<meta name=\"robots\" content=\"index, follow, max-snippet:-1, max-image-preview:large, max-video-preview:-1\" \/>\n<link rel=\"canonical\" href=\"https:\/\/departamentos.unileon.es\/area-historia-del-arte\/rega-castro-ivan\/\" \/>\n<meta property=\"og:locale\" content=\"es_ES\" \/>\n<meta property=\"og:type\" content=\"article\" \/>\n<meta property=\"og:title\" content=\"Rega Castro, Iv\u00e1n - \u00c1rea de Historia del Arte\" \/>\n<meta property=\"og:description\" content=\"Titulaci\u00f3n:\u00a0Doctor por la Universidade de Santiago de Compostela, con la acreditaci\u00f3n de Doctor Europeo Categor\u00eda profesional: Profesor Titular Tel\u00e9fono:\u00a0987291042 e-mail:\u00a0iregc@unileon.es Despacho: 214 bis (Dpto. Patrimonio Art\u00edstico y Documental) L\u00edneas de investigaci\u00f3n:\u00a0Retabl\u00edstica en el norte de la Pen\u00ednsula Ib\u00e9rica (siglos XVII-XVIII) y, de un modo m\u00e1s general, las relaciones art\u00edsticas entre Espa\u00f1a y Portugal en \u00e9poca [&hellip;]\" \/>\n<meta property=\"og:url\" content=\"https:\/\/departamentos.unileon.es\/area-historia-del-arte\/rega-castro-ivan\/\" \/>\n<meta property=\"og:site_name\" content=\"\u00c1rea de Historia del Arte\" \/>\n<meta property=\"article:modified_time\" content=\"2024-06-06T12:11:37+00:00\" \/>\n<meta property=\"og:image\" content=\"http:\/\/departamentos.unileon.es\/area-historia-del-arte\/files\/2018\/07\/IMG_20180702_232628-e1531129790729.jpg\" \/>\n<meta name=\"twitter:card\" content=\"summary_large_image\" \/>\n<meta name=\"twitter:label1\" content=\"Tiempo de lectura\" \/>\n\t<meta name=\"twitter:data1\" content=\"2 minutos\" \/>\n<script type=\"application\/ld+json\" class=\"yoast-schema-graph\">{\"@context\":\"https:\/\/schema.org\",\"@graph\":[{\"@type\":\"WebPage\",\"@id\":\"https:\/\/departamentos.unileon.es\/area-historia-del-arte\/rega-castro-ivan\/\",\"url\":\"https:\/\/departamentos.unileon.es\/area-historia-del-arte\/rega-castro-ivan\/\",\"name\":\"Rega Castro, Iv\u00e1n - \u00c1rea de Historia del Arte\",\"isPartOf\":{\"@id\":\"https:\/\/departamentos.unileon.es\/area-historia-del-arte\/#website\"},\"primaryImageOfPage\":{\"@id\":\"https:\/\/departamentos.unileon.es\/area-historia-del-arte\/rega-castro-ivan\/#primaryimage\"},\"image\":{\"@id\":\"https:\/\/departamentos.unileon.es\/area-historia-del-arte\/rega-castro-ivan\/#primaryimage\"},\"thumbnailUrl\":\"http:\/\/departamentos.unileon.es\/area-historia-del-arte\/files\/2018\/07\/IMG_20180702_232628-e1531129790729.jpg\",\"datePublished\":\"2018-07-09T10:00:17+00:00\",\"dateModified\":\"2024-06-06T12:11:37+00:00\",\"inLanguage\":\"es\",\"potentialAction\":[{\"@type\":\"ReadAction\",\"target\":[\"https:\/\/departamentos.unileon.es\/area-historia-del-arte\/rega-castro-ivan\/\"]}]},{\"@type\":\"ImageObject\",\"inLanguage\":\"es\",\"@id\":\"https:\/\/departamentos.unileon.es\/area-historia-del-arte\/rega-castro-ivan\/#primaryimage\",\"url\":\"https:\/\/departamentos.unileon.es\/area-historia-del-arte\/files\/2018\/07\/IMG_20180702_232628-e1531129790729.jpg\",\"contentUrl\":\"https:\/\/departamentos.unileon.es\/area-historia-del-arte\/files\/2018\/07\/IMG_20180702_232628-e1531129790729.jpg\",\"width\":100,\"height\":144},{\"@type\":\"WebSite\",\"@id\":\"https:\/\/departamentos.unileon.es\/area-historia-del-arte\/#website\",\"url\":\"https:\/\/departamentos.unileon.es\/area-historia-del-arte\/\",\"name\":\"\u00c1rea de Historia del Arte\",\"description\":\"p\u00e1gina de \u00c1rea de la Universidad de Le\u00f3n\",\"potentialAction\":[{\"@type\":\"SearchAction\",\"target\":{\"@type\":\"EntryPoint\",\"urlTemplate\":\"https:\/\/departamentos.unileon.es\/area-historia-del-arte\/?s={search_term_string}\"},\"query-input\":{\"@type\":\"PropertyValueSpecification\",\"valueRequired\":true,\"valueName\":\"search_term_string\"}}],\"inLanguage\":\"es\"}]}<\/script>\n<!-- \/ Yoast SEO plugin. -->","yoast_head_json":{"title":"Rega Castro, Iv\u00e1n - \u00c1rea de Historia del Arte","robots":{"index":"index","follow":"follow","max-snippet":"max-snippet:-1","max-image-preview":"max-image-preview:large","max-video-preview":"max-video-preview:-1"},"canonical":"https:\/\/departamentos.unileon.es\/area-historia-del-arte\/rega-castro-ivan\/","og_locale":"es_ES","og_type":"article","og_title":"Rega Castro, Iv\u00e1n - \u00c1rea de Historia del Arte","og_description":"Titulaci\u00f3n:\u00a0Doctor por la Universidade de Santiago de Compostela, con la acreditaci\u00f3n de Doctor Europeo Categor\u00eda profesional: Profesor Titular Tel\u00e9fono:\u00a0987291042 e-mail:\u00a0iregc@unileon.es Despacho: 214 bis (Dpto. Patrimonio Art\u00edstico y Documental) L\u00edneas de investigaci\u00f3n:\u00a0Retabl\u00edstica en el norte de la Pen\u00ednsula Ib\u00e9rica (siglos XVII-XVIII) y, de un modo m\u00e1s general, las relaciones art\u00edsticas entre Espa\u00f1a y Portugal en \u00e9poca [&hellip;]","og_url":"https:\/\/departamentos.unileon.es\/area-historia-del-arte\/rega-castro-ivan\/","og_site_name":"\u00c1rea de Historia del Arte","article_modified_time":"2024-06-06T12:11:37+00:00","og_image":[{"url":"http:\/\/departamentos.unileon.es\/area-historia-del-arte\/files\/2018\/07\/IMG_20180702_232628-e1531129790729.jpg","type":"","width":"","height":""}],"twitter_card":"summary_large_image","twitter_misc":{"Tiempo de lectura":"2 minutos"},"schema":{"@context":"https:\/\/schema.org","@graph":[{"@type":"WebPage","@id":"https:\/\/departamentos.unileon.es\/area-historia-del-arte\/rega-castro-ivan\/","url":"https:\/\/departamentos.unileon.es\/area-historia-del-arte\/rega-castro-ivan\/","name":"Rega Castro, Iv\u00e1n - \u00c1rea de Historia del Arte","isPartOf":{"@id":"https:\/\/departamentos.unileon.es\/area-historia-del-arte\/#website"},"primaryImageOfPage":{"@id":"https:\/\/departamentos.unileon.es\/area-historia-del-arte\/rega-castro-ivan\/#primaryimage"},"image":{"@id":"https:\/\/departamentos.unileon.es\/area-historia-del-arte\/rega-castro-ivan\/#primaryimage"},"thumbnailUrl":"http:\/\/departamentos.unileon.es\/area-historia-del-arte\/files\/2018\/07\/IMG_20180702_232628-e1531129790729.jpg","datePublished":"2018-07-09T10:00:17+00:00","dateModified":"2024-06-06T12:11:37+00:00","inLanguage":"es","potentialAction":[{"@type":"ReadAction","target":["https:\/\/departamentos.unileon.es\/area-historia-del-arte\/rega-castro-ivan\/"]}]},{"@type":"ImageObject","inLanguage":"es","@id":"https:\/\/departamentos.unileon.es\/area-historia-del-arte\/rega-castro-ivan\/#primaryimage","url":"https:\/\/departamentos.unileon.es\/area-historia-del-arte\/files\/2018\/07\/IMG_20180702_232628-e1531129790729.jpg","contentUrl":"https:\/\/departamentos.unileon.es\/area-historia-del-arte\/files\/2018\/07\/IMG_20180702_232628-e1531129790729.jpg","width":100,"height":144},{"@type":"WebSite","@id":"https:\/\/departamentos.unileon.es\/area-historia-del-arte\/#website","url":"https:\/\/departamentos.unileon.es\/area-historia-del-arte\/","name":"\u00c1rea de Historia del Arte","description":"p\u00e1gina de \u00c1rea de la Universidad de Le\u00f3n","potentialAction":[{"@type":"SearchAction","target":{"@type":"EntryPoint","urlTemplate":"https:\/\/departamentos.unileon.es\/area-historia-del-arte\/?s={search_term_string}"},"query-input":{"@type":"PropertyValueSpecification","valueRequired":true,"valueName":"search_term_string"}}],"inLanguage":"es"}]}},"_links":{"self":[{"href":"https:\/\/departamentos.unileon.es\/area-historia-del-arte\/wp-json\/wp\/v2\/pages\/602","targetHints":{"allow":["GET"]}}],"collection":[{"href":"https:\/\/departamentos.unileon.es\/area-historia-del-arte\/wp-json\/wp\/v2\/pages"}],"about":[{"href":"https:\/\/departamentos.unileon.es\/area-historia-del-arte\/wp-json\/wp\/v2\/types\/page"}],"author":[{"embeddable":true,"href":"https:\/\/departamentos.unileon.es\/area-historia-del-arte\/wp-json\/wp\/v2\/users\/151"}],"replies":[{"embeddable":true,"href":"https:\/\/departamentos.unileon.es\/area-historia-del-arte\/wp-json\/wp\/v2\/comments?post=602"}],"version-history":[{"count":10,"href":"https:\/\/departamentos.unileon.es\/area-historia-del-arte\/wp-json\/wp\/v2\/pages\/602\/revisions"}],"predecessor-version":[{"id":2008,"href":"https:\/\/departamentos.unileon.es\/area-historia-del-arte\/wp-json\/wp\/v2\/pages\/602\/revisions\/2008"}],"wp:attachment":[{"href":"https:\/\/departamentos.unileon.es\/area-historia-del-arte\/wp-json\/wp\/v2\/media?parent=602"}],"curies":[{"name":"wp","href":"https:\/\/api.w.org\/{rel}","templated":true}]}}