{"id":53,"date":"2017-01-13T09:39:31","date_gmt":"2017-01-13T09:39:31","guid":{"rendered":"http:\/\/departamentos.unileon.es\/area-historia-del-arte\/?page_id=53"},"modified":"2026-03-26T11:49:49","modified_gmt":"2026-03-26T11:49:49","slug":"personal","status":"publish","type":"page","link":"https:\/\/departamentos.unileon.es\/area-historia-del-arte\/personal\/","title":{"rendered":"Personal"},"content":{"rendered":"<p><img loading=\"lazy\" decoding=\"async\" class=\"alignnone wp-image-104 \" src=\"http:\/\/departamentos.unileon.es\/area-historia-del-arte\/files\/2017\/01\/Sin-t\u00edtulo-1-1024x129.png\" width=\"513\" height=\"65\" srcset=\"https:\/\/departamentos.unileon.es\/area-historia-del-arte\/files\/2017\/01\/Sin-t\u00edtulo-1-1024x129.png 1024w, https:\/\/departamentos.unileon.es\/area-historia-del-arte\/files\/2017\/01\/Sin-t\u00edtulo-1-300x38.png 300w, https:\/\/departamentos.unileon.es\/area-historia-del-arte\/files\/2017\/01\/Sin-t\u00edtulo-1-768x97.png 768w, https:\/\/departamentos.unileon.es\/area-historia-del-arte\/files\/2017\/01\/Sin-t\u00edtulo-1.png 1197w\" sizes=\"auto, (max-width: 513px) 100vw, 513px\" \/><\/p>\n<p><a href=\"https:\/\/departamentos.unileon.es\/area-historia-del-arte\/castineiras-lopez-javier\/\" target=\"_blank\" rel=\"noopener\">\u00a0 \u00a0Casti\u00f1eiras L\u00f3pez, Javier\u00a0<\/a><\/p>\n<p><a href=\"http:\/\/departamentos.unileon.es\/area-historia-del-arte\/castrillo-soto-roberto\/\" target=\"_blank\" rel=\"noopener noreferrer\">\u00a0 \u00a0Castrillo Soto, Roberto\u00a0<\/a><\/p>\n<p><a href=\"https:\/\/departamentos.unileon.es\/area-historia-del-arte\/celis-crespo-adrian\/\">\u00a0 \u00a0Celis Crespo, Adri\u00e1n<\/a><\/p>\n<p><a href=\"http:\/\/departamentos.unileon.es\/area-historia-del-arte\/cosmen-alonso-ma-concepcion\/\" target=\"_blank\" rel=\"noopener noreferrer\">\u00a0 \u00a0Cosmen Alonso, M\u00aa Concepci\u00f3n\u00a0<\/a><\/p>\n<p><a href=\"https:\/\/departamentos.unileon.es\/area-historia-del-arte\/del-canto-minguez-irene\/\">\u00a0 \u00a0del Canto M\u00ednguez, Irene<\/a><\/p>\n<p><a href=\"https:\/\/departamentos.unileon.es\/area-historia-del-arte\/fernandez-garcia-noelia\/\">\u00a0 \u00a0Fern\u00e1ndez Garc\u00eda, Noelia<\/a>\u00a0<\/p>\n<p><a href=\"http:\/\/departamentos.unileon.es\/area-historia-del-arte\/florez-crespo-ma-del-mar\/\" target=\"_blank\" rel=\"noopener noreferrer\">\u00a0 \u00a0Fl\u00f3rez Crespo, M\u00aa del Mar\u00a0<\/a><\/p>\n<p><a href=\"http:\/\/departamentos.unileon.es\/area-historia-del-arte\/garcia-alvarez-cesar\/\" target=\"_blank\" rel=\"noopener noreferrer\">\u00a0 \u00a0Garc\u00eda \u00c1lvarez, C\u00e9sar\u00a0<\/a><\/p>\n<p><a href=\"http:\/\/departamentos.unileon.es\/area-historia-del-arte\/garcia-nistal-joaquin\/\" target=\"_blank\" rel=\"noopener noreferrer\">\u00a0 \u00a0Garc\u00eda Nistal, Joaqu\u00edn<\/a><\/p>\n<p><a href=\"https:\/\/departamentos.unileon.es\/area-historia-del-arte\/herguedas-vela-miguel\/\">\u00a0 \u00a0Herguedas Vela, Miguel<\/a><\/p>\n<p><a href=\"http:\/\/departamentos.unileon.es\/area-historia-del-arte\/herraez-ortega-ma-victoria\/\" target=\"_blank\" rel=\"noopener noreferrer\">\u00a0 \u00a0Herr\u00e1ez Ortega, M\u00aa Victoria<\/a><\/p>\n<p><a href=\"https:\/\/departamentos.unileon.es\/area-historia-del-arte\/vanessa-jimeno-guerra\/\" target=\"_blank\" rel=\"noopener\">\u00a0 \u00a0Jimeno Guerra, Vanessa<\/a>\u00a0<\/p>\n<p><a href=\"http:\/\/departamentos.unileon.es\/area-historia-del-arte\/morais-moran-jose-alberto\/\" target=\"_blank\" rel=\"noopener noreferrer\">\u00a0 \u00a0Mor\u00e1is Mor\u00e1n, Jos\u00e9 Alberto<\/a><\/p>\n<p><a href=\"https:\/\/departamentos.unileon.es\/area-historia-del-arte\/munoz-esteban-noelia\/\">\u00a0 \u00a0Mu\u00f1oz Esteban, Noelia<\/a><\/p>\n<p><a href=\"https:\/\/departamentos.unileon.es\/area-historia-del-arte\/pisabarros-ramos-diego\/\">\u00a0 \u00a0Pisabarros Ramos, Diego<\/a><\/p>\n<p><a href=\"https:\/\/departamentos.unileon.es\/area-historia-del-arte\/rabasco-garcia-victor\/\" target=\"_blank\" rel=\"noopener\">\u00a0 \u00a0Rabasco Garc\u00eda, V\u00edctor<\/a><\/p>\n<p><a href=\"http:\/\/departamentos.unileon.es\/area-historia-del-arte\/rega-castro-ivan\/\" target=\"_blank\" rel=\"noopener noreferrer\">\u00a0 \u00a0Rega Castro, Iv\u00e1n<\/a><\/p>\n<p><a href=\"http:\/\/departamentos.unileon.es\/area-historia-del-arte\/rivero-moreno-luis-d\/\" target=\"_blank\" rel=\"noopener\">\u00a0 \u00a0Rivero Moreno, Luis David<\/a><\/p>\n<p><a href=\"https:\/\/departamentos.unileon.es\/area-historia-del-arte\/sanchez-requejo-daniel\/\">\u00a0 \u00a0S\u00e1nchez Requejo, Daniel<\/a><\/p>\n<p><a href=\"https:\/\/departamentos.unileon.es\/area-historia-del-arte\/suarez-garcia-ana-pilar\/\">\u00a0 \u00a0Su\u00e1rez Garc\u00eda, Ana Pilar<\/a><\/p>\n<p><a href=\"http:\/\/departamentos.unileon.es\/area-historia-del-arte\/teijeira-pablos-ma-dolores\/\" target=\"_blank\" rel=\"noopener noreferrer\">\u00a0 \u00a0Teijeira Pablos, M\u00aa Dolores\u00a0<\/a><\/p>\n<p><a href=\"http:\/\/departamentos.unileon.es\/area-historia-del-arte\/valdes-fernandez-manuel\/\" target=\"_blank\" rel=\"noopener noreferrer\">\u00a0 \u00a0Vald\u00e9s Fern\u00e1ndez, Manuel<\/a><\/p>\n<p style=\"padding-left: 30px;\">\u00a0<\/p>\n\n","protected":false},"excerpt":{"rendered":"<p>\u00a0 \u00a0Casti\u00f1eiras L\u00f3pez, Javier\u00a0 \u00a0 \u00a0Castrillo Soto, Roberto\u00a0 \u00a0 \u00a0Celis Crespo, Adri\u00e1n \u00a0 \u00a0Cosmen Alonso, M\u00aa Concepci\u00f3n\u00a0 \u00a0 \u00a0del Canto M\u00ednguez, Irene \u00a0 \u00a0Fern\u00e1ndez Garc\u00eda, Noelia\u00a0 \u00a0 \u00a0Fl\u00f3rez Crespo, M\u00aa del Mar\u00a0 \u00a0 \u00a0Garc\u00eda \u00c1lvarez, C\u00e9sar\u00a0 \u00a0 \u00a0Garc\u00eda Nistal, Joaqu\u00edn \u00a0 \u00a0Herguedas Vela, Miguel \u00a0 \u00a0Herr\u00e1ez Ortega, M\u00aa Victoria \u00a0 \u00a0Jimeno Guerra, Vanessa\u00a0 \u00a0 \u00a0Mor\u00e1is [&hellip;]<\/p>\n","protected":false},"author":150,"featured_media":0,"parent":0,"menu_order":0,"comment_status":"closed","ping_status":"closed","template":"","meta":{"ngg_post_thumbnail":0,"footnotes":""},"class_list":["post-53","page","type-page","status-publish","hentry"],"yoast_head":"<!-- This site is optimized with the Yoast SEO plugin v25.8 - https:\/\/yoast.com\/wordpress\/plugins\/seo\/ -->\n<title>Personal - \u00c1rea de Historia del Arte<\/title>\n<meta name=\"robots\" content=\"index, follow, max-snippet:-1, max-image-preview:large, max-video-preview:-1\" \/>\n<link rel=\"canonical\" href=\"https:\/\/departamentos.unileon.es\/area-historia-del-arte\/personal\/\" \/>\n<meta property=\"og:locale\" content=\"es_ES\" \/>\n<meta property=\"og:type\" content=\"article\" \/>\n<meta property=\"og:title\" content=\"Personal - \u00c1rea de Historia del Arte\" \/>\n<meta property=\"og:description\" content=\"\u00a0 \u00a0Casti\u00f1eiras L\u00f3pez, Javier\u00a0 \u00a0 \u00a0Castrillo Soto, Roberto\u00a0 \u00a0 \u00a0Celis Crespo, Adri\u00e1n \u00a0 \u00a0Cosmen Alonso, M\u00aa Concepci\u00f3n\u00a0 \u00a0 \u00a0del Canto M\u00ednguez, Irene \u00a0 \u00a0Fern\u00e1ndez Garc\u00eda, Noelia\u00a0 \u00a0 \u00a0Fl\u00f3rez Crespo, M\u00aa del Mar\u00a0 \u00a0 \u00a0Garc\u00eda \u00c1lvarez, C\u00e9sar\u00a0 \u00a0 \u00a0Garc\u00eda Nistal, Joaqu\u00edn \u00a0 \u00a0Herguedas Vela, Miguel \u00a0 \u00a0Herr\u00e1ez Ortega, M\u00aa Victoria \u00a0 \u00a0Jimeno Guerra, Vanessa\u00a0 \u00a0 \u00a0Mor\u00e1is [&hellip;]\" \/>\n<meta property=\"og:url\" content=\"https:\/\/departamentos.unileon.es\/area-historia-del-arte\/personal\/\" \/>\n<meta property=\"og:site_name\" content=\"\u00c1rea de Historia del Arte\" \/>\n<meta property=\"article:modified_time\" content=\"2026-03-26T11:49:49+00:00\" \/>\n<meta name=\"twitter:card\" content=\"summary_large_image\" \/>\n<meta name=\"twitter:label1\" content=\"Tiempo de lectura\" \/>\n\t<meta name=\"twitter:data1\" content=\"1 minuto\" \/>\n<script type=\"application\/ld+json\" class=\"yoast-schema-graph\">{\"@context\":\"https:\/\/schema.org\",\"@graph\":[{\"@type\":\"WebPage\",\"@id\":\"https:\/\/departamentos.unileon.es\/area-historia-del-arte\/personal\/\",\"url\":\"https:\/\/departamentos.unileon.es\/area-historia-del-arte\/personal\/\",\"name\":\"Personal - \u00c1rea de Historia del Arte\",\"isPartOf\":{\"@id\":\"https:\/\/departamentos.unileon.es\/area-historia-del-arte\/#website\"},\"datePublished\":\"2017-01-13T09:39:31+00:00\",\"dateModified\":\"2026-03-26T11:49:49+00:00\",\"inLanguage\":\"es\",\"potentialAction\":[{\"@type\":\"ReadAction\",\"target\":[\"https:\/\/departamentos.unileon.es\/area-historia-del-arte\/personal\/\"]}]},{\"@type\":\"WebSite\",\"@id\":\"https:\/\/departamentos.unileon.es\/area-historia-del-arte\/#website\",\"url\":\"https:\/\/departamentos.unileon.es\/area-historia-del-arte\/\",\"name\":\"\u00c1rea de Historia del Arte\",\"description\":\"p\u00e1gina de \u00c1rea de la Universidad de Le\u00f3n\",\"potentialAction\":[{\"@type\":\"SearchAction\",\"target\":{\"@type\":\"EntryPoint\",\"urlTemplate\":\"https:\/\/departamentos.unileon.es\/area-historia-del-arte\/?s={search_term_string}\"},\"query-input\":{\"@type\":\"PropertyValueSpecification\",\"valueRequired\":true,\"valueName\":\"search_term_string\"}}],\"inLanguage\":\"es\"}]}<\/script>\n<!-- \/ Yoast SEO plugin. -->","yoast_head_json":{"title":"Personal - \u00c1rea de Historia del Arte","robots":{"index":"index","follow":"follow","max-snippet":"max-snippet:-1","max-image-preview":"max-image-preview:large","max-video-preview":"max-video-preview:-1"},"canonical":"https:\/\/departamentos.unileon.es\/area-historia-del-arte\/personal\/","og_locale":"es_ES","og_type":"article","og_title":"Personal - \u00c1rea de Historia del Arte","og_description":"\u00a0 \u00a0Casti\u00f1eiras L\u00f3pez, Javier\u00a0 \u00a0 \u00a0Castrillo Soto, Roberto\u00a0 \u00a0 \u00a0Celis Crespo, Adri\u00e1n \u00a0 \u00a0Cosmen Alonso, M\u00aa Concepci\u00f3n\u00a0 \u00a0 \u00a0del Canto M\u00ednguez, Irene \u00a0 \u00a0Fern\u00e1ndez Garc\u00eda, Noelia\u00a0 \u00a0 \u00a0Fl\u00f3rez Crespo, M\u00aa del Mar\u00a0 \u00a0 \u00a0Garc\u00eda \u00c1lvarez, C\u00e9sar\u00a0 \u00a0 \u00a0Garc\u00eda Nistal, Joaqu\u00edn \u00a0 \u00a0Herguedas Vela, Miguel \u00a0 \u00a0Herr\u00e1ez Ortega, M\u00aa Victoria \u00a0 \u00a0Jimeno Guerra, Vanessa\u00a0 \u00a0 \u00a0Mor\u00e1is [&hellip;]","og_url":"https:\/\/departamentos.unileon.es\/area-historia-del-arte\/personal\/","og_site_name":"\u00c1rea de Historia del Arte","article_modified_time":"2026-03-26T11:49:49+00:00","twitter_card":"summary_large_image","twitter_misc":{"Tiempo de lectura":"1 minuto"},"schema":{"@context":"https:\/\/schema.org","@graph":[{"@type":"WebPage","@id":"https:\/\/departamentos.unileon.es\/area-historia-del-arte\/personal\/","url":"https:\/\/departamentos.unileon.es\/area-historia-del-arte\/personal\/","name":"Personal - \u00c1rea de Historia del Arte","isPartOf":{"@id":"https:\/\/departamentos.unileon.es\/area-historia-del-arte\/#website"},"datePublished":"2017-01-13T09:39:31+00:00","dateModified":"2026-03-26T11:49:49+00:00","inLanguage":"es","potentialAction":[{"@type":"ReadAction","target":["https:\/\/departamentos.unileon.es\/area-historia-del-arte\/personal\/"]}]},{"@type":"WebSite","@id":"https:\/\/departamentos.unileon.es\/area-historia-del-arte\/#website","url":"https:\/\/departamentos.unileon.es\/area-historia-del-arte\/","name":"\u00c1rea de Historia del Arte","description":"p\u00e1gina de \u00c1rea de la Universidad de Le\u00f3n","potentialAction":[{"@type":"SearchAction","target":{"@type":"EntryPoint","urlTemplate":"https:\/\/departamentos.unileon.es\/area-historia-del-arte\/?s={search_term_string}"},"query-input":{"@type":"PropertyValueSpecification","valueRequired":true,"valueName":"search_term_string"}}],"inLanguage":"es"}]}},"_links":{"self":[{"href":"https:\/\/departamentos.unileon.es\/area-historia-del-arte\/wp-json\/wp\/v2\/pages\/53","targetHints":{"allow":["GET"]}}],"collection":[{"href":"https:\/\/departamentos.unileon.es\/area-historia-del-arte\/wp-json\/wp\/v2\/pages"}],"about":[{"href":"https:\/\/departamentos.unileon.es\/area-historia-del-arte\/wp-json\/wp\/v2\/types\/page"}],"author":[{"embeddable":true,"href":"https:\/\/departamentos.unileon.es\/area-historia-del-arte\/wp-json\/wp\/v2\/users\/150"}],"replies":[{"embeddable":true,"href":"https:\/\/departamentos.unileon.es\/area-historia-del-arte\/wp-json\/wp\/v2\/comments?post=53"}],"version-history":[{"count":86,"href":"https:\/\/departamentos.unileon.es\/area-historia-del-arte\/wp-json\/wp\/v2\/pages\/53\/revisions"}],"predecessor-version":[{"id":2138,"href":"https:\/\/departamentos.unileon.es\/area-historia-del-arte\/wp-json\/wp\/v2\/pages\/53\/revisions\/2138"}],"wp:attachment":[{"href":"https:\/\/departamentos.unileon.es\/area-historia-del-arte\/wp-json\/wp\/v2\/media?parent=53"}],"curies":[{"name":"wp","href":"https:\/\/api.w.org\/{rel}","templated":true}]}}