{"id":45,"date":"2017-01-12T13:07:12","date_gmt":"2017-01-12T13:07:12","guid":{"rendered":"http:\/\/departamentos.unileon.es\/area-historia-del-arte\/?page_id=45"},"modified":"2022-03-13T11:38:57","modified_gmt":"2022-03-13T11:38:57","slug":"informacion-de-contacto","status":"publish","type":"page","link":"https:\/\/departamentos.unileon.es\/area-historia-del-arte\/informacion-de-contacto\/","title":{"rendered":"Informaci\u00f3n de contacto"},"content":{"rendered":"<table>\n<tbody>\n<tr>\n<th class=\"alignleft\"><a href=\"https:\/\/www.google.es\/maps\/place\/Facultad+de+Filosof%C3%ADa+y+Letras\/@42.6124571,-5.5600815,17z\/data=!4m12!1m6!3m5!1s0xd3790759f710ee9:0x958bd63d17ebaf3e!2sFacultad+de+Filosof%C3%ADa+y+Letras!8m2!3d42.6124492!4d-5.5595129!3m4!1s0xd3790759f710ee9:0x958bd63d17ebaf3e!8m2!3d42.6124492!4d-5.5595129\" target=\"_blank\" rel=\"noopener\">Direcci\u00f3n Postal<\/a><\/th>\n<td><a href=\"https:\/\/www.google.es\/maps\/place\/Facultad+de+Filosof%C3%ADa+y+Letras\/@42.6124571,-5.5600815,17z\/data=!4m12!1m6!3m5!1s0xd3790759f710ee9:0x958bd63d17ebaf3e!2sFacultad+de+Filosof%C3%ADa+y+Letras!8m2!3d42.6124492!4d-5.5595129!3m4!1s0xd3790759f710ee9:0x958bd63d17ebaf3e!8m2!3d42.6124492!4d-5.5595129\"><img loading=\"lazy\" decoding=\"async\" class=\"alignnone wp-image-98\" src=\"http:\/\/departamentos.unileon.es\/area-historia-del-arte\/files\/2017\/01\/Sin-t\u00edtulo3.png\" width=\"450\" height=\"73\" srcset=\"https:\/\/departamentos.unileon.es\/area-historia-del-arte\/files\/2017\/01\/Sin-t\u00edtulo3.png 543w, https:\/\/departamentos.unileon.es\/area-historia-del-arte\/files\/2017\/01\/Sin-t\u00edtulo3-300x49.png 300w\" sizes=\"auto, (max-width: 450px) 100vw, 450px\" \/><\/a>&nbsp;\n\nDepartamento de Patrimonio Art\u00edstico y Documental\nUNIVERSIDAD DE LE\u00d3N\nFacultad de Filosof\u00eda y Letras\nCampus de Vegazana, s\/n\n24071 LE\u00d3N<\/td>\n<\/tr>\n<tr>\n<th class=\"alignleft\">tel\u00e9fono\nfax\nbuz\u00f3n electr\u00f3nico<\/th>\n<td>987291064\n987291863\n<a href=\"mailto:dpadadm@unileon.es\">dpadadm@unileon.es<\/a>&nbsp;<\/td>\n<\/tr>\n<tr>\n<th class=\"alignleft\">Coordinador del \u00c1rea&nbsp;\ntel\u00e9fono\ncorreo electr\u00f3nico<\/th>\n<td>Joaqu\u00edn Garc\u00eda Nistal\n987291069\n<a href=\"mailto:dpadadm@unileon.es\">jgarn@unileon.es<\/a><\/td>\n<\/tr>\n<tr>\n<th class=\"alignleft\">&nbsp;<\/th>\n<td>&nbsp;<\/td>\n<\/tr>\n<\/tbody>\n<\/table>\n&nbsp;","protected":false},"excerpt":{"rendered":"<p>Direcci\u00f3n Postal &nbsp; Departamento de Patrimonio Art\u00edstico y Documental UNIVERSIDAD DE LE\u00d3N Facultad de Filosof\u00eda y Letras Campus de Vegazana, s\/n 24071 LE\u00d3N tel\u00e9fono fax buz\u00f3n electr\u00f3nico 987291064 987291863 dpadadm@unileon.es&nbsp; Coordinador del \u00c1rea&nbsp; tel\u00e9fono correo electr\u00f3nico Joaqu\u00edn Garc\u00eda Nistal 987291069 jgarn@unileon.es &nbsp; &nbsp; &nbsp;<\/p>\n","protected":false},"author":150,"featured_media":0,"parent":0,"menu_order":0,"comment_status":"closed","ping_status":"closed","template":"","meta":{"ngg_post_thumbnail":0,"footnotes":""},"class_list":["post-45","page","type-page","status-publish","hentry"],"yoast_head":"<!-- This site is optimized with the Yoast SEO plugin v25.8 - https:\/\/yoast.com\/wordpress\/plugins\/seo\/ -->\n<title>Informaci\u00f3n de contacto - \u00c1rea de Historia del Arte<\/title>\n<meta name=\"robots\" content=\"index, follow, max-snippet:-1, max-image-preview:large, max-video-preview:-1\" \/>\n<link rel=\"canonical\" href=\"https:\/\/departamentos.unileon.es\/area-historia-del-arte\/informacion-de-contacto\/\" \/>\n<meta property=\"og:locale\" content=\"es_ES\" \/>\n<meta property=\"og:type\" content=\"article\" \/>\n<meta property=\"og:title\" content=\"Informaci\u00f3n de contacto - \u00c1rea de Historia del Arte\" \/>\n<meta property=\"og:description\" content=\"Direcci\u00f3n Postal &nbsp; Departamento de Patrimonio Art\u00edstico y Documental UNIVERSIDAD DE LE\u00d3N Facultad de Filosof\u00eda y Letras Campus de Vegazana, s\/n 24071 LE\u00d3N tel\u00e9fono fax buz\u00f3n electr\u00f3nico 987291064 987291863 dpadadm@unileon.es&nbsp; Coordinador del \u00c1rea&nbsp; tel\u00e9fono correo electr\u00f3nico Joaqu\u00edn Garc\u00eda Nistal 987291069 jgarn@unileon.es &nbsp; &nbsp; &nbsp;\" \/>\n<meta property=\"og:url\" content=\"https:\/\/departamentos.unileon.es\/area-historia-del-arte\/informacion-de-contacto\/\" \/>\n<meta property=\"og:site_name\" content=\"\u00c1rea de Historia del Arte\" \/>\n<meta property=\"article:modified_time\" content=\"2022-03-13T11:38:57+00:00\" \/>\n<meta name=\"twitter:card\" content=\"summary_large_image\" \/>\n<script type=\"application\/ld+json\" class=\"yoast-schema-graph\">{\"@context\":\"https:\/\/schema.org\",\"@graph\":[{\"@type\":\"WebPage\",\"@id\":\"https:\/\/departamentos.unileon.es\/area-historia-del-arte\/informacion-de-contacto\/\",\"url\":\"https:\/\/departamentos.unileon.es\/area-historia-del-arte\/informacion-de-contacto\/\",\"name\":\"Informaci\u00f3n de contacto - \u00c1rea de Historia del Arte\",\"isPartOf\":{\"@id\":\"https:\/\/departamentos.unileon.es\/area-historia-del-arte\/#website\"},\"datePublished\":\"2017-01-12T13:07:12+00:00\",\"dateModified\":\"2022-03-13T11:38:57+00:00\",\"inLanguage\":\"es\",\"potentialAction\":[{\"@type\":\"ReadAction\",\"target\":[\"https:\/\/departamentos.unileon.es\/area-historia-del-arte\/informacion-de-contacto\/\"]}]},{\"@type\":\"WebSite\",\"@id\":\"https:\/\/departamentos.unileon.es\/area-historia-del-arte\/#website\",\"url\":\"https:\/\/departamentos.unileon.es\/area-historia-del-arte\/\",\"name\":\"\u00c1rea de Historia del Arte\",\"description\":\"p\u00e1gina de \u00c1rea de la Universidad de Le\u00f3n\",\"potentialAction\":[{\"@type\":\"SearchAction\",\"target\":{\"@type\":\"EntryPoint\",\"urlTemplate\":\"https:\/\/departamentos.unileon.es\/area-historia-del-arte\/?s={search_term_string}\"},\"query-input\":{\"@type\":\"PropertyValueSpecification\",\"valueRequired\":true,\"valueName\":\"search_term_string\"}}],\"inLanguage\":\"es\"}]}<\/script>\n<!-- \/ Yoast SEO plugin. -->","yoast_head_json":{"title":"Informaci\u00f3n de contacto - \u00c1rea de Historia del Arte","robots":{"index":"index","follow":"follow","max-snippet":"max-snippet:-1","max-image-preview":"max-image-preview:large","max-video-preview":"max-video-preview:-1"},"canonical":"https:\/\/departamentos.unileon.es\/area-historia-del-arte\/informacion-de-contacto\/","og_locale":"es_ES","og_type":"article","og_title":"Informaci\u00f3n de contacto - \u00c1rea de Historia del Arte","og_description":"Direcci\u00f3n Postal &nbsp; Departamento de Patrimonio Art\u00edstico y Documental UNIVERSIDAD DE LE\u00d3N Facultad de Filosof\u00eda y Letras Campus de Vegazana, s\/n 24071 LE\u00d3N tel\u00e9fono fax buz\u00f3n electr\u00f3nico 987291064 987291863 dpadadm@unileon.es&nbsp; Coordinador del \u00c1rea&nbsp; tel\u00e9fono correo electr\u00f3nico Joaqu\u00edn Garc\u00eda Nistal 987291069 jgarn@unileon.es &nbsp; &nbsp; &nbsp;","og_url":"https:\/\/departamentos.unileon.es\/area-historia-del-arte\/informacion-de-contacto\/","og_site_name":"\u00c1rea de Historia del Arte","article_modified_time":"2022-03-13T11:38:57+00:00","twitter_card":"summary_large_image","schema":{"@context":"https:\/\/schema.org","@graph":[{"@type":"WebPage","@id":"https:\/\/departamentos.unileon.es\/area-historia-del-arte\/informacion-de-contacto\/","url":"https:\/\/departamentos.unileon.es\/area-historia-del-arte\/informacion-de-contacto\/","name":"Informaci\u00f3n de contacto - \u00c1rea de Historia del Arte","isPartOf":{"@id":"https:\/\/departamentos.unileon.es\/area-historia-del-arte\/#website"},"datePublished":"2017-01-12T13:07:12+00:00","dateModified":"2022-03-13T11:38:57+00:00","inLanguage":"es","potentialAction":[{"@type":"ReadAction","target":["https:\/\/departamentos.unileon.es\/area-historia-del-arte\/informacion-de-contacto\/"]}]},{"@type":"WebSite","@id":"https:\/\/departamentos.unileon.es\/area-historia-del-arte\/#website","url":"https:\/\/departamentos.unileon.es\/area-historia-del-arte\/","name":"\u00c1rea de Historia del Arte","description":"p\u00e1gina de \u00c1rea de la Universidad de Le\u00f3n","potentialAction":[{"@type":"SearchAction","target":{"@type":"EntryPoint","urlTemplate":"https:\/\/departamentos.unileon.es\/area-historia-del-arte\/?s={search_term_string}"},"query-input":{"@type":"PropertyValueSpecification","valueRequired":true,"valueName":"search_term_string"}}],"inLanguage":"es"}]}},"_links":{"self":[{"href":"https:\/\/departamentos.unileon.es\/area-historia-del-arte\/wp-json\/wp\/v2\/pages\/45","targetHints":{"allow":["GET"]}}],"collection":[{"href":"https:\/\/departamentos.unileon.es\/area-historia-del-arte\/wp-json\/wp\/v2\/pages"}],"about":[{"href":"https:\/\/departamentos.unileon.es\/area-historia-del-arte\/wp-json\/wp\/v2\/types\/page"}],"author":[{"embeddable":true,"href":"https:\/\/departamentos.unileon.es\/area-historia-del-arte\/wp-json\/wp\/v2\/users\/150"}],"replies":[{"embeddable":true,"href":"https:\/\/departamentos.unileon.es\/area-historia-del-arte\/wp-json\/wp\/v2\/comments?post=45"}],"version-history":[{"count":14,"href":"https:\/\/departamentos.unileon.es\/area-historia-del-arte\/wp-json\/wp\/v2\/pages\/45\/revisions"}],"predecessor-version":[{"id":1526,"href":"https:\/\/departamentos.unileon.es\/area-historia-del-arte\/wp-json\/wp\/v2\/pages\/45\/revisions\/1526"}],"wp:attachment":[{"href":"https:\/\/departamentos.unileon.es\/area-historia-del-arte\/wp-json\/wp\/v2\/media?parent=45"}],"curies":[{"name":"wp","href":"https:\/\/api.w.org\/{rel}","templated":true}]}}