{"id":43,"date":"2017-01-12T13:05:47","date_gmt":"2017-01-12T13:05:47","guid":{"rendered":"http:\/\/departamentos.unileon.es\/area-historia-del-arte\/?page_id=43"},"modified":"2022-11-07T18:27:49","modified_gmt":"2022-11-07T18:27:49","slug":"actividades","status":"publish","type":"page","link":"https:\/\/departamentos.unileon.es\/area-historia-del-arte\/actividades\/","title":{"rendered":"Actividades y noticias"},"content":{"rendered":"<span style=\"color: #ff6600;\">Taller <strong>DIGITAL&amp;MEDIA. RECURSOS DIGITALES Y ARTE MEDIEVAL<\/strong> (Semana de la Ciencia en Castilla y Le\u00f3n)<\/span>\n\n<span style=\"color: #0000ff;\">14\/11\/2022. Aula 01 de la Facultad de Filosof\u00eda y Letras. 17:00 h.<\/span>\n\n<a href=\"https:\/\/departamentos.unileon.es\/area-historia-del-arte\/ciencia-cyl\/\"><img loading=\"lazy\" decoding=\"async\" class=\"alignleft wp-image-1743\" src=\"http:\/\/departamentos.unileon.es\/area-historia-del-arte\/files\/2022\/11\/Ciencia-CYL.jpg\" alt=\"\" width=\"450\" height=\"338\"><\/a>\n\n<strong><span style=\"color: #ff6600;\">LOS MARTES DEL ARTE<\/span>&nbsp;(grupo Id-<span style=\"background-color: #ffffff; color: #ff0000;\">Arte<\/span>)<\/strong>\n\n<a href=\"https:\/\/departamentos.unileon.es\/area-historia-del-arte\/los-martes-del-arte\/\"><img loading=\"lazy\" decoding=\"async\" class=\"aligncenter wp-image-1531\" src=\"http:\/\/departamentos.unileon.es\/area-historia-del-arte\/files\/2022\/03\/los-martes-del-arte.jpg\" alt=\"\" width=\"450\" height=\"630\"><\/a>\n\n<a href=\"http:\/\/departamentos.unileon.es\/area-historia-del-arte\/files\/2022\/03\/CARTEL-SECOT-PARA-JORNADAS-MARZO-2022.pdf\" target=\"_blank\" rel=\"noopener\"><span style=\"color: #000000;\"><em><strong>Historia y futuro del Patrimonio art\u00edstico de Le\u00f3n<\/strong><\/em><\/span><\/a>\n\n<strong>15, 22 y 29 de marzo de 2022 (19:00 h.) Instituto Leon\u00e9s de Cultura. Sala Regi\u00f3n. C\/ santa Nonia 3. LE\u00d3N<\/strong>\n\nenlace a noticias <a href=\"https:\/\/www.diariodeleon.es\/articulo\/cultura\/vuelven-martes-arte-organizados-secot-ilc-universidad\/202203110334342200262.html\" target=\"_blank\" rel=\"noopener\">Diario de Le\u00f3n<\/a>\n\n&nbsp;\n\n<strong><span style=\"color: #ff6600;\">SEMINARIO DE INNOVACI\u00d3N DOCENTE<\/span> (grupo Id-<span style=\"background-color: #ffffff; color: #ff0000;\">Arte<\/span>)<\/strong>\n\n<span style=\"color: #000000;\"><em><strong>C\u00f3mo hacer un buen trabajo acad\u00e9mico. Herramientas <span style=\"background-color: #ffffff;\">b\u00e1sicas<\/span> para el historiador del arte<\/strong><\/em><\/span>\n\n<strong>19 de noviembre (10:30-12:00 h.) Aula 10 de la Facultad de Filosof\u00eda y Letras (ULE)<\/strong>\n\n<a href=\"http:\/\/departamentos.unileon.es\/area-historia-del-arte\/files\/2021\/11\/Seminario-Herramientas-academicas-basicas.pdf\" target=\"_blank\" rel=\"noopener\">Informaci\u00f3n Seminario&nbsp;<\/a>\n\n<a href=\"https:\/\/departamentos.unileon.es\/area-historia-del-arte\/actividades\/seminari-id\/\" rel=\"attachment wp-att-1407\"><img loading=\"lazy\" decoding=\"async\" class=\"alignleft wp-image-1407\" src=\"http:\/\/departamentos.unileon.es\/area-historia-del-arte\/files\/2021\/11\/seminari-ID.jpg\" alt=\"\" width=\"605\" height=\"373\"><\/a>\n\n&nbsp;\n\n&nbsp;\n\n&nbsp;\n\n<strong>SEMINARIO DE INNOVACI\u00d3N DOCENTE (grupo Id-Arte)<\/strong>\n\n<em><strong>Descubre el futuro profesional de la investigaci\u00f3n<\/strong><\/em>\n\n<strong>26 de febrero y 5 de marzo de 2021 (10:00-11:00 h.) (presencial y <em>online<\/em>)<\/strong>\n\n<a href=\"http:\/\/departamentos.unileon.es\/area-historia-del-arte\/seminario-inicio-a-la-investigacion\/\">Seminario Inicio a la Investigaci\u00f3n<\/a>\n\n&nbsp;\n\n&nbsp;\n\n<a href=\"http:\/\/departamentos.unileon.es\/area-historia-del-arte\/files\/2021\/02\/Seminario-Inicio-a-la-Investigacio\u0301n.jpg\"><img loading=\"lazy\" decoding=\"async\" class=\"aligncenter wp-image-1205\" src=\"http:\/\/departamentos.unileon.es\/area-historia-del-arte\/files\/2021\/02\/Seminario-Inicio-a-la-Investigacio\u0301n.jpg\" alt=\"\" width=\"680\" height=\"383\"><\/a>\n\n&nbsp;\n\n&nbsp;\n\n<strong>SEMINARIO INTERUNIVERSITARIO<\/strong>\n\n<em><strong>Identidades y patrimonios invisibles<\/strong><\/em>\n\n<strong>mi\u00e9rcoles 18 y jueves 19 de noviembre de 2020. (<em>online<\/em>. Acceso abierto)<\/strong>\n\n<img loading=\"lazy\" decoding=\"async\" class=\"aligncenter wp-image-1116\" src=\"http:\/\/departamentos.unileon.es\/area-historia-del-arte\/files\/2020\/11\/patrimonios.jpg\" alt=\"\" width=\"450\" height=\"627\">\n\n&nbsp;\n\n&nbsp;\n\n<strong>CICLO<\/strong>\n\n<em><strong>Los martes del Arte. Historia y futuro del patrimonio art\u00edstico de Le\u00f3n<\/strong><\/em>\n\n<strong>(todos los martes del mes de marzo de 2020). Instituto Leon\u00e9s de Cultura. Sala Regi\u00f3n (C\/ Santa Nonia, 3)<\/strong>\n\n<img loading=\"lazy\" decoding=\"async\" class=\"wp-image-976 aligncenter\" src=\"http:\/\/departamentos.unileon.es\/area-historia-del-arte\/files\/2020\/02\/Cartel-Martes-del-Arte_web.jpg\" alt=\"\" width=\"300\" height=\"422\">\n\n<strong>SEMINARIO<\/strong>\n\n<em><strong>El Conjunto Hist\u00f3rico de Grajal de Campos (2019)<\/strong><\/em>\n\n<strong>(1-2 de marzo de 2019). Palacio de los Vega. Grajal de Campos<\/strong>\n\n<a href=\"http:\/\/departamentos.unileon.es\/area-historia-del-arte\/files\/2019\/02\/programaGrajal2019.pdf\" target=\"_blank\" rel=\"noopener noreferrer\">programa<\/a>\n\n<img loading=\"lazy\" decoding=\"async\" class=\"aligncenter wp-image-833 size-full\" src=\"http:\/\/departamentos.unileon.es\/area-historia-del-arte\/files\/2019\/02\/cartel2019RED-e1550828815461.jpg\" alt=\"\" width=\"350\" height=\"490\">\n\n<strong>ENTRE DOS CORONAS:<\/strong>\n\n<em><strong>Inglaterra y Castilla en tiempos de Catalina de Lancaster<\/strong><\/em>\n\n<strong>(14-15 de febrero de 2019). Aula Magna y Aula 10. Facultad de Filosof\u00eda y Letras de la Universidad de Le\u00f3n<\/strong>\n\n<img loading=\"lazy\" decoding=\"async\" class=\"aligncenter wp-image-812\" src=\"http:\/\/departamentos.unileon.es\/area-historia-del-arte\/files\/2019\/02\/Entre-dos-coronas-cartel-212x300.jpg\" alt=\"\" width=\"300\" height=\"424\" srcset=\"https:\/\/departamentos.unileon.es\/area-historia-del-arte\/files\/2019\/02\/Entre-dos-coronas-cartel-212x300.jpg 212w, https:\/\/departamentos.unileon.es\/area-historia-del-arte\/files\/2019\/02\/Entre-dos-coronas-cartel-768x1086.jpg 768w, https:\/\/departamentos.unileon.es\/area-historia-del-arte\/files\/2019\/02\/Entre-dos-coronas-cartel-724x1024.jpg 724w, https:\/\/departamentos.unileon.es\/area-historia-del-arte\/files\/2019\/02\/Entre-dos-coronas-cartel.jpg 1654w\" sizes=\"auto, (max-width: 300px) 100vw, 300px\" \/>\n\n<a href=\"http:\/\/departamentos.unileon.es\/area-historia-del-arte\/files\/2019\/02\/Entre-dos-coronas-Catalina-programa.pdf\" target=\"_blank\" rel=\"noopener noreferrer\">tr\u00edptico e informaci\u00f3n del curso<\/a>\n\n&nbsp;\n\n<strong>CURSO DE EXTENSI\u00d3N UNIVERSITARIA<\/strong>\n\n<em><strong>VIII Curso \u00abEl legado musical. M\u00fasicas hist\u00f3ricas\u00bb CNDM\/ULE<\/strong><\/em>\n\n<strong>(17 de enero-25 de mayo de 2019). Auditorio Ciudad de Le\u00f3n<\/strong>\n\n<a href=\"http:\/\/departamentos.unileon.es\/area-historia-del-arte\/files\/2018\/11\/Folleto-Programa-19.1.pdf\" target=\"_blank\" rel=\"noopener noreferrer\">tr\u00edptico e informaci\u00f3n del curso<\/a>\n\n<img loading=\"lazy\" decoding=\"async\" class=\"alignleft size-full wp-image-653\" src=\"http:\/\/departamentos.unileon.es\/area-historia-del-arte\/files\/2018\/11\/Cartel-Legado-musical-19.1-001-e1543485020904.jpg\" alt=\"\" width=\"300\" height=\"424\">\n\n<strong>DEL AULA AL MUSEO<\/strong>\n\n<em><strong>II Plan de Colaboraci\u00f3n entre la Universidad y los Museos leoneses<\/strong><\/em>\n\n<img loading=\"lazy\" decoding=\"async\" class=\"alignleft wp-image-594\" src=\"http:\/\/departamentos.unileon.es\/area-historia-del-arte\/files\/2018\/05\/Cartel-general-18-791x1024.jpg\" alt=\"\" width=\"400\" height=\"517\">\n\n&nbsp;\n\n<em><strong>FAZER A LO MODERNO O A LO ROMANO<\/strong><\/em>\n\n<em><strong>Im\u00e1genes y textos del libro castellano del siglo XV<\/strong><\/em>\n\n<em><strong>Workshop <\/strong><\/em><strong>(8-9 de febrero de 2018). Aula de Grados. Facultad de Filosof\u00eda y Letras<\/strong>\n\n<img loading=\"lazy\" decoding=\"async\" class=\"alignleft size-full wp-image-578\" src=\"http:\/\/departamentos.unileon.es\/area-historia-del-arte\/files\/2018\/01\/Cartel-e1517402882801.jpg\" alt=\"\" width=\"450\" height=\"636\">\n\n<a href=\"http:\/\/departamentos.unileon.es\/area-historia-del-arte\/files\/2018\/01\/Programa.pdf\" target=\"_blank\" rel=\"noopener noreferrer\">programa<\/a>\n\n&nbsp;\n\n&nbsp;\n\n<strong>VII CURSO DE EXTENSI\u00d3N UNIVERSITARIA CNDM\/ULE<\/strong>\n\n<em><strong>El Legado Musical. M\u00fasicas Hist\u00f3ricas<\/strong><\/em>\n\n11\/01\/2018-11\/05\/2018&nbsp;\n\n<a href=\"http:\/\/departamentos.unileon.es\/area-historia-del-arte\/files\/2017\/12\/musicas_historicas-triptico.pdf\" target=\"_blank\" rel=\"noopener noreferrer\">tr\u00edptico del curso<\/a>\n\n<a href=\"http:\/\/extensionuniversitaria.unileon.es\/euniversitaria\/curso.aspx?id=1245\" target=\"_blank\" rel=\"noopener noreferrer\">informaci\u00f3n y matr\u00edcula<\/a>\n\n<img loading=\"lazy\" decoding=\"async\" class=\"size-full wp-image-567 alignleft\" src=\"http:\/\/departamentos.unileon.es\/area-historia-del-arte\/files\/2017\/12\/M\u00fasicas-hist\u00f3ricas-cartel-1-e1513685171117.jpg\" alt=\"\" width=\"300\" height=\"530\">\n\n&nbsp;\n\n<strong>SEMINARIO INTERNACIONAL<\/strong>\n\n<span style=\"color: #000000;\"><b>RELACIONES INTERNACIONALES EN BIZANCIO, <\/b><\/span><span style=\"color: #000000;\"><b>AL-ANDALUS Y EL ANTIGUO REINO DE LE\u00d3N DURANTE LA EDAD MEDIA<\/b><\/span>\n\n<img loading=\"lazy\" decoding=\"async\" class=\"alignleft size-large wp-image-540\" src=\"http:\/\/departamentos.unileon.es\/area-historia-del-arte\/files\/2017\/11\/Cartel-Bizancio-1024x768.jpg\" alt=\"\" width=\"640\" height=\"480\" srcset=\"https:\/\/departamentos.unileon.es\/area-historia-del-arte\/files\/2017\/11\/Cartel-Bizancio-1024x768.jpg 1024w, https:\/\/departamentos.unileon.es\/area-historia-del-arte\/files\/2017\/11\/Cartel-Bizancio-300x225.jpg 300w, https:\/\/departamentos.unileon.es\/area-historia-del-arte\/files\/2017\/11\/Cartel-Bizancio-768x576.jpg 768w\" sizes=\"auto, (max-width: 640px) 100vw, 640px\" \/>\n\n<a href=\"http:\/\/departamentos.unileon.es\/area-historia-del-arte\/files\/2017\/11\/Seminario-Bizancio-color.pdf\" target=\"_blank\" rel=\"noopener noreferrer\">seminario internacional pdf.<\/a>\n\n&nbsp;\n\n<strong>SIMPOSIO INTERNACIONAL<\/strong>\n\n<strong>OBISPOS Y CATEDRALES. ARTE EN LA CASTILLA BAJOMEDIEVAL<\/strong>\n\n<img loading=\"lazy\" decoding=\"async\" class=\"alignleft size-large wp-image-503\" src=\"http:\/\/departamentos.unileon.es\/area-historia-del-arte\/files\/2017\/01\/Obispos-Cartel-definitivo-791x1024.jpg\" alt=\"\" width=\"640\" height=\"829\" srcset=\"https:\/\/departamentos.unileon.es\/area-historia-del-arte\/files\/2017\/01\/Obispos-Cartel-definitivo-791x1024.jpg 791w, https:\/\/departamentos.unileon.es\/area-historia-del-arte\/files\/2017\/01\/Obispos-Cartel-definitivo-232x300.jpg 232w, https:\/\/departamentos.unileon.es\/area-historia-del-arte\/files\/2017\/01\/Obispos-Cartel-definitivo-768x994.jpg 768w\" sizes=\"auto, (max-width: 640px) 100vw, 640px\" \/>\n\n<a href=\"http:\/\/departamentos.unileon.es\/area-historia-del-arte\/files\/2017\/10\/programa-simposio.pdf\">programa simposio<\/a>\n\n&nbsp;\n\n&nbsp;\n\n<hr>\n\n&nbsp;\n\n<strong>CURSO DE VERANO 2017<\/strong>\n\n<strong>Libros medievales: Sociedad, poder y cultura en torno al Fuero de Le\u00f3n&nbsp;&nbsp; <\/strong><span class=\"Apple-style-span\"><a href=\"http:\/\/extensionuniversitaria.unileon.es\/euniversitaria\/files\/Libros_medievalesbb-min.pdf\" target=\"_blank\" rel=\"noopener noreferrer\"><strong>PDF<\/strong><\/a>&nbsp;<\/span>\n\n<span class=\"Apple-style-span\"><img loading=\"lazy\" decoding=\"async\" class=\"aligncenter wp-image-482 size-large\" src=\"http:\/\/departamentos.unileon.es\/area-historia-del-arte\/files\/2017\/01\/Libros_medievales_Cartel-724x1024.jpg\" alt=\"\" width=\"640\" height=\"905\"><\/span>\n\n&nbsp;\n\n<strong>PROYECTO DEL PLAN DE APOYO A LA INNOVACI\u00d3N DOCENTE-ULE\/2017<\/strong><img loading=\"lazy\" decoding=\"async\" class=\"alignleft size-full wp-image-490\" src=\"http:\/\/departamentos.unileon.es\/area-historia-del-arte\/files\/2017\/01\/Sin-t\u00edtulo-5.jpg\" alt=\"\" width=\"478\" height=\"606\" srcset=\"https:\/\/departamentos.unileon.es\/area-historia-del-arte\/files\/2017\/01\/Sin-t\u00edtulo-5.jpg 478w, https:\/\/departamentos.unileon.es\/area-historia-del-arte\/files\/2017\/01\/Sin-t\u00edtulo-5-237x300.jpg 237w\" sizes=\"auto, (max-width: 478px) 100vw, 478px\" \/>\n\n&nbsp;\n\n&nbsp;\n\n&nbsp;\n\n&nbsp;\n\n&nbsp;\n\n&nbsp;\n\n&nbsp;\n<strong>CONFERENCIA<\/strong>\n\n<span class=\"Apple-style-span\"><strong>Los libros de horas en el siglo XV: \u00bfdep\u00f3sitos de identidad o veh\u00edculos de devoci\u00f3n?<\/strong> <\/span>\n\n<hr>\n\n<span class=\"Apple-style-span\"><strong>Dra. D\u00aa Paola Corti<\/strong>\n<em>Universidad Adolfo Ib\u00e1\u00f1ez (Chile)\n<strong><img loading=\"lazy\" decoding=\"async\" class=\"alignleft size-full wp-image-470\" src=\"http:\/\/departamentos.unileon.es\/area-historia-del-arte\/files\/2017\/01\/confe-corti-e1486036479724.png\" alt=\"\" width=\"500\" height=\"375\"><\/strong><\/em><\/span>\n\n&nbsp;\n\n&nbsp;\n\n&nbsp;\n\n<hr>\n\n&nbsp;\n\n&nbsp;\n\n&nbsp;","protected":false},"excerpt":{"rendered":"<p>Taller DIGITAL&amp;MEDIA. RECURSOS DIGITALES Y ARTE MEDIEVAL (Semana de la Ciencia en Castilla y Le\u00f3n) 14\/11\/2022. Aula 01 de la Facultad de Filosof\u00eda y Letras. 17:00 h. LOS MARTES DEL ARTE&nbsp;(grupo Id-Arte) Historia y futuro del Patrimonio art\u00edstico de Le\u00f3n 15, 22 y 29 de marzo de 2022 (19:00 h.) Instituto Leon\u00e9s de Cultura. Sala [&hellip;]<\/p>\n","protected":false},"author":151,"featured_media":0,"parent":0,"menu_order":0,"comment_status":"closed","ping_status":"closed","template":"","meta":{"ngg_post_thumbnail":0,"footnotes":""},"class_list":["post-43","page","type-page","status-publish","hentry"],"yoast_head":"<!-- This site is optimized with the Yoast SEO plugin v25.8 - https:\/\/yoast.com\/wordpress\/plugins\/seo\/ -->\n<title>Actividades y noticias - \u00c1rea de Historia del Arte<\/title>\n<meta name=\"robots\" content=\"index, follow, max-snippet:-1, max-image-preview:large, max-video-preview:-1\" \/>\n<link rel=\"canonical\" href=\"https:\/\/departamentos.unileon.es\/area-historia-del-arte\/actividades\/\" \/>\n<meta property=\"og:locale\" content=\"es_ES\" \/>\n<meta property=\"og:type\" content=\"article\" \/>\n<meta property=\"og:title\" content=\"Actividades y noticias - \u00c1rea de Historia del Arte\" \/>\n<meta property=\"og:description\" content=\"Taller DIGITAL&amp;MEDIA. RECURSOS DIGITALES Y ARTE MEDIEVAL (Semana de la Ciencia en Castilla y Le\u00f3n) 14\/11\/2022. Aula 01 de la Facultad de Filosof\u00eda y Letras. 17:00 h. LOS MARTES DEL ARTE&nbsp;(grupo Id-Arte) Historia y futuro del Patrimonio art\u00edstico de Le\u00f3n 15, 22 y 29 de marzo de 2022 (19:00 h.) Instituto Leon\u00e9s de Cultura. Sala [&hellip;]\" \/>\n<meta property=\"og:url\" content=\"https:\/\/departamentos.unileon.es\/area-historia-del-arte\/actividades\/\" \/>\n<meta property=\"og:site_name\" content=\"\u00c1rea de Historia del Arte\" \/>\n<meta property=\"article:modified_time\" content=\"2022-11-07T18:27:49+00:00\" \/>\n<meta property=\"og:image\" content=\"https:\/\/departamentos.unileon.es\/area-historia-del-arte\/files\/2022\/11\/Ciencia-CYL.jpg\" \/>\n\t<meta property=\"og:image:width\" content=\"1500\" \/>\n\t<meta property=\"og:image:height\" content=\"1125\" \/>\n\t<meta property=\"og:image:type\" content=\"image\/jpeg\" \/>\n<meta name=\"twitter:card\" content=\"summary_large_image\" \/>\n<meta name=\"twitter:label1\" content=\"Tiempo de lectura\" \/>\n\t<meta name=\"twitter:data1\" content=\"2 minutos\" \/>\n<script type=\"application\/ld+json\" class=\"yoast-schema-graph\">{\"@context\":\"https:\/\/schema.org\",\"@graph\":[{\"@type\":\"WebPage\",\"@id\":\"https:\/\/departamentos.unileon.es\/area-historia-del-arte\/actividades\/\",\"url\":\"https:\/\/departamentos.unileon.es\/area-historia-del-arte\/actividades\/\",\"name\":\"Actividades y noticias - \u00c1rea de Historia del Arte\",\"isPartOf\":{\"@id\":\"https:\/\/departamentos.unileon.es\/area-historia-del-arte\/#website\"},\"primaryImageOfPage\":{\"@id\":\"https:\/\/departamentos.unileon.es\/area-historia-del-arte\/actividades\/#primaryimage\"},\"image\":{\"@id\":\"https:\/\/departamentos.unileon.es\/area-historia-del-arte\/actividades\/#primaryimage\"},\"thumbnailUrl\":\"http:\/\/departamentos.unileon.es\/area-historia-del-arte\/files\/2022\/11\/Ciencia-CYL.jpg\",\"datePublished\":\"2017-01-12T13:05:47+00:00\",\"dateModified\":\"2022-11-07T18:27:49+00:00\",\"inLanguage\":\"es\",\"potentialAction\":[{\"@type\":\"ReadAction\",\"target\":[\"https:\/\/departamentos.unileon.es\/area-historia-del-arte\/actividades\/\"]}]},{\"@type\":\"ImageObject\",\"inLanguage\":\"es\",\"@id\":\"https:\/\/departamentos.unileon.es\/area-historia-del-arte\/actividades\/#primaryimage\",\"url\":\"https:\/\/departamentos.unileon.es\/area-historia-del-arte\/files\/2022\/11\/Ciencia-CYL.jpg\",\"contentUrl\":\"https:\/\/departamentos.unileon.es\/area-historia-del-arte\/files\/2022\/11\/Ciencia-CYL.jpg\",\"width\":1500,\"height\":1125},{\"@type\":\"WebSite\",\"@id\":\"https:\/\/departamentos.unileon.es\/area-historia-del-arte\/#website\",\"url\":\"https:\/\/departamentos.unileon.es\/area-historia-del-arte\/\",\"name\":\"\u00c1rea de Historia del Arte\",\"description\":\"p\u00e1gina de \u00c1rea de la Universidad de Le\u00f3n\",\"potentialAction\":[{\"@type\":\"SearchAction\",\"target\":{\"@type\":\"EntryPoint\",\"urlTemplate\":\"https:\/\/departamentos.unileon.es\/area-historia-del-arte\/?s={search_term_string}\"},\"query-input\":{\"@type\":\"PropertyValueSpecification\",\"valueRequired\":true,\"valueName\":\"search_term_string\"}}],\"inLanguage\":\"es\"}]}<\/script>\n<!-- \/ Yoast SEO plugin. -->","yoast_head_json":{"title":"Actividades y noticias - \u00c1rea de Historia del Arte","robots":{"index":"index","follow":"follow","max-snippet":"max-snippet:-1","max-image-preview":"max-image-preview:large","max-video-preview":"max-video-preview:-1"},"canonical":"https:\/\/departamentos.unileon.es\/area-historia-del-arte\/actividades\/","og_locale":"es_ES","og_type":"article","og_title":"Actividades y noticias - \u00c1rea de Historia del Arte","og_description":"Taller DIGITAL&amp;MEDIA. RECURSOS DIGITALES Y ARTE MEDIEVAL (Semana de la Ciencia en Castilla y Le\u00f3n) 14\/11\/2022. Aula 01 de la Facultad de Filosof\u00eda y Letras. 17:00 h. LOS MARTES DEL ARTE&nbsp;(grupo Id-Arte) Historia y futuro del Patrimonio art\u00edstico de Le\u00f3n 15, 22 y 29 de marzo de 2022 (19:00 h.) Instituto Leon\u00e9s de Cultura. Sala [&hellip;]","og_url":"https:\/\/departamentos.unileon.es\/area-historia-del-arte\/actividades\/","og_site_name":"\u00c1rea de Historia del Arte","article_modified_time":"2022-11-07T18:27:49+00:00","og_image":[{"width":1500,"height":1125,"url":"https:\/\/departamentos.unileon.es\/area-historia-del-arte\/files\/2022\/11\/Ciencia-CYL.jpg","type":"image\/jpeg"}],"twitter_card":"summary_large_image","twitter_misc":{"Tiempo de lectura":"2 minutos"},"schema":{"@context":"https:\/\/schema.org","@graph":[{"@type":"WebPage","@id":"https:\/\/departamentos.unileon.es\/area-historia-del-arte\/actividades\/","url":"https:\/\/departamentos.unileon.es\/area-historia-del-arte\/actividades\/","name":"Actividades y noticias - \u00c1rea de Historia del Arte","isPartOf":{"@id":"https:\/\/departamentos.unileon.es\/area-historia-del-arte\/#website"},"primaryImageOfPage":{"@id":"https:\/\/departamentos.unileon.es\/area-historia-del-arte\/actividades\/#primaryimage"},"image":{"@id":"https:\/\/departamentos.unileon.es\/area-historia-del-arte\/actividades\/#primaryimage"},"thumbnailUrl":"http:\/\/departamentos.unileon.es\/area-historia-del-arte\/files\/2022\/11\/Ciencia-CYL.jpg","datePublished":"2017-01-12T13:05:47+00:00","dateModified":"2022-11-07T18:27:49+00:00","inLanguage":"es","potentialAction":[{"@type":"ReadAction","target":["https:\/\/departamentos.unileon.es\/area-historia-del-arte\/actividades\/"]}]},{"@type":"ImageObject","inLanguage":"es","@id":"https:\/\/departamentos.unileon.es\/area-historia-del-arte\/actividades\/#primaryimage","url":"https:\/\/departamentos.unileon.es\/area-historia-del-arte\/files\/2022\/11\/Ciencia-CYL.jpg","contentUrl":"https:\/\/departamentos.unileon.es\/area-historia-del-arte\/files\/2022\/11\/Ciencia-CYL.jpg","width":1500,"height":1125},{"@type":"WebSite","@id":"https:\/\/departamentos.unileon.es\/area-historia-del-arte\/#website","url":"https:\/\/departamentos.unileon.es\/area-historia-del-arte\/","name":"\u00c1rea de Historia del Arte","description":"p\u00e1gina de \u00c1rea de la Universidad de Le\u00f3n","potentialAction":[{"@type":"SearchAction","target":{"@type":"EntryPoint","urlTemplate":"https:\/\/departamentos.unileon.es\/area-historia-del-arte\/?s={search_term_string}"},"query-input":{"@type":"PropertyValueSpecification","valueRequired":true,"valueName":"search_term_string"}}],"inLanguage":"es"}]}},"_links":{"self":[{"href":"https:\/\/departamentos.unileon.es\/area-historia-del-arte\/wp-json\/wp\/v2\/pages\/43","targetHints":{"allow":["GET"]}}],"collection":[{"href":"https:\/\/departamentos.unileon.es\/area-historia-del-arte\/wp-json\/wp\/v2\/pages"}],"about":[{"href":"https:\/\/departamentos.unileon.es\/area-historia-del-arte\/wp-json\/wp\/v2\/types\/page"}],"author":[{"embeddable":true,"href":"https:\/\/departamentos.unileon.es\/area-historia-del-arte\/wp-json\/wp\/v2\/users\/151"}],"replies":[{"embeddable":true,"href":"https:\/\/departamentos.unileon.es\/area-historia-del-arte\/wp-json\/wp\/v2\/comments?post=43"}],"version-history":[{"count":84,"href":"https:\/\/departamentos.unileon.es\/area-historia-del-arte\/wp-json\/wp\/v2\/pages\/43\/revisions"}],"predecessor-version":[{"id":1746,"href":"https:\/\/departamentos.unileon.es\/area-historia-del-arte\/wp-json\/wp\/v2\/pages\/43\/revisions\/1746"}],"wp:attachment":[{"href":"https:\/\/departamentos.unileon.es\/area-historia-del-arte\/wp-json\/wp\/v2\/media?parent=43"}],"curies":[{"name":"wp","href":"https:\/\/api.w.org\/{rel}","templated":true}]}}