{"id":41,"date":"2017-01-12T13:05:27","date_gmt":"2017-01-12T13:05:27","guid":{"rendered":"http:\/\/departamentos.unileon.es\/area-historia-del-arte\/?page_id=41"},"modified":"2018-11-27T12:05:23","modified_gmt":"2018-11-27T12:05:23","slug":"revista-de-arte","status":"publish","type":"page","link":"https:\/\/departamentos.unileon.es\/area-historia-del-arte\/revista-de-arte\/","title":{"rendered":"DE ARTE. Revista de Historia del Arte"},"content":{"rendered":"<p style=\"text-align: justify;\"><a href=\"http:\/\/revpubli.unileon.es\/index.php\/dearte\/index\" target=\"_blank\" rel=\"noopener\"><img loading=\"lazy\" decoding=\"async\" class=\"wp-image-67 size-medium alignleft\" src=\"http:\/\/departamentos.unileon.es\/area-historia-del-arte\/files\/2017\/01\/cabecera-300x69.png\" width=\"300\" height=\"69\" srcset=\"https:\/\/departamentos.unileon.es\/area-historia-del-arte\/files\/2017\/01\/cabecera-300x69.png 300w, https:\/\/departamentos.unileon.es\/area-historia-del-arte\/files\/2017\/01\/cabecera-768x176.png 768w, https:\/\/departamentos.unileon.es\/area-historia-del-arte\/files\/2017\/01\/cabecera-1024x235.png 1024w, https:\/\/departamentos.unileon.es\/area-historia-del-arte\/files\/2017\/01\/cabecera.png 1186w\" sizes=\"auto, (max-width: 300px) 100vw, 300px\" \/><\/a><\/p>\r\n<p style=\"text-align: justify;\">&nbsp;<\/p>\r\n<p style=\"text-align: justify;\">&nbsp;<\/p>\r\n<p style=\"text-align: justify;\"><a href=\"http:\/\/revpubli.unileon.es\/index.php\/dearte\/index\" target=\"_blank\" rel=\"noopener\"><em><strong>De Arte <\/strong><\/em><\/a>es&nbsp;una revista que tiene como objetivo difundir conocimientos de Historia del Arte a trav\u00e9s de trabajos originales e in\u00e9ditos, fruto de la investigaci\u00f3n cient\u00edfica. La revista est\u00e1 abierta a investigadores de la comunidad cient\u00edfica internacional que se ocupen de temas relacionados con la Historia del Arte, tanto espa\u00f1ol como internacional. Va dirigida a la comunidad universitaria, investigadores, expertos y profesionales del Arte, as\u00ed como a todas aquellas personas interesadas en la tem\u00e1tica propia de la revista. Es de periodicidad anual. Las opiniones y hechos contenidos en los art\u00edculos publicados en la revista son de exclusiva responsabilidad de sus autores. El Consejo de Redacci\u00f3n no se hace responsable, en ning\u00fan caso, de la credibilidad y autenticidad de los trabajos. Los originales publicados son propiedad de la revista <em><strong>De Arte<\/strong><\/em>, por lo que es necesario citar la procedencia cuando se reproduzca total o parcialmente cualquier trabajo.<\/p>\r\n<p style=\"text-align: justify;\"><em><strong>De Arte<\/strong><\/em> publicar\u00e1 un n\u00famero anual en el que se recoger\u00e1n todos los textos que constituyen el n\u00famero completo.<\/p>\r\n<strong><em>De Arte<\/em><\/strong>&nbsp;est\u00e1 indexada en las siguientes bases de datos:\r\n\r\n<img loading=\"lazy\" decoding=\"async\" class=\"size-full wp-image-648 aligncenter\" src=\"http:\/\/departamentos.unileon.es\/area-historia-del-arte\/files\/2018\/11\/logos-revista-menor.jpg\" alt=\"\" width=\"413\" height=\"124\" srcset=\"https:\/\/departamentos.unileon.es\/area-historia-del-arte\/files\/2018\/11\/logos-revista-menor.jpg 413w, https:\/\/departamentos.unileon.es\/area-historia-del-arte\/files\/2018\/11\/logos-revista-menor-300x90.jpg 300w\" sizes=\"auto, (max-width: 413px) 100vw, 413px\" \/>\r\n<div class=\"separator\" style=\"text-align: justify;\">\r\n<h4 style=\"text-align: center;\"><strong><a href=\"http:\/\/revpubli.unileon.es\/index.php\/dearte\/index\" target=\"_blank\" rel=\"noopener\">enlace a la p\u00e1gina web de la revista&nbsp;<\/a><\/strong><\/h4>\r\n<p style=\"text-align: center;\"><em><strong>De Arte<\/strong><\/em>\r\nRevista de Historia del Arte<\/p>\r\n<p style=\"text-align: center;\">Contacto: mdteip@unileon.es\r\nSoporte t\u00e9cnico: journals@unileon.es<\/p>\r\n<p style=\"text-align: center;\">e-I.S.S.N 2444-0256\r\n&nbsp;I.S.S.N.&nbsp;1696-0319 (Ed. impresa)<\/p>\r\n\r\n<\/div>","protected":false},"excerpt":{"rendered":"<p>&nbsp; &nbsp; De Arte es&nbsp;una revista que tiene como objetivo difundir conocimientos de Historia del Arte a trav\u00e9s de trabajos originales e in\u00e9ditos, fruto de la investigaci\u00f3n cient\u00edfica. La revista est\u00e1 abierta a investigadores de la comunidad cient\u00edfica internacional que se ocupen de temas relacionados con la Historia del Arte, tanto espa\u00f1ol como internacional. Va [&hellip;]<\/p>\n","protected":false},"author":150,"featured_media":0,"parent":0,"menu_order":0,"comment_status":"closed","ping_status":"closed","template":"onecolumn-page.php","meta":{"ngg_post_thumbnail":0,"footnotes":""},"class_list":["post-41","page","type-page","status-publish","hentry"],"yoast_head":"<!-- This site is optimized with the Yoast SEO plugin v25.8 - https:\/\/yoast.com\/wordpress\/plugins\/seo\/ -->\n<title>DE ARTE. Revista de Historia del Arte - \u00c1rea de Historia del Arte<\/title>\n<meta name=\"robots\" content=\"index, follow, max-snippet:-1, max-image-preview:large, max-video-preview:-1\" \/>\n<link rel=\"canonical\" href=\"https:\/\/departamentos.unileon.es\/area-historia-del-arte\/revista-de-arte\/\" \/>\n<meta property=\"og:locale\" content=\"es_ES\" \/>\n<meta property=\"og:type\" content=\"article\" \/>\n<meta property=\"og:title\" content=\"DE ARTE. Revista de Historia del Arte - \u00c1rea de Historia del Arte\" \/>\n<meta property=\"og:description\" content=\"&nbsp; &nbsp; De Arte es&nbsp;una revista que tiene como objetivo difundir conocimientos de Historia del Arte a trav\u00e9s de trabajos originales e in\u00e9ditos, fruto de la investigaci\u00f3n cient\u00edfica. La revista est\u00e1 abierta a investigadores de la comunidad cient\u00edfica internacional que se ocupen de temas relacionados con la Historia del Arte, tanto espa\u00f1ol como internacional. Va [&hellip;]\" \/>\n<meta property=\"og:url\" content=\"https:\/\/departamentos.unileon.es\/area-historia-del-arte\/revista-de-arte\/\" \/>\n<meta property=\"og:site_name\" content=\"\u00c1rea de Historia del Arte\" \/>\n<meta property=\"article:modified_time\" content=\"2018-11-27T12:05:23+00:00\" \/>\n<meta property=\"og:image\" content=\"https:\/\/departamentos.unileon.es\/area-historia-del-arte\/files\/2017\/01\/cabecera.png\" \/>\n\t<meta property=\"og:image:width\" content=\"1186\" \/>\n\t<meta property=\"og:image:height\" content=\"272\" \/>\n\t<meta property=\"og:image:type\" content=\"image\/png\" \/>\n<meta name=\"twitter:card\" content=\"summary_large_image\" \/>\n<meta name=\"twitter:label1\" content=\"Tiempo de lectura\" \/>\n\t<meta name=\"twitter:data1\" content=\"1 minuto\" \/>\n<script type=\"application\/ld+json\" class=\"yoast-schema-graph\">{\"@context\":\"https:\/\/schema.org\",\"@graph\":[{\"@type\":\"WebPage\",\"@id\":\"https:\/\/departamentos.unileon.es\/area-historia-del-arte\/revista-de-arte\/\",\"url\":\"https:\/\/departamentos.unileon.es\/area-historia-del-arte\/revista-de-arte\/\",\"name\":\"DE ARTE. Revista de Historia del Arte - \u00c1rea de Historia del Arte\",\"isPartOf\":{\"@id\":\"https:\/\/departamentos.unileon.es\/area-historia-del-arte\/#website\"},\"primaryImageOfPage\":{\"@id\":\"https:\/\/departamentos.unileon.es\/area-historia-del-arte\/revista-de-arte\/#primaryimage\"},\"image\":{\"@id\":\"https:\/\/departamentos.unileon.es\/area-historia-del-arte\/revista-de-arte\/#primaryimage\"},\"thumbnailUrl\":\"http:\/\/departamentos.unileon.es\/area-historia-del-arte\/files\/2017\/01\/cabecera-300x69.png\",\"datePublished\":\"2017-01-12T13:05:27+00:00\",\"dateModified\":\"2018-11-27T12:05:23+00:00\",\"inLanguage\":\"es\",\"potentialAction\":[{\"@type\":\"ReadAction\",\"target\":[\"https:\/\/departamentos.unileon.es\/area-historia-del-arte\/revista-de-arte\/\"]}]},{\"@type\":\"ImageObject\",\"inLanguage\":\"es\",\"@id\":\"https:\/\/departamentos.unileon.es\/area-historia-del-arte\/revista-de-arte\/#primaryimage\",\"url\":\"https:\/\/departamentos.unileon.es\/area-historia-del-arte\/files\/2017\/01\/cabecera.png\",\"contentUrl\":\"https:\/\/departamentos.unileon.es\/area-historia-del-arte\/files\/2017\/01\/cabecera.png\",\"width\":1186,\"height\":272},{\"@type\":\"WebSite\",\"@id\":\"https:\/\/departamentos.unileon.es\/area-historia-del-arte\/#website\",\"url\":\"https:\/\/departamentos.unileon.es\/area-historia-del-arte\/\",\"name\":\"\u00c1rea de Historia del Arte\",\"description\":\"p\u00e1gina de \u00c1rea de la Universidad de Le\u00f3n\",\"potentialAction\":[{\"@type\":\"SearchAction\",\"target\":{\"@type\":\"EntryPoint\",\"urlTemplate\":\"https:\/\/departamentos.unileon.es\/area-historia-del-arte\/?s={search_term_string}\"},\"query-input\":{\"@type\":\"PropertyValueSpecification\",\"valueRequired\":true,\"valueName\":\"search_term_string\"}}],\"inLanguage\":\"es\"}]}<\/script>\n<!-- \/ Yoast SEO plugin. -->","yoast_head_json":{"title":"DE ARTE. Revista de Historia del Arte - \u00c1rea de Historia del Arte","robots":{"index":"index","follow":"follow","max-snippet":"max-snippet:-1","max-image-preview":"max-image-preview:large","max-video-preview":"max-video-preview:-1"},"canonical":"https:\/\/departamentos.unileon.es\/area-historia-del-arte\/revista-de-arte\/","og_locale":"es_ES","og_type":"article","og_title":"DE ARTE. Revista de Historia del Arte - \u00c1rea de Historia del Arte","og_description":"&nbsp; &nbsp; De Arte es&nbsp;una revista que tiene como objetivo difundir conocimientos de Historia del Arte a trav\u00e9s de trabajos originales e in\u00e9ditos, fruto de la investigaci\u00f3n cient\u00edfica. La revista est\u00e1 abierta a investigadores de la comunidad cient\u00edfica internacional que se ocupen de temas relacionados con la Historia del Arte, tanto espa\u00f1ol como internacional. Va [&hellip;]","og_url":"https:\/\/departamentos.unileon.es\/area-historia-del-arte\/revista-de-arte\/","og_site_name":"\u00c1rea de Historia del Arte","article_modified_time":"2018-11-27T12:05:23+00:00","og_image":[{"width":1186,"height":272,"url":"https:\/\/departamentos.unileon.es\/area-historia-del-arte\/files\/2017\/01\/cabecera.png","type":"image\/png"}],"twitter_card":"summary_large_image","twitter_misc":{"Tiempo de lectura":"1 minuto"},"schema":{"@context":"https:\/\/schema.org","@graph":[{"@type":"WebPage","@id":"https:\/\/departamentos.unileon.es\/area-historia-del-arte\/revista-de-arte\/","url":"https:\/\/departamentos.unileon.es\/area-historia-del-arte\/revista-de-arte\/","name":"DE ARTE. Revista de Historia del Arte - \u00c1rea de Historia del Arte","isPartOf":{"@id":"https:\/\/departamentos.unileon.es\/area-historia-del-arte\/#website"},"primaryImageOfPage":{"@id":"https:\/\/departamentos.unileon.es\/area-historia-del-arte\/revista-de-arte\/#primaryimage"},"image":{"@id":"https:\/\/departamentos.unileon.es\/area-historia-del-arte\/revista-de-arte\/#primaryimage"},"thumbnailUrl":"http:\/\/departamentos.unileon.es\/area-historia-del-arte\/files\/2017\/01\/cabecera-300x69.png","datePublished":"2017-01-12T13:05:27+00:00","dateModified":"2018-11-27T12:05:23+00:00","inLanguage":"es","potentialAction":[{"@type":"ReadAction","target":["https:\/\/departamentos.unileon.es\/area-historia-del-arte\/revista-de-arte\/"]}]},{"@type":"ImageObject","inLanguage":"es","@id":"https:\/\/departamentos.unileon.es\/area-historia-del-arte\/revista-de-arte\/#primaryimage","url":"https:\/\/departamentos.unileon.es\/area-historia-del-arte\/files\/2017\/01\/cabecera.png","contentUrl":"https:\/\/departamentos.unileon.es\/area-historia-del-arte\/files\/2017\/01\/cabecera.png","width":1186,"height":272},{"@type":"WebSite","@id":"https:\/\/departamentos.unileon.es\/area-historia-del-arte\/#website","url":"https:\/\/departamentos.unileon.es\/area-historia-del-arte\/","name":"\u00c1rea de Historia del Arte","description":"p\u00e1gina de \u00c1rea de la Universidad de Le\u00f3n","potentialAction":[{"@type":"SearchAction","target":{"@type":"EntryPoint","urlTemplate":"https:\/\/departamentos.unileon.es\/area-historia-del-arte\/?s={search_term_string}"},"query-input":{"@type":"PropertyValueSpecification","valueRequired":true,"valueName":"search_term_string"}}],"inLanguage":"es"}]}},"_links":{"self":[{"href":"https:\/\/departamentos.unileon.es\/area-historia-del-arte\/wp-json\/wp\/v2\/pages\/41","targetHints":{"allow":["GET"]}}],"collection":[{"href":"https:\/\/departamentos.unileon.es\/area-historia-del-arte\/wp-json\/wp\/v2\/pages"}],"about":[{"href":"https:\/\/departamentos.unileon.es\/area-historia-del-arte\/wp-json\/wp\/v2\/types\/page"}],"author":[{"embeddable":true,"href":"https:\/\/departamentos.unileon.es\/area-historia-del-arte\/wp-json\/wp\/v2\/users\/150"}],"replies":[{"embeddable":true,"href":"https:\/\/departamentos.unileon.es\/area-historia-del-arte\/wp-json\/wp\/v2\/comments?post=41"}],"version-history":[{"count":27,"href":"https:\/\/departamentos.unileon.es\/area-historia-del-arte\/wp-json\/wp\/v2\/pages\/41\/revisions"}],"predecessor-version":[{"id":650,"href":"https:\/\/departamentos.unileon.es\/area-historia-del-arte\/wp-json\/wp\/v2\/pages\/41\/revisions\/650"}],"wp:attachment":[{"href":"https:\/\/departamentos.unileon.es\/area-historia-del-arte\/wp-json\/wp\/v2\/media?parent=41"}],"curies":[{"name":"wp","href":"https:\/\/api.w.org\/{rel}","templated":true}]}}