{"id":34,"date":"2017-01-12T12:59:13","date_gmt":"2017-01-12T12:59:13","guid":{"rendered":"http:\/\/departamentos.unileon.es\/area-historia-del-arte\/?page_id=34"},"modified":"2024-02-27T07:58:37","modified_gmt":"2024-02-27T07:58:37","slug":"docencia","status":"publish","type":"page","link":"https:\/\/departamentos.unileon.es\/area-historia-del-arte\/docencia\/","title":{"rendered":"Docencia"},"content":{"rendered":"<h4><span style=\"font-size: 12pt; color: #000000;\">El profesorado del \u00c1rea de Historia del Arte de la Universidad de Le\u00f3n imparte docencia en los siguientes T\u00edtulos de Grado y M\u00e1ster:<\/span><\/h4>\n<h3><strong>T\u00edtulos de Grado en Historia del Arte<\/strong><\/h3>\n<h5 style=\"padding-left: 30px;\"><strong><span style=\"color: #0000ff;\"><a style=\"color: #0000ff;\" href=\"http:\/\/www.unileon.es\/estudiantes\/estudiantes-grado\/oferta-de-estudios\/grado-en-historia-del-arte\" target=\"_blank\" rel=\"noopener\">Grado en Historia del Arte<\/a><\/span><\/strong><\/h5>\n<h5 style=\"padding-left: 30px;\"><strong><span style=\"color: #0000ff;\"><a style=\"color: #0000ff;\" href=\"http:\/\/www.unileon.es\/ficheros\/estudios\/grados\/doble_grado_historia_historia_del_arte.pdf\" target=\"_blank\" rel=\"noopener\">Doble Grado en Historia e Historia del Arte<\/a><\/span><\/strong><\/h5>\n<h3><strong>Otros T\u00edtulos de Grado<\/strong><\/h3>\n<h5 style=\"padding-left: 30px;\"><strong><span style=\"color: #0000ff;\"><a style=\"color: #0000ff;\" href=\"http:\/\/www.unileon.es\/estudiantes\/estudiantes-grado\/oferta-de-estudios\/grado-en-historia\" target=\"_blank\" rel=\"noopener\">Grado en Historia<\/a><\/span><\/strong><\/h5>\n<h5 style=\"padding-left: 30px;\"><strong><span style=\"color: #0000ff;\"><a style=\"color: #0000ff;\" href=\"http:\/\/www.unileon.es\/estudiantes\/estudiantes-grado\/oferta-de-estudios\/grado-en-turismo\" target=\"_blank\" rel=\"noopener\">Grado en Turismo<\/a><\/span><\/strong><\/h5>\n<h5 style=\"padding-left: 30px;\"><strong><span style=\"color: #0000ff;\"><a style=\"color: #0000ff;\" href=\"http:\/\/www.unileon.es\/estudiantes\/estudiantes-grado\/oferta-de-estudios\/grado-en-educacion-primaria\" target=\"_blank\" rel=\"noopener\">Grado en Educaci\u00f3n Primaria<\/a><\/span><\/strong><\/h5>\n<h5 style=\"padding-left: 30px;\"><strong><span style=\"color: #0000ff;\"><a style=\"color: #0000ff;\" href=\"http:\/\/www.unileon.es\/estudiantes\/estudiantes-grado\/oferta-de-estudios\/grado-en-filologia-moderna-ingles\" target=\"_blank\" rel=\"noopener\">Grado en Filolog\u00eda Moderna: Ingl\u00e9s<\/a><\/span><\/strong><\/h5>\n<h5 style=\"padding-left: 30px;\"><strong><span style=\"color: #3366ff;\"><a style=\"color: #3366ff;\" href=\"http:\/\/www.unileon.es\/estudiantes\/estudiantes-grado\/oferta-de-estudios\/grado-en-lengua-espanola-y-su-literatura\" target=\"_blank\" rel=\"noopener\"><span style=\"color: #0000ff;\">Grado en Lengua Espa\u00f1ola y su Literatur<\/span>a<\/a><\/span><\/strong><\/h5>\n<h3><strong>T\u00edtulos de M\u00e1ster<\/strong><\/h3>\n<h5 style=\"padding-left: 30px;\"><strong><span style=\"color: #0000ff;\"><a style=\"color: #0000ff;\" href=\"http:\/\/grupos.unileon.es\/mastercultura\/\" target=\"_blank\" rel=\"noopener\">M\u00e1ster Universitario en Cultura y Pensamiento Europeo: Tradici\u00f3n y pervivencia<\/a><\/span><\/strong><\/h5>\n<h5 style=\"text-align: left; padding-left: 30px;\"><span style=\"color: #0000ff;\"><a style=\"color: #0000ff;\" href=\"http:\/\/www.unileon.es\/estudiantes\/estudiantes-master\/oferta-titulaciones\/mu-formacion-profesorado-eso-bachillerato-fp-idiomas\" target=\"_blank\" rel=\"noopener\"><strong>M\u00e1ster Universitario en Formaci\u00f3n del Profesorado de Educaci\u00f3n Secundaria Obligatoria&nbsp;y&nbsp;Bachillerato, Formaci\u00f3n Profesional y Ense\u00f1anzas de Idiomas<\/strong><\/a><\/span><\/h5>\n<h5 style=\"padding-left: 30px;\"><strong><span style=\"color: #0000ff;\"><a style=\"color: #0000ff;\" href=\"http:\/\/www.unileon.es\/estudiantes\/estudiantes-master\/oferta-titulaciones\/mu-innovacion-investigacion-ciencias-afd\" target=\"_blank\" rel=\"noopener\">M\u00e1ster Universitario en Innovaci\u00f3n e Investigaci\u00f3n en las Ciencias de la Actividad F\u00edsica y del Deporte<\/a><\/span><\/strong><\/h5>\n<h3><strong>T\u00edtulos propios<\/strong><\/h3>\n<h5 style=\"padding-left: 30px;\"><strong><span style=\"color: #0000ff;\"><a style=\"color: #0000ff;\" href=\"http:\/\/masterhabilidadespatrimonio.com\/\" target=\"_blank\" rel=\"noopener\">M\u00e1ster en Habilidades para la Gesti\u00f3n del Patrimonio Cultural<\/a><\/span><\/strong><\/h5>","protected":false},"excerpt":{"rendered":"<p>El profesorado del \u00c1rea de Historia del Arte de la Universidad de Le\u00f3n imparte docencia en los siguientes T\u00edtulos de Grado y M\u00e1ster: T\u00edtulos de Grado en Historia del Arte Grado en Historia del Arte Doble Grado en Historia e Historia del Arte Otros T\u00edtulos de Grado Grado en Historia Grado en Turismo Grado en [&hellip;]<\/p>\n","protected":false},"author":150,"featured_media":0,"parent":0,"menu_order":0,"comment_status":"closed","ping_status":"closed","template":"","meta":{"ngg_post_thumbnail":0,"footnotes":""},"class_list":["post-34","page","type-page","status-publish","hentry"],"yoast_head":"<!-- This site is optimized with the Yoast SEO plugin v25.8 - https:\/\/yoast.com\/wordpress\/plugins\/seo\/ -->\n<title>Docencia - \u00c1rea de Historia del Arte<\/title>\n<meta name=\"robots\" content=\"index, follow, max-snippet:-1, max-image-preview:large, max-video-preview:-1\" \/>\n<link rel=\"canonical\" href=\"https:\/\/departamentos.unileon.es\/area-historia-del-arte\/docencia\/\" \/>\n<meta property=\"og:locale\" content=\"es_ES\" \/>\n<meta property=\"og:type\" content=\"article\" \/>\n<meta property=\"og:title\" content=\"Docencia - \u00c1rea de Historia del Arte\" \/>\n<meta property=\"og:description\" content=\"El profesorado del \u00c1rea de Historia del Arte de la Universidad de Le\u00f3n imparte docencia en los siguientes T\u00edtulos de Grado y M\u00e1ster: T\u00edtulos de Grado en Historia del Arte Grado en Historia del Arte Doble Grado en Historia e Historia del Arte Otros T\u00edtulos de Grado Grado en Historia Grado en Turismo Grado en [&hellip;]\" \/>\n<meta property=\"og:url\" content=\"https:\/\/departamentos.unileon.es\/area-historia-del-arte\/docencia\/\" \/>\n<meta property=\"og:site_name\" content=\"\u00c1rea de Historia del Arte\" \/>\n<meta property=\"article:modified_time\" content=\"2024-02-27T07:58:37+00:00\" \/>\n<meta name=\"twitter:card\" content=\"summary_large_image\" \/>\n<meta name=\"twitter:label1\" content=\"Tiempo de lectura\" \/>\n\t<meta name=\"twitter:data1\" content=\"1 minuto\" \/>\n<script type=\"application\/ld+json\" class=\"yoast-schema-graph\">{\"@context\":\"https:\/\/schema.org\",\"@graph\":[{\"@type\":\"WebPage\",\"@id\":\"https:\/\/departamentos.unileon.es\/area-historia-del-arte\/docencia\/\",\"url\":\"https:\/\/departamentos.unileon.es\/area-historia-del-arte\/docencia\/\",\"name\":\"Docencia - \u00c1rea de Historia del Arte\",\"isPartOf\":{\"@id\":\"https:\/\/departamentos.unileon.es\/area-historia-del-arte\/#website\"},\"datePublished\":\"2017-01-12T12:59:13+00:00\",\"dateModified\":\"2024-02-27T07:58:37+00:00\",\"inLanguage\":\"es\",\"potentialAction\":[{\"@type\":\"ReadAction\",\"target\":[\"https:\/\/departamentos.unileon.es\/area-historia-del-arte\/docencia\/\"]}]},{\"@type\":\"WebSite\",\"@id\":\"https:\/\/departamentos.unileon.es\/area-historia-del-arte\/#website\",\"url\":\"https:\/\/departamentos.unileon.es\/area-historia-del-arte\/\",\"name\":\"\u00c1rea de Historia del Arte\",\"description\":\"p\u00e1gina de \u00c1rea de la Universidad de Le\u00f3n\",\"potentialAction\":[{\"@type\":\"SearchAction\",\"target\":{\"@type\":\"EntryPoint\",\"urlTemplate\":\"https:\/\/departamentos.unileon.es\/area-historia-del-arte\/?s={search_term_string}\"},\"query-input\":{\"@type\":\"PropertyValueSpecification\",\"valueRequired\":true,\"valueName\":\"search_term_string\"}}],\"inLanguage\":\"es\"}]}<\/script>\n<!-- \/ Yoast SEO plugin. -->","yoast_head_json":{"title":"Docencia - \u00c1rea de Historia del Arte","robots":{"index":"index","follow":"follow","max-snippet":"max-snippet:-1","max-image-preview":"max-image-preview:large","max-video-preview":"max-video-preview:-1"},"canonical":"https:\/\/departamentos.unileon.es\/area-historia-del-arte\/docencia\/","og_locale":"es_ES","og_type":"article","og_title":"Docencia - \u00c1rea de Historia del Arte","og_description":"El profesorado del \u00c1rea de Historia del Arte de la Universidad de Le\u00f3n imparte docencia en los siguientes T\u00edtulos de Grado y M\u00e1ster: T\u00edtulos de Grado en Historia del Arte Grado en Historia del Arte Doble Grado en Historia e Historia del Arte Otros T\u00edtulos de Grado Grado en Historia Grado en Turismo Grado en [&hellip;]","og_url":"https:\/\/departamentos.unileon.es\/area-historia-del-arte\/docencia\/","og_site_name":"\u00c1rea de Historia del Arte","article_modified_time":"2024-02-27T07:58:37+00:00","twitter_card":"summary_large_image","twitter_misc":{"Tiempo de lectura":"1 minuto"},"schema":{"@context":"https:\/\/schema.org","@graph":[{"@type":"WebPage","@id":"https:\/\/departamentos.unileon.es\/area-historia-del-arte\/docencia\/","url":"https:\/\/departamentos.unileon.es\/area-historia-del-arte\/docencia\/","name":"Docencia - \u00c1rea de Historia del Arte","isPartOf":{"@id":"https:\/\/departamentos.unileon.es\/area-historia-del-arte\/#website"},"datePublished":"2017-01-12T12:59:13+00:00","dateModified":"2024-02-27T07:58:37+00:00","inLanguage":"es","potentialAction":[{"@type":"ReadAction","target":["https:\/\/departamentos.unileon.es\/area-historia-del-arte\/docencia\/"]}]},{"@type":"WebSite","@id":"https:\/\/departamentos.unileon.es\/area-historia-del-arte\/#website","url":"https:\/\/departamentos.unileon.es\/area-historia-del-arte\/","name":"\u00c1rea de Historia del Arte","description":"p\u00e1gina de \u00c1rea de la Universidad de Le\u00f3n","potentialAction":[{"@type":"SearchAction","target":{"@type":"EntryPoint","urlTemplate":"https:\/\/departamentos.unileon.es\/area-historia-del-arte\/?s={search_term_string}"},"query-input":{"@type":"PropertyValueSpecification","valueRequired":true,"valueName":"search_term_string"}}],"inLanguage":"es"}]}},"_links":{"self":[{"href":"https:\/\/departamentos.unileon.es\/area-historia-del-arte\/wp-json\/wp\/v2\/pages\/34","targetHints":{"allow":["GET"]}}],"collection":[{"href":"https:\/\/departamentos.unileon.es\/area-historia-del-arte\/wp-json\/wp\/v2\/pages"}],"about":[{"href":"https:\/\/departamentos.unileon.es\/area-historia-del-arte\/wp-json\/wp\/v2\/types\/page"}],"author":[{"embeddable":true,"href":"https:\/\/departamentos.unileon.es\/area-historia-del-arte\/wp-json\/wp\/v2\/users\/150"}],"replies":[{"embeddable":true,"href":"https:\/\/departamentos.unileon.es\/area-historia-del-arte\/wp-json\/wp\/v2\/comments?post=34"}],"version-history":[{"count":7,"href":"https:\/\/departamentos.unileon.es\/area-historia-del-arte\/wp-json\/wp\/v2\/pages\/34\/revisions"}],"predecessor-version":[{"id":1930,"href":"https:\/\/departamentos.unileon.es\/area-historia-del-arte\/wp-json\/wp\/v2\/pages\/34\/revisions\/1930"}],"wp:attachment":[{"href":"https:\/\/departamentos.unileon.es\/area-historia-del-arte\/wp-json\/wp\/v2\/media?parent=34"}],"curies":[{"name":"wp","href":"https:\/\/api.w.org\/{rel}","templated":true}]}}